{"id":25486,"date":"2025-03-28T10:43:05","date_gmt":"2025-03-28T09:43:05","guid":{"rendered":"https:\/\/bauweb.hr\/?post_type=product&#038;p=25486"},"modified":"2025-11-01T10:23:41","modified_gmt":"2025-11-01T09:23:41","slug":"waart-cob-led-10w-reflektor-punjiv-usb","status":"publish","type":"product","link":"https:\/\/bauweb.hr\/index.php\/product\/waart-cob-led-10w-reflektor-punjiv-usb\/","title":{"rendered":"WAART COB LED 10W reflektor-punjiv\/USB\/PowerBank"},"content":{"rendered":"<h4>WAART COB LED 10W reflektor-punjiv\/USB<\/h4>\n<h5>OPIS:<\/h5>\n<p>Parametri: 10W, 100% 1000LM, 50% 450LM<br \/>\nBaterija: 4400mAh litijska baterija<br \/>\nMogu\u0107nost punjenja ure\u0111aja<br \/>\nVrijeme rada: 100% 3.5h, 50% 6h<br \/>\nVrijeme punjenja: 4-5h<br \/>\nDizajn: Aluminij + ABS<\/p>\n<p>&nbsp;<\/p>\n<h5>Tehni\u010dki podaci:<\/h5>\n<p>Vrsta reflektora: Radno svjetlo<br \/>\nSnaga: 10 W<br \/>\nVisina: 13 cm<br \/>\n\u0160irina: 17 cm<br \/>\nDubina: 3 cm<br \/>\nTe\u017eina: 0,675 kg<br \/>\nDizajn: Aluminij + ABS<br \/>\nBaterija uklju\u010dena: Da<br \/>\nBaterija: 4400mAh<br \/>\nSvjetlosni tok: 1000 lm<br \/>\nNapajanje: Baterija<br \/>\nGlavni prekida\u010d: Da<br \/>\nKlasa za\u0161tite: IP65<br \/>\nPunjiva: Da<br \/>\nVrijeme rada (100 % snage): 3,5h Vrijeme rada (50 % snage): 6 h<br \/>\nVrijeme punjenja: 4-5 h<\/p>\n","protected":false},"excerpt":{"rendered":"<h4>WAART COB LED 10W reflektor-punjiv\/USB<\/h4>\n<h5>OPIS:<\/h5>\n<p>Parametri: 10W, 100% 1000LM, 50% 450LM<br \/>\nBaterija: 4400mAh litijska baterija<br \/>\nMogu\u0107nost punjenja ure\u0111aja<br \/>\nVrijeme rada: 100% 3.5h, 50% 6h<br \/>\nVrijeme punjenja: 4-5h<br \/>\nDizajn: Aluminij + ABS<\/p>\n","protected":false},"featured_media":25487,"comment_status":"open","ping_status":"closed","template":"","meta":[],"product_brand":[432],"product_cat":[110],"product_tag":[],"class_list":{"0":"post-25486","1":"product","2":"type-product","3":"status-publish","4":"has-post-thumbnail","6":"product_brand-waart","7":"product_cat-alati-pribor","9":"first","10":"instock","11":"shipping-taxable","12":"purchasable","13":"product-type-simple"},"yoast_head":"<!-- This site is optimized with the Yoast SEO plugin v27.2 - https:\/\/yoast.com\/product\/yoast-seo-wordpress\/ -->\n<title>WAART COB LED 10W reflektor-punjiv\/USB\/PowerBank - BauWeb<\/title>\n<meta name=\"description\" content=\"Potra\u017eite \u0161iroki izbor alata i materijala za profesionalne gra\u0111evinske radove. Istra\u017ei Bauweb ponudu i kupuj uz odli\u010dne popuste.\" \/>\n<meta name=\"robots\" content=\"index, follow, max-snippet:-1, max-image-preview:large, max-video-preview:-1\" \/>\n<link rel=\"canonical\" href=\"https:\/\/bauweb.hr\/index.php\/product\/waart-cob-led-10w-reflektor-punjiv-usb\/\" \/>\n<meta property=\"og:locale\" content=\"hr_HR\" \/>\n<meta property=\"og:type\" content=\"article\" \/>\n<meta property=\"og:title\" content=\"WAART COB LED 10W reflektor-punjiv\/USB\/PowerBank - BauWeb\" \/>\n<meta property=\"og:description\" content=\"Potra\u017eite \u0161iroki izbor alata i materijala za profesionalne gra\u0111evinske radove. Istra\u017ei Bauweb ponudu i kupuj uz odli\u010dne popuste.\" \/>\n<meta property=\"og:url\" content=\"https:\/\/bauweb.hr\/index.php\/product\/waart-cob-led-10w-reflektor-punjiv-usb\/\" \/>\n<meta property=\"og:site_name\" content=\"BauWeb\" \/>\n<meta property=\"article:publisher\" content=\"https:\/\/facebook.com\/bauweb00\" \/>\n<meta property=\"article:modified_time\" content=\"2025-11-01T09:23:41+00:00\" \/>\n<meta property=\"og:image\" content=\"https:\/\/bauweb.hr\/wp-content\/uploads\/2025\/03\/REFLEKTOR.jpg\" \/>\n\t<meta property=\"og:image:width\" content=\"690\" \/>\n\t<meta property=\"og:image:height\" content=\"690\" \/>\n\t<meta property=\"og:image:type\" content=\"image\/jpeg\" \/>\n<meta name=\"twitter:card\" content=\"summary_large_image\" \/>\n<meta name=\"twitter:label1\" content=\"Procijenjeno vrijeme \u010ditanja\" \/>\n\t<meta name=\"twitter:data1\" content=\"1 minuta\" \/>\n<script type=\"application\/ld+json\" class=\"yoast-schema-graph\">{\"@context\":\"https:\/\/schema.org\",\"@graph\":[{\"@type\":\"WebPage\",\"@id\":\"https:\/\/bauweb.hr\/index.php\/product\/waart-cob-led-10w-reflektor-punjiv-usb\/\",\"url\":\"https:\/\/bauweb.hr\/index.php\/product\/waart-cob-led-10w-reflektor-punjiv-usb\/\",\"name\":\"WAART COB LED 10W reflektor-punjiv\/USB\/PowerBank - BauWeb\",\"isPartOf\":{\"@id\":\"https:\/\/bauweb.hr\/#website\"},\"primaryImageOfPage\":{\"@id\":\"https:\/\/bauweb.hr\/index.php\/product\/waart-cob-led-10w-reflektor-punjiv-usb\/#primaryimage\"},\"image\":{\"@id\":\"https:\/\/bauweb.hr\/index.php\/product\/waart-cob-led-10w-reflektor-punjiv-usb\/#primaryimage\"},\"thumbnailUrl\":\"https:\/\/bauweb.hr\/wp-content\/uploads\/2025\/03\/REFLEKTOR.jpg\",\"datePublished\":\"2025-03-28T09:43:05+00:00\",\"dateModified\":\"2025-11-01T09:23:41+00:00\",\"description\":\"Potra\u017eite \u0161iroki izbor alata i materijala za profesionalne gra\u0111evinske radove. Istra\u017ei Bauweb ponudu i kupuj uz odli\u010dne popuste.\",\"breadcrumb\":{\"@id\":\"https:\/\/bauweb.hr\/index.php\/product\/waart-cob-led-10w-reflektor-punjiv-usb\/#breadcrumb\"},\"inLanguage\":\"hr\",\"potentialAction\":[{\"@type\":\"ReadAction\",\"target\":[\"https:\/\/bauweb.hr\/index.php\/product\/waart-cob-led-10w-reflektor-punjiv-usb\/\"]}]},{\"@type\":\"ImageObject\",\"inLanguage\":\"hr\",\"@id\":\"https:\/\/bauweb.hr\/index.php\/product\/waart-cob-led-10w-reflektor-punjiv-usb\/#primaryimage\",\"url\":\"https:\/\/bauweb.hr\/wp-content\/uploads\/2025\/03\/REFLEKTOR.jpg\",\"contentUrl\":\"https:\/\/bauweb.hr\/wp-content\/uploads\/2025\/03\/REFLEKTOR.jpg\",\"width\":690,\"height\":690},{\"@type\":\"BreadcrumbList\",\"@id\":\"https:\/\/bauweb.hr\/index.php\/product\/waart-cob-led-10w-reflektor-punjiv-usb\/#breadcrumb\",\"itemListElement\":[{\"@type\":\"ListItem\",\"position\":1,\"name\":\"Po\u010detna stranica\",\"item\":\"https:\/\/bauweb.hr\/\"},{\"@type\":\"ListItem\",\"position\":2,\"name\":\"Shop\",\"item\":\"https:\/\/bauweb.hr\/index.php\/shop-wooshop-v1\/\"},{\"@type\":\"ListItem\",\"position\":3,\"name\":\"WAART COB LED 10W reflektor-punjiv\/USB\/PowerBank\"}]},{\"@type\":\"WebSite\",\"@id\":\"https:\/\/bauweb.hr\/#website\",\"url\":\"https:\/\/bauweb.hr\/\",\"name\":\"BauWeb\",\"description\":\"Za prave majstore\",\"publisher\":{\"@id\":\"https:\/\/bauweb.hr\/#organization\"},\"alternateName\":\"BauWeb\",\"potentialAction\":[{\"@type\":\"SearchAction\",\"target\":{\"@type\":\"EntryPoint\",\"urlTemplate\":\"https:\/\/bauweb.hr\/?s={search_term_string}\"},\"query-input\":{\"@type\":\"PropertyValueSpecification\",\"valueRequired\":true,\"valueName\":\"search_term_string\"}}],\"inLanguage\":\"hr\"},{\"@type\":\"Organization\",\"@id\":\"https:\/\/bauweb.hr\/#organization\",\"name\":\"Hobi dom d.o.o.\",\"url\":\"https:\/\/bauweb.hr\/\",\"logo\":{\"@type\":\"ImageObject\",\"inLanguage\":\"hr\",\"@id\":\"https:\/\/bauweb.hr\/#\/schema\/logo\/image\/\",\"url\":\"https:\/\/bauweb.hr\/wp-content\/uploads\/2023\/01\/Bauweb_logo-01.png\",\"contentUrl\":\"https:\/\/bauweb.hr\/wp-content\/uploads\/2023\/01\/Bauweb_logo-01.png\",\"width\":842,\"height\":596,\"caption\":\"Hobi dom d.o.o.\"},\"image\":{\"@id\":\"https:\/\/bauweb.hr\/#\/schema\/logo\/image\/\"},\"sameAs\":[\"https:\/\/facebook.com\/bauweb00\",\"https:\/\/instagram.com\/bauweb_shop\"]}]}<\/script>\n<!-- \/ Yoast SEO plugin. -->","yoast_head_json":{"title":"WAART COB LED 10W reflektor-punjiv\/USB\/PowerBank - BauWeb","description":"Potra\u017eite \u0161iroki izbor alata i materijala za profesionalne gra\u0111evinske radove. Istra\u017ei Bauweb ponudu i kupuj uz odli\u010dne popuste.","robots":{"index":"index","follow":"follow","max-snippet":"max-snippet:-1","max-image-preview":"max-image-preview:large","max-video-preview":"max-video-preview:-1"},"canonical":"https:\/\/bauweb.hr\/index.php\/product\/waart-cob-led-10w-reflektor-punjiv-usb\/","og_locale":"hr_HR","og_type":"article","og_title":"WAART COB LED 10W reflektor-punjiv\/USB\/PowerBank - BauWeb","og_description":"Potra\u017eite \u0161iroki izbor alata i materijala za profesionalne gra\u0111evinske radove. Istra\u017ei Bauweb ponudu i kupuj uz odli\u010dne popuste.","og_url":"https:\/\/bauweb.hr\/index.php\/product\/waart-cob-led-10w-reflektor-punjiv-usb\/","og_site_name":"BauWeb","article_publisher":"https:\/\/facebook.com\/bauweb00","article_modified_time":"2025-11-01T09:23:41+00:00","og_image":[{"width":690,"height":690,"url":"https:\/\/bauweb.hr\/wp-content\/uploads\/2025\/03\/REFLEKTOR.jpg","type":"image\/jpeg"}],"twitter_card":"summary_large_image","twitter_misc":{"Procijenjeno vrijeme \u010ditanja":"1 minuta"},"schema":{"@context":"https:\/\/schema.org","@graph":[{"@type":"WebPage","@id":"https:\/\/bauweb.hr\/index.php\/product\/waart-cob-led-10w-reflektor-punjiv-usb\/","url":"https:\/\/bauweb.hr\/index.php\/product\/waart-cob-led-10w-reflektor-punjiv-usb\/","name":"WAART COB LED 10W reflektor-punjiv\/USB\/PowerBank - BauWeb","isPartOf":{"@id":"https:\/\/bauweb.hr\/#website"},"primaryImageOfPage":{"@id":"https:\/\/bauweb.hr\/index.php\/product\/waart-cob-led-10w-reflektor-punjiv-usb\/#primaryimage"},"image":{"@id":"https:\/\/bauweb.hr\/index.php\/product\/waart-cob-led-10w-reflektor-punjiv-usb\/#primaryimage"},"thumbnailUrl":"https:\/\/bauweb.hr\/wp-content\/uploads\/2025\/03\/REFLEKTOR.jpg","datePublished":"2025-03-28T09:43:05+00:00","dateModified":"2025-11-01T09:23:41+00:00","description":"Potra\u017eite \u0161iroki izbor alata i materijala za profesionalne gra\u0111evinske radove. Istra\u017ei Bauweb ponudu i kupuj uz odli\u010dne popuste.","breadcrumb":{"@id":"https:\/\/bauweb.hr\/index.php\/product\/waart-cob-led-10w-reflektor-punjiv-usb\/#breadcrumb"},"inLanguage":"hr","potentialAction":[{"@type":"ReadAction","target":["https:\/\/bauweb.hr\/index.php\/product\/waart-cob-led-10w-reflektor-punjiv-usb\/"]}]},{"@type":"ImageObject","inLanguage":"hr","@id":"https:\/\/bauweb.hr\/index.php\/product\/waart-cob-led-10w-reflektor-punjiv-usb\/#primaryimage","url":"https:\/\/bauweb.hr\/wp-content\/uploads\/2025\/03\/REFLEKTOR.jpg","contentUrl":"https:\/\/bauweb.hr\/wp-content\/uploads\/2025\/03\/REFLEKTOR.jpg","width":690,"height":690},{"@type":"BreadcrumbList","@id":"https:\/\/bauweb.hr\/index.php\/product\/waart-cob-led-10w-reflektor-punjiv-usb\/#breadcrumb","itemListElement":[{"@type":"ListItem","position":1,"name":"Po\u010detna stranica","item":"https:\/\/bauweb.hr\/"},{"@type":"ListItem","position":2,"name":"Shop","item":"https:\/\/bauweb.hr\/index.php\/shop-wooshop-v1\/"},{"@type":"ListItem","position":3,"name":"WAART COB LED 10W reflektor-punjiv\/USB\/PowerBank"}]},{"@type":"WebSite","@id":"https:\/\/bauweb.hr\/#website","url":"https:\/\/bauweb.hr\/","name":"BauWeb","description":"Za prave majstore","publisher":{"@id":"https:\/\/bauweb.hr\/#organization"},"alternateName":"BauWeb","potentialAction":[{"@type":"SearchAction","target":{"@type":"EntryPoint","urlTemplate":"https:\/\/bauweb.hr\/?s={search_term_string}"},"query-input":{"@type":"PropertyValueSpecification","valueRequired":true,"valueName":"search_term_string"}}],"inLanguage":"hr"},{"@type":"Organization","@id":"https:\/\/bauweb.hr\/#organization","name":"Hobi dom d.o.o.","url":"https:\/\/bauweb.hr\/","logo":{"@type":"ImageObject","inLanguage":"hr","@id":"https:\/\/bauweb.hr\/#\/schema\/logo\/image\/","url":"https:\/\/bauweb.hr\/wp-content\/uploads\/2023\/01\/Bauweb_logo-01.png","contentUrl":"https:\/\/bauweb.hr\/wp-content\/uploads\/2023\/01\/Bauweb_logo-01.png","width":842,"height":596,"caption":"Hobi dom d.o.o."},"image":{"@id":"https:\/\/bauweb.hr\/#\/schema\/logo\/image\/"},"sameAs":["https:\/\/facebook.com\/bauweb00","https:\/\/instagram.com\/bauweb_shop"]}]}},"_links":{"self":[{"href":"https:\/\/bauweb.hr\/index.php\/wp-json\/wp\/v2\/product\/25486","targetHints":{"allow":["GET"]}}],"collection":[{"href":"https:\/\/bauweb.hr\/index.php\/wp-json\/wp\/v2\/product"}],"about":[{"href":"https:\/\/bauweb.hr\/index.php\/wp-json\/wp\/v2\/types\/product"}],"replies":[{"embeddable":true,"href":"https:\/\/bauweb.hr\/index.php\/wp-json\/wp\/v2\/comments?post=25486"}],"wp:featuredmedia":[{"embeddable":true,"href":"https:\/\/bauweb.hr\/index.php\/wp-json\/wp\/v2\/media\/25487"}],"wp:attachment":[{"href":"https:\/\/bauweb.hr\/index.php\/wp-json\/wp\/v2\/media?parent=25486"}],"wp:term":[{"taxonomy":"product_brand","embeddable":true,"href":"https:\/\/bauweb.hr\/index.php\/wp-json\/wp\/v2\/product_brand?post=25486"},{"taxonomy":"product_cat","embeddable":true,"href":"https:\/\/bauweb.hr\/index.php\/wp-json\/wp\/v2\/product_cat?post=25486"},{"taxonomy":"product_tag","embeddable":true,"href":"https:\/\/bauweb.hr\/index.php\/wp-json\/wp\/v2\/product_tag?post=25486"}],"curies":[{"name":"wp","href":"https:\/\/api.w.org\/{rel}","templated":true}]}}