{"id":25491,"date":"2025-03-28T12:32:35","date_gmt":"2025-03-28T11:32:35","guid":{"rendered":"https:\/\/bauweb.hr\/?post_type=product&#038;p=25491"},"modified":"2025-11-01T10:11:34","modified_gmt":"2025-11-01T09:11:34","slug":"drel-mehanicka-olovka-s-siljilom-12-rezervnih-ulozaka","status":"publish","type":"product","link":"https:\/\/bauweb.hr\/index.php\/product\/drel-mehanicka-olovka-s-siljilom-12-rezervnih-ulozaka\/","title":{"rendered":"DREL mehani\u010dka olovka s \u0161iljilom &#8211; 12 rezervnih umetaka"},"content":{"rendered":"<h4>DREL mehani\u010dka olovka s \u0161iljilom &#8211; 12 rezervnih umetaka 6crni+3\u017euta+3crvena<\/h4>\n<p>Mehani\u010dka olovka s \u0161iljilom pogodna za sve majstore: kerami\u010dare, stolare, zidare, molere&#8230; s integriranim \u0161iljilom.<br \/>\nNudi se u kompletu s 12 grafitnih umetaka u tri boje: crnoj, crvenoj i \u017eutoj.<\/p>\n<p>Ukupna duljina: 160 mm<br \/>\nVeli\u010dina umetka 125 x 2,8 mm.<br \/>\nDizajniran za pisanje, izme\u0111u ostalog. drvo, metal i keramika.<\/p>\n<p>Set uklju\u010duje:<br \/>\n1 x olovka<br \/>\n6 x grafitni umetak<br \/>\n3 x \u017euti umetak<br \/>\n3 x crveni umetak<\/p>\n","protected":false},"excerpt":{"rendered":"<h4>DREL mehani\u010dka olovka s \u0161iljilom &#8211; 12 rezervnih umetaka 6crni+3\u017euta+3crvena<\/h4>\n<p>Mehani\u010dka olovka s \u0161iljilom pogodna za sve majstore: kerami\u010dare, stolare, zidare, molere&#8230; s integriranim \u0161iljilom.<br \/>\nNudi se u kompletu s 12 grafitnih umetaka u tri boje: crnoj, crvenoj i \u017eutoj.<\/p>\n<p>Ukupna duljina: 160 mm<br \/>\nVeli\u010dina umetka 125 x 2,8 mm.<br \/>\nDizajniran za pisanje, izme\u0111u ostalog. drvo, metal i keramika.<\/p>\n<p>Set uklju\u010duje:<br \/>\n1 x olovka<br \/>\n6 x grafitni umetak<br \/>\n3 x \u017euti umetak<br \/>\n3 x crveni umetak<\/p>\n","protected":false},"featured_media":25492,"comment_status":"open","ping_status":"closed","template":"","meta":[],"product_brand":[433],"product_cat":[110],"product_tag":[],"class_list":{"0":"post-25491","1":"product","2":"type-product","3":"status-publish","4":"has-post-thumbnail","6":"product_brand-drel","7":"product_cat-alati-pribor","9":"first","10":"instock","11":"shipping-taxable","12":"purchasable","13":"product-type-simple"},"yoast_head":"<!-- This site is optimized with the Yoast SEO plugin v27.2 - https:\/\/yoast.com\/product\/yoast-seo-wordpress\/ -->\n<title>DREL mehani\u010dka olovka s \u0161iljilom - 12 rezervnih umetaka - BauWeb<\/title>\n<meta name=\"description\" content=\"Potra\u017eite \u0161iroki izbor alata i materijala za profesionalne gra\u0111evinske radove. Istra\u017ei Bauweb ponudu i kupuj uz odli\u010dne popuste.\" \/>\n<meta name=\"robots\" content=\"index, follow, max-snippet:-1, max-image-preview:large, max-video-preview:-1\" \/>\n<link rel=\"canonical\" href=\"https:\/\/bauweb.hr\/index.php\/product\/drel-mehanicka-olovka-s-siljilom-12-rezervnih-ulozaka\/\" \/>\n<meta property=\"og:locale\" content=\"hr_HR\" \/>\n<meta property=\"og:type\" content=\"article\" \/>\n<meta property=\"og:title\" content=\"DREL mehani\u010dka olovka s \u0161iljilom - 12 rezervnih umetaka - BauWeb\" \/>\n<meta property=\"og:description\" content=\"Potra\u017eite \u0161iroki izbor alata i materijala za profesionalne gra\u0111evinske radove. Istra\u017ei Bauweb ponudu i kupuj uz odli\u010dne popuste.\" \/>\n<meta property=\"og:url\" content=\"https:\/\/bauweb.hr\/index.php\/product\/drel-mehanicka-olovka-s-siljilom-12-rezervnih-ulozaka\/\" \/>\n<meta property=\"og:site_name\" content=\"BauWeb\" \/>\n<meta property=\"article:publisher\" content=\"https:\/\/facebook.com\/bauweb00\" \/>\n<meta property=\"article:modified_time\" content=\"2025-11-01T09:11:34+00:00\" \/>\n<meta property=\"og:image\" content=\"https:\/\/bauweb.hr\/wp-content\/uploads\/2025\/03\/olovkax12.jpg\" \/>\n\t<meta property=\"og:image:width\" content=\"690\" \/>\n\t<meta property=\"og:image:height\" content=\"690\" \/>\n\t<meta property=\"og:image:type\" content=\"image\/jpeg\" \/>\n<meta name=\"twitter:card\" content=\"summary_large_image\" \/>\n<meta name=\"twitter:label1\" content=\"Procijenjeno vrijeme \u010ditanja\" \/>\n\t<meta name=\"twitter:data1\" content=\"1 minuta\" \/>\n<script type=\"application\/ld+json\" class=\"yoast-schema-graph\">{\"@context\":\"https:\/\/schema.org\",\"@graph\":[{\"@type\":\"WebPage\",\"@id\":\"https:\/\/bauweb.hr\/index.php\/product\/drel-mehanicka-olovka-s-siljilom-12-rezervnih-ulozaka\/\",\"url\":\"https:\/\/bauweb.hr\/index.php\/product\/drel-mehanicka-olovka-s-siljilom-12-rezervnih-ulozaka\/\",\"name\":\"DREL mehani\u010dka olovka s \u0161iljilom - 12 rezervnih umetaka - BauWeb\",\"isPartOf\":{\"@id\":\"https:\/\/bauweb.hr\/#website\"},\"primaryImageOfPage\":{\"@id\":\"https:\/\/bauweb.hr\/index.php\/product\/drel-mehanicka-olovka-s-siljilom-12-rezervnih-ulozaka\/#primaryimage\"},\"image\":{\"@id\":\"https:\/\/bauweb.hr\/index.php\/product\/drel-mehanicka-olovka-s-siljilom-12-rezervnih-ulozaka\/#primaryimage\"},\"thumbnailUrl\":\"https:\/\/bauweb.hr\/wp-content\/uploads\/2025\/03\/olovkax12.jpg\",\"datePublished\":\"2025-03-28T11:32:35+00:00\",\"dateModified\":\"2025-11-01T09:11:34+00:00\",\"description\":\"Potra\u017eite \u0161iroki izbor alata i materijala za profesionalne gra\u0111evinske radove. Istra\u017ei Bauweb ponudu i kupuj uz odli\u010dne popuste.\",\"breadcrumb\":{\"@id\":\"https:\/\/bauweb.hr\/index.php\/product\/drel-mehanicka-olovka-s-siljilom-12-rezervnih-ulozaka\/#breadcrumb\"},\"inLanguage\":\"hr\",\"potentialAction\":[{\"@type\":\"ReadAction\",\"target\":[\"https:\/\/bauweb.hr\/index.php\/product\/drel-mehanicka-olovka-s-siljilom-12-rezervnih-ulozaka\/\"]}]},{\"@type\":\"ImageObject\",\"inLanguage\":\"hr\",\"@id\":\"https:\/\/bauweb.hr\/index.php\/product\/drel-mehanicka-olovka-s-siljilom-12-rezervnih-ulozaka\/#primaryimage\",\"url\":\"https:\/\/bauweb.hr\/wp-content\/uploads\/2025\/03\/olovkax12.jpg\",\"contentUrl\":\"https:\/\/bauweb.hr\/wp-content\/uploads\/2025\/03\/olovkax12.jpg\",\"width\":690,\"height\":690},{\"@type\":\"BreadcrumbList\",\"@id\":\"https:\/\/bauweb.hr\/index.php\/product\/drel-mehanicka-olovka-s-siljilom-12-rezervnih-ulozaka\/#breadcrumb\",\"itemListElement\":[{\"@type\":\"ListItem\",\"position\":1,\"name\":\"Po\u010detna stranica\",\"item\":\"https:\/\/bauweb.hr\/\"},{\"@type\":\"ListItem\",\"position\":2,\"name\":\"Shop\",\"item\":\"https:\/\/bauweb.hr\/index.php\/shop-wooshop-v1\/\"},{\"@type\":\"ListItem\",\"position\":3,\"name\":\"DREL mehani\u010dka olovka s \u0161iljilom &#8211; 12 rezervnih umetaka\"}]},{\"@type\":\"WebSite\",\"@id\":\"https:\/\/bauweb.hr\/#website\",\"url\":\"https:\/\/bauweb.hr\/\",\"name\":\"BauWeb\",\"description\":\"Za prave majstore\",\"publisher\":{\"@id\":\"https:\/\/bauweb.hr\/#organization\"},\"alternateName\":\"BauWeb\",\"potentialAction\":[{\"@type\":\"SearchAction\",\"target\":{\"@type\":\"EntryPoint\",\"urlTemplate\":\"https:\/\/bauweb.hr\/?s={search_term_string}\"},\"query-input\":{\"@type\":\"PropertyValueSpecification\",\"valueRequired\":true,\"valueName\":\"search_term_string\"}}],\"inLanguage\":\"hr\"},{\"@type\":\"Organization\",\"@id\":\"https:\/\/bauweb.hr\/#organization\",\"name\":\"Hobi dom d.o.o.\",\"url\":\"https:\/\/bauweb.hr\/\",\"logo\":{\"@type\":\"ImageObject\",\"inLanguage\":\"hr\",\"@id\":\"https:\/\/bauweb.hr\/#\/schema\/logo\/image\/\",\"url\":\"https:\/\/bauweb.hr\/wp-content\/uploads\/2023\/01\/Bauweb_logo-01.png\",\"contentUrl\":\"https:\/\/bauweb.hr\/wp-content\/uploads\/2023\/01\/Bauweb_logo-01.png\",\"width\":842,\"height\":596,\"caption\":\"Hobi dom d.o.o.\"},\"image\":{\"@id\":\"https:\/\/bauweb.hr\/#\/schema\/logo\/image\/\"},\"sameAs\":[\"https:\/\/facebook.com\/bauweb00\",\"https:\/\/instagram.com\/bauweb_shop\"]}]}<\/script>\n<!-- \/ Yoast SEO plugin. -->","yoast_head_json":{"title":"DREL mehani\u010dka olovka s \u0161iljilom - 12 rezervnih umetaka - BauWeb","description":"Potra\u017eite \u0161iroki izbor alata i materijala za profesionalne gra\u0111evinske radove. Istra\u017ei Bauweb ponudu i kupuj uz odli\u010dne popuste.","robots":{"index":"index","follow":"follow","max-snippet":"max-snippet:-1","max-image-preview":"max-image-preview:large","max-video-preview":"max-video-preview:-1"},"canonical":"https:\/\/bauweb.hr\/index.php\/product\/drel-mehanicka-olovka-s-siljilom-12-rezervnih-ulozaka\/","og_locale":"hr_HR","og_type":"article","og_title":"DREL mehani\u010dka olovka s \u0161iljilom - 12 rezervnih umetaka - BauWeb","og_description":"Potra\u017eite \u0161iroki izbor alata i materijala za profesionalne gra\u0111evinske radove. Istra\u017ei Bauweb ponudu i kupuj uz odli\u010dne popuste.","og_url":"https:\/\/bauweb.hr\/index.php\/product\/drel-mehanicka-olovka-s-siljilom-12-rezervnih-ulozaka\/","og_site_name":"BauWeb","article_publisher":"https:\/\/facebook.com\/bauweb00","article_modified_time":"2025-11-01T09:11:34+00:00","og_image":[{"width":690,"height":690,"url":"https:\/\/bauweb.hr\/wp-content\/uploads\/2025\/03\/olovkax12.jpg","type":"image\/jpeg"}],"twitter_card":"summary_large_image","twitter_misc":{"Procijenjeno vrijeme \u010ditanja":"1 minuta"},"schema":{"@context":"https:\/\/schema.org","@graph":[{"@type":"WebPage","@id":"https:\/\/bauweb.hr\/index.php\/product\/drel-mehanicka-olovka-s-siljilom-12-rezervnih-ulozaka\/","url":"https:\/\/bauweb.hr\/index.php\/product\/drel-mehanicka-olovka-s-siljilom-12-rezervnih-ulozaka\/","name":"DREL mehani\u010dka olovka s \u0161iljilom - 12 rezervnih umetaka - BauWeb","isPartOf":{"@id":"https:\/\/bauweb.hr\/#website"},"primaryImageOfPage":{"@id":"https:\/\/bauweb.hr\/index.php\/product\/drel-mehanicka-olovka-s-siljilom-12-rezervnih-ulozaka\/#primaryimage"},"image":{"@id":"https:\/\/bauweb.hr\/index.php\/product\/drel-mehanicka-olovka-s-siljilom-12-rezervnih-ulozaka\/#primaryimage"},"thumbnailUrl":"https:\/\/bauweb.hr\/wp-content\/uploads\/2025\/03\/olovkax12.jpg","datePublished":"2025-03-28T11:32:35+00:00","dateModified":"2025-11-01T09:11:34+00:00","description":"Potra\u017eite \u0161iroki izbor alata i materijala za profesionalne gra\u0111evinske radove. Istra\u017ei Bauweb ponudu i kupuj uz odli\u010dne popuste.","breadcrumb":{"@id":"https:\/\/bauweb.hr\/index.php\/product\/drel-mehanicka-olovka-s-siljilom-12-rezervnih-ulozaka\/#breadcrumb"},"inLanguage":"hr","potentialAction":[{"@type":"ReadAction","target":["https:\/\/bauweb.hr\/index.php\/product\/drel-mehanicka-olovka-s-siljilom-12-rezervnih-ulozaka\/"]}]},{"@type":"ImageObject","inLanguage":"hr","@id":"https:\/\/bauweb.hr\/index.php\/product\/drel-mehanicka-olovka-s-siljilom-12-rezervnih-ulozaka\/#primaryimage","url":"https:\/\/bauweb.hr\/wp-content\/uploads\/2025\/03\/olovkax12.jpg","contentUrl":"https:\/\/bauweb.hr\/wp-content\/uploads\/2025\/03\/olovkax12.jpg","width":690,"height":690},{"@type":"BreadcrumbList","@id":"https:\/\/bauweb.hr\/index.php\/product\/drel-mehanicka-olovka-s-siljilom-12-rezervnih-ulozaka\/#breadcrumb","itemListElement":[{"@type":"ListItem","position":1,"name":"Po\u010detna stranica","item":"https:\/\/bauweb.hr\/"},{"@type":"ListItem","position":2,"name":"Shop","item":"https:\/\/bauweb.hr\/index.php\/shop-wooshop-v1\/"},{"@type":"ListItem","position":3,"name":"DREL mehani\u010dka olovka s \u0161iljilom &#8211; 12 rezervnih umetaka"}]},{"@type":"WebSite","@id":"https:\/\/bauweb.hr\/#website","url":"https:\/\/bauweb.hr\/","name":"BauWeb","description":"Za prave majstore","publisher":{"@id":"https:\/\/bauweb.hr\/#organization"},"alternateName":"BauWeb","potentialAction":[{"@type":"SearchAction","target":{"@type":"EntryPoint","urlTemplate":"https:\/\/bauweb.hr\/?s={search_term_string}"},"query-input":{"@type":"PropertyValueSpecification","valueRequired":true,"valueName":"search_term_string"}}],"inLanguage":"hr"},{"@type":"Organization","@id":"https:\/\/bauweb.hr\/#organization","name":"Hobi dom d.o.o.","url":"https:\/\/bauweb.hr\/","logo":{"@type":"ImageObject","inLanguage":"hr","@id":"https:\/\/bauweb.hr\/#\/schema\/logo\/image\/","url":"https:\/\/bauweb.hr\/wp-content\/uploads\/2023\/01\/Bauweb_logo-01.png","contentUrl":"https:\/\/bauweb.hr\/wp-content\/uploads\/2023\/01\/Bauweb_logo-01.png","width":842,"height":596,"caption":"Hobi dom d.o.o."},"image":{"@id":"https:\/\/bauweb.hr\/#\/schema\/logo\/image\/"},"sameAs":["https:\/\/facebook.com\/bauweb00","https:\/\/instagram.com\/bauweb_shop"]}]}},"_links":{"self":[{"href":"https:\/\/bauweb.hr\/index.php\/wp-json\/wp\/v2\/product\/25491","targetHints":{"allow":["GET"]}}],"collection":[{"href":"https:\/\/bauweb.hr\/index.php\/wp-json\/wp\/v2\/product"}],"about":[{"href":"https:\/\/bauweb.hr\/index.php\/wp-json\/wp\/v2\/types\/product"}],"replies":[{"embeddable":true,"href":"https:\/\/bauweb.hr\/index.php\/wp-json\/wp\/v2\/comments?post=25491"}],"wp:featuredmedia":[{"embeddable":true,"href":"https:\/\/bauweb.hr\/index.php\/wp-json\/wp\/v2\/media\/25492"}],"wp:attachment":[{"href":"https:\/\/bauweb.hr\/index.php\/wp-json\/wp\/v2\/media?parent=25491"}],"wp:term":[{"taxonomy":"product_brand","embeddable":true,"href":"https:\/\/bauweb.hr\/index.php\/wp-json\/wp\/v2\/product_brand?post=25491"},{"taxonomy":"product_cat","embeddable":true,"href":"https:\/\/bauweb.hr\/index.php\/wp-json\/wp\/v2\/product_cat?post=25491"},{"taxonomy":"product_tag","embeddable":true,"href":"https:\/\/bauweb.hr\/index.php\/wp-json\/wp\/v2\/product_tag?post=25491"}],"curies":[{"name":"wp","href":"https:\/\/api.w.org\/{rel}","templated":true}]}}