{"id":25563,"date":"2025-03-29T08:36:13","date_gmt":"2025-03-29T07:36:13","guid":{"rendered":"https:\/\/bauweb.hr\/?post_type=product&#038;p=25563"},"modified":"2025-03-29T08:36:13","modified_gmt":"2025-03-29T07:36:13","slug":"jufisto-prskalica-cvijet-8-funkcija","status":"publish","type":"product","link":"https:\/\/bauweb.hr\/index.php\/product\/jufisto-prskalica-cvijet-8-funkcija\/","title":{"rendered":"JUFISTO Prskalica cvijet &#8211; 8 funkcija"},"content":{"rendered":"<h4>JUFISTO Prskalica cvijet &#8211; 8 funkcija<\/h4>\n<p>Visokokvalitetna vrtna prskalica JUFISTO, izuzetno estetska, cvjetnog oblika sa 8 funkcija zalijevanja, prilago\u0111ena razli\u010ditim veli\u010dinama travnjaka.<br \/>\nSpaja se na vrtno crijevo pomo\u0107u brze spojnice.<br \/>\nPrakti\u010dno i iznimno jednostavno za kori\u0161tenje.<\/p>\n<p><span>Materijal: plastika aluminij<\/span><br \/>\n<span>Sastav seta: jedna prskalica<\/span><br \/>\n<span>Primjena: zalijevanje travnjaka i gredica<\/span><\/p>\n<p><strong>TEHNI\u010cKI PODACI:<\/strong><br \/>\n<span>Dimenzije proizvoda: 19 x 19 x 5,5 cm<\/span><br \/>\n<span>Te\u017eina proizvoda: 128 g<\/span><br \/>\n<span>Veli\u010dina priklju\u010dka: 1\/2&#8221;<\/span><br \/>\n<span>Broj mogu\u0107nosti pode\u0161avanja: 8<\/span><\/p>\n","protected":false},"excerpt":{"rendered":"<h4>JUFISTO Prskalica cvijet &#8211; 8 funkcija<\/h4>\n<p>Visokokvalitetna vrtna prskalica JUFISTO, izuzetno estetska, cvjetnog oblika sa 8 funkcija zalijevanja, prilago\u0111ena razli\u010ditim veli\u010dinama travnjaka.<br \/>\nSpaja se na vrtno crijevo pomo\u0107u brze spojnice.<br \/>\nPrakti\u010dno i iznimno jednostavno za kori\u0161tenje.<\/p>\n<p>Materijal: plastika aluminij<br \/>\nSastav seta: jedna prskalica<br \/>\nPrimjena: zalijevanje travnjaka i gredica<\/p>\n<p><strong>TEHNI\u010cKI PODACI:<\/strong><br \/>\nDimenzije proizvoda: 19 x 19 x 5,5 cm<br \/>\nTe\u017eina proizvoda: 128 g<br \/>\nVeli\u010dina priklju\u010dka: 1\/2&#8221;<br \/>\nBroj mogu\u0107nosti pode\u0161avanja: 8<\/p>\n","protected":false},"featured_media":25564,"comment_status":"open","ping_status":"closed","template":"","meta":[],"product_brand":[434],"product_cat":[438,437],"product_tag":[],"class_list":{"0":"post-25563","1":"product","2":"type-product","3":"status-publish","4":"has-post-thumbnail","6":"product_brand-jufisto","7":"product_cat-dom-i-vrt","8":"product_cat-vrt","10":"first","11":"instock","12":"shipping-taxable","13":"purchasable","14":"product-type-simple"},"yoast_head":"<!-- This site is optimized with the Yoast SEO plugin v27.2 - https:\/\/yoast.com\/product\/yoast-seo-wordpress\/ -->\n<title>JUFISTO Prskalica cvijet - 8 funkcija - BauWeb<\/title>\n<meta name=\"description\" content=\"Potra\u017eite \u0161iroki izbor alata i materijala za profesionalne gra\u0111evinske radove. Istra\u017ei Bauweb ponudu i kupuj uz odli\u010dne popuste.\" \/>\n<meta name=\"robots\" content=\"index, follow, max-snippet:-1, max-image-preview:large, max-video-preview:-1\" \/>\n<link rel=\"canonical\" href=\"https:\/\/bauweb.hr\/index.php\/product\/jufisto-prskalica-cvijet-8-funkcija\/\" \/>\n<meta property=\"og:locale\" content=\"hr_HR\" \/>\n<meta property=\"og:type\" content=\"article\" \/>\n<meta property=\"og:title\" content=\"JUFISTO Prskalica cvijet - 8 funkcija - BauWeb\" \/>\n<meta property=\"og:description\" content=\"Potra\u017eite \u0161iroki izbor alata i materijala za profesionalne gra\u0111evinske radove. Istra\u017ei Bauweb ponudu i kupuj uz odli\u010dne popuste.\" \/>\n<meta property=\"og:url\" content=\"https:\/\/bauweb.hr\/index.php\/product\/jufisto-prskalica-cvijet-8-funkcija\/\" \/>\n<meta property=\"og:site_name\" content=\"BauWeb\" \/>\n<meta property=\"article:publisher\" content=\"https:\/\/facebook.com\/bauweb00\" \/>\n<meta property=\"og:image\" content=\"https:\/\/bauweb.hr\/wp-content\/uploads\/2025\/03\/prskalica-cvijet.jpg\" \/>\n\t<meta property=\"og:image:width\" content=\"690\" \/>\n\t<meta property=\"og:image:height\" content=\"690\" \/>\n\t<meta property=\"og:image:type\" content=\"image\/jpeg\" \/>\n<meta name=\"twitter:card\" content=\"summary_large_image\" \/>\n<meta name=\"twitter:label1\" content=\"Procijenjeno vrijeme \u010ditanja\" \/>\n\t<meta name=\"twitter:data1\" content=\"1 minuta\" \/>\n<script type=\"application\/ld+json\" class=\"yoast-schema-graph\">{\"@context\":\"https:\/\/schema.org\",\"@graph\":[{\"@type\":\"WebPage\",\"@id\":\"https:\/\/bauweb.hr\/index.php\/product\/jufisto-prskalica-cvijet-8-funkcija\/\",\"url\":\"https:\/\/bauweb.hr\/index.php\/product\/jufisto-prskalica-cvijet-8-funkcija\/\",\"name\":\"JUFISTO Prskalica cvijet - 8 funkcija - BauWeb\",\"isPartOf\":{\"@id\":\"https:\/\/bauweb.hr\/#website\"},\"primaryImageOfPage\":{\"@id\":\"https:\/\/bauweb.hr\/index.php\/product\/jufisto-prskalica-cvijet-8-funkcija\/#primaryimage\"},\"image\":{\"@id\":\"https:\/\/bauweb.hr\/index.php\/product\/jufisto-prskalica-cvijet-8-funkcija\/#primaryimage\"},\"thumbnailUrl\":\"https:\/\/bauweb.hr\/wp-content\/uploads\/2025\/03\/prskalica-cvijet.jpg\",\"datePublished\":\"2025-03-29T07:36:13+00:00\",\"description\":\"Potra\u017eite \u0161iroki izbor alata i materijala za profesionalne gra\u0111evinske radove. Istra\u017ei Bauweb ponudu i kupuj uz odli\u010dne popuste.\",\"breadcrumb\":{\"@id\":\"https:\/\/bauweb.hr\/index.php\/product\/jufisto-prskalica-cvijet-8-funkcija\/#breadcrumb\"},\"inLanguage\":\"hr\",\"potentialAction\":[{\"@type\":\"ReadAction\",\"target\":[\"https:\/\/bauweb.hr\/index.php\/product\/jufisto-prskalica-cvijet-8-funkcija\/\"]}]},{\"@type\":\"ImageObject\",\"inLanguage\":\"hr\",\"@id\":\"https:\/\/bauweb.hr\/index.php\/product\/jufisto-prskalica-cvijet-8-funkcija\/#primaryimage\",\"url\":\"https:\/\/bauweb.hr\/wp-content\/uploads\/2025\/03\/prskalica-cvijet.jpg\",\"contentUrl\":\"https:\/\/bauweb.hr\/wp-content\/uploads\/2025\/03\/prskalica-cvijet.jpg\",\"width\":690,\"height\":690},{\"@type\":\"BreadcrumbList\",\"@id\":\"https:\/\/bauweb.hr\/index.php\/product\/jufisto-prskalica-cvijet-8-funkcija\/#breadcrumb\",\"itemListElement\":[{\"@type\":\"ListItem\",\"position\":1,\"name\":\"Po\u010detna stranica\",\"item\":\"https:\/\/bauweb.hr\/\"},{\"@type\":\"ListItem\",\"position\":2,\"name\":\"Shop\",\"item\":\"https:\/\/bauweb.hr\/index.php\/shop-wooshop-v1\/\"},{\"@type\":\"ListItem\",\"position\":3,\"name\":\"JUFISTO Prskalica cvijet &#8211; 8 funkcija\"}]},{\"@type\":\"WebSite\",\"@id\":\"https:\/\/bauweb.hr\/#website\",\"url\":\"https:\/\/bauweb.hr\/\",\"name\":\"BauWeb\",\"description\":\"Za prave majstore\",\"publisher\":{\"@id\":\"https:\/\/bauweb.hr\/#organization\"},\"alternateName\":\"BauWeb\",\"potentialAction\":[{\"@type\":\"SearchAction\",\"target\":{\"@type\":\"EntryPoint\",\"urlTemplate\":\"https:\/\/bauweb.hr\/?s={search_term_string}\"},\"query-input\":{\"@type\":\"PropertyValueSpecification\",\"valueRequired\":true,\"valueName\":\"search_term_string\"}}],\"inLanguage\":\"hr\"},{\"@type\":\"Organization\",\"@id\":\"https:\/\/bauweb.hr\/#organization\",\"name\":\"Hobi dom d.o.o.\",\"url\":\"https:\/\/bauweb.hr\/\",\"logo\":{\"@type\":\"ImageObject\",\"inLanguage\":\"hr\",\"@id\":\"https:\/\/bauweb.hr\/#\/schema\/logo\/image\/\",\"url\":\"https:\/\/bauweb.hr\/wp-content\/uploads\/2023\/01\/Bauweb_logo-01.png\",\"contentUrl\":\"https:\/\/bauweb.hr\/wp-content\/uploads\/2023\/01\/Bauweb_logo-01.png\",\"width\":842,\"height\":596,\"caption\":\"Hobi dom d.o.o.\"},\"image\":{\"@id\":\"https:\/\/bauweb.hr\/#\/schema\/logo\/image\/\"},\"sameAs\":[\"https:\/\/facebook.com\/bauweb00\",\"https:\/\/instagram.com\/bauweb_shop\"]}]}<\/script>\n<!-- \/ Yoast SEO plugin. -->","yoast_head_json":{"title":"JUFISTO Prskalica cvijet - 8 funkcija - BauWeb","description":"Potra\u017eite \u0161iroki izbor alata i materijala za profesionalne gra\u0111evinske radove. Istra\u017ei Bauweb ponudu i kupuj uz odli\u010dne popuste.","robots":{"index":"index","follow":"follow","max-snippet":"max-snippet:-1","max-image-preview":"max-image-preview:large","max-video-preview":"max-video-preview:-1"},"canonical":"https:\/\/bauweb.hr\/index.php\/product\/jufisto-prskalica-cvijet-8-funkcija\/","og_locale":"hr_HR","og_type":"article","og_title":"JUFISTO Prskalica cvijet - 8 funkcija - BauWeb","og_description":"Potra\u017eite \u0161iroki izbor alata i materijala za profesionalne gra\u0111evinske radove. Istra\u017ei Bauweb ponudu i kupuj uz odli\u010dne popuste.","og_url":"https:\/\/bauweb.hr\/index.php\/product\/jufisto-prskalica-cvijet-8-funkcija\/","og_site_name":"BauWeb","article_publisher":"https:\/\/facebook.com\/bauweb00","og_image":[{"width":690,"height":690,"url":"https:\/\/bauweb.hr\/wp-content\/uploads\/2025\/03\/prskalica-cvijet.jpg","type":"image\/jpeg"}],"twitter_card":"summary_large_image","twitter_misc":{"Procijenjeno vrijeme \u010ditanja":"1 minuta"},"schema":{"@context":"https:\/\/schema.org","@graph":[{"@type":"WebPage","@id":"https:\/\/bauweb.hr\/index.php\/product\/jufisto-prskalica-cvijet-8-funkcija\/","url":"https:\/\/bauweb.hr\/index.php\/product\/jufisto-prskalica-cvijet-8-funkcija\/","name":"JUFISTO Prskalica cvijet - 8 funkcija - BauWeb","isPartOf":{"@id":"https:\/\/bauweb.hr\/#website"},"primaryImageOfPage":{"@id":"https:\/\/bauweb.hr\/index.php\/product\/jufisto-prskalica-cvijet-8-funkcija\/#primaryimage"},"image":{"@id":"https:\/\/bauweb.hr\/index.php\/product\/jufisto-prskalica-cvijet-8-funkcija\/#primaryimage"},"thumbnailUrl":"https:\/\/bauweb.hr\/wp-content\/uploads\/2025\/03\/prskalica-cvijet.jpg","datePublished":"2025-03-29T07:36:13+00:00","description":"Potra\u017eite \u0161iroki izbor alata i materijala za profesionalne gra\u0111evinske radove. Istra\u017ei Bauweb ponudu i kupuj uz odli\u010dne popuste.","breadcrumb":{"@id":"https:\/\/bauweb.hr\/index.php\/product\/jufisto-prskalica-cvijet-8-funkcija\/#breadcrumb"},"inLanguage":"hr","potentialAction":[{"@type":"ReadAction","target":["https:\/\/bauweb.hr\/index.php\/product\/jufisto-prskalica-cvijet-8-funkcija\/"]}]},{"@type":"ImageObject","inLanguage":"hr","@id":"https:\/\/bauweb.hr\/index.php\/product\/jufisto-prskalica-cvijet-8-funkcija\/#primaryimage","url":"https:\/\/bauweb.hr\/wp-content\/uploads\/2025\/03\/prskalica-cvijet.jpg","contentUrl":"https:\/\/bauweb.hr\/wp-content\/uploads\/2025\/03\/prskalica-cvijet.jpg","width":690,"height":690},{"@type":"BreadcrumbList","@id":"https:\/\/bauweb.hr\/index.php\/product\/jufisto-prskalica-cvijet-8-funkcija\/#breadcrumb","itemListElement":[{"@type":"ListItem","position":1,"name":"Po\u010detna stranica","item":"https:\/\/bauweb.hr\/"},{"@type":"ListItem","position":2,"name":"Shop","item":"https:\/\/bauweb.hr\/index.php\/shop-wooshop-v1\/"},{"@type":"ListItem","position":3,"name":"JUFISTO Prskalica cvijet &#8211; 8 funkcija"}]},{"@type":"WebSite","@id":"https:\/\/bauweb.hr\/#website","url":"https:\/\/bauweb.hr\/","name":"BauWeb","description":"Za prave majstore","publisher":{"@id":"https:\/\/bauweb.hr\/#organization"},"alternateName":"BauWeb","potentialAction":[{"@type":"SearchAction","target":{"@type":"EntryPoint","urlTemplate":"https:\/\/bauweb.hr\/?s={search_term_string}"},"query-input":{"@type":"PropertyValueSpecification","valueRequired":true,"valueName":"search_term_string"}}],"inLanguage":"hr"},{"@type":"Organization","@id":"https:\/\/bauweb.hr\/#organization","name":"Hobi dom d.o.o.","url":"https:\/\/bauweb.hr\/","logo":{"@type":"ImageObject","inLanguage":"hr","@id":"https:\/\/bauweb.hr\/#\/schema\/logo\/image\/","url":"https:\/\/bauweb.hr\/wp-content\/uploads\/2023\/01\/Bauweb_logo-01.png","contentUrl":"https:\/\/bauweb.hr\/wp-content\/uploads\/2023\/01\/Bauweb_logo-01.png","width":842,"height":596,"caption":"Hobi dom d.o.o."},"image":{"@id":"https:\/\/bauweb.hr\/#\/schema\/logo\/image\/"},"sameAs":["https:\/\/facebook.com\/bauweb00","https:\/\/instagram.com\/bauweb_shop"]}]}},"_links":{"self":[{"href":"https:\/\/bauweb.hr\/index.php\/wp-json\/wp\/v2\/product\/25563","targetHints":{"allow":["GET"]}}],"collection":[{"href":"https:\/\/bauweb.hr\/index.php\/wp-json\/wp\/v2\/product"}],"about":[{"href":"https:\/\/bauweb.hr\/index.php\/wp-json\/wp\/v2\/types\/product"}],"replies":[{"embeddable":true,"href":"https:\/\/bauweb.hr\/index.php\/wp-json\/wp\/v2\/comments?post=25563"}],"wp:featuredmedia":[{"embeddable":true,"href":"https:\/\/bauweb.hr\/index.php\/wp-json\/wp\/v2\/media\/25564"}],"wp:attachment":[{"href":"https:\/\/bauweb.hr\/index.php\/wp-json\/wp\/v2\/media?parent=25563"}],"wp:term":[{"taxonomy":"product_brand","embeddable":true,"href":"https:\/\/bauweb.hr\/index.php\/wp-json\/wp\/v2\/product_brand?post=25563"},{"taxonomy":"product_cat","embeddable":true,"href":"https:\/\/bauweb.hr\/index.php\/wp-json\/wp\/v2\/product_cat?post=25563"},{"taxonomy":"product_tag","embeddable":true,"href":"https:\/\/bauweb.hr\/index.php\/wp-json\/wp\/v2\/product_tag?post=25563"}],"curies":[{"name":"wp","href":"https:\/\/api.w.org\/{rel}","templated":true}]}}