{"id":25813,"date":"2025-04-04T12:22:35","date_gmt":"2025-04-04T10:22:35","guid":{"rendered":"https:\/\/bauweb.hr\/?post_type=product&#038;p=25813"},"modified":"2025-04-04T12:23:59","modified_gmt":"2025-04-04T10:23:59","slug":"alarm-za-bicikl-s-bezicnim-daljinskim-upravljacem","status":"publish","type":"product","link":"https:\/\/bauweb.hr\/index.php\/product\/alarm-za-bicikl-s-bezicnim-daljinskim-upravljacem\/","title":{"rendered":"Alarm za bicikl s be\u017ei\u010dnim daljinskim upravlja\u010dem"},"content":{"rendered":"<h4>Alarm za bicikl s be\u017ei\u010dnim daljinskim upravlja\u010dem<\/h4>\n<p><span class=\"\">Alarm za bicikle ALR1 s be\u017ei\u010dnim daljinskim upravljanjem tvrtke XL-TOOLS je pouzdan ure\u0111aj dizajniran za za\u0161titu bicikala, motocikala i drugih vozila od kra\u0111e.<br \/>\nZahvaljuju\u0107i ugra\u0111enoj funkciji detekcije vibracija, alarm se automatski ogla\u0161ava kada poku\u0161ate pomaknuti za\u0161ti\u0107eni objekt, emitiraju\u0107i glasan zvu\u010dni signal.<br \/>\nAlarm se uklju\u010duje i isklju\u010duje pomo\u0107u prakti\u010dnog be\u017ei\u010dnog daljinskog upravlja\u010da.<br \/>\nProizvod je vodootporan, \u0161to zna\u010di da se mo\u017ee koristiti u svim vremenskim uvjetima.<br \/>\nMonta\u017ea alarma je jednostavna i ne zahtijeva alate, tako da se mo\u017ee brzo i jednostavno pri\u010dvrstiti uz pomo\u0107 kabelskih vezica ili dvostranih naljepnica.<\/span><\/p>\n<p><span class=\"\">Zna\u010dajke:<\/span><br \/>\n<span class=\"\">&#8211; Aktivacija vibracijom koja osigurava za\u0161titu od kra\u0111e<\/span><br \/>\n<span class=\"\">&#8211; Be\u017ei\u010dni daljinski upravlja\u010d koji omogu\u0107uje jednostavno uklju\u010divanje i isklju\u010divanje ure\u0111aja<\/span><br \/>\n<span class=\"\">&#8211; Vodootporan dizajn za kori\u0161tenje u razli\u010ditim vremenskim uvjetima<\/span><br \/>\n<span class=\"\">&#8211; Jednostavna instalacija bez potrebe za alatom<\/span><br \/>\n<span class=\"\">&#8211; Kompaktna veli\u010dina koja omogu\u0107uje diskretno postavljanje alarma<\/span><\/p>\n<p><span class=\"\">Parametri:<\/span><br \/>\n<span class=\"\">Marka: XL-TOOLS<\/span><br \/>\n<span class=\"\">Proizvo\u0111a\u010d: XL-TOOLS Poljska<\/span><br \/>\n<span class=\"\">Te\u017eina proizvoda: 0,112 kg<\/span><br \/>\n<span class=\"\">Napajanje: 9V baterija (nije uklju\u010dena)<\/span><\/p>\n<p><span class=\"\">Primjena:<\/span><br \/>\n<span class=\"\">Alarm za bicikle ALR1 tvrtke XL-TOOLS idealan je za osiguranje bicikala, motocikala, automobila i elektri\u010dnih bicikala. Posebno je korisno tijekom kratkih zaustavljanja, kao \u0161to je posjet trgovini ili restoranu, gdje vozilo neko vrijeme ostaje bez nadzora. Pru\u017ea dodatni sloj za\u0161tite od kra\u0111e, ali vrijedi zapamtiti da kada se koriste napredni alati za rezanje, ne pru\u017ea punu sigurnost. Redovitom provjerom statusa baterije osigurat \u0107ete da je alarm uvijek spreman za rad.<\/span><\/p>\n","protected":false},"excerpt":{"rendered":"<h4>Alarm za bicikl s be\u017ei\u010dnim daljinskim upravlja\u010dem<\/h4>\n<p><span class=\"\">Alarm za bicikle ALR1 s be\u017ei\u010dnim daljinskim upravljanjem tvrtke XL-TOOLS je pouzdan ure\u0111aj dizajniran za za\u0161titu bicikala, motocikala i drugih vozila od kra\u0111e.<br \/>\nZahvaljuju\u0107i ugra\u0111enoj funkciji detekcije vibracija, alarm se automatski ogla\u0161ava kada poku\u0161ate pomaknuti za\u0161ti\u0107eni objekt, emitiraju\u0107i glasan zvu\u010dni signal.<br \/>\nAlarm se uklju\u010duje i isklju\u010duje pomo\u0107u prakti\u010dnog be\u017ei\u010dnog daljinskog upravlja\u010da.<br \/>\nProizvod je vodootporan, \u0161to zna\u010di da se mo\u017ee koristiti u svim vremenskim uvjetima.<br \/>\nMonta\u017ea alarma je jednostavna i ne zahtijeva alate, tako da se mo\u017ee brzo i jednostavno pri\u010dvrstiti uz pomo\u0107 kabelskih vezica ili dvostranih naljepnica.<\/span><\/p>\n<p><span class=\"\">Zna\u010dajke:<\/span><br \/>\n<span class=\"\">&#8211; Aktivacija vibracijom koja osigurava za\u0161titu od kra\u0111e<\/span><br \/>\n<span class=\"\">&#8211; Be\u017ei\u010dni daljinski upravlja\u010d koji omogu\u0107uje jednostavno uklju\u010divanje i isklju\u010divanje ure\u0111aja<\/span><br \/>\n<span class=\"\">&#8211; Vodootporan dizajn za kori\u0161tenje u razli\u010ditim vremenskim uvjetima<\/span><br \/>\n<span class=\"\">&#8211; Jednostavna instalacija bez potrebe za alatom<\/span><br \/>\n<span class=\"\">&#8211; Kompaktna veli\u010dina koja omogu\u0107uje diskretno postavljanje alarma<\/span><\/p>\n","protected":false},"featured_media":25816,"comment_status":"open","ping_status":"closed","template":"","meta":[],"product_brand":[441],"product_cat":[440],"product_tag":[],"class_list":{"0":"post-25813","1":"product","2":"type-product","3":"status-publish","4":"has-post-thumbnail","6":"product_brand-xl-tools","7":"product_cat-oprema-za-bicikle","9":"first","10":"instock","11":"shipping-taxable","12":"purchasable","13":"product-type-simple"},"yoast_head":"<!-- This site is optimized with the Yoast SEO plugin v27.2 - https:\/\/yoast.com\/product\/yoast-seo-wordpress\/ -->\n<title>Alarm za bicikl s be\u017ei\u010dnim daljinskim upravlja\u010dem - BauWeb<\/title>\n<meta name=\"description\" content=\"Potra\u017eite \u0161iroki izbor alata i materijala za profesionalne gra\u0111evinske radove. Istra\u017ei Bauweb ponudu i kupuj uz odli\u010dne popuste.\" \/>\n<meta name=\"robots\" content=\"index, follow, max-snippet:-1, max-image-preview:large, max-video-preview:-1\" \/>\n<link rel=\"canonical\" href=\"https:\/\/bauweb.hr\/index.php\/product\/alarm-za-bicikl-s-bezicnim-daljinskim-upravljacem\/\" \/>\n<meta property=\"og:locale\" content=\"hr_HR\" \/>\n<meta property=\"og:type\" content=\"article\" \/>\n<meta property=\"og:title\" content=\"Alarm za bicikl s be\u017ei\u010dnim daljinskim upravlja\u010dem - BauWeb\" \/>\n<meta property=\"og:description\" content=\"Potra\u017eite \u0161iroki izbor alata i materijala za profesionalne gra\u0111evinske radove. Istra\u017ei Bauweb ponudu i kupuj uz odli\u010dne popuste.\" \/>\n<meta property=\"og:url\" content=\"https:\/\/bauweb.hr\/index.php\/product\/alarm-za-bicikl-s-bezicnim-daljinskim-upravljacem\/\" \/>\n<meta property=\"og:site_name\" content=\"BauWeb\" \/>\n<meta property=\"article:publisher\" content=\"https:\/\/facebook.com\/bauweb00\" \/>\n<meta property=\"article:modified_time\" content=\"2025-04-04T10:23:59+00:00\" \/>\n<meta property=\"og:image\" content=\"https:\/\/bauweb.hr\/wp-content\/uploads\/2025\/04\/alr1.jpg\" \/>\n\t<meta property=\"og:image:width\" content=\"690\" \/>\n\t<meta property=\"og:image:height\" content=\"690\" \/>\n\t<meta property=\"og:image:type\" content=\"image\/jpeg\" \/>\n<meta name=\"twitter:card\" content=\"summary_large_image\" \/>\n<meta name=\"twitter:label1\" content=\"Procijenjeno vrijeme \u010ditanja\" \/>\n\t<meta name=\"twitter:data1\" content=\"2 minute\" \/>\n<script type=\"application\/ld+json\" class=\"yoast-schema-graph\">{\"@context\":\"https:\/\/schema.org\",\"@graph\":[{\"@type\":\"WebPage\",\"@id\":\"https:\/\/bauweb.hr\/index.php\/product\/alarm-za-bicikl-s-bezicnim-daljinskim-upravljacem\/\",\"url\":\"https:\/\/bauweb.hr\/index.php\/product\/alarm-za-bicikl-s-bezicnim-daljinskim-upravljacem\/\",\"name\":\"Alarm za bicikl s be\u017ei\u010dnim daljinskim upravlja\u010dem - BauWeb\",\"isPartOf\":{\"@id\":\"https:\/\/bauweb.hr\/#website\"},\"primaryImageOfPage\":{\"@id\":\"https:\/\/bauweb.hr\/index.php\/product\/alarm-za-bicikl-s-bezicnim-daljinskim-upravljacem\/#primaryimage\"},\"image\":{\"@id\":\"https:\/\/bauweb.hr\/index.php\/product\/alarm-za-bicikl-s-bezicnim-daljinskim-upravljacem\/#primaryimage\"},\"thumbnailUrl\":\"https:\/\/bauweb.hr\/wp-content\/uploads\/2025\/04\/alr1.jpg\",\"datePublished\":\"2025-04-04T10:22:35+00:00\",\"dateModified\":\"2025-04-04T10:23:59+00:00\",\"description\":\"Potra\u017eite \u0161iroki izbor alata i materijala za profesionalne gra\u0111evinske radove. Istra\u017ei Bauweb ponudu i kupuj uz odli\u010dne popuste.\",\"breadcrumb\":{\"@id\":\"https:\/\/bauweb.hr\/index.php\/product\/alarm-za-bicikl-s-bezicnim-daljinskim-upravljacem\/#breadcrumb\"},\"inLanguage\":\"hr\",\"potentialAction\":[{\"@type\":\"ReadAction\",\"target\":[\"https:\/\/bauweb.hr\/index.php\/product\/alarm-za-bicikl-s-bezicnim-daljinskim-upravljacem\/\"]}]},{\"@type\":\"ImageObject\",\"inLanguage\":\"hr\",\"@id\":\"https:\/\/bauweb.hr\/index.php\/product\/alarm-za-bicikl-s-bezicnim-daljinskim-upravljacem\/#primaryimage\",\"url\":\"https:\/\/bauweb.hr\/wp-content\/uploads\/2025\/04\/alr1.jpg\",\"contentUrl\":\"https:\/\/bauweb.hr\/wp-content\/uploads\/2025\/04\/alr1.jpg\",\"width\":690,\"height\":690},{\"@type\":\"BreadcrumbList\",\"@id\":\"https:\/\/bauweb.hr\/index.php\/product\/alarm-za-bicikl-s-bezicnim-daljinskim-upravljacem\/#breadcrumb\",\"itemListElement\":[{\"@type\":\"ListItem\",\"position\":1,\"name\":\"Po\u010detna stranica\",\"item\":\"https:\/\/bauweb.hr\/\"},{\"@type\":\"ListItem\",\"position\":2,\"name\":\"Shop\",\"item\":\"https:\/\/bauweb.hr\/index.php\/shop-wooshop-v1\/\"},{\"@type\":\"ListItem\",\"position\":3,\"name\":\"Alarm za bicikl s be\u017ei\u010dnim daljinskim upravlja\u010dem\"}]},{\"@type\":\"WebSite\",\"@id\":\"https:\/\/bauweb.hr\/#website\",\"url\":\"https:\/\/bauweb.hr\/\",\"name\":\"BauWeb\",\"description\":\"Za prave majstore\",\"publisher\":{\"@id\":\"https:\/\/bauweb.hr\/#organization\"},\"alternateName\":\"BauWeb\",\"potentialAction\":[{\"@type\":\"SearchAction\",\"target\":{\"@type\":\"EntryPoint\",\"urlTemplate\":\"https:\/\/bauweb.hr\/?s={search_term_string}\"},\"query-input\":{\"@type\":\"PropertyValueSpecification\",\"valueRequired\":true,\"valueName\":\"search_term_string\"}}],\"inLanguage\":\"hr\"},{\"@type\":\"Organization\",\"@id\":\"https:\/\/bauweb.hr\/#organization\",\"name\":\"Hobi dom d.o.o.\",\"url\":\"https:\/\/bauweb.hr\/\",\"logo\":{\"@type\":\"ImageObject\",\"inLanguage\":\"hr\",\"@id\":\"https:\/\/bauweb.hr\/#\/schema\/logo\/image\/\",\"url\":\"https:\/\/bauweb.hr\/wp-content\/uploads\/2023\/01\/Bauweb_logo-01.png\",\"contentUrl\":\"https:\/\/bauweb.hr\/wp-content\/uploads\/2023\/01\/Bauweb_logo-01.png\",\"width\":842,\"height\":596,\"caption\":\"Hobi dom d.o.o.\"},\"image\":{\"@id\":\"https:\/\/bauweb.hr\/#\/schema\/logo\/image\/\"},\"sameAs\":[\"https:\/\/facebook.com\/bauweb00\",\"https:\/\/instagram.com\/bauweb_shop\"]}]}<\/script>\n<!-- \/ Yoast SEO plugin. -->","yoast_head_json":{"title":"Alarm za bicikl s be\u017ei\u010dnim daljinskim upravlja\u010dem - BauWeb","description":"Potra\u017eite \u0161iroki izbor alata i materijala za profesionalne gra\u0111evinske radove. Istra\u017ei Bauweb ponudu i kupuj uz odli\u010dne popuste.","robots":{"index":"index","follow":"follow","max-snippet":"max-snippet:-1","max-image-preview":"max-image-preview:large","max-video-preview":"max-video-preview:-1"},"canonical":"https:\/\/bauweb.hr\/index.php\/product\/alarm-za-bicikl-s-bezicnim-daljinskim-upravljacem\/","og_locale":"hr_HR","og_type":"article","og_title":"Alarm za bicikl s be\u017ei\u010dnim daljinskim upravlja\u010dem - BauWeb","og_description":"Potra\u017eite \u0161iroki izbor alata i materijala za profesionalne gra\u0111evinske radove. Istra\u017ei Bauweb ponudu i kupuj uz odli\u010dne popuste.","og_url":"https:\/\/bauweb.hr\/index.php\/product\/alarm-za-bicikl-s-bezicnim-daljinskim-upravljacem\/","og_site_name":"BauWeb","article_publisher":"https:\/\/facebook.com\/bauweb00","article_modified_time":"2025-04-04T10:23:59+00:00","og_image":[{"width":690,"height":690,"url":"https:\/\/bauweb.hr\/wp-content\/uploads\/2025\/04\/alr1.jpg","type":"image\/jpeg"}],"twitter_card":"summary_large_image","twitter_misc":{"Procijenjeno vrijeme \u010ditanja":"2 minute"},"schema":{"@context":"https:\/\/schema.org","@graph":[{"@type":"WebPage","@id":"https:\/\/bauweb.hr\/index.php\/product\/alarm-za-bicikl-s-bezicnim-daljinskim-upravljacem\/","url":"https:\/\/bauweb.hr\/index.php\/product\/alarm-za-bicikl-s-bezicnim-daljinskim-upravljacem\/","name":"Alarm za bicikl s be\u017ei\u010dnim daljinskim upravlja\u010dem - BauWeb","isPartOf":{"@id":"https:\/\/bauweb.hr\/#website"},"primaryImageOfPage":{"@id":"https:\/\/bauweb.hr\/index.php\/product\/alarm-za-bicikl-s-bezicnim-daljinskim-upravljacem\/#primaryimage"},"image":{"@id":"https:\/\/bauweb.hr\/index.php\/product\/alarm-za-bicikl-s-bezicnim-daljinskim-upravljacem\/#primaryimage"},"thumbnailUrl":"https:\/\/bauweb.hr\/wp-content\/uploads\/2025\/04\/alr1.jpg","datePublished":"2025-04-04T10:22:35+00:00","dateModified":"2025-04-04T10:23:59+00:00","description":"Potra\u017eite \u0161iroki izbor alata i materijala za profesionalne gra\u0111evinske radove. Istra\u017ei Bauweb ponudu i kupuj uz odli\u010dne popuste.","breadcrumb":{"@id":"https:\/\/bauweb.hr\/index.php\/product\/alarm-za-bicikl-s-bezicnim-daljinskim-upravljacem\/#breadcrumb"},"inLanguage":"hr","potentialAction":[{"@type":"ReadAction","target":["https:\/\/bauweb.hr\/index.php\/product\/alarm-za-bicikl-s-bezicnim-daljinskim-upravljacem\/"]}]},{"@type":"ImageObject","inLanguage":"hr","@id":"https:\/\/bauweb.hr\/index.php\/product\/alarm-za-bicikl-s-bezicnim-daljinskim-upravljacem\/#primaryimage","url":"https:\/\/bauweb.hr\/wp-content\/uploads\/2025\/04\/alr1.jpg","contentUrl":"https:\/\/bauweb.hr\/wp-content\/uploads\/2025\/04\/alr1.jpg","width":690,"height":690},{"@type":"BreadcrumbList","@id":"https:\/\/bauweb.hr\/index.php\/product\/alarm-za-bicikl-s-bezicnim-daljinskim-upravljacem\/#breadcrumb","itemListElement":[{"@type":"ListItem","position":1,"name":"Po\u010detna stranica","item":"https:\/\/bauweb.hr\/"},{"@type":"ListItem","position":2,"name":"Shop","item":"https:\/\/bauweb.hr\/index.php\/shop-wooshop-v1\/"},{"@type":"ListItem","position":3,"name":"Alarm za bicikl s be\u017ei\u010dnim daljinskim upravlja\u010dem"}]},{"@type":"WebSite","@id":"https:\/\/bauweb.hr\/#website","url":"https:\/\/bauweb.hr\/","name":"BauWeb","description":"Za prave majstore","publisher":{"@id":"https:\/\/bauweb.hr\/#organization"},"alternateName":"BauWeb","potentialAction":[{"@type":"SearchAction","target":{"@type":"EntryPoint","urlTemplate":"https:\/\/bauweb.hr\/?s={search_term_string}"},"query-input":{"@type":"PropertyValueSpecification","valueRequired":true,"valueName":"search_term_string"}}],"inLanguage":"hr"},{"@type":"Organization","@id":"https:\/\/bauweb.hr\/#organization","name":"Hobi dom d.o.o.","url":"https:\/\/bauweb.hr\/","logo":{"@type":"ImageObject","inLanguage":"hr","@id":"https:\/\/bauweb.hr\/#\/schema\/logo\/image\/","url":"https:\/\/bauweb.hr\/wp-content\/uploads\/2023\/01\/Bauweb_logo-01.png","contentUrl":"https:\/\/bauweb.hr\/wp-content\/uploads\/2023\/01\/Bauweb_logo-01.png","width":842,"height":596,"caption":"Hobi dom d.o.o."},"image":{"@id":"https:\/\/bauweb.hr\/#\/schema\/logo\/image\/"},"sameAs":["https:\/\/facebook.com\/bauweb00","https:\/\/instagram.com\/bauweb_shop"]}]}},"_links":{"self":[{"href":"https:\/\/bauweb.hr\/index.php\/wp-json\/wp\/v2\/product\/25813","targetHints":{"allow":["GET"]}}],"collection":[{"href":"https:\/\/bauweb.hr\/index.php\/wp-json\/wp\/v2\/product"}],"about":[{"href":"https:\/\/bauweb.hr\/index.php\/wp-json\/wp\/v2\/types\/product"}],"replies":[{"embeddable":true,"href":"https:\/\/bauweb.hr\/index.php\/wp-json\/wp\/v2\/comments?post=25813"}],"wp:featuredmedia":[{"embeddable":true,"href":"https:\/\/bauweb.hr\/index.php\/wp-json\/wp\/v2\/media\/25816"}],"wp:attachment":[{"href":"https:\/\/bauweb.hr\/index.php\/wp-json\/wp\/v2\/media?parent=25813"}],"wp:term":[{"taxonomy":"product_brand","embeddable":true,"href":"https:\/\/bauweb.hr\/index.php\/wp-json\/wp\/v2\/product_brand?post=25813"},{"taxonomy":"product_cat","embeddable":true,"href":"https:\/\/bauweb.hr\/index.php\/wp-json\/wp\/v2\/product_cat?post=25813"},{"taxonomy":"product_tag","embeddable":true,"href":"https:\/\/bauweb.hr\/index.php\/wp-json\/wp\/v2\/product_tag?post=25813"}],"curies":[{"name":"wp","href":"https:\/\/api.w.org\/{rel}","templated":true}]}}