{"id":25828,"date":"2025-04-04T12:52:13","date_gmt":"2025-04-04T10:52:13","guid":{"rendered":"https:\/\/bauweb.hr\/?post_type=product&#038;p=25828"},"modified":"2025-04-04T13:17:47","modified_gmt":"2025-04-04T11:17:47","slug":"xl-tools-kosara-za-bicikl","status":"publish","type":"product","link":"https:\/\/bauweb.hr\/index.php\/product\/xl-tools-kosara-za-bicikl\/","title":{"rendered":"XL-TOOLS Ko\u0161ara za bicikl"},"content":{"rendered":"<h4>XL-TOOLS Ko\u0161ara za bicikl<\/h4>\n<p>XL-TOOLS biciklisti\u010dka ko\u0161ara za upravlja\u010d je prakti\u010dno i funkcionalno rje\u0161enje za svakog biciklista.<br \/>\nIzra\u0111en od \u010dvrste crne metalne mre\u017ee, ne samo da je izdr\u017eljiv, ve\u0107 i moderan.<br \/>\nKapacitet mu je 20 litara, \u0161to vam omogu\u0107uje udobno no\u0161enje torbice, ruksaka ili kupovine.<br \/>\nMaksimalna nosivost ko\u0161are je 5 kg, \u0161to je \u010dini idealnom za svakodnevne potrebe.<br \/>\nZahvaljuju\u0107i &#8220;CLICK&#8221; ru\u010dki, monta\u017ea i demonta\u017ea ko\u0161are je izuzetno jednostavna i ne zahtijeva nikakav alat.<br \/>\nDodatno, ko\u0161ara je opremljena udobnom ru\u010dkom za no\u0161enje.<\/p>\n<p>Dimenzije:<br \/>\n&#8211; \u0160irina: 34 cm<br \/>\n&#8211; Du\u017eina: 25 cm<br \/>\n&#8211; Visina: 25 cm<\/p>\n<p>Karakteristike:<br \/>\n&#8211; Od crne metalne mre\u017ee<br \/>\n&#8211; Kapacitet 20 litara<br \/>\n&#8211; Maksimalno optere\u0107enje 5 kg<br \/>\n&#8211; &#8220;CLICK&#8221; ru\u010dka za brzu monta\u017eu\/demonta\u017eu<br \/>\n&#8211; Udobna ru\u010dka za no\u0161enje<br \/>\n&#8211; Odgovara biciklima s kota\u010dima 20&#8242;, 24&#8242;, 26&#8242;, 27&#8242; i 28&#8242;<br \/>\n&#8211; Kompatibilan s upravlja\u010dima do promjera 25,4 mm<\/p>\n<p>Parametri:<br \/>\n&#8211; Dimenzije: 34 cm \u0161irina, 25 cm duljina, 25 cm visina<br \/>\n&#8211; Marka: XL-TOOLS<br \/>\n&#8211; Proizvo\u0111a\u010d: XL-TOOLS Poljska<br \/>\n&#8211; Te\u017eina: 0,95 kg<\/p>\n<p>Primjena:<br \/>\nXL-TOOLS ko\u0161ara za bicikl savr\u0161eno je rje\u0161enje za ljude koji \u010desto voze bicikl u gradu. Savr\u0161eno za kupovinu, putovanja ili svakodnevno putovanje na posao. Zahvaljuju\u0107i lakoj monta\u017ei i demonta\u017ei, mo\u017eete ga brzo skinuti i ponijeti sa sobom, \u0161to pove\u0107ava njegovu prakti\u010dnost i udobnost kori\u0161tenja. Ko\u0161ara je univerzalna i odgovara ve\u0107ini modela bicikala, \u0161to je \u010dini izuzetno svestranim dodatkom za svakog biciklista.<\/p>\n","protected":false},"excerpt":{"rendered":"<h4>XL-TOOLS Ko\u0161ara za bicikl<\/h4>\n<p>XL-TOOLS biciklisti\u010dka ko\u0161ara za upravlja\u010d je prakti\u010dno i funkcionalno rje\u0161enje za svakog biciklista.<br \/>\nIzra\u0111en od \u010dvrste crne metalne mre\u017ee, ne samo da je izdr\u017eljiv, ve\u0107 i moderan.<br \/>\nKapacitet mu je 20 litara, \u0161to vam omogu\u0107uje udobno no\u0161enje torbice, ruksaka ili kupovine.<br \/>\nMaksimalna nosivost ko\u0161are je 5 kg, \u0161to je \u010dini idealnom za svakodnevne potrebe.<br \/>\nZahvaljuju\u0107i &#8220;CLICK&#8221; ru\u010dki, monta\u017ea i demonta\u017ea ko\u0161are je izuzetno jednostavna i ne zahtijeva nikakav alat.<br \/>\nDodatno, ko\u0161ara je opremljena udobnom ru\u010dkom za no\u0161enje.<\/p>\n","protected":false},"featured_media":25829,"comment_status":"open","ping_status":"closed","template":"","meta":[],"product_brand":[441],"product_cat":[440],"product_tag":[],"class_list":{"0":"post-25828","1":"product","2":"type-product","3":"status-publish","4":"has-post-thumbnail","6":"product_brand-xl-tools","7":"product_cat-oprema-za-bicikle","9":"first","10":"instock","11":"shipping-taxable","12":"purchasable","13":"product-type-simple"},"yoast_head":"<!-- This site is optimized with the Yoast SEO plugin v27.2 - https:\/\/yoast.com\/product\/yoast-seo-wordpress\/ -->\n<title>XL-TOOLS Ko\u0161ara za bicikl - BauWeb<\/title>\n<meta name=\"description\" content=\"Potra\u017eite \u0161iroki izbor alata i materijala za profesionalne gra\u0111evinske radove. Istra\u017ei Bauweb ponudu i kupuj uz odli\u010dne popuste.\" \/>\n<meta name=\"robots\" content=\"index, follow, max-snippet:-1, max-image-preview:large, max-video-preview:-1\" \/>\n<link rel=\"canonical\" href=\"https:\/\/bauweb.hr\/index.php\/product\/xl-tools-kosara-za-bicikl\/\" \/>\n<meta property=\"og:locale\" content=\"hr_HR\" \/>\n<meta property=\"og:type\" content=\"article\" \/>\n<meta property=\"og:title\" content=\"XL-TOOLS Ko\u0161ara za bicikl - BauWeb\" \/>\n<meta property=\"og:description\" content=\"Potra\u017eite \u0161iroki izbor alata i materijala za profesionalne gra\u0111evinske radove. Istra\u017ei Bauweb ponudu i kupuj uz odli\u010dne popuste.\" \/>\n<meta property=\"og:url\" content=\"https:\/\/bauweb.hr\/index.php\/product\/xl-tools-kosara-za-bicikl\/\" \/>\n<meta property=\"og:site_name\" content=\"BauWeb\" \/>\n<meta property=\"article:publisher\" content=\"https:\/\/facebook.com\/bauweb00\" \/>\n<meta property=\"article:modified_time\" content=\"2025-04-04T11:17:47+00:00\" \/>\n<meta property=\"og:image\" content=\"https:\/\/bauweb.hr\/wp-content\/uploads\/2025\/04\/KOSARA.jpg\" \/>\n\t<meta property=\"og:image:width\" content=\"690\" \/>\n\t<meta property=\"og:image:height\" content=\"690\" \/>\n\t<meta property=\"og:image:type\" content=\"image\/jpeg\" \/>\n<meta name=\"twitter:card\" content=\"summary_large_image\" \/>\n<meta name=\"twitter:label1\" content=\"Procijenjeno vrijeme \u010ditanja\" \/>\n\t<meta name=\"twitter:data1\" content=\"2 minute\" \/>\n<script type=\"application\/ld+json\" class=\"yoast-schema-graph\">{\"@context\":\"https:\/\/schema.org\",\"@graph\":[{\"@type\":\"WebPage\",\"@id\":\"https:\/\/bauweb.hr\/index.php\/product\/xl-tools-kosara-za-bicikl\/\",\"url\":\"https:\/\/bauweb.hr\/index.php\/product\/xl-tools-kosara-za-bicikl\/\",\"name\":\"XL-TOOLS Ko\u0161ara za bicikl - BauWeb\",\"isPartOf\":{\"@id\":\"https:\/\/bauweb.hr\/#website\"},\"primaryImageOfPage\":{\"@id\":\"https:\/\/bauweb.hr\/index.php\/product\/xl-tools-kosara-za-bicikl\/#primaryimage\"},\"image\":{\"@id\":\"https:\/\/bauweb.hr\/index.php\/product\/xl-tools-kosara-za-bicikl\/#primaryimage\"},\"thumbnailUrl\":\"https:\/\/bauweb.hr\/wp-content\/uploads\/2025\/04\/KOSARA.jpg\",\"datePublished\":\"2025-04-04T10:52:13+00:00\",\"dateModified\":\"2025-04-04T11:17:47+00:00\",\"description\":\"Potra\u017eite \u0161iroki izbor alata i materijala za profesionalne gra\u0111evinske radove. Istra\u017ei Bauweb ponudu i kupuj uz odli\u010dne popuste.\",\"breadcrumb\":{\"@id\":\"https:\/\/bauweb.hr\/index.php\/product\/xl-tools-kosara-za-bicikl\/#breadcrumb\"},\"inLanguage\":\"hr\",\"potentialAction\":[{\"@type\":\"ReadAction\",\"target\":[\"https:\/\/bauweb.hr\/index.php\/product\/xl-tools-kosara-za-bicikl\/\"]}]},{\"@type\":\"ImageObject\",\"inLanguage\":\"hr\",\"@id\":\"https:\/\/bauweb.hr\/index.php\/product\/xl-tools-kosara-za-bicikl\/#primaryimage\",\"url\":\"https:\/\/bauweb.hr\/wp-content\/uploads\/2025\/04\/KOSARA.jpg\",\"contentUrl\":\"https:\/\/bauweb.hr\/wp-content\/uploads\/2025\/04\/KOSARA.jpg\",\"width\":690,\"height\":690},{\"@type\":\"BreadcrumbList\",\"@id\":\"https:\/\/bauweb.hr\/index.php\/product\/xl-tools-kosara-za-bicikl\/#breadcrumb\",\"itemListElement\":[{\"@type\":\"ListItem\",\"position\":1,\"name\":\"Po\u010detna stranica\",\"item\":\"https:\/\/bauweb.hr\/\"},{\"@type\":\"ListItem\",\"position\":2,\"name\":\"Shop\",\"item\":\"https:\/\/bauweb.hr\/index.php\/shop-wooshop-v1\/\"},{\"@type\":\"ListItem\",\"position\":3,\"name\":\"XL-TOOLS Ko\u0161ara za bicikl\"}]},{\"@type\":\"WebSite\",\"@id\":\"https:\/\/bauweb.hr\/#website\",\"url\":\"https:\/\/bauweb.hr\/\",\"name\":\"BauWeb\",\"description\":\"Za prave majstore\",\"publisher\":{\"@id\":\"https:\/\/bauweb.hr\/#organization\"},\"alternateName\":\"BauWeb\",\"potentialAction\":[{\"@type\":\"SearchAction\",\"target\":{\"@type\":\"EntryPoint\",\"urlTemplate\":\"https:\/\/bauweb.hr\/?s={search_term_string}\"},\"query-input\":{\"@type\":\"PropertyValueSpecification\",\"valueRequired\":true,\"valueName\":\"search_term_string\"}}],\"inLanguage\":\"hr\"},{\"@type\":\"Organization\",\"@id\":\"https:\/\/bauweb.hr\/#organization\",\"name\":\"Hobi dom d.o.o.\",\"url\":\"https:\/\/bauweb.hr\/\",\"logo\":{\"@type\":\"ImageObject\",\"inLanguage\":\"hr\",\"@id\":\"https:\/\/bauweb.hr\/#\/schema\/logo\/image\/\",\"url\":\"https:\/\/bauweb.hr\/wp-content\/uploads\/2023\/01\/Bauweb_logo-01.png\",\"contentUrl\":\"https:\/\/bauweb.hr\/wp-content\/uploads\/2023\/01\/Bauweb_logo-01.png\",\"width\":842,\"height\":596,\"caption\":\"Hobi dom d.o.o.\"},\"image\":{\"@id\":\"https:\/\/bauweb.hr\/#\/schema\/logo\/image\/\"},\"sameAs\":[\"https:\/\/facebook.com\/bauweb00\",\"https:\/\/instagram.com\/bauweb_shop\"]}]}<\/script>\n<!-- \/ Yoast SEO plugin. -->","yoast_head_json":{"title":"XL-TOOLS Ko\u0161ara za bicikl - BauWeb","description":"Potra\u017eite \u0161iroki izbor alata i materijala za profesionalne gra\u0111evinske radove. Istra\u017ei Bauweb ponudu i kupuj uz odli\u010dne popuste.","robots":{"index":"index","follow":"follow","max-snippet":"max-snippet:-1","max-image-preview":"max-image-preview:large","max-video-preview":"max-video-preview:-1"},"canonical":"https:\/\/bauweb.hr\/index.php\/product\/xl-tools-kosara-za-bicikl\/","og_locale":"hr_HR","og_type":"article","og_title":"XL-TOOLS Ko\u0161ara za bicikl - BauWeb","og_description":"Potra\u017eite \u0161iroki izbor alata i materijala za profesionalne gra\u0111evinske radove. Istra\u017ei Bauweb ponudu i kupuj uz odli\u010dne popuste.","og_url":"https:\/\/bauweb.hr\/index.php\/product\/xl-tools-kosara-za-bicikl\/","og_site_name":"BauWeb","article_publisher":"https:\/\/facebook.com\/bauweb00","article_modified_time":"2025-04-04T11:17:47+00:00","og_image":[{"width":690,"height":690,"url":"https:\/\/bauweb.hr\/wp-content\/uploads\/2025\/04\/KOSARA.jpg","type":"image\/jpeg"}],"twitter_card":"summary_large_image","twitter_misc":{"Procijenjeno vrijeme \u010ditanja":"2 minute"},"schema":{"@context":"https:\/\/schema.org","@graph":[{"@type":"WebPage","@id":"https:\/\/bauweb.hr\/index.php\/product\/xl-tools-kosara-za-bicikl\/","url":"https:\/\/bauweb.hr\/index.php\/product\/xl-tools-kosara-za-bicikl\/","name":"XL-TOOLS Ko\u0161ara za bicikl - BauWeb","isPartOf":{"@id":"https:\/\/bauweb.hr\/#website"},"primaryImageOfPage":{"@id":"https:\/\/bauweb.hr\/index.php\/product\/xl-tools-kosara-za-bicikl\/#primaryimage"},"image":{"@id":"https:\/\/bauweb.hr\/index.php\/product\/xl-tools-kosara-za-bicikl\/#primaryimage"},"thumbnailUrl":"https:\/\/bauweb.hr\/wp-content\/uploads\/2025\/04\/KOSARA.jpg","datePublished":"2025-04-04T10:52:13+00:00","dateModified":"2025-04-04T11:17:47+00:00","description":"Potra\u017eite \u0161iroki izbor alata i materijala za profesionalne gra\u0111evinske radove. Istra\u017ei Bauweb ponudu i kupuj uz odli\u010dne popuste.","breadcrumb":{"@id":"https:\/\/bauweb.hr\/index.php\/product\/xl-tools-kosara-za-bicikl\/#breadcrumb"},"inLanguage":"hr","potentialAction":[{"@type":"ReadAction","target":["https:\/\/bauweb.hr\/index.php\/product\/xl-tools-kosara-za-bicikl\/"]}]},{"@type":"ImageObject","inLanguage":"hr","@id":"https:\/\/bauweb.hr\/index.php\/product\/xl-tools-kosara-za-bicikl\/#primaryimage","url":"https:\/\/bauweb.hr\/wp-content\/uploads\/2025\/04\/KOSARA.jpg","contentUrl":"https:\/\/bauweb.hr\/wp-content\/uploads\/2025\/04\/KOSARA.jpg","width":690,"height":690},{"@type":"BreadcrumbList","@id":"https:\/\/bauweb.hr\/index.php\/product\/xl-tools-kosara-za-bicikl\/#breadcrumb","itemListElement":[{"@type":"ListItem","position":1,"name":"Po\u010detna stranica","item":"https:\/\/bauweb.hr\/"},{"@type":"ListItem","position":2,"name":"Shop","item":"https:\/\/bauweb.hr\/index.php\/shop-wooshop-v1\/"},{"@type":"ListItem","position":3,"name":"XL-TOOLS Ko\u0161ara za bicikl"}]},{"@type":"WebSite","@id":"https:\/\/bauweb.hr\/#website","url":"https:\/\/bauweb.hr\/","name":"BauWeb","description":"Za prave majstore","publisher":{"@id":"https:\/\/bauweb.hr\/#organization"},"alternateName":"BauWeb","potentialAction":[{"@type":"SearchAction","target":{"@type":"EntryPoint","urlTemplate":"https:\/\/bauweb.hr\/?s={search_term_string}"},"query-input":{"@type":"PropertyValueSpecification","valueRequired":true,"valueName":"search_term_string"}}],"inLanguage":"hr"},{"@type":"Organization","@id":"https:\/\/bauweb.hr\/#organization","name":"Hobi dom d.o.o.","url":"https:\/\/bauweb.hr\/","logo":{"@type":"ImageObject","inLanguage":"hr","@id":"https:\/\/bauweb.hr\/#\/schema\/logo\/image\/","url":"https:\/\/bauweb.hr\/wp-content\/uploads\/2023\/01\/Bauweb_logo-01.png","contentUrl":"https:\/\/bauweb.hr\/wp-content\/uploads\/2023\/01\/Bauweb_logo-01.png","width":842,"height":596,"caption":"Hobi dom d.o.o."},"image":{"@id":"https:\/\/bauweb.hr\/#\/schema\/logo\/image\/"},"sameAs":["https:\/\/facebook.com\/bauweb00","https:\/\/instagram.com\/bauweb_shop"]}]}},"_links":{"self":[{"href":"https:\/\/bauweb.hr\/index.php\/wp-json\/wp\/v2\/product\/25828","targetHints":{"allow":["GET"]}}],"collection":[{"href":"https:\/\/bauweb.hr\/index.php\/wp-json\/wp\/v2\/product"}],"about":[{"href":"https:\/\/bauweb.hr\/index.php\/wp-json\/wp\/v2\/types\/product"}],"replies":[{"embeddable":true,"href":"https:\/\/bauweb.hr\/index.php\/wp-json\/wp\/v2\/comments?post=25828"}],"wp:featuredmedia":[{"embeddable":true,"href":"https:\/\/bauweb.hr\/index.php\/wp-json\/wp\/v2\/media\/25829"}],"wp:attachment":[{"href":"https:\/\/bauweb.hr\/index.php\/wp-json\/wp\/v2\/media?parent=25828"}],"wp:term":[{"taxonomy":"product_brand","embeddable":true,"href":"https:\/\/bauweb.hr\/index.php\/wp-json\/wp\/v2\/product_brand?post=25828"},{"taxonomy":"product_cat","embeddable":true,"href":"https:\/\/bauweb.hr\/index.php\/wp-json\/wp\/v2\/product_cat?post=25828"},{"taxonomy":"product_tag","embeddable":true,"href":"https:\/\/bauweb.hr\/index.php\/wp-json\/wp\/v2\/product_tag?post=25828"}],"curies":[{"name":"wp","href":"https:\/\/api.w.org\/{rel}","templated":true}]}}