{"id":25832,"date":"2025-04-04T13:25:59","date_gmt":"2025-04-04T11:25:59","guid":{"rendered":"https:\/\/bauweb.hr\/?post_type=product&#038;p=25832"},"modified":"2025-04-04T14:44:53","modified_gmt":"2025-04-04T12:44:53","slug":"xl-tools-crveno-straznje-svjetlo-za-bicikl-70x30x20mm","status":"publish","type":"product","link":"https:\/\/bauweb.hr\/index.php\/product\/xl-tools-crveno-straznje-svjetlo-za-bicikl-70x30x20mm\/","title":{"rendered":"XL-TOOLS Crveno stra\u017enje svjetlo za bicikl 70x30x20mm"},"content":{"rendered":"<h4>XL-TOOLS Crveno stra\u017enje svjetlo za bicikl 70x30x20mm<\/h4>\n<p><span class=\"\">Crveno stra\u017enje svjetlo za bicikl XL-TOOLS je neophodna oprema za svakog biciklistu koji cijeni sigurnost na cesti.<br \/>\nZahvaljuju\u0107i kompaktnim dimenzijama (7x3x2 cm), lako se postavlja na nosa\u010d sjedala bicikla.<br \/>\nOpremljen sa 7 na\u010dina osvjetljenja, omogu\u0107uje prilagodbu intenziteta i na\u010dina osvjetljenja uvjetima na cesti, pove\u0107avaju\u0107i vidljivost korisnika nakon \u0161to padne mrak.<br \/>\nBaterija traje do 150 sati \u0161to jam\u010di dugotrajno kori\u0161tenje bez potrebe za \u010destim mijenjanjem.<br \/>\n<\/span><\/p>\n<p><span class=\"\">Dimenzije:<\/span><br \/>\n<span class=\"\">&#8211; 7x3x2 cm<\/span><\/p>\n<p><span class=\"\">Karakteristike:<\/span><br \/>\n<span class=\"\">&#8211; 7 na\u010dina osvjetljenja: kontinuirano crveno svjetlo, brzo treptanje, sporo treptanje, sporo pulsiranje, brzo pulsiranje, treptanje treptanje, strobe<\/span><br \/>\n<span class=\"\">&#8211; Brza monta\u017ea i demonta\u017ea zahvaljuju\u0107i nosa\u010du za brzo otpu\u0161tanje<\/span><br \/>\n<span class=\"\">&#8211; Kompaktna veli\u010dina<\/span><br \/>\n<span class=\"\">&#8211; Dugi rad na dvije AAA baterije<\/span><\/p>\n<p><span class=\"\">Parametri:<\/span><br \/>\n<span class=\"\">&#8211; Marka: XL-TOOLS<\/span><br \/>\n<span class=\"\">&#8211; Proizvo\u0111a\u010d: XL-TOOLS Poljska<\/span><br \/>\n<span class=\"\">&#8211; Te\u017eina proizvoda: 0,051 kg<\/span><br \/>\n<span class=\"\">&#8211; Napajanje: 2x AAA (baterije nisu uklju\u010dene)<\/span><br \/>\n<span class=\"\">&#8211; Vrijeme rada: 150 sati<\/span><\/p>\n<p><span class=\"\">Primjena:<\/span><br \/>\n<span class=\"\">Crveno stra\u017enje svjetlo za bicikl XL-TOOLS savr\u0161eno je za gradske i vangradske uvjete, gdje je vidljivost biciklista klju\u010dna. Njegova multifunkcionalnost i raznolikost na\u010dina osvjetljenja omogu\u0107uje prilagodbu razli\u010ditim situacijama, \u0161to pove\u0107ava sigurnost korisnika. Savr\u0161en za ljude koji cijene jednostavnost instalacije i dugotrajan rad.<\/span><\/p>\n","protected":false},"excerpt":{"rendered":"<h4>XL-TOOLS Crveno stra\u017enje svjetlo za bicikl 70x30x20mm<\/h4>\n<p><span class=\"\">Crveno stra\u017enje svjetlo za bicikl XL-TOOLS je neophodna oprema za svakog biciklistu koji cijeni sigurnost na cesti.<br \/>\nZahvaljuju\u0107i kompaktnim dimenzijama (7x3x2 cm), lako se postavlja na nosa\u010d sjedala bicikla.<br \/>\nOpremljen sa 7 na\u010dina osvjetljenja, omogu\u0107uje prilagodbu intenziteta i na\u010dina osvjetljenja uvjetima na cesti, pove\u0107avaju\u0107i vidljivost korisnika nakon \u0161to padne mrak.<br \/>\nBaterija traje do 150 sati \u0161to jam\u010di dugotrajno kori\u0161tenje bez potrebe za \u010destim mijenjanjem.<\/span><\/p>\n","protected":false},"featured_media":25833,"comment_status":"open","ping_status":"closed","template":"","meta":[],"product_brand":[441],"product_cat":[440],"product_tag":[],"class_list":{"0":"post-25832","1":"product","2":"type-product","3":"status-publish","4":"has-post-thumbnail","6":"product_brand-xl-tools","7":"product_cat-oprema-za-bicikle","9":"first","10":"instock","11":"shipping-taxable","12":"purchasable","13":"product-type-simple"},"yoast_head":"<!-- This site is optimized with the Yoast SEO plugin v27.2 - https:\/\/yoast.com\/product\/yoast-seo-wordpress\/ -->\n<title>XL-TOOLS Crveno stra\u017enje svjetlo za bicikl 70x30x20mm - BauWeb<\/title>\n<meta name=\"description\" content=\"Potra\u017eite \u0161iroki izbor alata i materijala za profesionalne gra\u0111evinske radove. Istra\u017ei Bauweb ponudu i kupuj uz odli\u010dne popuste.\" \/>\n<meta name=\"robots\" content=\"index, follow, max-snippet:-1, max-image-preview:large, max-video-preview:-1\" \/>\n<link rel=\"canonical\" href=\"https:\/\/bauweb.hr\/index.php\/product\/xl-tools-crveno-straznje-svjetlo-za-bicikl-70x30x20mm\/\" \/>\n<meta property=\"og:locale\" content=\"hr_HR\" \/>\n<meta property=\"og:type\" content=\"article\" \/>\n<meta property=\"og:title\" content=\"XL-TOOLS Crveno stra\u017enje svjetlo za bicikl 70x30x20mm - BauWeb\" \/>\n<meta property=\"og:description\" content=\"Potra\u017eite \u0161iroki izbor alata i materijala za profesionalne gra\u0111evinske radove. Istra\u017ei Bauweb ponudu i kupuj uz odli\u010dne popuste.\" \/>\n<meta property=\"og:url\" content=\"https:\/\/bauweb.hr\/index.php\/product\/xl-tools-crveno-straznje-svjetlo-za-bicikl-70x30x20mm\/\" \/>\n<meta property=\"og:site_name\" content=\"BauWeb\" \/>\n<meta property=\"article:publisher\" content=\"https:\/\/facebook.com\/bauweb00\" \/>\n<meta property=\"article:modified_time\" content=\"2025-04-04T12:44:53+00:00\" \/>\n<meta property=\"og:image\" content=\"https:\/\/bauweb.hr\/wp-content\/uploads\/2025\/04\/STRAZNJE.jpg\" \/>\n\t<meta property=\"og:image:width\" content=\"690\" \/>\n\t<meta property=\"og:image:height\" content=\"690\" \/>\n\t<meta property=\"og:image:type\" content=\"image\/jpeg\" \/>\n<meta name=\"twitter:card\" content=\"summary_large_image\" \/>\n<meta name=\"twitter:label1\" content=\"Procijenjeno vrijeme \u010ditanja\" \/>\n\t<meta name=\"twitter:data1\" content=\"1 minuta\" \/>\n<script type=\"application\/ld+json\" class=\"yoast-schema-graph\">{\"@context\":\"https:\/\/schema.org\",\"@graph\":[{\"@type\":\"WebPage\",\"@id\":\"https:\/\/bauweb.hr\/index.php\/product\/xl-tools-crveno-straznje-svjetlo-za-bicikl-70x30x20mm\/\",\"url\":\"https:\/\/bauweb.hr\/index.php\/product\/xl-tools-crveno-straznje-svjetlo-za-bicikl-70x30x20mm\/\",\"name\":\"XL-TOOLS Crveno stra\u017enje svjetlo za bicikl 70x30x20mm - BauWeb\",\"isPartOf\":{\"@id\":\"https:\/\/bauweb.hr\/#website\"},\"primaryImageOfPage\":{\"@id\":\"https:\/\/bauweb.hr\/index.php\/product\/xl-tools-crveno-straznje-svjetlo-za-bicikl-70x30x20mm\/#primaryimage\"},\"image\":{\"@id\":\"https:\/\/bauweb.hr\/index.php\/product\/xl-tools-crveno-straznje-svjetlo-za-bicikl-70x30x20mm\/#primaryimage\"},\"thumbnailUrl\":\"https:\/\/bauweb.hr\/wp-content\/uploads\/2025\/04\/STRAZNJE.jpg\",\"datePublished\":\"2025-04-04T11:25:59+00:00\",\"dateModified\":\"2025-04-04T12:44:53+00:00\",\"description\":\"Potra\u017eite \u0161iroki izbor alata i materijala za profesionalne gra\u0111evinske radove. Istra\u017ei Bauweb ponudu i kupuj uz odli\u010dne popuste.\",\"breadcrumb\":{\"@id\":\"https:\/\/bauweb.hr\/index.php\/product\/xl-tools-crveno-straznje-svjetlo-za-bicikl-70x30x20mm\/#breadcrumb\"},\"inLanguage\":\"hr\",\"potentialAction\":[{\"@type\":\"ReadAction\",\"target\":[\"https:\/\/bauweb.hr\/index.php\/product\/xl-tools-crveno-straznje-svjetlo-za-bicikl-70x30x20mm\/\"]}]},{\"@type\":\"ImageObject\",\"inLanguage\":\"hr\",\"@id\":\"https:\/\/bauweb.hr\/index.php\/product\/xl-tools-crveno-straznje-svjetlo-za-bicikl-70x30x20mm\/#primaryimage\",\"url\":\"https:\/\/bauweb.hr\/wp-content\/uploads\/2025\/04\/STRAZNJE.jpg\",\"contentUrl\":\"https:\/\/bauweb.hr\/wp-content\/uploads\/2025\/04\/STRAZNJE.jpg\",\"width\":690,\"height\":690},{\"@type\":\"BreadcrumbList\",\"@id\":\"https:\/\/bauweb.hr\/index.php\/product\/xl-tools-crveno-straznje-svjetlo-za-bicikl-70x30x20mm\/#breadcrumb\",\"itemListElement\":[{\"@type\":\"ListItem\",\"position\":1,\"name\":\"Po\u010detna stranica\",\"item\":\"https:\/\/bauweb.hr\/\"},{\"@type\":\"ListItem\",\"position\":2,\"name\":\"Shop\",\"item\":\"https:\/\/bauweb.hr\/index.php\/shop-wooshop-v1\/\"},{\"@type\":\"ListItem\",\"position\":3,\"name\":\"XL-TOOLS Crveno stra\u017enje svjetlo za bicikl 70x30x20mm\"}]},{\"@type\":\"WebSite\",\"@id\":\"https:\/\/bauweb.hr\/#website\",\"url\":\"https:\/\/bauweb.hr\/\",\"name\":\"BauWeb\",\"description\":\"Za prave majstore\",\"publisher\":{\"@id\":\"https:\/\/bauweb.hr\/#organization\"},\"alternateName\":\"BauWeb\",\"potentialAction\":[{\"@type\":\"SearchAction\",\"target\":{\"@type\":\"EntryPoint\",\"urlTemplate\":\"https:\/\/bauweb.hr\/?s={search_term_string}\"},\"query-input\":{\"@type\":\"PropertyValueSpecification\",\"valueRequired\":true,\"valueName\":\"search_term_string\"}}],\"inLanguage\":\"hr\"},{\"@type\":\"Organization\",\"@id\":\"https:\/\/bauweb.hr\/#organization\",\"name\":\"Hobi dom d.o.o.\",\"url\":\"https:\/\/bauweb.hr\/\",\"logo\":{\"@type\":\"ImageObject\",\"inLanguage\":\"hr\",\"@id\":\"https:\/\/bauweb.hr\/#\/schema\/logo\/image\/\",\"url\":\"https:\/\/bauweb.hr\/wp-content\/uploads\/2023\/01\/Bauweb_logo-01.png\",\"contentUrl\":\"https:\/\/bauweb.hr\/wp-content\/uploads\/2023\/01\/Bauweb_logo-01.png\",\"width\":842,\"height\":596,\"caption\":\"Hobi dom d.o.o.\"},\"image\":{\"@id\":\"https:\/\/bauweb.hr\/#\/schema\/logo\/image\/\"},\"sameAs\":[\"https:\/\/facebook.com\/bauweb00\",\"https:\/\/instagram.com\/bauweb_shop\"]}]}<\/script>\n<!-- \/ Yoast SEO plugin. -->","yoast_head_json":{"title":"XL-TOOLS Crveno stra\u017enje svjetlo za bicikl 70x30x20mm - BauWeb","description":"Potra\u017eite \u0161iroki izbor alata i materijala za profesionalne gra\u0111evinske radove. Istra\u017ei Bauweb ponudu i kupuj uz odli\u010dne popuste.","robots":{"index":"index","follow":"follow","max-snippet":"max-snippet:-1","max-image-preview":"max-image-preview:large","max-video-preview":"max-video-preview:-1"},"canonical":"https:\/\/bauweb.hr\/index.php\/product\/xl-tools-crveno-straznje-svjetlo-za-bicikl-70x30x20mm\/","og_locale":"hr_HR","og_type":"article","og_title":"XL-TOOLS Crveno stra\u017enje svjetlo za bicikl 70x30x20mm - BauWeb","og_description":"Potra\u017eite \u0161iroki izbor alata i materijala za profesionalne gra\u0111evinske radove. Istra\u017ei Bauweb ponudu i kupuj uz odli\u010dne popuste.","og_url":"https:\/\/bauweb.hr\/index.php\/product\/xl-tools-crveno-straznje-svjetlo-za-bicikl-70x30x20mm\/","og_site_name":"BauWeb","article_publisher":"https:\/\/facebook.com\/bauweb00","article_modified_time":"2025-04-04T12:44:53+00:00","og_image":[{"width":690,"height":690,"url":"https:\/\/bauweb.hr\/wp-content\/uploads\/2025\/04\/STRAZNJE.jpg","type":"image\/jpeg"}],"twitter_card":"summary_large_image","twitter_misc":{"Procijenjeno vrijeme \u010ditanja":"1 minuta"},"schema":{"@context":"https:\/\/schema.org","@graph":[{"@type":"WebPage","@id":"https:\/\/bauweb.hr\/index.php\/product\/xl-tools-crveno-straznje-svjetlo-za-bicikl-70x30x20mm\/","url":"https:\/\/bauweb.hr\/index.php\/product\/xl-tools-crveno-straznje-svjetlo-za-bicikl-70x30x20mm\/","name":"XL-TOOLS Crveno stra\u017enje svjetlo za bicikl 70x30x20mm - BauWeb","isPartOf":{"@id":"https:\/\/bauweb.hr\/#website"},"primaryImageOfPage":{"@id":"https:\/\/bauweb.hr\/index.php\/product\/xl-tools-crveno-straznje-svjetlo-za-bicikl-70x30x20mm\/#primaryimage"},"image":{"@id":"https:\/\/bauweb.hr\/index.php\/product\/xl-tools-crveno-straznje-svjetlo-za-bicikl-70x30x20mm\/#primaryimage"},"thumbnailUrl":"https:\/\/bauweb.hr\/wp-content\/uploads\/2025\/04\/STRAZNJE.jpg","datePublished":"2025-04-04T11:25:59+00:00","dateModified":"2025-04-04T12:44:53+00:00","description":"Potra\u017eite \u0161iroki izbor alata i materijala za profesionalne gra\u0111evinske radove. Istra\u017ei Bauweb ponudu i kupuj uz odli\u010dne popuste.","breadcrumb":{"@id":"https:\/\/bauweb.hr\/index.php\/product\/xl-tools-crveno-straznje-svjetlo-za-bicikl-70x30x20mm\/#breadcrumb"},"inLanguage":"hr","potentialAction":[{"@type":"ReadAction","target":["https:\/\/bauweb.hr\/index.php\/product\/xl-tools-crveno-straznje-svjetlo-za-bicikl-70x30x20mm\/"]}]},{"@type":"ImageObject","inLanguage":"hr","@id":"https:\/\/bauweb.hr\/index.php\/product\/xl-tools-crveno-straznje-svjetlo-za-bicikl-70x30x20mm\/#primaryimage","url":"https:\/\/bauweb.hr\/wp-content\/uploads\/2025\/04\/STRAZNJE.jpg","contentUrl":"https:\/\/bauweb.hr\/wp-content\/uploads\/2025\/04\/STRAZNJE.jpg","width":690,"height":690},{"@type":"BreadcrumbList","@id":"https:\/\/bauweb.hr\/index.php\/product\/xl-tools-crveno-straznje-svjetlo-za-bicikl-70x30x20mm\/#breadcrumb","itemListElement":[{"@type":"ListItem","position":1,"name":"Po\u010detna stranica","item":"https:\/\/bauweb.hr\/"},{"@type":"ListItem","position":2,"name":"Shop","item":"https:\/\/bauweb.hr\/index.php\/shop-wooshop-v1\/"},{"@type":"ListItem","position":3,"name":"XL-TOOLS Crveno stra\u017enje svjetlo za bicikl 70x30x20mm"}]},{"@type":"WebSite","@id":"https:\/\/bauweb.hr\/#website","url":"https:\/\/bauweb.hr\/","name":"BauWeb","description":"Za prave majstore","publisher":{"@id":"https:\/\/bauweb.hr\/#organization"},"alternateName":"BauWeb","potentialAction":[{"@type":"SearchAction","target":{"@type":"EntryPoint","urlTemplate":"https:\/\/bauweb.hr\/?s={search_term_string}"},"query-input":{"@type":"PropertyValueSpecification","valueRequired":true,"valueName":"search_term_string"}}],"inLanguage":"hr"},{"@type":"Organization","@id":"https:\/\/bauweb.hr\/#organization","name":"Hobi dom d.o.o.","url":"https:\/\/bauweb.hr\/","logo":{"@type":"ImageObject","inLanguage":"hr","@id":"https:\/\/bauweb.hr\/#\/schema\/logo\/image\/","url":"https:\/\/bauweb.hr\/wp-content\/uploads\/2023\/01\/Bauweb_logo-01.png","contentUrl":"https:\/\/bauweb.hr\/wp-content\/uploads\/2023\/01\/Bauweb_logo-01.png","width":842,"height":596,"caption":"Hobi dom d.o.o."},"image":{"@id":"https:\/\/bauweb.hr\/#\/schema\/logo\/image\/"},"sameAs":["https:\/\/facebook.com\/bauweb00","https:\/\/instagram.com\/bauweb_shop"]}]}},"_links":{"self":[{"href":"https:\/\/bauweb.hr\/index.php\/wp-json\/wp\/v2\/product\/25832","targetHints":{"allow":["GET"]}}],"collection":[{"href":"https:\/\/bauweb.hr\/index.php\/wp-json\/wp\/v2\/product"}],"about":[{"href":"https:\/\/bauweb.hr\/index.php\/wp-json\/wp\/v2\/types\/product"}],"replies":[{"embeddable":true,"href":"https:\/\/bauweb.hr\/index.php\/wp-json\/wp\/v2\/comments?post=25832"}],"wp:featuredmedia":[{"embeddable":true,"href":"https:\/\/bauweb.hr\/index.php\/wp-json\/wp\/v2\/media\/25833"}],"wp:attachment":[{"href":"https:\/\/bauweb.hr\/index.php\/wp-json\/wp\/v2\/media?parent=25832"}],"wp:term":[{"taxonomy":"product_brand","embeddable":true,"href":"https:\/\/bauweb.hr\/index.php\/wp-json\/wp\/v2\/product_brand?post=25832"},{"taxonomy":"product_cat","embeddable":true,"href":"https:\/\/bauweb.hr\/index.php\/wp-json\/wp\/v2\/product_cat?post=25832"},{"taxonomy":"product_tag","embeddable":true,"href":"https:\/\/bauweb.hr\/index.php\/wp-json\/wp\/v2\/product_tag?post=25832"}],"curies":[{"name":"wp","href":"https:\/\/api.w.org\/{rel}","templated":true}]}}