{"id":25834,"date":"2025-04-04T13:33:30","date_gmt":"2025-04-04T11:33:30","guid":{"rendered":"https:\/\/bauweb.hr\/?post_type=product&#038;p=25834"},"modified":"2025-04-04T13:34:26","modified_gmt":"2025-04-04T11:34:26","slug":"xl-tools-svijetlo-za-bicikl-sa-zvukovima","status":"publish","type":"product","link":"https:\/\/bauweb.hr\/index.php\/product\/xl-tools-svijetlo-za-bicikl-sa-zvukovima\/","title":{"rendered":"XL-TOOLS Svijetlo za bicikl sa zvukovima"},"content":{"rendered":"<h3>XL-TOOLS Svijetlo za bicikl sa zvukovima(vatrogasci,policija)<\/h3>\n<p>Policijsko svjetlo za bicikl sa zvukovima iz XL-TOOLS savr\u0161en je dodatak za male bicikliste koji se \u017eele osje\u0107ati kao pravi policajci.<br \/>\nZahvaljuju\u0107i spektakularnim policijskim svjetlima i glasnoj sireni, vo\u017enja biciklom postaje ne samo sigurnija, ve\u0107 i uzbudljivija.<br \/>\nProizvod je opremljen LED diodama koje naizmjeni\u010dno treperi plavom i crvenom bojom, a nudi i \u010detiri na\u010dina glasne sirene.<br \/>\nSvjetlo se lako pri\u010dvr\u0161\u0107uje na va\u0161 bicikl i radi na dvije AA baterije (prodaju se zasebno).<\/p>\n<p>Dimenzije:<br \/>\n&#8211; Te\u017eina: 0,107 kg<\/p>\n<p>Karakteristike:<br \/>\n&#8211; 4 na\u010dina jake zvu\u010dne sirene<br \/>\n&#8211; 6 LED dioda u crvenoj i plavoj boji<br \/>\n&#8211; Prekida\u010di za promjenu tona zvuka i svjetlosnog efekta<br \/>\n&#8211; Jednostavna monta\u017ea na bicikl<br \/>\n&#8211; Izra\u0111eno od izdr\u017eljive ABS plastike i elektroni\u010dkih komponenti<\/p>\n<p>Parametri:<br \/>\n&#8211; Marka: XL-TOOLS<br \/>\n&#8211; Proizvo\u0111a\u010d: XL-TOOLS Poljska<br \/>\n&#8211; Te\u017eina: 0,107 kg<br \/>\n&#8211; Napajanje: 2 AA baterije (nisu uklju\u010dene)<\/p>\n<p>Primjena:<br \/>\nVatrogasno\/policijsko svjetlo za bicikl XL-TOOLS izvrstan je izbor za djecu koja \u017eele svoje biciklisti\u010dke avanture u\u010diniti dinami\u010dnijima i sigurnijima. Zahvaljuju\u0107i jakoj sireni i trep\u0107u\u0107im svjetlima, mladi biciklisti su vidljiviji na cesti, \u0161to pove\u0107ava njihovu sigurnost. Proizvod je tako\u0111er izvrstan poklon koji \u0107e svaki bicikl obogatiti dodatnim funkcijama i pru\u017eiti mnogo sati zabave na otvorenom.<\/p>\n","protected":false},"excerpt":{"rendered":"<h3>XL-TOOLS Svijetlo za bicikl sa zvukovima(vatrogasci,policija)<\/h3>\n<p>Policijsko svjetlo za bicikl sa zvukovima iz XL-TOOLS savr\u0161en je dodatak za male bicikliste koji se \u017eele osje\u0107ati kao pravi policajci.<br \/>\nZahvaljuju\u0107i spektakularnim policijskim svjetlima i glasnoj sireni, vo\u017enja biciklom postaje ne samo sigurnija, ve\u0107 i uzbudljivija.<br \/>\nProizvod je opremljen LED diodama koje naizmjeni\u010dno treperi plavom i crvenom bojom, a nudi i \u010detiri na\u010dina glasne sirene.<br \/>\nSvjetlo se lako pri\u010dvr\u0161\u0107uje na va\u0161 bicikl i radi na dvije AA baterije (prodaju se zasebno).<\/p>\n","protected":false},"featured_media":25836,"comment_status":"open","ping_status":"closed","template":"","meta":[],"product_brand":[441],"product_cat":[440],"product_tag":[],"class_list":{"0":"post-25834","1":"product","2":"type-product","3":"status-publish","4":"has-post-thumbnail","6":"product_brand-xl-tools","7":"product_cat-oprema-za-bicikle","9":"first","10":"instock","11":"shipping-taxable","12":"purchasable","13":"product-type-simple"},"yoast_head":"<!-- This site is optimized with the Yoast SEO plugin v27.2 - https:\/\/yoast.com\/product\/yoast-seo-wordpress\/ -->\n<title>XL-TOOLS Svijetlo za bicikl sa zvukovima - BauWeb<\/title>\n<meta name=\"description\" content=\"Potra\u017eite \u0161iroki izbor alata i materijala za profesionalne gra\u0111evinske radove. Istra\u017ei Bauweb ponudu i kupuj uz odli\u010dne popuste.\" \/>\n<meta name=\"robots\" content=\"index, follow, max-snippet:-1, max-image-preview:large, max-video-preview:-1\" \/>\n<link rel=\"canonical\" href=\"https:\/\/bauweb.hr\/index.php\/product\/xl-tools-svijetlo-za-bicikl-sa-zvukovima\/\" \/>\n<meta property=\"og:locale\" content=\"hr_HR\" \/>\n<meta property=\"og:type\" content=\"article\" \/>\n<meta property=\"og:title\" content=\"XL-TOOLS Svijetlo za bicikl sa zvukovima - BauWeb\" \/>\n<meta property=\"og:description\" content=\"Potra\u017eite \u0161iroki izbor alata i materijala za profesionalne gra\u0111evinske radove. Istra\u017ei Bauweb ponudu i kupuj uz odli\u010dne popuste.\" \/>\n<meta property=\"og:url\" content=\"https:\/\/bauweb.hr\/index.php\/product\/xl-tools-svijetlo-za-bicikl-sa-zvukovima\/\" \/>\n<meta property=\"og:site_name\" content=\"BauWeb\" \/>\n<meta property=\"article:publisher\" content=\"https:\/\/facebook.com\/bauweb00\" \/>\n<meta property=\"article:modified_time\" content=\"2025-04-04T11:34:26+00:00\" \/>\n<meta property=\"og:image\" content=\"https:\/\/bauweb.hr\/wp-content\/uploads\/2025\/04\/svijetlo_zvuk_1.jpg\" \/>\n\t<meta property=\"og:image:width\" content=\"690\" \/>\n\t<meta property=\"og:image:height\" content=\"690\" \/>\n\t<meta property=\"og:image:type\" content=\"image\/jpeg\" \/>\n<meta name=\"twitter:card\" content=\"summary_large_image\" \/>\n<meta name=\"twitter:label1\" content=\"Procijenjeno vrijeme \u010ditanja\" \/>\n\t<meta name=\"twitter:data1\" content=\"2 minute\" \/>\n<script type=\"application\/ld+json\" class=\"yoast-schema-graph\">{\"@context\":\"https:\/\/schema.org\",\"@graph\":[{\"@type\":\"WebPage\",\"@id\":\"https:\/\/bauweb.hr\/index.php\/product\/xl-tools-svijetlo-za-bicikl-sa-zvukovima\/\",\"url\":\"https:\/\/bauweb.hr\/index.php\/product\/xl-tools-svijetlo-za-bicikl-sa-zvukovima\/\",\"name\":\"XL-TOOLS Svijetlo za bicikl sa zvukovima - BauWeb\",\"isPartOf\":{\"@id\":\"https:\/\/bauweb.hr\/#website\"},\"primaryImageOfPage\":{\"@id\":\"https:\/\/bauweb.hr\/index.php\/product\/xl-tools-svijetlo-za-bicikl-sa-zvukovima\/#primaryimage\"},\"image\":{\"@id\":\"https:\/\/bauweb.hr\/index.php\/product\/xl-tools-svijetlo-za-bicikl-sa-zvukovima\/#primaryimage\"},\"thumbnailUrl\":\"https:\/\/bauweb.hr\/wp-content\/uploads\/2025\/04\/svijetlo_zvuk_1.jpg\",\"datePublished\":\"2025-04-04T11:33:30+00:00\",\"dateModified\":\"2025-04-04T11:34:26+00:00\",\"description\":\"Potra\u017eite \u0161iroki izbor alata i materijala za profesionalne gra\u0111evinske radove. Istra\u017ei Bauweb ponudu i kupuj uz odli\u010dne popuste.\",\"breadcrumb\":{\"@id\":\"https:\/\/bauweb.hr\/index.php\/product\/xl-tools-svijetlo-za-bicikl-sa-zvukovima\/#breadcrumb\"},\"inLanguage\":\"hr\",\"potentialAction\":[{\"@type\":\"ReadAction\",\"target\":[\"https:\/\/bauweb.hr\/index.php\/product\/xl-tools-svijetlo-za-bicikl-sa-zvukovima\/\"]}]},{\"@type\":\"ImageObject\",\"inLanguage\":\"hr\",\"@id\":\"https:\/\/bauweb.hr\/index.php\/product\/xl-tools-svijetlo-za-bicikl-sa-zvukovima\/#primaryimage\",\"url\":\"https:\/\/bauweb.hr\/wp-content\/uploads\/2025\/04\/svijetlo_zvuk_1.jpg\",\"contentUrl\":\"https:\/\/bauweb.hr\/wp-content\/uploads\/2025\/04\/svijetlo_zvuk_1.jpg\",\"width\":690,\"height\":690},{\"@type\":\"BreadcrumbList\",\"@id\":\"https:\/\/bauweb.hr\/index.php\/product\/xl-tools-svijetlo-za-bicikl-sa-zvukovima\/#breadcrumb\",\"itemListElement\":[{\"@type\":\"ListItem\",\"position\":1,\"name\":\"Po\u010detna stranica\",\"item\":\"https:\/\/bauweb.hr\/\"},{\"@type\":\"ListItem\",\"position\":2,\"name\":\"Shop\",\"item\":\"https:\/\/bauweb.hr\/index.php\/shop-wooshop-v1\/\"},{\"@type\":\"ListItem\",\"position\":3,\"name\":\"XL-TOOLS Svijetlo za bicikl sa zvukovima\"}]},{\"@type\":\"WebSite\",\"@id\":\"https:\/\/bauweb.hr\/#website\",\"url\":\"https:\/\/bauweb.hr\/\",\"name\":\"BauWeb\",\"description\":\"Za prave majstore\",\"publisher\":{\"@id\":\"https:\/\/bauweb.hr\/#organization\"},\"alternateName\":\"BauWeb\",\"potentialAction\":[{\"@type\":\"SearchAction\",\"target\":{\"@type\":\"EntryPoint\",\"urlTemplate\":\"https:\/\/bauweb.hr\/?s={search_term_string}\"},\"query-input\":{\"@type\":\"PropertyValueSpecification\",\"valueRequired\":true,\"valueName\":\"search_term_string\"}}],\"inLanguage\":\"hr\"},{\"@type\":\"Organization\",\"@id\":\"https:\/\/bauweb.hr\/#organization\",\"name\":\"Hobi dom d.o.o.\",\"url\":\"https:\/\/bauweb.hr\/\",\"logo\":{\"@type\":\"ImageObject\",\"inLanguage\":\"hr\",\"@id\":\"https:\/\/bauweb.hr\/#\/schema\/logo\/image\/\",\"url\":\"https:\/\/bauweb.hr\/wp-content\/uploads\/2023\/01\/Bauweb_logo-01.png\",\"contentUrl\":\"https:\/\/bauweb.hr\/wp-content\/uploads\/2023\/01\/Bauweb_logo-01.png\",\"width\":842,\"height\":596,\"caption\":\"Hobi dom d.o.o.\"},\"image\":{\"@id\":\"https:\/\/bauweb.hr\/#\/schema\/logo\/image\/\"},\"sameAs\":[\"https:\/\/facebook.com\/bauweb00\",\"https:\/\/instagram.com\/bauweb_shop\"]}]}<\/script>\n<!-- \/ Yoast SEO plugin. -->","yoast_head_json":{"title":"XL-TOOLS Svijetlo za bicikl sa zvukovima - BauWeb","description":"Potra\u017eite \u0161iroki izbor alata i materijala za profesionalne gra\u0111evinske radove. Istra\u017ei Bauweb ponudu i kupuj uz odli\u010dne popuste.","robots":{"index":"index","follow":"follow","max-snippet":"max-snippet:-1","max-image-preview":"max-image-preview:large","max-video-preview":"max-video-preview:-1"},"canonical":"https:\/\/bauweb.hr\/index.php\/product\/xl-tools-svijetlo-za-bicikl-sa-zvukovima\/","og_locale":"hr_HR","og_type":"article","og_title":"XL-TOOLS Svijetlo za bicikl sa zvukovima - BauWeb","og_description":"Potra\u017eite \u0161iroki izbor alata i materijala za profesionalne gra\u0111evinske radove. Istra\u017ei Bauweb ponudu i kupuj uz odli\u010dne popuste.","og_url":"https:\/\/bauweb.hr\/index.php\/product\/xl-tools-svijetlo-za-bicikl-sa-zvukovima\/","og_site_name":"BauWeb","article_publisher":"https:\/\/facebook.com\/bauweb00","article_modified_time":"2025-04-04T11:34:26+00:00","og_image":[{"width":690,"height":690,"url":"https:\/\/bauweb.hr\/wp-content\/uploads\/2025\/04\/svijetlo_zvuk_1.jpg","type":"image\/jpeg"}],"twitter_card":"summary_large_image","twitter_misc":{"Procijenjeno vrijeme \u010ditanja":"2 minute"},"schema":{"@context":"https:\/\/schema.org","@graph":[{"@type":"WebPage","@id":"https:\/\/bauweb.hr\/index.php\/product\/xl-tools-svijetlo-za-bicikl-sa-zvukovima\/","url":"https:\/\/bauweb.hr\/index.php\/product\/xl-tools-svijetlo-za-bicikl-sa-zvukovima\/","name":"XL-TOOLS Svijetlo za bicikl sa zvukovima - BauWeb","isPartOf":{"@id":"https:\/\/bauweb.hr\/#website"},"primaryImageOfPage":{"@id":"https:\/\/bauweb.hr\/index.php\/product\/xl-tools-svijetlo-za-bicikl-sa-zvukovima\/#primaryimage"},"image":{"@id":"https:\/\/bauweb.hr\/index.php\/product\/xl-tools-svijetlo-za-bicikl-sa-zvukovima\/#primaryimage"},"thumbnailUrl":"https:\/\/bauweb.hr\/wp-content\/uploads\/2025\/04\/svijetlo_zvuk_1.jpg","datePublished":"2025-04-04T11:33:30+00:00","dateModified":"2025-04-04T11:34:26+00:00","description":"Potra\u017eite \u0161iroki izbor alata i materijala za profesionalne gra\u0111evinske radove. Istra\u017ei Bauweb ponudu i kupuj uz odli\u010dne popuste.","breadcrumb":{"@id":"https:\/\/bauweb.hr\/index.php\/product\/xl-tools-svijetlo-za-bicikl-sa-zvukovima\/#breadcrumb"},"inLanguage":"hr","potentialAction":[{"@type":"ReadAction","target":["https:\/\/bauweb.hr\/index.php\/product\/xl-tools-svijetlo-za-bicikl-sa-zvukovima\/"]}]},{"@type":"ImageObject","inLanguage":"hr","@id":"https:\/\/bauweb.hr\/index.php\/product\/xl-tools-svijetlo-za-bicikl-sa-zvukovima\/#primaryimage","url":"https:\/\/bauweb.hr\/wp-content\/uploads\/2025\/04\/svijetlo_zvuk_1.jpg","contentUrl":"https:\/\/bauweb.hr\/wp-content\/uploads\/2025\/04\/svijetlo_zvuk_1.jpg","width":690,"height":690},{"@type":"BreadcrumbList","@id":"https:\/\/bauweb.hr\/index.php\/product\/xl-tools-svijetlo-za-bicikl-sa-zvukovima\/#breadcrumb","itemListElement":[{"@type":"ListItem","position":1,"name":"Po\u010detna stranica","item":"https:\/\/bauweb.hr\/"},{"@type":"ListItem","position":2,"name":"Shop","item":"https:\/\/bauweb.hr\/index.php\/shop-wooshop-v1\/"},{"@type":"ListItem","position":3,"name":"XL-TOOLS Svijetlo za bicikl sa zvukovima"}]},{"@type":"WebSite","@id":"https:\/\/bauweb.hr\/#website","url":"https:\/\/bauweb.hr\/","name":"BauWeb","description":"Za prave majstore","publisher":{"@id":"https:\/\/bauweb.hr\/#organization"},"alternateName":"BauWeb","potentialAction":[{"@type":"SearchAction","target":{"@type":"EntryPoint","urlTemplate":"https:\/\/bauweb.hr\/?s={search_term_string}"},"query-input":{"@type":"PropertyValueSpecification","valueRequired":true,"valueName":"search_term_string"}}],"inLanguage":"hr"},{"@type":"Organization","@id":"https:\/\/bauweb.hr\/#organization","name":"Hobi dom d.o.o.","url":"https:\/\/bauweb.hr\/","logo":{"@type":"ImageObject","inLanguage":"hr","@id":"https:\/\/bauweb.hr\/#\/schema\/logo\/image\/","url":"https:\/\/bauweb.hr\/wp-content\/uploads\/2023\/01\/Bauweb_logo-01.png","contentUrl":"https:\/\/bauweb.hr\/wp-content\/uploads\/2023\/01\/Bauweb_logo-01.png","width":842,"height":596,"caption":"Hobi dom d.o.o."},"image":{"@id":"https:\/\/bauweb.hr\/#\/schema\/logo\/image\/"},"sameAs":["https:\/\/facebook.com\/bauweb00","https:\/\/instagram.com\/bauweb_shop"]}]}},"_links":{"self":[{"href":"https:\/\/bauweb.hr\/index.php\/wp-json\/wp\/v2\/product\/25834","targetHints":{"allow":["GET"]}}],"collection":[{"href":"https:\/\/bauweb.hr\/index.php\/wp-json\/wp\/v2\/product"}],"about":[{"href":"https:\/\/bauweb.hr\/index.php\/wp-json\/wp\/v2\/types\/product"}],"replies":[{"embeddable":true,"href":"https:\/\/bauweb.hr\/index.php\/wp-json\/wp\/v2\/comments?post=25834"}],"wp:featuredmedia":[{"embeddable":true,"href":"https:\/\/bauweb.hr\/index.php\/wp-json\/wp\/v2\/media\/25836"}],"wp:attachment":[{"href":"https:\/\/bauweb.hr\/index.php\/wp-json\/wp\/v2\/media?parent=25834"}],"wp:term":[{"taxonomy":"product_brand","embeddable":true,"href":"https:\/\/bauweb.hr\/index.php\/wp-json\/wp\/v2\/product_brand?post=25834"},{"taxonomy":"product_cat","embeddable":true,"href":"https:\/\/bauweb.hr\/index.php\/wp-json\/wp\/v2\/product_cat?post=25834"},{"taxonomy":"product_tag","embeddable":true,"href":"https:\/\/bauweb.hr\/index.php\/wp-json\/wp\/v2\/product_tag?post=25834"}],"curies":[{"name":"wp","href":"https:\/\/api.w.org\/{rel}","templated":true}]}}