{"id":25839,"date":"2025-04-04T13:39:56","date_gmt":"2025-04-04T11:39:56","guid":{"rendered":"https:\/\/bauweb.hr\/?post_type=product&#038;p=25839"},"modified":"2025-04-04T13:40:00","modified_gmt":"2025-04-04T11:40:00","slug":"xl-tools-pjenasta-navlaka-za-sjedalo-bicikla","status":"publish","type":"product","link":"https:\/\/bauweb.hr\/index.php\/product\/xl-tools-pjenasta-navlaka-za-sjedalo-bicikla\/","title":{"rendered":"XL-TOOLS Pjenasta navlaka za sjedalo bicikla"},"content":{"rendered":"<h4>XL-TOOLS Pjenasta navlaka za sjedalo bicikla<\/h4>\n<p><span>Univerzalna pjenasta podloga za sjedalo bicikla tvrtke XL-TOOLS idealno je rje\u0161enje za sve ljubitelje biciklizma koji cijene udobnost i prakti\u010dnost.<br \/>\nZahvaljuju\u0107i ispuni od profilirane pjene, presvlaka pru\u017ea izvrsnu apsorpciju udaraca, eliminiraju\u0107i osje\u0107aj nelagode tijekom du\u017eih ruta.<br \/>\nSilikonska, protuklizna unutarnja obloga jam\u010di stabilnost jastu\u010di\u0107a na sjedalu, a dodatna reflektiraju\u0107a traka na le\u0111ima pove\u0107ava sigurnost vo\u017enje u mraku.<br \/>\nNavlaka je univerzalna i odgovara svim veli\u010dinama sjedala bicikla zahvaljuju\u0107i podesivoj vezici koja omogu\u0107uje brzo sastavljanje i rastavljanje.<\/span><\/p>\n<p><span>Dimenzije:<\/span><br \/>\n<span>&#8211; Du\u017eina: 28 cm<\/span><br \/>\n<span>&#8211; \u0160irina: 17,5 cm (na naj\u0161irem mjestu)<\/span><br \/>\n<span>&#8211; Debljina: 2,5 cm<\/span><\/p>\n<p><span>Zna\u010dajke:<\/span><br \/>\n<span>&#8211; Svestranost: odgovara ve\u0107ini biciklisti\u010dkih sjedala<\/span><br \/>\n<span>&#8211; Jednostavna monta\u017ea i demonta\u017ea zahvaljuju\u0107i uzici<\/span><br \/>\n<span>&#8211; Protuklizna unutarnja obrada<\/span><br \/>\n<span>&#8211; Opremljeno reflektiraju\u0107om trakom za bolju vidljivost<\/span><br \/>\n<span>&#8211; Punjenje od meke pjene za udobnost i apsorpciju udaraca<\/span><\/p>\n<p><span>Parametri:<\/span><br \/>\n<span>&#8211; Kod Proizvod: LRW26<\/span><br \/>\n<span>&#8211; Marka: XL-TOOLS<\/span><br \/>\n<span>&#8211; Proizvo\u0111a\u010d: XL-TOOLS Poljska<\/span><br \/>\n<span>&#8211; Te\u017eina: 0,046 kg<\/span><\/p>\n<p><span>Primjena:<\/span><br \/>\n<span>Pjenasti jastu\u010di\u0107 marke XL-TOOLS savr\u0161en je za svakodnevna putovanja na posao, rekreacijska putovanja i du\u017ea putovanja biciklom. Zahvaljuju\u0107i njemu mo\u017eete izbje\u0107i nelagodu, ogrebotine i rane na ko\u017ei, \u0161to je posebno va\u017eno pri vi\u0161esatnoj vo\u017enji. Njegova univerzalna veli\u010dina i jednostavnost postavljanja \u010dine ga proizvodom prikladnim za svakog biciklista, bez obzira na vrstu bicikla.<\/span><\/p>\n","protected":false},"excerpt":{"rendered":"<h4>XL-TOOLS Pjenasta navlaka za sjedalo bicikla<\/h4>\n<p>Univerzalna pjenasta podloga za sjedalo bicikla tvrtke XL-TOOLS idealno je rje\u0161enje za sve ljubitelje biciklizma koji cijene udobnost i prakti\u010dnost.<br \/>\nZahvaljuju\u0107i ispuni od profilirane pjene, presvlaka pru\u017ea izvrsnu apsorpciju udaraca, eliminiraju\u0107i osje\u0107aj nelagode tijekom du\u017eih ruta.<br \/>\nSilikonska, protuklizna unutarnja obloga jam\u010di stabilnost jastu\u010di\u0107a na sjedalu, a dodatna reflektiraju\u0107a traka na le\u0111ima pove\u0107ava sigurnost vo\u017enje u mraku.<br \/>\nNavlaka je univerzalna i odgovara svim veli\u010dinama sjedala bicikla zahvaljuju\u0107i podesivoj vezici koja omogu\u0107uje brzo sastavljanje i rastavljanje.<\/p>\n","protected":false},"featured_media":25840,"comment_status":"open","ping_status":"closed","template":"","meta":[],"product_brand":[441],"product_cat":[440],"product_tag":[],"class_list":{"0":"post-25839","1":"product","2":"type-product","3":"status-publish","4":"has-post-thumbnail","6":"product_brand-xl-tools","7":"product_cat-oprema-za-bicikle","9":"first","10":"instock","11":"shipping-taxable","12":"purchasable","13":"product-type-simple"},"yoast_head":"<!-- This site is optimized with the Yoast SEO plugin v27.2 - https:\/\/yoast.com\/product\/yoast-seo-wordpress\/ -->\n<title>XL-TOOLS Pjenasta navlaka za sjedalo bicikla - BauWeb<\/title>\n<meta name=\"description\" content=\"Potra\u017eite \u0161iroki izbor alata i materijala za profesionalne gra\u0111evinske radove. Istra\u017ei Bauweb ponudu i kupuj uz odli\u010dne popuste.\" \/>\n<meta name=\"robots\" content=\"index, follow, max-snippet:-1, max-image-preview:large, max-video-preview:-1\" \/>\n<link rel=\"canonical\" href=\"https:\/\/bauweb.hr\/index.php\/product\/xl-tools-pjenasta-navlaka-za-sjedalo-bicikla\/\" \/>\n<meta property=\"og:locale\" content=\"hr_HR\" \/>\n<meta property=\"og:type\" content=\"article\" \/>\n<meta property=\"og:title\" content=\"XL-TOOLS Pjenasta navlaka za sjedalo bicikla - BauWeb\" \/>\n<meta property=\"og:description\" content=\"Potra\u017eite \u0161iroki izbor alata i materijala za profesionalne gra\u0111evinske radove. Istra\u017ei Bauweb ponudu i kupuj uz odli\u010dne popuste.\" \/>\n<meta property=\"og:url\" content=\"https:\/\/bauweb.hr\/index.php\/product\/xl-tools-pjenasta-navlaka-za-sjedalo-bicikla\/\" \/>\n<meta property=\"og:site_name\" content=\"BauWeb\" \/>\n<meta property=\"article:publisher\" content=\"https:\/\/facebook.com\/bauweb00\" \/>\n<meta property=\"article:modified_time\" content=\"2025-04-04T11:40:00+00:00\" \/>\n<meta property=\"og:image\" content=\"https:\/\/bauweb.hr\/wp-content\/uploads\/2025\/04\/NAVLAKA.jpg\" \/>\n\t<meta property=\"og:image:width\" content=\"690\" \/>\n\t<meta property=\"og:image:height\" content=\"690\" \/>\n\t<meta property=\"og:image:type\" content=\"image\/jpeg\" \/>\n<meta name=\"twitter:card\" content=\"summary_large_image\" \/>\n<meta name=\"twitter:label1\" content=\"Procijenjeno vrijeme \u010ditanja\" \/>\n\t<meta name=\"twitter:data1\" content=\"2 minute\" \/>\n<script type=\"application\/ld+json\" class=\"yoast-schema-graph\">{\"@context\":\"https:\/\/schema.org\",\"@graph\":[{\"@type\":\"WebPage\",\"@id\":\"https:\/\/bauweb.hr\/index.php\/product\/xl-tools-pjenasta-navlaka-za-sjedalo-bicikla\/\",\"url\":\"https:\/\/bauweb.hr\/index.php\/product\/xl-tools-pjenasta-navlaka-za-sjedalo-bicikla\/\",\"name\":\"XL-TOOLS Pjenasta navlaka za sjedalo bicikla - BauWeb\",\"isPartOf\":{\"@id\":\"https:\/\/bauweb.hr\/#website\"},\"primaryImageOfPage\":{\"@id\":\"https:\/\/bauweb.hr\/index.php\/product\/xl-tools-pjenasta-navlaka-za-sjedalo-bicikla\/#primaryimage\"},\"image\":{\"@id\":\"https:\/\/bauweb.hr\/index.php\/product\/xl-tools-pjenasta-navlaka-za-sjedalo-bicikla\/#primaryimage\"},\"thumbnailUrl\":\"https:\/\/bauweb.hr\/wp-content\/uploads\/2025\/04\/NAVLAKA.jpg\",\"datePublished\":\"2025-04-04T11:39:56+00:00\",\"dateModified\":\"2025-04-04T11:40:00+00:00\",\"description\":\"Potra\u017eite \u0161iroki izbor alata i materijala za profesionalne gra\u0111evinske radove. Istra\u017ei Bauweb ponudu i kupuj uz odli\u010dne popuste.\",\"breadcrumb\":{\"@id\":\"https:\/\/bauweb.hr\/index.php\/product\/xl-tools-pjenasta-navlaka-za-sjedalo-bicikla\/#breadcrumb\"},\"inLanguage\":\"hr\",\"potentialAction\":[{\"@type\":\"ReadAction\",\"target\":[\"https:\/\/bauweb.hr\/index.php\/product\/xl-tools-pjenasta-navlaka-za-sjedalo-bicikla\/\"]}]},{\"@type\":\"ImageObject\",\"inLanguage\":\"hr\",\"@id\":\"https:\/\/bauweb.hr\/index.php\/product\/xl-tools-pjenasta-navlaka-za-sjedalo-bicikla\/#primaryimage\",\"url\":\"https:\/\/bauweb.hr\/wp-content\/uploads\/2025\/04\/NAVLAKA.jpg\",\"contentUrl\":\"https:\/\/bauweb.hr\/wp-content\/uploads\/2025\/04\/NAVLAKA.jpg\",\"width\":690,\"height\":690},{\"@type\":\"BreadcrumbList\",\"@id\":\"https:\/\/bauweb.hr\/index.php\/product\/xl-tools-pjenasta-navlaka-za-sjedalo-bicikla\/#breadcrumb\",\"itemListElement\":[{\"@type\":\"ListItem\",\"position\":1,\"name\":\"Po\u010detna stranica\",\"item\":\"https:\/\/bauweb.hr\/\"},{\"@type\":\"ListItem\",\"position\":2,\"name\":\"Shop\",\"item\":\"https:\/\/bauweb.hr\/index.php\/shop-wooshop-v1\/\"},{\"@type\":\"ListItem\",\"position\":3,\"name\":\"XL-TOOLS Pjenasta navlaka za sjedalo bicikla\"}]},{\"@type\":\"WebSite\",\"@id\":\"https:\/\/bauweb.hr\/#website\",\"url\":\"https:\/\/bauweb.hr\/\",\"name\":\"BauWeb\",\"description\":\"Za prave majstore\",\"publisher\":{\"@id\":\"https:\/\/bauweb.hr\/#organization\"},\"alternateName\":\"BauWeb\",\"potentialAction\":[{\"@type\":\"SearchAction\",\"target\":{\"@type\":\"EntryPoint\",\"urlTemplate\":\"https:\/\/bauweb.hr\/?s={search_term_string}\"},\"query-input\":{\"@type\":\"PropertyValueSpecification\",\"valueRequired\":true,\"valueName\":\"search_term_string\"}}],\"inLanguage\":\"hr\"},{\"@type\":\"Organization\",\"@id\":\"https:\/\/bauweb.hr\/#organization\",\"name\":\"Hobi dom d.o.o.\",\"url\":\"https:\/\/bauweb.hr\/\",\"logo\":{\"@type\":\"ImageObject\",\"inLanguage\":\"hr\",\"@id\":\"https:\/\/bauweb.hr\/#\/schema\/logo\/image\/\",\"url\":\"https:\/\/bauweb.hr\/wp-content\/uploads\/2023\/01\/Bauweb_logo-01.png\",\"contentUrl\":\"https:\/\/bauweb.hr\/wp-content\/uploads\/2023\/01\/Bauweb_logo-01.png\",\"width\":842,\"height\":596,\"caption\":\"Hobi dom d.o.o.\"},\"image\":{\"@id\":\"https:\/\/bauweb.hr\/#\/schema\/logo\/image\/\"},\"sameAs\":[\"https:\/\/facebook.com\/bauweb00\",\"https:\/\/instagram.com\/bauweb_shop\"]}]}<\/script>\n<!-- \/ Yoast SEO plugin. -->","yoast_head_json":{"title":"XL-TOOLS Pjenasta navlaka za sjedalo bicikla - BauWeb","description":"Potra\u017eite \u0161iroki izbor alata i materijala za profesionalne gra\u0111evinske radove. Istra\u017ei Bauweb ponudu i kupuj uz odli\u010dne popuste.","robots":{"index":"index","follow":"follow","max-snippet":"max-snippet:-1","max-image-preview":"max-image-preview:large","max-video-preview":"max-video-preview:-1"},"canonical":"https:\/\/bauweb.hr\/index.php\/product\/xl-tools-pjenasta-navlaka-za-sjedalo-bicikla\/","og_locale":"hr_HR","og_type":"article","og_title":"XL-TOOLS Pjenasta navlaka za sjedalo bicikla - BauWeb","og_description":"Potra\u017eite \u0161iroki izbor alata i materijala za profesionalne gra\u0111evinske radove. Istra\u017ei Bauweb ponudu i kupuj uz odli\u010dne popuste.","og_url":"https:\/\/bauweb.hr\/index.php\/product\/xl-tools-pjenasta-navlaka-za-sjedalo-bicikla\/","og_site_name":"BauWeb","article_publisher":"https:\/\/facebook.com\/bauweb00","article_modified_time":"2025-04-04T11:40:00+00:00","og_image":[{"width":690,"height":690,"url":"https:\/\/bauweb.hr\/wp-content\/uploads\/2025\/04\/NAVLAKA.jpg","type":"image\/jpeg"}],"twitter_card":"summary_large_image","twitter_misc":{"Procijenjeno vrijeme \u010ditanja":"2 minute"},"schema":{"@context":"https:\/\/schema.org","@graph":[{"@type":"WebPage","@id":"https:\/\/bauweb.hr\/index.php\/product\/xl-tools-pjenasta-navlaka-za-sjedalo-bicikla\/","url":"https:\/\/bauweb.hr\/index.php\/product\/xl-tools-pjenasta-navlaka-za-sjedalo-bicikla\/","name":"XL-TOOLS Pjenasta navlaka za sjedalo bicikla - BauWeb","isPartOf":{"@id":"https:\/\/bauweb.hr\/#website"},"primaryImageOfPage":{"@id":"https:\/\/bauweb.hr\/index.php\/product\/xl-tools-pjenasta-navlaka-za-sjedalo-bicikla\/#primaryimage"},"image":{"@id":"https:\/\/bauweb.hr\/index.php\/product\/xl-tools-pjenasta-navlaka-za-sjedalo-bicikla\/#primaryimage"},"thumbnailUrl":"https:\/\/bauweb.hr\/wp-content\/uploads\/2025\/04\/NAVLAKA.jpg","datePublished":"2025-04-04T11:39:56+00:00","dateModified":"2025-04-04T11:40:00+00:00","description":"Potra\u017eite \u0161iroki izbor alata i materijala za profesionalne gra\u0111evinske radove. Istra\u017ei Bauweb ponudu i kupuj uz odli\u010dne popuste.","breadcrumb":{"@id":"https:\/\/bauweb.hr\/index.php\/product\/xl-tools-pjenasta-navlaka-za-sjedalo-bicikla\/#breadcrumb"},"inLanguage":"hr","potentialAction":[{"@type":"ReadAction","target":["https:\/\/bauweb.hr\/index.php\/product\/xl-tools-pjenasta-navlaka-za-sjedalo-bicikla\/"]}]},{"@type":"ImageObject","inLanguage":"hr","@id":"https:\/\/bauweb.hr\/index.php\/product\/xl-tools-pjenasta-navlaka-za-sjedalo-bicikla\/#primaryimage","url":"https:\/\/bauweb.hr\/wp-content\/uploads\/2025\/04\/NAVLAKA.jpg","contentUrl":"https:\/\/bauweb.hr\/wp-content\/uploads\/2025\/04\/NAVLAKA.jpg","width":690,"height":690},{"@type":"BreadcrumbList","@id":"https:\/\/bauweb.hr\/index.php\/product\/xl-tools-pjenasta-navlaka-za-sjedalo-bicikla\/#breadcrumb","itemListElement":[{"@type":"ListItem","position":1,"name":"Po\u010detna stranica","item":"https:\/\/bauweb.hr\/"},{"@type":"ListItem","position":2,"name":"Shop","item":"https:\/\/bauweb.hr\/index.php\/shop-wooshop-v1\/"},{"@type":"ListItem","position":3,"name":"XL-TOOLS Pjenasta navlaka za sjedalo bicikla"}]},{"@type":"WebSite","@id":"https:\/\/bauweb.hr\/#website","url":"https:\/\/bauweb.hr\/","name":"BauWeb","description":"Za prave majstore","publisher":{"@id":"https:\/\/bauweb.hr\/#organization"},"alternateName":"BauWeb","potentialAction":[{"@type":"SearchAction","target":{"@type":"EntryPoint","urlTemplate":"https:\/\/bauweb.hr\/?s={search_term_string}"},"query-input":{"@type":"PropertyValueSpecification","valueRequired":true,"valueName":"search_term_string"}}],"inLanguage":"hr"},{"@type":"Organization","@id":"https:\/\/bauweb.hr\/#organization","name":"Hobi dom d.o.o.","url":"https:\/\/bauweb.hr\/","logo":{"@type":"ImageObject","inLanguage":"hr","@id":"https:\/\/bauweb.hr\/#\/schema\/logo\/image\/","url":"https:\/\/bauweb.hr\/wp-content\/uploads\/2023\/01\/Bauweb_logo-01.png","contentUrl":"https:\/\/bauweb.hr\/wp-content\/uploads\/2023\/01\/Bauweb_logo-01.png","width":842,"height":596,"caption":"Hobi dom d.o.o."},"image":{"@id":"https:\/\/bauweb.hr\/#\/schema\/logo\/image\/"},"sameAs":["https:\/\/facebook.com\/bauweb00","https:\/\/instagram.com\/bauweb_shop"]}]}},"_links":{"self":[{"href":"https:\/\/bauweb.hr\/index.php\/wp-json\/wp\/v2\/product\/25839","targetHints":{"allow":["GET"]}}],"collection":[{"href":"https:\/\/bauweb.hr\/index.php\/wp-json\/wp\/v2\/product"}],"about":[{"href":"https:\/\/bauweb.hr\/index.php\/wp-json\/wp\/v2\/types\/product"}],"replies":[{"embeddable":true,"href":"https:\/\/bauweb.hr\/index.php\/wp-json\/wp\/v2\/comments?post=25839"}],"wp:featuredmedia":[{"embeddable":true,"href":"https:\/\/bauweb.hr\/index.php\/wp-json\/wp\/v2\/media\/25840"}],"wp:attachment":[{"href":"https:\/\/bauweb.hr\/index.php\/wp-json\/wp\/v2\/media?parent=25839"}],"wp:term":[{"taxonomy":"product_brand","embeddable":true,"href":"https:\/\/bauweb.hr\/index.php\/wp-json\/wp\/v2\/product_brand?post=25839"},{"taxonomy":"product_cat","embeddable":true,"href":"https:\/\/bauweb.hr\/index.php\/wp-json\/wp\/v2\/product_cat?post=25839"},{"taxonomy":"product_tag","embeddable":true,"href":"https:\/\/bauweb.hr\/index.php\/wp-json\/wp\/v2\/product_tag?post=25839"}],"curies":[{"name":"wp","href":"https:\/\/api.w.org\/{rel}","templated":true}]}}