{"id":25888,"date":"2025-04-07T13:40:14","date_gmt":"2025-04-07T11:40:14","guid":{"rendered":"https:\/\/bauweb.hr\/?post_type=product&#038;p=25888"},"modified":"2025-04-07T13:40:20","modified_gmt":"2025-04-07T11:40:20","slug":"xl-tools-torbica-za-bicikl","status":"publish","type":"product","link":"https:\/\/bauweb.hr\/index.php\/product\/xl-tools-torbica-za-bicikl\/","title":{"rendered":"XL-TOOLS Torbica za bicikl"},"content":{"rendered":"<div id=\"kontrolka-90\" class=\"kontrolka-PoleProduktu col-12\" data-kid=\"90\">\n<h4 class=\"pole-opis-wartosc\"><span class=\"wartosc\">XL-TOOLS Torbica za bicikl<\/span><\/h4>\n<div class=\"pole-opis-wartosc\"><span class=\"wartosc\"><span>XL-TOOLS torbica za bicikl prakti\u010dno je rje\u0161enje za svakog biciklistu koji treba imati pri ruci telefon i druge sitnice poput klju\u010deva ili nov\u010danika.<br \/>\nZahvaljuju\u0107i vodootpornoj prednjoj strani od polikarbonata, telefon je za\u0161ti\u0107en od nepovoljnih vremenskih uvjeta, a ujedno se njime mo\u017ee upravljati bez va\u0111enja iz ku\u0107i\u0161ta.<br \/>\nTorbica ima prostrani pretinac kapaciteta oko 1 litre u koji se mogu smjestiti dodatni pribor, poput \u010da\u0161a ili maramica.<br \/>\nProizvod se lako sastavlja i rastavlja, \u0161to ga \u010dini idealnim za osobe koje \u010desto mijenjaju rutu.<\/span><\/p>\n<p><span>Zna\u010dajke:<\/span><br \/>\n<span>&#8211; Za\u0161tita va\u0161eg telefona i dodataka od prljav\u0161tine i o\u0161te\u0107enja.<\/span><br \/>\n<span>&#8211; Brza monta\u017ea i demonta\u017ea zahvaljuju\u0107i sna\u017enom dvostrukom \u010di\u010dak pri\u010dvr\u0161\u0107ivanju.<\/span><br \/>\n<span>&#8211; Vodootporan dizajn, koji vas \u0161titi tijekom ki\u0161nih dana.<\/span><br \/>\n<span>&#8211; Mogu\u0107nost rukovanja telefonom bez potrebe za uklanjanjem.<\/span><br \/>\n<span>&#8211; Izlaz za slu\u0161alice i mini-jack produ\u017eni kabel uklju\u010deni.<\/span><br \/>\n<span>&#8211; Stabilnost zahvaljuju\u0107i protukliznom materijalu na dnu torbe.<\/span><\/p>\n<p><span>Primjena:<\/span><br \/>\n<span>XL-TOOLS torbica za bicikl savr\u0161en je za bicikliste koji \u017eele imati jednostavan pristup svom telefonu tijekom vo\u017enje, posebno kada koriste GPS funkciju.<br \/>\nDodatni pretinac omogu\u0107uje spremanje potrebnih stvari, \u0161to ga \u010dini prakti\u010dnim tijekom du\u017eih putovanja biciklom.<br \/>\nZahvaljuju\u0107i mogu\u0107nosti monta\u017ee na okvir, na upravlja\u010d ili ispod sjedala, torba je univerzalna i odgovara ve\u0107ini bicikala.<\/span><\/span><\/div>\n<\/div>\n","protected":false},"excerpt":{"rendered":"<h4 class=\"pole-opis-wartosc\"><span class=\"wartosc\">XL-TOOLS Torbica za bicikl<\/span><\/h4>\n<div class=\"pole-opis-wartosc\"><span class=\"wartosc\">XL-TOOLS torbica za bicikl prakti\u010dno je rje\u0161enje za svakog biciklistu koji treba imati pri ruci telefon i druge sitnice poput klju\u010deva ili nov\u010danika.<br \/>\nZahvaljuju\u0107i vodootpornoj prednjoj strani od polikarbonata, telefon je za\u0161ti\u0107en od nepovoljnih vremenskih uvjeta, a ujedno se njime mo\u017ee upravljati bez va\u0111enja iz ku\u0107i\u0161ta.<br \/>\nTorbica ima prostrani pretinac kapaciteta oko 1 litre u koji se mogu smjestiti dodatni pribor, poput \u010da\u0161a ili maramica.<br \/>\nProizvod se lako sastavlja i rastavlja, \u0161to ga \u010dini idealnim za osobe koje \u010desto mijenjaju rutu.<\/span><\/div>\n","protected":false},"featured_media":25890,"comment_status":"open","ping_status":"closed","template":"","meta":[],"product_brand":[441],"product_cat":[440],"product_tag":[],"class_list":{"0":"post-25888","1":"product","2":"type-product","3":"status-publish","4":"has-post-thumbnail","6":"product_brand-xl-tools","7":"product_cat-oprema-za-bicikle","9":"first","10":"instock","11":"shipping-taxable","12":"purchasable","13":"product-type-simple"},"yoast_head":"<!-- This site is optimized with the Yoast SEO plugin v27.2 - https:\/\/yoast.com\/product\/yoast-seo-wordpress\/ -->\n<title>XL-TOOLS Torbica za bicikl - BauWeb<\/title>\n<meta name=\"description\" content=\"Potra\u017eite \u0161iroki izbor alata i materijala za profesionalne gra\u0111evinske radove. Istra\u017ei Bauweb ponudu i kupuj uz odli\u010dne popuste.\" \/>\n<meta name=\"robots\" content=\"index, follow, max-snippet:-1, max-image-preview:large, max-video-preview:-1\" \/>\n<link rel=\"canonical\" href=\"https:\/\/bauweb.hr\/index.php\/product\/xl-tools-torbica-za-bicikl\/\" \/>\n<meta property=\"og:locale\" content=\"hr_HR\" \/>\n<meta property=\"og:type\" content=\"article\" \/>\n<meta property=\"og:title\" content=\"XL-TOOLS Torbica za bicikl - BauWeb\" \/>\n<meta property=\"og:description\" content=\"Potra\u017eite \u0161iroki izbor alata i materijala za profesionalne gra\u0111evinske radove. Istra\u017ei Bauweb ponudu i kupuj uz odli\u010dne popuste.\" \/>\n<meta property=\"og:url\" content=\"https:\/\/bauweb.hr\/index.php\/product\/xl-tools-torbica-za-bicikl\/\" \/>\n<meta property=\"og:site_name\" content=\"BauWeb\" \/>\n<meta property=\"article:publisher\" content=\"https:\/\/facebook.com\/bauweb00\" \/>\n<meta property=\"article:modified_time\" content=\"2025-04-07T11:40:20+00:00\" \/>\n<meta property=\"og:image\" content=\"https:\/\/bauweb.hr\/wp-content\/uploads\/2025\/04\/lrw40_2.jpg\" \/>\n\t<meta property=\"og:image:width\" content=\"690\" \/>\n\t<meta property=\"og:image:height\" content=\"690\" \/>\n\t<meta property=\"og:image:type\" content=\"image\/jpeg\" \/>\n<meta name=\"twitter:card\" content=\"summary_large_image\" \/>\n<meta name=\"twitter:label1\" content=\"Procijenjeno vrijeme \u010ditanja\" \/>\n\t<meta name=\"twitter:data1\" content=\"2 minute\" \/>\n<script type=\"application\/ld+json\" class=\"yoast-schema-graph\">{\"@context\":\"https:\/\/schema.org\",\"@graph\":[{\"@type\":\"WebPage\",\"@id\":\"https:\/\/bauweb.hr\/index.php\/product\/xl-tools-torbica-za-bicikl\/\",\"url\":\"https:\/\/bauweb.hr\/index.php\/product\/xl-tools-torbica-za-bicikl\/\",\"name\":\"XL-TOOLS Torbica za bicikl - BauWeb\",\"isPartOf\":{\"@id\":\"https:\/\/bauweb.hr\/#website\"},\"primaryImageOfPage\":{\"@id\":\"https:\/\/bauweb.hr\/index.php\/product\/xl-tools-torbica-za-bicikl\/#primaryimage\"},\"image\":{\"@id\":\"https:\/\/bauweb.hr\/index.php\/product\/xl-tools-torbica-za-bicikl\/#primaryimage\"},\"thumbnailUrl\":\"https:\/\/bauweb.hr\/wp-content\/uploads\/2025\/04\/lrw40_2.jpg\",\"datePublished\":\"2025-04-07T11:40:14+00:00\",\"dateModified\":\"2025-04-07T11:40:20+00:00\",\"description\":\"Potra\u017eite \u0161iroki izbor alata i materijala za profesionalne gra\u0111evinske radove. Istra\u017ei Bauweb ponudu i kupuj uz odli\u010dne popuste.\",\"breadcrumb\":{\"@id\":\"https:\/\/bauweb.hr\/index.php\/product\/xl-tools-torbica-za-bicikl\/#breadcrumb\"},\"inLanguage\":\"hr\",\"potentialAction\":[{\"@type\":\"ReadAction\",\"target\":[\"https:\/\/bauweb.hr\/index.php\/product\/xl-tools-torbica-za-bicikl\/\"]}]},{\"@type\":\"ImageObject\",\"inLanguage\":\"hr\",\"@id\":\"https:\/\/bauweb.hr\/index.php\/product\/xl-tools-torbica-za-bicikl\/#primaryimage\",\"url\":\"https:\/\/bauweb.hr\/wp-content\/uploads\/2025\/04\/lrw40_2.jpg\",\"contentUrl\":\"https:\/\/bauweb.hr\/wp-content\/uploads\/2025\/04\/lrw40_2.jpg\",\"width\":690,\"height\":690},{\"@type\":\"BreadcrumbList\",\"@id\":\"https:\/\/bauweb.hr\/index.php\/product\/xl-tools-torbica-za-bicikl\/#breadcrumb\",\"itemListElement\":[{\"@type\":\"ListItem\",\"position\":1,\"name\":\"Po\u010detna stranica\",\"item\":\"https:\/\/bauweb.hr\/\"},{\"@type\":\"ListItem\",\"position\":2,\"name\":\"Shop\",\"item\":\"https:\/\/bauweb.hr\/index.php\/shop-wooshop-v1\/\"},{\"@type\":\"ListItem\",\"position\":3,\"name\":\"XL-TOOLS Torbica za bicikl\"}]},{\"@type\":\"WebSite\",\"@id\":\"https:\/\/bauweb.hr\/#website\",\"url\":\"https:\/\/bauweb.hr\/\",\"name\":\"BauWeb\",\"description\":\"Za prave majstore\",\"publisher\":{\"@id\":\"https:\/\/bauweb.hr\/#organization\"},\"alternateName\":\"BauWeb\",\"potentialAction\":[{\"@type\":\"SearchAction\",\"target\":{\"@type\":\"EntryPoint\",\"urlTemplate\":\"https:\/\/bauweb.hr\/?s={search_term_string}\"},\"query-input\":{\"@type\":\"PropertyValueSpecification\",\"valueRequired\":true,\"valueName\":\"search_term_string\"}}],\"inLanguage\":\"hr\"},{\"@type\":\"Organization\",\"@id\":\"https:\/\/bauweb.hr\/#organization\",\"name\":\"Hobi dom d.o.o.\",\"url\":\"https:\/\/bauweb.hr\/\",\"logo\":{\"@type\":\"ImageObject\",\"inLanguage\":\"hr\",\"@id\":\"https:\/\/bauweb.hr\/#\/schema\/logo\/image\/\",\"url\":\"https:\/\/bauweb.hr\/wp-content\/uploads\/2023\/01\/Bauweb_logo-01.png\",\"contentUrl\":\"https:\/\/bauweb.hr\/wp-content\/uploads\/2023\/01\/Bauweb_logo-01.png\",\"width\":842,\"height\":596,\"caption\":\"Hobi dom d.o.o.\"},\"image\":{\"@id\":\"https:\/\/bauweb.hr\/#\/schema\/logo\/image\/\"},\"sameAs\":[\"https:\/\/facebook.com\/bauweb00\",\"https:\/\/instagram.com\/bauweb_shop\"]}]}<\/script>\n<!-- \/ Yoast SEO plugin. -->","yoast_head_json":{"title":"XL-TOOLS Torbica za bicikl - BauWeb","description":"Potra\u017eite \u0161iroki izbor alata i materijala za profesionalne gra\u0111evinske radove. Istra\u017ei Bauweb ponudu i kupuj uz odli\u010dne popuste.","robots":{"index":"index","follow":"follow","max-snippet":"max-snippet:-1","max-image-preview":"max-image-preview:large","max-video-preview":"max-video-preview:-1"},"canonical":"https:\/\/bauweb.hr\/index.php\/product\/xl-tools-torbica-za-bicikl\/","og_locale":"hr_HR","og_type":"article","og_title":"XL-TOOLS Torbica za bicikl - BauWeb","og_description":"Potra\u017eite \u0161iroki izbor alata i materijala za profesionalne gra\u0111evinske radove. Istra\u017ei Bauweb ponudu i kupuj uz odli\u010dne popuste.","og_url":"https:\/\/bauweb.hr\/index.php\/product\/xl-tools-torbica-za-bicikl\/","og_site_name":"BauWeb","article_publisher":"https:\/\/facebook.com\/bauweb00","article_modified_time":"2025-04-07T11:40:20+00:00","og_image":[{"width":690,"height":690,"url":"https:\/\/bauweb.hr\/wp-content\/uploads\/2025\/04\/lrw40_2.jpg","type":"image\/jpeg"}],"twitter_card":"summary_large_image","twitter_misc":{"Procijenjeno vrijeme \u010ditanja":"2 minute"},"schema":{"@context":"https:\/\/schema.org","@graph":[{"@type":"WebPage","@id":"https:\/\/bauweb.hr\/index.php\/product\/xl-tools-torbica-za-bicikl\/","url":"https:\/\/bauweb.hr\/index.php\/product\/xl-tools-torbica-za-bicikl\/","name":"XL-TOOLS Torbica za bicikl - BauWeb","isPartOf":{"@id":"https:\/\/bauweb.hr\/#website"},"primaryImageOfPage":{"@id":"https:\/\/bauweb.hr\/index.php\/product\/xl-tools-torbica-za-bicikl\/#primaryimage"},"image":{"@id":"https:\/\/bauweb.hr\/index.php\/product\/xl-tools-torbica-za-bicikl\/#primaryimage"},"thumbnailUrl":"https:\/\/bauweb.hr\/wp-content\/uploads\/2025\/04\/lrw40_2.jpg","datePublished":"2025-04-07T11:40:14+00:00","dateModified":"2025-04-07T11:40:20+00:00","description":"Potra\u017eite \u0161iroki izbor alata i materijala za profesionalne gra\u0111evinske radove. Istra\u017ei Bauweb ponudu i kupuj uz odli\u010dne popuste.","breadcrumb":{"@id":"https:\/\/bauweb.hr\/index.php\/product\/xl-tools-torbica-za-bicikl\/#breadcrumb"},"inLanguage":"hr","potentialAction":[{"@type":"ReadAction","target":["https:\/\/bauweb.hr\/index.php\/product\/xl-tools-torbica-za-bicikl\/"]}]},{"@type":"ImageObject","inLanguage":"hr","@id":"https:\/\/bauweb.hr\/index.php\/product\/xl-tools-torbica-za-bicikl\/#primaryimage","url":"https:\/\/bauweb.hr\/wp-content\/uploads\/2025\/04\/lrw40_2.jpg","contentUrl":"https:\/\/bauweb.hr\/wp-content\/uploads\/2025\/04\/lrw40_2.jpg","width":690,"height":690},{"@type":"BreadcrumbList","@id":"https:\/\/bauweb.hr\/index.php\/product\/xl-tools-torbica-za-bicikl\/#breadcrumb","itemListElement":[{"@type":"ListItem","position":1,"name":"Po\u010detna stranica","item":"https:\/\/bauweb.hr\/"},{"@type":"ListItem","position":2,"name":"Shop","item":"https:\/\/bauweb.hr\/index.php\/shop-wooshop-v1\/"},{"@type":"ListItem","position":3,"name":"XL-TOOLS Torbica za bicikl"}]},{"@type":"WebSite","@id":"https:\/\/bauweb.hr\/#website","url":"https:\/\/bauweb.hr\/","name":"BauWeb","description":"Za prave majstore","publisher":{"@id":"https:\/\/bauweb.hr\/#organization"},"alternateName":"BauWeb","potentialAction":[{"@type":"SearchAction","target":{"@type":"EntryPoint","urlTemplate":"https:\/\/bauweb.hr\/?s={search_term_string}"},"query-input":{"@type":"PropertyValueSpecification","valueRequired":true,"valueName":"search_term_string"}}],"inLanguage":"hr"},{"@type":"Organization","@id":"https:\/\/bauweb.hr\/#organization","name":"Hobi dom d.o.o.","url":"https:\/\/bauweb.hr\/","logo":{"@type":"ImageObject","inLanguage":"hr","@id":"https:\/\/bauweb.hr\/#\/schema\/logo\/image\/","url":"https:\/\/bauweb.hr\/wp-content\/uploads\/2023\/01\/Bauweb_logo-01.png","contentUrl":"https:\/\/bauweb.hr\/wp-content\/uploads\/2023\/01\/Bauweb_logo-01.png","width":842,"height":596,"caption":"Hobi dom d.o.o."},"image":{"@id":"https:\/\/bauweb.hr\/#\/schema\/logo\/image\/"},"sameAs":["https:\/\/facebook.com\/bauweb00","https:\/\/instagram.com\/bauweb_shop"]}]}},"_links":{"self":[{"href":"https:\/\/bauweb.hr\/index.php\/wp-json\/wp\/v2\/product\/25888","targetHints":{"allow":["GET"]}}],"collection":[{"href":"https:\/\/bauweb.hr\/index.php\/wp-json\/wp\/v2\/product"}],"about":[{"href":"https:\/\/bauweb.hr\/index.php\/wp-json\/wp\/v2\/types\/product"}],"replies":[{"embeddable":true,"href":"https:\/\/bauweb.hr\/index.php\/wp-json\/wp\/v2\/comments?post=25888"}],"wp:featuredmedia":[{"embeddable":true,"href":"https:\/\/bauweb.hr\/index.php\/wp-json\/wp\/v2\/media\/25890"}],"wp:attachment":[{"href":"https:\/\/bauweb.hr\/index.php\/wp-json\/wp\/v2\/media?parent=25888"}],"wp:term":[{"taxonomy":"product_brand","embeddable":true,"href":"https:\/\/bauweb.hr\/index.php\/wp-json\/wp\/v2\/product_brand?post=25888"},{"taxonomy":"product_cat","embeddable":true,"href":"https:\/\/bauweb.hr\/index.php\/wp-json\/wp\/v2\/product_cat?post=25888"},{"taxonomy":"product_tag","embeddable":true,"href":"https:\/\/bauweb.hr\/index.php\/wp-json\/wp\/v2\/product_tag?post=25888"}],"curies":[{"name":"wp","href":"https:\/\/api.w.org\/{rel}","templated":true}]}}