{"id":25913,"date":"2025-04-08T12:36:18","date_gmt":"2025-04-08T10:36:18","guid":{"rendered":"https:\/\/bauweb.hr\/?post_type=product&#038;p=25913"},"modified":"2025-09-11T21:05:18","modified_gmt":"2025-09-11T19:05:18","slug":"waart-magnetni-drzac-bitova-1-4-125mm","status":"publish","type":"product","link":"https:\/\/bauweb.hr\/index.php\/product\/waart-magnetni-drzac-bitova-1-4-125mm\/","title":{"rendered":"WAART Magnetni dr\u017ea\u010d bitova 1\/4&#8243; 60\/125\/180mm"},"content":{"rendered":"<h4>WAART Magnetni dr\u017ea\u010d bitova 1\/4&#8243; 60\/125\/180mm<\/h4>\n<div id=\"kontrolka-103\" class=\"kontrolka-PoleProduktu col-12\" data-kid=\"103\">\n<div><span class=\"wartosc\">Kvalitetan profesionalni magnetni dr\u017ea\u010d bitova od \u010dvrstog Cr-V alatnog \u010delika.<br \/>\nRu\u010dke su izra\u0111ene od visokokvalitetnog Cr-V alatnog \u010delika.<br \/>\nImaju 1\/4&#8243; \u0161esterokutni nosa\u010d.<\/span><\/div>\n<div><span class=\"wartosc\">U dr\u0161ku je utisnut vrlo jak magnet koji pove\u0107ava izdr\u017eljivost proizvoda i jam\u010di sigurno dr\u017eanje nastava.<br \/>\nDr\u017ea\u010d je kompatibilan sa svim bitovima.<br \/>\nProfesionalna, kvalitetna izrada.<\/span><\/div>\n<div><span class=\"wartosc\"><br \/>\n<strong>&#8211; Profesionalni dizajn\u00a0<\/strong><br \/>\n<strong>&#8211; Du\u017eina dr\u017ea\u010da: 60\/125\/180mm<\/strong><br \/>\n<strong>&#8211; Jaki magnet <\/strong><br \/>\n<strong>&#8211; Izra\u0111en od Cr-V alatnog \u010delika <\/strong><br \/>\n<strong>&#8211; Odgovara svakom modelu nastavka.<\/strong><\/span><\/div>\n<div><\/div>\n<div class=\"pole-opis-wartosc\"><span class=\"wartosc\">Materijal: CrV \u010delik<br \/>\nPri\u010dvr\u0161\u0107ivanje: 1\/4 HEX pri\u010dvr\u0161\u0107ivanje<\/span><\/div>\n<div class=\"pole-opis-wartosc\"><span class=\"wartosc\"><br \/>\nSastav seta: jedan dr\u017ea\u010d<\/span><\/div>\n<div class=\"pole-opis-wartosc\"><span class=\"wartosc\"><br \/>\nPrimjena: za pri\u010dvr\u0161\u0107ivanje raznih vrsta bitova<\/span><\/div>\n<div class=\"pole-opis-wartosc\"><span class=\"wartosc\"><span class=\"wartosc\"><br \/>\nKvalitetan profesionalni magnetni dr\u017ea\u010d bitova od \u010dvrstog Cr-V alatnog \u010delika.<br \/>\nRu\u010dke su izra\u0111ene od visokokvalitetnog Cr-V alatnog \u010delika.<br \/>\nImaju 1\/4 \u0161esterokutni nosa\u010d.<\/span><\/span><\/div>\n<\/div>\n","protected":false},"excerpt":{"rendered":"<h4>WAART Magnetni dr\u017ea\u010d bitova 1\/4&#8243; 60\/125\/180mm<\/h4>\n<div id=\"kontrolka-103\" class=\"kontrolka-PoleProduktu col-12\" data-kid=\"103\">\n<div><span class=\"wartosc\">Kvalitetan profesionalni magnetni dr\u017ea\u010d bitova od \u010dvrstog Cr-V alatnog \u010delika.<br \/>\nRu\u010dke su izra\u0111ene od visokokvalitetnog Cr-V alatnog \u010delika.<br \/>\nImaju 1\/4&#8243; \u0161esterokutni nosa\u010d.<\/span><\/div>\n<div><span class=\"wartosc\">U dr\u0161ku je utisnut vrlo jak magnet koji pove\u0107ava izdr\u017eljivost proizvoda i jam\u010di sigurno dr\u017eanje nastava.<br \/>\nDr\u017ea\u010d je kompatibilan sa svim bitovima.<br \/>\nProfesionalna, kvalitetna izrada.<\/span><\/div>\n<\/div>\n","protected":false},"featured_media":25917,"comment_status":"open","ping_status":"closed","template":"","meta":[],"product_brand":[432],"product_cat":[110,140],"product_tag":[],"class_list":{"0":"post-25913","1":"product","2":"type-product","3":"status-publish","4":"has-post-thumbnail","6":"product_brand-waart","7":"product_cat-alati-pribor","8":"product_cat-bitovi-ph-pz-tx-inbus","10":"first","11":"instock","12":"shipping-taxable","13":"purchasable","14":"product-type-variable"},"yoast_head":"<!-- This site is optimized with the Yoast SEO plugin v27.2 - https:\/\/yoast.com\/product\/yoast-seo-wordpress\/ -->\n<title>WAART Magnetni dr\u017ea\u010d bitova 1\/4&quot; 60\/125\/180mm - BauWeb<\/title>\n<meta name=\"description\" content=\"Potra\u017eite \u0161iroki izbor alata i materijala za profesionalne gra\u0111evinske radove. Istra\u017ei Bauweb ponudu i kupuj uz odli\u010dne popuste.\" \/>\n<meta name=\"robots\" content=\"index, follow, max-snippet:-1, max-image-preview:large, max-video-preview:-1\" \/>\n<link rel=\"canonical\" href=\"https:\/\/bauweb.hr\/index.php\/product\/waart-magnetni-drzac-bitova-1-4-125mm\/\" \/>\n<meta property=\"og:locale\" content=\"hr_HR\" \/>\n<meta property=\"og:type\" content=\"article\" \/>\n<meta property=\"og:title\" content=\"WAART Magnetni dr\u017ea\u010d bitova 1\/4&quot; 60\/125\/180mm - BauWeb\" \/>\n<meta property=\"og:description\" content=\"Potra\u017eite \u0161iroki izbor alata i materijala za profesionalne gra\u0111evinske radove. Istra\u017ei Bauweb ponudu i kupuj uz odli\u010dne popuste.\" \/>\n<meta property=\"og:url\" content=\"https:\/\/bauweb.hr\/index.php\/product\/waart-magnetni-drzac-bitova-1-4-125mm\/\" \/>\n<meta property=\"og:site_name\" content=\"BauWeb\" \/>\n<meta property=\"article:publisher\" content=\"https:\/\/facebook.com\/bauweb00\" \/>\n<meta property=\"article:modified_time\" content=\"2025-09-11T19:05:18+00:00\" \/>\n<meta property=\"og:image\" content=\"https:\/\/bauweb.hr\/wp-content\/uploads\/2025\/04\/W29A904_1WP.jpg\" \/>\n\t<meta property=\"og:image:width\" content=\"690\" \/>\n\t<meta property=\"og:image:height\" content=\"690\" \/>\n\t<meta property=\"og:image:type\" content=\"image\/jpeg\" \/>\n<meta name=\"twitter:card\" content=\"summary_large_image\" \/>\n<meta name=\"twitter:label1\" content=\"Procijenjeno vrijeme \u010ditanja\" \/>\n\t<meta name=\"twitter:data1\" content=\"1 minuta\" \/>\n<script type=\"application\/ld+json\" class=\"yoast-schema-graph\">{\"@context\":\"https:\/\/schema.org\",\"@graph\":[{\"@type\":\"WebPage\",\"@id\":\"https:\/\/bauweb.hr\/index.php\/product\/waart-magnetni-drzac-bitova-1-4-125mm\/\",\"url\":\"https:\/\/bauweb.hr\/index.php\/product\/waart-magnetni-drzac-bitova-1-4-125mm\/\",\"name\":\"WAART Magnetni dr\u017ea\u010d bitova 1\/4\\\" 60\/125\/180mm - BauWeb\",\"isPartOf\":{\"@id\":\"https:\/\/bauweb.hr\/#website\"},\"primaryImageOfPage\":{\"@id\":\"https:\/\/bauweb.hr\/index.php\/product\/waart-magnetni-drzac-bitova-1-4-125mm\/#primaryimage\"},\"image\":{\"@id\":\"https:\/\/bauweb.hr\/index.php\/product\/waart-magnetni-drzac-bitova-1-4-125mm\/#primaryimage\"},\"thumbnailUrl\":\"https:\/\/bauweb.hr\/wp-content\/uploads\/2025\/04\/W29A904_1WP.jpg\",\"datePublished\":\"2025-04-08T10:36:18+00:00\",\"dateModified\":\"2025-09-11T19:05:18+00:00\",\"description\":\"Potra\u017eite \u0161iroki izbor alata i materijala za profesionalne gra\u0111evinske radove. Istra\u017ei Bauweb ponudu i kupuj uz odli\u010dne popuste.\",\"breadcrumb\":{\"@id\":\"https:\/\/bauweb.hr\/index.php\/product\/waart-magnetni-drzac-bitova-1-4-125mm\/#breadcrumb\"},\"inLanguage\":\"hr\",\"potentialAction\":[{\"@type\":\"ReadAction\",\"target\":[\"https:\/\/bauweb.hr\/index.php\/product\/waart-magnetni-drzac-bitova-1-4-125mm\/\"]}]},{\"@type\":\"ImageObject\",\"inLanguage\":\"hr\",\"@id\":\"https:\/\/bauweb.hr\/index.php\/product\/waart-magnetni-drzac-bitova-1-4-125mm\/#primaryimage\",\"url\":\"https:\/\/bauweb.hr\/wp-content\/uploads\/2025\/04\/W29A904_1WP.jpg\",\"contentUrl\":\"https:\/\/bauweb.hr\/wp-content\/uploads\/2025\/04\/W29A904_1WP.jpg\",\"width\":690,\"height\":690},{\"@type\":\"BreadcrumbList\",\"@id\":\"https:\/\/bauweb.hr\/index.php\/product\/waart-magnetni-drzac-bitova-1-4-125mm\/#breadcrumb\",\"itemListElement\":[{\"@type\":\"ListItem\",\"position\":1,\"name\":\"Po\u010detna stranica\",\"item\":\"https:\/\/bauweb.hr\/\"},{\"@type\":\"ListItem\",\"position\":2,\"name\":\"Shop\",\"item\":\"https:\/\/bauweb.hr\/index.php\/shop-wooshop-v1\/\"},{\"@type\":\"ListItem\",\"position\":3,\"name\":\"WAART Magnetni dr\u017ea\u010d bitova 1\/4&#8243; 60\/125\/180mm\"}]},{\"@type\":\"WebSite\",\"@id\":\"https:\/\/bauweb.hr\/#website\",\"url\":\"https:\/\/bauweb.hr\/\",\"name\":\"BauWeb\",\"description\":\"Za prave majstore\",\"publisher\":{\"@id\":\"https:\/\/bauweb.hr\/#organization\"},\"alternateName\":\"BauWeb\",\"potentialAction\":[{\"@type\":\"SearchAction\",\"target\":{\"@type\":\"EntryPoint\",\"urlTemplate\":\"https:\/\/bauweb.hr\/?s={search_term_string}\"},\"query-input\":{\"@type\":\"PropertyValueSpecification\",\"valueRequired\":true,\"valueName\":\"search_term_string\"}}],\"inLanguage\":\"hr\"},{\"@type\":\"Organization\",\"@id\":\"https:\/\/bauweb.hr\/#organization\",\"name\":\"Hobi dom d.o.o.\",\"url\":\"https:\/\/bauweb.hr\/\",\"logo\":{\"@type\":\"ImageObject\",\"inLanguage\":\"hr\",\"@id\":\"https:\/\/bauweb.hr\/#\/schema\/logo\/image\/\",\"url\":\"https:\/\/bauweb.hr\/wp-content\/uploads\/2023\/01\/Bauweb_logo-01.png\",\"contentUrl\":\"https:\/\/bauweb.hr\/wp-content\/uploads\/2023\/01\/Bauweb_logo-01.png\",\"width\":842,\"height\":596,\"caption\":\"Hobi dom d.o.o.\"},\"image\":{\"@id\":\"https:\/\/bauweb.hr\/#\/schema\/logo\/image\/\"},\"sameAs\":[\"https:\/\/facebook.com\/bauweb00\",\"https:\/\/instagram.com\/bauweb_shop\"]}]}<\/script>\n<!-- \/ Yoast SEO plugin. -->","yoast_head_json":{"title":"WAART Magnetni dr\u017ea\u010d bitova 1\/4\" 60\/125\/180mm - BauWeb","description":"Potra\u017eite \u0161iroki izbor alata i materijala za profesionalne gra\u0111evinske radove. Istra\u017ei Bauweb ponudu i kupuj uz odli\u010dne popuste.","robots":{"index":"index","follow":"follow","max-snippet":"max-snippet:-1","max-image-preview":"max-image-preview:large","max-video-preview":"max-video-preview:-1"},"canonical":"https:\/\/bauweb.hr\/index.php\/product\/waart-magnetni-drzac-bitova-1-4-125mm\/","og_locale":"hr_HR","og_type":"article","og_title":"WAART Magnetni dr\u017ea\u010d bitova 1\/4\" 60\/125\/180mm - BauWeb","og_description":"Potra\u017eite \u0161iroki izbor alata i materijala za profesionalne gra\u0111evinske radove. Istra\u017ei Bauweb ponudu i kupuj uz odli\u010dne popuste.","og_url":"https:\/\/bauweb.hr\/index.php\/product\/waart-magnetni-drzac-bitova-1-4-125mm\/","og_site_name":"BauWeb","article_publisher":"https:\/\/facebook.com\/bauweb00","article_modified_time":"2025-09-11T19:05:18+00:00","og_image":[{"width":690,"height":690,"url":"https:\/\/bauweb.hr\/wp-content\/uploads\/2025\/04\/W29A904_1WP.jpg","type":"image\/jpeg"}],"twitter_card":"summary_large_image","twitter_misc":{"Procijenjeno vrijeme \u010ditanja":"1 minuta"},"schema":{"@context":"https:\/\/schema.org","@graph":[{"@type":"WebPage","@id":"https:\/\/bauweb.hr\/index.php\/product\/waart-magnetni-drzac-bitova-1-4-125mm\/","url":"https:\/\/bauweb.hr\/index.php\/product\/waart-magnetni-drzac-bitova-1-4-125mm\/","name":"WAART Magnetni dr\u017ea\u010d bitova 1\/4\" 60\/125\/180mm - BauWeb","isPartOf":{"@id":"https:\/\/bauweb.hr\/#website"},"primaryImageOfPage":{"@id":"https:\/\/bauweb.hr\/index.php\/product\/waart-magnetni-drzac-bitova-1-4-125mm\/#primaryimage"},"image":{"@id":"https:\/\/bauweb.hr\/index.php\/product\/waart-magnetni-drzac-bitova-1-4-125mm\/#primaryimage"},"thumbnailUrl":"https:\/\/bauweb.hr\/wp-content\/uploads\/2025\/04\/W29A904_1WP.jpg","datePublished":"2025-04-08T10:36:18+00:00","dateModified":"2025-09-11T19:05:18+00:00","description":"Potra\u017eite \u0161iroki izbor alata i materijala za profesionalne gra\u0111evinske radove. Istra\u017ei Bauweb ponudu i kupuj uz odli\u010dne popuste.","breadcrumb":{"@id":"https:\/\/bauweb.hr\/index.php\/product\/waart-magnetni-drzac-bitova-1-4-125mm\/#breadcrumb"},"inLanguage":"hr","potentialAction":[{"@type":"ReadAction","target":["https:\/\/bauweb.hr\/index.php\/product\/waart-magnetni-drzac-bitova-1-4-125mm\/"]}]},{"@type":"ImageObject","inLanguage":"hr","@id":"https:\/\/bauweb.hr\/index.php\/product\/waart-magnetni-drzac-bitova-1-4-125mm\/#primaryimage","url":"https:\/\/bauweb.hr\/wp-content\/uploads\/2025\/04\/W29A904_1WP.jpg","contentUrl":"https:\/\/bauweb.hr\/wp-content\/uploads\/2025\/04\/W29A904_1WP.jpg","width":690,"height":690},{"@type":"BreadcrumbList","@id":"https:\/\/bauweb.hr\/index.php\/product\/waart-magnetni-drzac-bitova-1-4-125mm\/#breadcrumb","itemListElement":[{"@type":"ListItem","position":1,"name":"Po\u010detna stranica","item":"https:\/\/bauweb.hr\/"},{"@type":"ListItem","position":2,"name":"Shop","item":"https:\/\/bauweb.hr\/index.php\/shop-wooshop-v1\/"},{"@type":"ListItem","position":3,"name":"WAART Magnetni dr\u017ea\u010d bitova 1\/4&#8243; 60\/125\/180mm"}]},{"@type":"WebSite","@id":"https:\/\/bauweb.hr\/#website","url":"https:\/\/bauweb.hr\/","name":"BauWeb","description":"Za prave majstore","publisher":{"@id":"https:\/\/bauweb.hr\/#organization"},"alternateName":"BauWeb","potentialAction":[{"@type":"SearchAction","target":{"@type":"EntryPoint","urlTemplate":"https:\/\/bauweb.hr\/?s={search_term_string}"},"query-input":{"@type":"PropertyValueSpecification","valueRequired":true,"valueName":"search_term_string"}}],"inLanguage":"hr"},{"@type":"Organization","@id":"https:\/\/bauweb.hr\/#organization","name":"Hobi dom d.o.o.","url":"https:\/\/bauweb.hr\/","logo":{"@type":"ImageObject","inLanguage":"hr","@id":"https:\/\/bauweb.hr\/#\/schema\/logo\/image\/","url":"https:\/\/bauweb.hr\/wp-content\/uploads\/2023\/01\/Bauweb_logo-01.png","contentUrl":"https:\/\/bauweb.hr\/wp-content\/uploads\/2023\/01\/Bauweb_logo-01.png","width":842,"height":596,"caption":"Hobi dom d.o.o."},"image":{"@id":"https:\/\/bauweb.hr\/#\/schema\/logo\/image\/"},"sameAs":["https:\/\/facebook.com\/bauweb00","https:\/\/instagram.com\/bauweb_shop"]}]}},"_links":{"self":[{"href":"https:\/\/bauweb.hr\/index.php\/wp-json\/wp\/v2\/product\/25913","targetHints":{"allow":["GET"]}}],"collection":[{"href":"https:\/\/bauweb.hr\/index.php\/wp-json\/wp\/v2\/product"}],"about":[{"href":"https:\/\/bauweb.hr\/index.php\/wp-json\/wp\/v2\/types\/product"}],"replies":[{"embeddable":true,"href":"https:\/\/bauweb.hr\/index.php\/wp-json\/wp\/v2\/comments?post=25913"}],"wp:featuredmedia":[{"embeddable":true,"href":"https:\/\/bauweb.hr\/index.php\/wp-json\/wp\/v2\/media\/25917"}],"wp:attachment":[{"href":"https:\/\/bauweb.hr\/index.php\/wp-json\/wp\/v2\/media?parent=25913"}],"wp:term":[{"taxonomy":"product_brand","embeddable":true,"href":"https:\/\/bauweb.hr\/index.php\/wp-json\/wp\/v2\/product_brand?post=25913"},{"taxonomy":"product_cat","embeddable":true,"href":"https:\/\/bauweb.hr\/index.php\/wp-json\/wp\/v2\/product_cat?post=25913"},{"taxonomy":"product_tag","embeddable":true,"href":"https:\/\/bauweb.hr\/index.php\/wp-json\/wp\/v2\/product_tag?post=25913"}],"curies":[{"name":"wp","href":"https:\/\/api.w.org\/{rel}","templated":true}]}}