{"id":26027,"date":"2025-04-15T09:13:43","date_gmt":"2025-04-15T07:13:43","guid":{"rendered":"https:\/\/bauweb.hr\/?post_type=product&#038;p=26027"},"modified":"2025-09-08T16:41:03","modified_gmt":"2025-09-08T14:41:03","slug":"distar-gumeni-drzac-fibera-za-poliranje-baumesser-centrum-flex","status":"publish","type":"product","link":"https:\/\/bauweb.hr\/index.php\/product\/distar-gumeni-drzac-fibera-za-poliranje-baumesser-centrum-flex\/","title":{"rendered":"Distar gumeni dr\u017ea\u010d fibera za poliranje Baumesser Centrum Flex"},"content":{"rendered":"<h4>Gumeni dr\u017ea\u010d fibera za poliranje Baumesser Centrum Flex DS5980<\/h4>\n<p><strong>Precizno centrirano!<br \/>\n<\/strong><br \/>\nJastu\u010di\u0107 se jednostavno i precizno postavlja na prsten za centriranje, koji ne samo da ga poravnava, ve\u0107 i sprje\u010dava klizanje tijekom rada.<br \/>\nTo pobolj\u0161ava kvalitetu obra\u0111ene povr\u0161ine, pove\u0107ava u\u010dinak bru\u0161enja.<br \/>\nPromjer prstena za centriranje je 14,7 mm, a visina 2,5 mm.<br \/>\nTo vam omogu\u0107uje ugradnju svih jastu\u010di\u0107a za poliranje TM Baumesser i jastu\u010di\u0107a mnogih drugih proizvo\u0111a\u010da.<\/p>\n<p>Svi kerami\u010dari znaju koliko je te\u0161ko postaviti jastu\u010di\u0107 za poliranje koaksijalno u odnosu na osnove.<br \/>\nU isto vrijeme, jastu\u010di\u0107 \u010desto sklizne prema dolje tijekom rada, posebno kada je \u010di\u010dak brava ve\u0107 olabavljena.<br \/>\nGumeni dr\u017ea\u010d Baumesser Centrum Flex za podlogu za poliranje rje\u0161ava ove probleme.<br \/>\nJastu\u010di\u0107 se jednostavno i precizno postavlja na prsten za centriranje, koji ne samo da ga poravnava, ve\u0107 i sprje\u010dava klizanje tijekom rada.<br \/>\nTo pobolj\u0161ava kvalitetu obra\u0111ene povr\u0161ine, pove\u0107ava u\u010dinak bru\u0161enja.<br \/>\nMo\u017eete zaboraviti na pote\u0161ko\u0107e koje su bile prije.<br \/>\nPromjer prstena za centriranje je 14,7 mm, a visina 2,5 mm.<br \/>\nTo vam omogu\u0107uje ugradnju svih jastu\u010di\u0107a za poliranje TM Baumesser i jastu\u010di\u0107a mnogih drugih proizvo\u0111a\u010da.<br \/>\nAko je promjer rupe jastu\u010di\u0107a manji od promjera ogrlice, mo\u017ee se lako odvrnuti i koristiti kao dr\u017ea\u010d bez funkcije centriranja.<\/p>\n<p>&#8211; max. okretaji: 6500<br \/>\n&#8211; promjer: 100mm<\/p>\n","protected":false},"excerpt":{"rendered":"<h4>Gumeni dr\u017ea\u010d fibera za poliranje Baumesser Centrum Flex DS5980<\/h4>\n<p><strong>Precizno centrirano!<br \/>\n<\/strong><br \/>\nJastu\u010di\u0107 se jednostavno i precizno postavlja na prsten za centriranje, koji ne samo da ga poravnava, ve\u0107 i sprje\u010dava klizanje tijekom rada.<br \/>\nTo pobolj\u0161ava kvalitetu obra\u0111ene povr\u0161ine, pove\u0107ava u\u010dinak bru\u0161enja.<br \/>\nPromjer prstena za centriranje je 14,7 mm, a visina 2,5 mm.<br \/>\nTo vam omogu\u0107uje ugradnju svih jastu\u010di\u0107a za poliranje TM Baumesser i jastu\u010di\u0107a mnogih drugih proizvo\u0111a\u010da.<br \/>\n&#8211; max. okretaji: 6500<br \/>\n&#8211; promjer: 100mm<\/p>\n","protected":false},"featured_media":26029,"comment_status":"open","ping_status":"closed","template":"","meta":[],"product_brand":[386],"product_cat":[102,185],"product_tag":[],"class_list":{"0":"post-26027","1":"product","2":"type-product","3":"status-publish","4":"has-post-thumbnail","6":"product_brand-distar","7":"product_cat-keramicari","8":"product_cat-rezne-ploce","10":"first","11":"instock","12":"shipping-taxable","13":"purchasable","14":"product-type-simple"},"yoast_head":"<!-- This site is optimized with the Yoast SEO plugin v27.2 - https:\/\/yoast.com\/product\/yoast-seo-wordpress\/ -->\n<title>Distar gumeni dr\u017ea\u010d fibera za poliranje Baumesser Centrum Flex - BauWeb<\/title>\n<meta name=\"description\" content=\"Potra\u017eite \u0161iroki izbor alata i materijala za profesionalne gra\u0111evinske radove. Istra\u017ei Bauweb ponudu i kupuj uz odli\u010dne popuste.\" \/>\n<meta name=\"robots\" content=\"index, follow, max-snippet:-1, max-image-preview:large, max-video-preview:-1\" \/>\n<link rel=\"canonical\" href=\"https:\/\/bauweb.hr\/index.php\/product\/distar-gumeni-drzac-fibera-za-poliranje-baumesser-centrum-flex\/\" \/>\n<meta property=\"og:locale\" content=\"hr_HR\" \/>\n<meta property=\"og:type\" content=\"article\" \/>\n<meta property=\"og:title\" content=\"Distar gumeni dr\u017ea\u010d fibera za poliranje Baumesser Centrum Flex - BauWeb\" \/>\n<meta property=\"og:description\" content=\"Potra\u017eite \u0161iroki izbor alata i materijala za profesionalne gra\u0111evinske radove. Istra\u017ei Bauweb ponudu i kupuj uz odli\u010dne popuste.\" \/>\n<meta property=\"og:url\" content=\"https:\/\/bauweb.hr\/index.php\/product\/distar-gumeni-drzac-fibera-za-poliranje-baumesser-centrum-flex\/\" \/>\n<meta property=\"og:site_name\" content=\"BauWeb\" \/>\n<meta property=\"article:publisher\" content=\"https:\/\/facebook.com\/bauweb00\" \/>\n<meta property=\"article:modified_time\" content=\"2025-09-08T14:41:03+00:00\" \/>\n<meta property=\"og:image\" content=\"https:\/\/bauweb.hr\/wp-content\/uploads\/2025\/04\/CENTRUMFLEX.jpg\" \/>\n\t<meta property=\"og:image:width\" content=\"690\" \/>\n\t<meta property=\"og:image:height\" content=\"690\" \/>\n\t<meta property=\"og:image:type\" content=\"image\/jpeg\" \/>\n<meta name=\"twitter:card\" content=\"summary_large_image\" \/>\n<meta name=\"twitter:label1\" content=\"Procijenjeno vrijeme \u010ditanja\" \/>\n\t<meta name=\"twitter:data1\" content=\"2 minute\" \/>\n<script type=\"application\/ld+json\" class=\"yoast-schema-graph\">{\"@context\":\"https:\/\/schema.org\",\"@graph\":[{\"@type\":\"WebPage\",\"@id\":\"https:\/\/bauweb.hr\/index.php\/product\/distar-gumeni-drzac-fibera-za-poliranje-baumesser-centrum-flex\/\",\"url\":\"https:\/\/bauweb.hr\/index.php\/product\/distar-gumeni-drzac-fibera-za-poliranje-baumesser-centrum-flex\/\",\"name\":\"Distar gumeni dr\u017ea\u010d fibera za poliranje Baumesser Centrum Flex - BauWeb\",\"isPartOf\":{\"@id\":\"https:\/\/bauweb.hr\/#website\"},\"primaryImageOfPage\":{\"@id\":\"https:\/\/bauweb.hr\/index.php\/product\/distar-gumeni-drzac-fibera-za-poliranje-baumesser-centrum-flex\/#primaryimage\"},\"image\":{\"@id\":\"https:\/\/bauweb.hr\/index.php\/product\/distar-gumeni-drzac-fibera-za-poliranje-baumesser-centrum-flex\/#primaryimage\"},\"thumbnailUrl\":\"https:\/\/bauweb.hr\/wp-content\/uploads\/2025\/04\/CENTRUMFLEX.jpg\",\"datePublished\":\"2025-04-15T07:13:43+00:00\",\"dateModified\":\"2025-09-08T14:41:03+00:00\",\"description\":\"Potra\u017eite \u0161iroki izbor alata i materijala za profesionalne gra\u0111evinske radove. Istra\u017ei Bauweb ponudu i kupuj uz odli\u010dne popuste.\",\"breadcrumb\":{\"@id\":\"https:\/\/bauweb.hr\/index.php\/product\/distar-gumeni-drzac-fibera-za-poliranje-baumesser-centrum-flex\/#breadcrumb\"},\"inLanguage\":\"hr\",\"potentialAction\":[{\"@type\":\"ReadAction\",\"target\":[\"https:\/\/bauweb.hr\/index.php\/product\/distar-gumeni-drzac-fibera-za-poliranje-baumesser-centrum-flex\/\"]}]},{\"@type\":\"ImageObject\",\"inLanguage\":\"hr\",\"@id\":\"https:\/\/bauweb.hr\/index.php\/product\/distar-gumeni-drzac-fibera-za-poliranje-baumesser-centrum-flex\/#primaryimage\",\"url\":\"https:\/\/bauweb.hr\/wp-content\/uploads\/2025\/04\/CENTRUMFLEX.jpg\",\"contentUrl\":\"https:\/\/bauweb.hr\/wp-content\/uploads\/2025\/04\/CENTRUMFLEX.jpg\",\"width\":690,\"height\":690},{\"@type\":\"BreadcrumbList\",\"@id\":\"https:\/\/bauweb.hr\/index.php\/product\/distar-gumeni-drzac-fibera-za-poliranje-baumesser-centrum-flex\/#breadcrumb\",\"itemListElement\":[{\"@type\":\"ListItem\",\"position\":1,\"name\":\"Po\u010detna stranica\",\"item\":\"https:\/\/bauweb.hr\/\"},{\"@type\":\"ListItem\",\"position\":2,\"name\":\"Shop\",\"item\":\"https:\/\/bauweb.hr\/index.php\/shop-wooshop-v1\/\"},{\"@type\":\"ListItem\",\"position\":3,\"name\":\"Distar gumeni dr\u017ea\u010d fibera za poliranje Baumesser Centrum Flex\"}]},{\"@type\":\"WebSite\",\"@id\":\"https:\/\/bauweb.hr\/#website\",\"url\":\"https:\/\/bauweb.hr\/\",\"name\":\"BauWeb\",\"description\":\"Za prave majstore\",\"publisher\":{\"@id\":\"https:\/\/bauweb.hr\/#organization\"},\"alternateName\":\"BauWeb\",\"potentialAction\":[{\"@type\":\"SearchAction\",\"target\":{\"@type\":\"EntryPoint\",\"urlTemplate\":\"https:\/\/bauweb.hr\/?s={search_term_string}\"},\"query-input\":{\"@type\":\"PropertyValueSpecification\",\"valueRequired\":true,\"valueName\":\"search_term_string\"}}],\"inLanguage\":\"hr\"},{\"@type\":\"Organization\",\"@id\":\"https:\/\/bauweb.hr\/#organization\",\"name\":\"Hobi dom d.o.o.\",\"url\":\"https:\/\/bauweb.hr\/\",\"logo\":{\"@type\":\"ImageObject\",\"inLanguage\":\"hr\",\"@id\":\"https:\/\/bauweb.hr\/#\/schema\/logo\/image\/\",\"url\":\"https:\/\/bauweb.hr\/wp-content\/uploads\/2023\/01\/Bauweb_logo-01.png\",\"contentUrl\":\"https:\/\/bauweb.hr\/wp-content\/uploads\/2023\/01\/Bauweb_logo-01.png\",\"width\":842,\"height\":596,\"caption\":\"Hobi dom d.o.o.\"},\"image\":{\"@id\":\"https:\/\/bauweb.hr\/#\/schema\/logo\/image\/\"},\"sameAs\":[\"https:\/\/facebook.com\/bauweb00\",\"https:\/\/instagram.com\/bauweb_shop\"]}]}<\/script>\n<!-- \/ Yoast SEO plugin. -->","yoast_head_json":{"title":"Distar gumeni dr\u017ea\u010d fibera za poliranje Baumesser Centrum Flex - BauWeb","description":"Potra\u017eite \u0161iroki izbor alata i materijala za profesionalne gra\u0111evinske radove. Istra\u017ei Bauweb ponudu i kupuj uz odli\u010dne popuste.","robots":{"index":"index","follow":"follow","max-snippet":"max-snippet:-1","max-image-preview":"max-image-preview:large","max-video-preview":"max-video-preview:-1"},"canonical":"https:\/\/bauweb.hr\/index.php\/product\/distar-gumeni-drzac-fibera-za-poliranje-baumesser-centrum-flex\/","og_locale":"hr_HR","og_type":"article","og_title":"Distar gumeni dr\u017ea\u010d fibera za poliranje Baumesser Centrum Flex - BauWeb","og_description":"Potra\u017eite \u0161iroki izbor alata i materijala za profesionalne gra\u0111evinske radove. Istra\u017ei Bauweb ponudu i kupuj uz odli\u010dne popuste.","og_url":"https:\/\/bauweb.hr\/index.php\/product\/distar-gumeni-drzac-fibera-za-poliranje-baumesser-centrum-flex\/","og_site_name":"BauWeb","article_publisher":"https:\/\/facebook.com\/bauweb00","article_modified_time":"2025-09-08T14:41:03+00:00","og_image":[{"width":690,"height":690,"url":"https:\/\/bauweb.hr\/wp-content\/uploads\/2025\/04\/CENTRUMFLEX.jpg","type":"image\/jpeg"}],"twitter_card":"summary_large_image","twitter_misc":{"Procijenjeno vrijeme \u010ditanja":"2 minute"},"schema":{"@context":"https:\/\/schema.org","@graph":[{"@type":"WebPage","@id":"https:\/\/bauweb.hr\/index.php\/product\/distar-gumeni-drzac-fibera-za-poliranje-baumesser-centrum-flex\/","url":"https:\/\/bauweb.hr\/index.php\/product\/distar-gumeni-drzac-fibera-za-poliranje-baumesser-centrum-flex\/","name":"Distar gumeni dr\u017ea\u010d fibera za poliranje Baumesser Centrum Flex - BauWeb","isPartOf":{"@id":"https:\/\/bauweb.hr\/#website"},"primaryImageOfPage":{"@id":"https:\/\/bauweb.hr\/index.php\/product\/distar-gumeni-drzac-fibera-za-poliranje-baumesser-centrum-flex\/#primaryimage"},"image":{"@id":"https:\/\/bauweb.hr\/index.php\/product\/distar-gumeni-drzac-fibera-za-poliranje-baumesser-centrum-flex\/#primaryimage"},"thumbnailUrl":"https:\/\/bauweb.hr\/wp-content\/uploads\/2025\/04\/CENTRUMFLEX.jpg","datePublished":"2025-04-15T07:13:43+00:00","dateModified":"2025-09-08T14:41:03+00:00","description":"Potra\u017eite \u0161iroki izbor alata i materijala za profesionalne gra\u0111evinske radove. Istra\u017ei Bauweb ponudu i kupuj uz odli\u010dne popuste.","breadcrumb":{"@id":"https:\/\/bauweb.hr\/index.php\/product\/distar-gumeni-drzac-fibera-za-poliranje-baumesser-centrum-flex\/#breadcrumb"},"inLanguage":"hr","potentialAction":[{"@type":"ReadAction","target":["https:\/\/bauweb.hr\/index.php\/product\/distar-gumeni-drzac-fibera-za-poliranje-baumesser-centrum-flex\/"]}]},{"@type":"ImageObject","inLanguage":"hr","@id":"https:\/\/bauweb.hr\/index.php\/product\/distar-gumeni-drzac-fibera-za-poliranje-baumesser-centrum-flex\/#primaryimage","url":"https:\/\/bauweb.hr\/wp-content\/uploads\/2025\/04\/CENTRUMFLEX.jpg","contentUrl":"https:\/\/bauweb.hr\/wp-content\/uploads\/2025\/04\/CENTRUMFLEX.jpg","width":690,"height":690},{"@type":"BreadcrumbList","@id":"https:\/\/bauweb.hr\/index.php\/product\/distar-gumeni-drzac-fibera-za-poliranje-baumesser-centrum-flex\/#breadcrumb","itemListElement":[{"@type":"ListItem","position":1,"name":"Po\u010detna stranica","item":"https:\/\/bauweb.hr\/"},{"@type":"ListItem","position":2,"name":"Shop","item":"https:\/\/bauweb.hr\/index.php\/shop-wooshop-v1\/"},{"@type":"ListItem","position":3,"name":"Distar gumeni dr\u017ea\u010d fibera za poliranje Baumesser Centrum Flex"}]},{"@type":"WebSite","@id":"https:\/\/bauweb.hr\/#website","url":"https:\/\/bauweb.hr\/","name":"BauWeb","description":"Za prave majstore","publisher":{"@id":"https:\/\/bauweb.hr\/#organization"},"alternateName":"BauWeb","potentialAction":[{"@type":"SearchAction","target":{"@type":"EntryPoint","urlTemplate":"https:\/\/bauweb.hr\/?s={search_term_string}"},"query-input":{"@type":"PropertyValueSpecification","valueRequired":true,"valueName":"search_term_string"}}],"inLanguage":"hr"},{"@type":"Organization","@id":"https:\/\/bauweb.hr\/#organization","name":"Hobi dom d.o.o.","url":"https:\/\/bauweb.hr\/","logo":{"@type":"ImageObject","inLanguage":"hr","@id":"https:\/\/bauweb.hr\/#\/schema\/logo\/image\/","url":"https:\/\/bauweb.hr\/wp-content\/uploads\/2023\/01\/Bauweb_logo-01.png","contentUrl":"https:\/\/bauweb.hr\/wp-content\/uploads\/2023\/01\/Bauweb_logo-01.png","width":842,"height":596,"caption":"Hobi dom d.o.o."},"image":{"@id":"https:\/\/bauweb.hr\/#\/schema\/logo\/image\/"},"sameAs":["https:\/\/facebook.com\/bauweb00","https:\/\/instagram.com\/bauweb_shop"]}]}},"_links":{"self":[{"href":"https:\/\/bauweb.hr\/index.php\/wp-json\/wp\/v2\/product\/26027","targetHints":{"allow":["GET"]}}],"collection":[{"href":"https:\/\/bauweb.hr\/index.php\/wp-json\/wp\/v2\/product"}],"about":[{"href":"https:\/\/bauweb.hr\/index.php\/wp-json\/wp\/v2\/types\/product"}],"replies":[{"embeddable":true,"href":"https:\/\/bauweb.hr\/index.php\/wp-json\/wp\/v2\/comments?post=26027"}],"wp:featuredmedia":[{"embeddable":true,"href":"https:\/\/bauweb.hr\/index.php\/wp-json\/wp\/v2\/media\/26029"}],"wp:attachment":[{"href":"https:\/\/bauweb.hr\/index.php\/wp-json\/wp\/v2\/media?parent=26027"}],"wp:term":[{"taxonomy":"product_brand","embeddable":true,"href":"https:\/\/bauweb.hr\/index.php\/wp-json\/wp\/v2\/product_brand?post=26027"},{"taxonomy":"product_cat","embeddable":true,"href":"https:\/\/bauweb.hr\/index.php\/wp-json\/wp\/v2\/product_cat?post=26027"},{"taxonomy":"product_tag","embeddable":true,"href":"https:\/\/bauweb.hr\/index.php\/wp-json\/wp\/v2\/product_tag?post=26027"}],"curies":[{"name":"wp","href":"https:\/\/api.w.org\/{rel}","templated":true}]}}