{"id":26046,"date":"2025-04-15T10:32:48","date_gmt":"2025-04-15T08:32:48","guid":{"rendered":"https:\/\/bauweb.hr\/?post_type=product&#038;p=26046"},"modified":"2025-04-15T10:32:48","modified_gmt":"2025-04-15T08:32:48","slug":"distar-turbo-elite-max-dijamantna-rezna-ploca-232mm-25mm-2223mm","status":"publish","type":"product","link":"https:\/\/bauweb.hr\/index.php\/product\/distar-turbo-elite-max-dijamantna-rezna-ploca-232mm-25mm-2223mm\/","title":{"rendered":"Distar Turbo Elite Max dijamantna rezna plo\u010da 232mm\/2,5mm\/22,23mm"},"content":{"rendered":"<h4>Distar Turbo Elite Max dijamantna rezna plo\u010da 232mm\/2,5mm\/22,23mm DS6135<\/h4>\n<p><span>Dijamantna rezna plo\u010da DISTAR TURBO ELITE MAX namijenjena je za profesionalnu obradu granitnih povr\u0161ina.<br \/>\nZbog svoje jedinstvene strukture i prisutnosti rupa za hladnjak na cijeloj o\u0161trici, o\u0161trica pru\u017ea najmek\u0161i i udobniji rad.<br \/>\nSavr\u0161en za rezanje svih vrsta granita.<\/span><br class=\"first\" \/><span>Dostupan je u promjeru od 232 milimetra s visinom dijamantnog sloja od 12 mm. Koristi se u kombinaciji s kutnom brusilicom s nosa\u010dem od 22,23 mm.<\/span><br \/>\n<span>Omogu\u0107uje rezanje velikom brzinom do 1,6 metara u minuti, s vijekom trajanja od 225 du\u017enih metara pri rezanju tvrdog granita na dubini od 30 mm.<\/span><br \/>\n<span>Pozicionira se kao najuravnote\u017eeniji alat za obradu granitnih povr\u0161ina.<\/span><\/p>\n<div class=\"feature\">\n<div><strong>Tehni\u010dki podaci:<\/strong><\/div>\n<div class=\"f-text\"><span>Promjer: <\/span><span>230mm<\/span><\/div>\n<\/div>\n<div class=\"feature\">\n<div class=\"f-text\"><span>Debljina: <\/span><span>2.5mm<\/span><\/div>\n<\/div>\n<div class=\"feature\">\n<div class=\"f-text\"><span>Hla\u0111enje: <\/span><span>Bez hla\u0111enja<\/span><\/div>\n<\/div>\n<div class=\"feature\">\n<div class=\"f-text\"><span>Promjer provrta: <\/span><span>22.23mm<\/span><\/div>\n<\/div>\n<div class=\"feature\">\n<div class=\"f-text\"><span>Svrha:\u00a0<\/span><span>Granit<\/span><\/div>\n<\/div>\n","protected":false},"excerpt":{"rendered":"<h4>Distar Turbo Elite Max dijamantna rezna plo\u010da 232mm\/2,5mm\/22,23mm DS6135<\/h4>\n<p>Dijamantna rezna plo\u010da DISTAR TURBO ELITE MAX namijenjena je za profesionalnu obradu granitnih povr\u0161ina.<br \/>\nZbog svoje jedinstvene strukture i prisutnosti rupa za hladnjak na cijeloj o\u0161trici, o\u0161trica pru\u017ea najmek\u0161i i udobniji rad.<br \/>\nSavr\u0161en za rezanje svih vrsta granita.<\/p>\n","protected":false},"featured_media":26048,"comment_status":"open","ping_status":"closed","template":"","meta":[],"product_brand":[386],"product_cat":[102,185],"product_tag":[],"class_list":{"0":"post-26046","1":"product","2":"type-product","3":"status-publish","4":"has-post-thumbnail","6":"product_brand-distar","7":"product_cat-keramicari","8":"product_cat-rezne-ploce","10":"first","11":"instock","12":"shipping-taxable","13":"purchasable","14":"product-type-simple"},"yoast_head":"<!-- This site is optimized with the Yoast SEO plugin v27.2 - https:\/\/yoast.com\/product\/yoast-seo-wordpress\/ -->\n<title>Distar Turbo Elite Max dijamantna rezna plo\u010da 232mm\/2,5mm\/22,23mm - BauWeb<\/title>\n<meta name=\"description\" content=\"Potra\u017eite \u0161iroki izbor alata i materijala za profesionalne gra\u0111evinske radove. Istra\u017ei Bauweb ponudu i kupuj uz odli\u010dne popuste.\" \/>\n<meta name=\"robots\" content=\"index, follow, max-snippet:-1, max-image-preview:large, max-video-preview:-1\" \/>\n<link rel=\"canonical\" href=\"https:\/\/bauweb.hr\/index.php\/product\/distar-turbo-elite-max-dijamantna-rezna-ploca-232mm-25mm-2223mm\/\" \/>\n<meta property=\"og:locale\" content=\"hr_HR\" \/>\n<meta property=\"og:type\" content=\"article\" \/>\n<meta property=\"og:title\" content=\"Distar Turbo Elite Max dijamantna rezna plo\u010da 232mm\/2,5mm\/22,23mm - BauWeb\" \/>\n<meta property=\"og:description\" content=\"Potra\u017eite \u0161iroki izbor alata i materijala za profesionalne gra\u0111evinske radove. Istra\u017ei Bauweb ponudu i kupuj uz odli\u010dne popuste.\" \/>\n<meta property=\"og:url\" content=\"https:\/\/bauweb.hr\/index.php\/product\/distar-turbo-elite-max-dijamantna-rezna-ploca-232mm-25mm-2223mm\/\" \/>\n<meta property=\"og:site_name\" content=\"BauWeb\" \/>\n<meta property=\"article:publisher\" content=\"https:\/\/facebook.com\/bauweb00\" \/>\n<meta property=\"og:image\" content=\"https:\/\/bauweb.hr\/wp-content\/uploads\/2025\/04\/elitemax_1.jpg\" \/>\n\t<meta property=\"og:image:width\" content=\"690\" \/>\n\t<meta property=\"og:image:height\" content=\"690\" \/>\n\t<meta property=\"og:image:type\" content=\"image\/jpeg\" \/>\n<meta name=\"twitter:card\" content=\"summary_large_image\" \/>\n<meta name=\"twitter:label1\" content=\"Procijenjeno vrijeme \u010ditanja\" \/>\n\t<meta name=\"twitter:data1\" content=\"1 minuta\" \/>\n<script type=\"application\/ld+json\" class=\"yoast-schema-graph\">{\"@context\":\"https:\/\/schema.org\",\"@graph\":[{\"@type\":\"WebPage\",\"@id\":\"https:\/\/bauweb.hr\/index.php\/product\/distar-turbo-elite-max-dijamantna-rezna-ploca-232mm-25mm-2223mm\/\",\"url\":\"https:\/\/bauweb.hr\/index.php\/product\/distar-turbo-elite-max-dijamantna-rezna-ploca-232mm-25mm-2223mm\/\",\"name\":\"Distar Turbo Elite Max dijamantna rezna plo\u010da 232mm\/2,5mm\/22,23mm - BauWeb\",\"isPartOf\":{\"@id\":\"https:\/\/bauweb.hr\/#website\"},\"primaryImageOfPage\":{\"@id\":\"https:\/\/bauweb.hr\/index.php\/product\/distar-turbo-elite-max-dijamantna-rezna-ploca-232mm-25mm-2223mm\/#primaryimage\"},\"image\":{\"@id\":\"https:\/\/bauweb.hr\/index.php\/product\/distar-turbo-elite-max-dijamantna-rezna-ploca-232mm-25mm-2223mm\/#primaryimage\"},\"thumbnailUrl\":\"https:\/\/bauweb.hr\/wp-content\/uploads\/2025\/04\/elitemax_1.jpg\",\"datePublished\":\"2025-04-15T08:32:48+00:00\",\"description\":\"Potra\u017eite \u0161iroki izbor alata i materijala za profesionalne gra\u0111evinske radove. Istra\u017ei Bauweb ponudu i kupuj uz odli\u010dne popuste.\",\"breadcrumb\":{\"@id\":\"https:\/\/bauweb.hr\/index.php\/product\/distar-turbo-elite-max-dijamantna-rezna-ploca-232mm-25mm-2223mm\/#breadcrumb\"},\"inLanguage\":\"hr\",\"potentialAction\":[{\"@type\":\"ReadAction\",\"target\":[\"https:\/\/bauweb.hr\/index.php\/product\/distar-turbo-elite-max-dijamantna-rezna-ploca-232mm-25mm-2223mm\/\"]}]},{\"@type\":\"ImageObject\",\"inLanguage\":\"hr\",\"@id\":\"https:\/\/bauweb.hr\/index.php\/product\/distar-turbo-elite-max-dijamantna-rezna-ploca-232mm-25mm-2223mm\/#primaryimage\",\"url\":\"https:\/\/bauweb.hr\/wp-content\/uploads\/2025\/04\/elitemax_1.jpg\",\"contentUrl\":\"https:\/\/bauweb.hr\/wp-content\/uploads\/2025\/04\/elitemax_1.jpg\",\"width\":690,\"height\":690},{\"@type\":\"BreadcrumbList\",\"@id\":\"https:\/\/bauweb.hr\/index.php\/product\/distar-turbo-elite-max-dijamantna-rezna-ploca-232mm-25mm-2223mm\/#breadcrumb\",\"itemListElement\":[{\"@type\":\"ListItem\",\"position\":1,\"name\":\"Po\u010detna stranica\",\"item\":\"https:\/\/bauweb.hr\/\"},{\"@type\":\"ListItem\",\"position\":2,\"name\":\"Shop\",\"item\":\"https:\/\/bauweb.hr\/index.php\/shop-wooshop-v1\/\"},{\"@type\":\"ListItem\",\"position\":3,\"name\":\"Distar Turbo Elite Max dijamantna rezna plo\u010da 232mm\/2,5mm\/22,23mm\"}]},{\"@type\":\"WebSite\",\"@id\":\"https:\/\/bauweb.hr\/#website\",\"url\":\"https:\/\/bauweb.hr\/\",\"name\":\"BauWeb\",\"description\":\"Za prave majstore\",\"publisher\":{\"@id\":\"https:\/\/bauweb.hr\/#organization\"},\"alternateName\":\"BauWeb\",\"potentialAction\":[{\"@type\":\"SearchAction\",\"target\":{\"@type\":\"EntryPoint\",\"urlTemplate\":\"https:\/\/bauweb.hr\/?s={search_term_string}\"},\"query-input\":{\"@type\":\"PropertyValueSpecification\",\"valueRequired\":true,\"valueName\":\"search_term_string\"}}],\"inLanguage\":\"hr\"},{\"@type\":\"Organization\",\"@id\":\"https:\/\/bauweb.hr\/#organization\",\"name\":\"Hobi dom d.o.o.\",\"url\":\"https:\/\/bauweb.hr\/\",\"logo\":{\"@type\":\"ImageObject\",\"inLanguage\":\"hr\",\"@id\":\"https:\/\/bauweb.hr\/#\/schema\/logo\/image\/\",\"url\":\"https:\/\/bauweb.hr\/wp-content\/uploads\/2023\/01\/Bauweb_logo-01.png\",\"contentUrl\":\"https:\/\/bauweb.hr\/wp-content\/uploads\/2023\/01\/Bauweb_logo-01.png\",\"width\":842,\"height\":596,\"caption\":\"Hobi dom d.o.o.\"},\"image\":{\"@id\":\"https:\/\/bauweb.hr\/#\/schema\/logo\/image\/\"},\"sameAs\":[\"https:\/\/facebook.com\/bauweb00\",\"https:\/\/instagram.com\/bauweb_shop\"]}]}<\/script>\n<!-- \/ Yoast SEO plugin. -->","yoast_head_json":{"title":"Distar Turbo Elite Max dijamantna rezna plo\u010da 232mm\/2,5mm\/22,23mm - BauWeb","description":"Potra\u017eite \u0161iroki izbor alata i materijala za profesionalne gra\u0111evinske radove. Istra\u017ei Bauweb ponudu i kupuj uz odli\u010dne popuste.","robots":{"index":"index","follow":"follow","max-snippet":"max-snippet:-1","max-image-preview":"max-image-preview:large","max-video-preview":"max-video-preview:-1"},"canonical":"https:\/\/bauweb.hr\/index.php\/product\/distar-turbo-elite-max-dijamantna-rezna-ploca-232mm-25mm-2223mm\/","og_locale":"hr_HR","og_type":"article","og_title":"Distar Turbo Elite Max dijamantna rezna plo\u010da 232mm\/2,5mm\/22,23mm - BauWeb","og_description":"Potra\u017eite \u0161iroki izbor alata i materijala za profesionalne gra\u0111evinske radove. Istra\u017ei Bauweb ponudu i kupuj uz odli\u010dne popuste.","og_url":"https:\/\/bauweb.hr\/index.php\/product\/distar-turbo-elite-max-dijamantna-rezna-ploca-232mm-25mm-2223mm\/","og_site_name":"BauWeb","article_publisher":"https:\/\/facebook.com\/bauweb00","og_image":[{"width":690,"height":690,"url":"https:\/\/bauweb.hr\/wp-content\/uploads\/2025\/04\/elitemax_1.jpg","type":"image\/jpeg"}],"twitter_card":"summary_large_image","twitter_misc":{"Procijenjeno vrijeme \u010ditanja":"1 minuta"},"schema":{"@context":"https:\/\/schema.org","@graph":[{"@type":"WebPage","@id":"https:\/\/bauweb.hr\/index.php\/product\/distar-turbo-elite-max-dijamantna-rezna-ploca-232mm-25mm-2223mm\/","url":"https:\/\/bauweb.hr\/index.php\/product\/distar-turbo-elite-max-dijamantna-rezna-ploca-232mm-25mm-2223mm\/","name":"Distar Turbo Elite Max dijamantna rezna plo\u010da 232mm\/2,5mm\/22,23mm - BauWeb","isPartOf":{"@id":"https:\/\/bauweb.hr\/#website"},"primaryImageOfPage":{"@id":"https:\/\/bauweb.hr\/index.php\/product\/distar-turbo-elite-max-dijamantna-rezna-ploca-232mm-25mm-2223mm\/#primaryimage"},"image":{"@id":"https:\/\/bauweb.hr\/index.php\/product\/distar-turbo-elite-max-dijamantna-rezna-ploca-232mm-25mm-2223mm\/#primaryimage"},"thumbnailUrl":"https:\/\/bauweb.hr\/wp-content\/uploads\/2025\/04\/elitemax_1.jpg","datePublished":"2025-04-15T08:32:48+00:00","description":"Potra\u017eite \u0161iroki izbor alata i materijala za profesionalne gra\u0111evinske radove. Istra\u017ei Bauweb ponudu i kupuj uz odli\u010dne popuste.","breadcrumb":{"@id":"https:\/\/bauweb.hr\/index.php\/product\/distar-turbo-elite-max-dijamantna-rezna-ploca-232mm-25mm-2223mm\/#breadcrumb"},"inLanguage":"hr","potentialAction":[{"@type":"ReadAction","target":["https:\/\/bauweb.hr\/index.php\/product\/distar-turbo-elite-max-dijamantna-rezna-ploca-232mm-25mm-2223mm\/"]}]},{"@type":"ImageObject","inLanguage":"hr","@id":"https:\/\/bauweb.hr\/index.php\/product\/distar-turbo-elite-max-dijamantna-rezna-ploca-232mm-25mm-2223mm\/#primaryimage","url":"https:\/\/bauweb.hr\/wp-content\/uploads\/2025\/04\/elitemax_1.jpg","contentUrl":"https:\/\/bauweb.hr\/wp-content\/uploads\/2025\/04\/elitemax_1.jpg","width":690,"height":690},{"@type":"BreadcrumbList","@id":"https:\/\/bauweb.hr\/index.php\/product\/distar-turbo-elite-max-dijamantna-rezna-ploca-232mm-25mm-2223mm\/#breadcrumb","itemListElement":[{"@type":"ListItem","position":1,"name":"Po\u010detna stranica","item":"https:\/\/bauweb.hr\/"},{"@type":"ListItem","position":2,"name":"Shop","item":"https:\/\/bauweb.hr\/index.php\/shop-wooshop-v1\/"},{"@type":"ListItem","position":3,"name":"Distar Turbo Elite Max dijamantna rezna plo\u010da 232mm\/2,5mm\/22,23mm"}]},{"@type":"WebSite","@id":"https:\/\/bauweb.hr\/#website","url":"https:\/\/bauweb.hr\/","name":"BauWeb","description":"Za prave majstore","publisher":{"@id":"https:\/\/bauweb.hr\/#organization"},"alternateName":"BauWeb","potentialAction":[{"@type":"SearchAction","target":{"@type":"EntryPoint","urlTemplate":"https:\/\/bauweb.hr\/?s={search_term_string}"},"query-input":{"@type":"PropertyValueSpecification","valueRequired":true,"valueName":"search_term_string"}}],"inLanguage":"hr"},{"@type":"Organization","@id":"https:\/\/bauweb.hr\/#organization","name":"Hobi dom d.o.o.","url":"https:\/\/bauweb.hr\/","logo":{"@type":"ImageObject","inLanguage":"hr","@id":"https:\/\/bauweb.hr\/#\/schema\/logo\/image\/","url":"https:\/\/bauweb.hr\/wp-content\/uploads\/2023\/01\/Bauweb_logo-01.png","contentUrl":"https:\/\/bauweb.hr\/wp-content\/uploads\/2023\/01\/Bauweb_logo-01.png","width":842,"height":596,"caption":"Hobi dom d.o.o."},"image":{"@id":"https:\/\/bauweb.hr\/#\/schema\/logo\/image\/"},"sameAs":["https:\/\/facebook.com\/bauweb00","https:\/\/instagram.com\/bauweb_shop"]}]}},"_links":{"self":[{"href":"https:\/\/bauweb.hr\/index.php\/wp-json\/wp\/v2\/product\/26046","targetHints":{"allow":["GET"]}}],"collection":[{"href":"https:\/\/bauweb.hr\/index.php\/wp-json\/wp\/v2\/product"}],"about":[{"href":"https:\/\/bauweb.hr\/index.php\/wp-json\/wp\/v2\/types\/product"}],"replies":[{"embeddable":true,"href":"https:\/\/bauweb.hr\/index.php\/wp-json\/wp\/v2\/comments?post=26046"}],"wp:featuredmedia":[{"embeddable":true,"href":"https:\/\/bauweb.hr\/index.php\/wp-json\/wp\/v2\/media\/26048"}],"wp:attachment":[{"href":"https:\/\/bauweb.hr\/index.php\/wp-json\/wp\/v2\/media?parent=26046"}],"wp:term":[{"taxonomy":"product_brand","embeddable":true,"href":"https:\/\/bauweb.hr\/index.php\/wp-json\/wp\/v2\/product_brand?post=26046"},{"taxonomy":"product_cat","embeddable":true,"href":"https:\/\/bauweb.hr\/index.php\/wp-json\/wp\/v2\/product_cat?post=26046"},{"taxonomy":"product_tag","embeddable":true,"href":"https:\/\/bauweb.hr\/index.php\/wp-json\/wp\/v2\/product_tag?post=26046"}],"curies":[{"name":"wp","href":"https:\/\/api.w.org\/{rel}","templated":true}]}}