{"id":26057,"date":"2025-04-15T10:56:46","date_gmt":"2025-04-15T08:56:46","guid":{"rendered":"https:\/\/bauweb.hr\/?post_type=product&#038;p=26057"},"modified":"2025-05-21T18:39:36","modified_gmt":"2025-05-21T16:39:36","slug":"distar-elegant-dijamantna-rezna-ploca-100mm","status":"publish","type":"product","link":"https:\/\/bauweb.hr\/index.php\/product\/distar-elegant-dijamantna-rezna-ploca-100mm\/","title":{"rendered":"Distar ELEGANT dijamantna rezna plo\u010da 100mm"},"content":{"rendered":"<h4>Distar ELEGANT dijamantna rezna plo\u010da 100mm DS5916<\/h4>\n<p><span>Savr\u0161en rub \u010dak i na glazuri<\/span><br class=\"first\" \/><span>Krhotine su glavna pote\u0161ko\u0107a pri rezanju glaziranih plo\u010dica, u\u017earenog porculanskog gresa.<br \/>\nGlavni \u010dimbenik \u010disto\u0107e rezanja je dijamantna o\u0161trica.<\/span><br \/>\n<span>Elegantna o\u0161trica je najbolje rje\u0161enje za zavr\u0161no rezanje slo\u017eenih materijala.<\/span><br \/>\n<span>Disk koristi vrlo fini dijamant i samoo\u0161tre\u0107u vezu.<br \/>\nMali promjer o\u0161trice od 100 mm stvara prednosti tijekom zavr\u0161nog rezanja u usporedbi s promjerima od 115 i 125 mm, jer prakti\u010dki ne vodi u stranu, o\u0161trica ima minimalne vibracije.<\/span><br \/>\n<span>O\u0161trica pru\u017ea tako \u010dist rez da je gotovo nemogu\u0107e prona\u0107i \u010dak i minimalne strugotine, uklju\u010duju\u0107i i glazirane plo\u010dice.<br \/>\nNije potrebna daljnja obrada rubova.<br \/>\nO\u0161trica tako\u0111er ne ostavlja strugotine na stra\u017enjoj strani plo\u010dice.<br \/>\nOvo je osobito va\u017eno u proizvodnji radnih plo\u010da i kerami\u010dkog namje\u0161taja.<\/span><br \/>\n<span>Ovo je naj\u010di\u0161\u0107a o\u0161trica iz cijele Distar linije.<br \/>\nInstalirajte i u\u017eivajte u rezultatu.<\/span><br \/>\n<span>O\u0161trica koja se koristi na kutnoj brusilici s ru\u010dkom bez upotrebe rashladnog sredstva.<\/span><\/p>\n","protected":false},"excerpt":{"rendered":"<h4>Distar ELEGANT dijamantna rezna plo\u010da 100mm DS5916<\/h4>\n<p>Savr\u0161en rub \u010dak i na glazuri<br class=\"first\" \/>Krhotine su glavna pote\u0161ko\u0107a pri rezanju glaziranih plo\u010dica, u\u017earenog porculanskog gresa.<br \/>\nGlavni \u010dimbenik \u010disto\u0107e rezanja je dijamantna o\u0161trica.<br \/>\nElegantna o\u0161trica je najbolje rje\u0161enje za zavr\u0161no rezanje slo\u017eenih materijala.<br \/>\nDisk koristi vrlo fini dijamant i samoo\u0161tre\u0107u vezu.<\/p>\n","protected":false},"featured_media":26058,"comment_status":"open","ping_status":"closed","template":"","meta":[],"product_brand":[386],"product_cat":[102,185],"product_tag":[],"class_list":{"0":"post-26057","1":"product","2":"type-product","3":"status-publish","4":"has-post-thumbnail","6":"product_brand-distar","7":"product_cat-keramicari","8":"product_cat-rezne-ploce","10":"first","11":"instock","12":"shipping-taxable","13":"purchasable","14":"product-type-simple"},"yoast_head":"<!-- This site is optimized with the Yoast SEO plugin v27.2 - https:\/\/yoast.com\/product\/yoast-seo-wordpress\/ -->\n<title>Distar ELEGANT dijamantna rezna plo\u010da 100mm - BauWeb<\/title>\n<meta name=\"description\" content=\"Potra\u017eite \u0161iroki izbor alata i materijala za profesionalne gra\u0111evinske radove. Istra\u017ei Bauweb ponudu i kupuj uz odli\u010dne popuste.\" \/>\n<meta name=\"robots\" content=\"index, follow, max-snippet:-1, max-image-preview:large, max-video-preview:-1\" \/>\n<link rel=\"canonical\" href=\"https:\/\/bauweb.hr\/index.php\/product\/distar-elegant-dijamantna-rezna-ploca-100mm\/\" \/>\n<meta property=\"og:locale\" content=\"hr_HR\" \/>\n<meta property=\"og:type\" content=\"article\" \/>\n<meta property=\"og:title\" content=\"Distar ELEGANT dijamantna rezna plo\u010da 100mm - BauWeb\" \/>\n<meta property=\"og:description\" content=\"Potra\u017eite \u0161iroki izbor alata i materijala za profesionalne gra\u0111evinske radove. Istra\u017ei Bauweb ponudu i kupuj uz odli\u010dne popuste.\" \/>\n<meta property=\"og:url\" content=\"https:\/\/bauweb.hr\/index.php\/product\/distar-elegant-dijamantna-rezna-ploca-100mm\/\" \/>\n<meta property=\"og:site_name\" content=\"BauWeb\" \/>\n<meta property=\"article:publisher\" content=\"https:\/\/facebook.com\/bauweb00\" \/>\n<meta property=\"article:modified_time\" content=\"2025-05-21T16:39:36+00:00\" \/>\n<meta property=\"og:image\" content=\"https:\/\/bauweb.hr\/wp-content\/uploads\/2025\/04\/elegant.jpg\" \/>\n\t<meta property=\"og:image:width\" content=\"690\" \/>\n\t<meta property=\"og:image:height\" content=\"690\" \/>\n\t<meta property=\"og:image:type\" content=\"image\/jpeg\" \/>\n<meta name=\"twitter:card\" content=\"summary_large_image\" \/>\n<meta name=\"twitter:label1\" content=\"Procijenjeno vrijeme \u010ditanja\" \/>\n\t<meta name=\"twitter:data1\" content=\"2 minute\" \/>\n<script type=\"application\/ld+json\" class=\"yoast-schema-graph\">{\"@context\":\"https:\/\/schema.org\",\"@graph\":[{\"@type\":\"WebPage\",\"@id\":\"https:\/\/bauweb.hr\/index.php\/product\/distar-elegant-dijamantna-rezna-ploca-100mm\/\",\"url\":\"https:\/\/bauweb.hr\/index.php\/product\/distar-elegant-dijamantna-rezna-ploca-100mm\/\",\"name\":\"Distar ELEGANT dijamantna rezna plo\u010da 100mm - BauWeb\",\"isPartOf\":{\"@id\":\"https:\/\/bauweb.hr\/#website\"},\"primaryImageOfPage\":{\"@id\":\"https:\/\/bauweb.hr\/index.php\/product\/distar-elegant-dijamantna-rezna-ploca-100mm\/#primaryimage\"},\"image\":{\"@id\":\"https:\/\/bauweb.hr\/index.php\/product\/distar-elegant-dijamantna-rezna-ploca-100mm\/#primaryimage\"},\"thumbnailUrl\":\"https:\/\/bauweb.hr\/wp-content\/uploads\/2025\/04\/elegant.jpg\",\"datePublished\":\"2025-04-15T08:56:46+00:00\",\"dateModified\":\"2025-05-21T16:39:36+00:00\",\"description\":\"Potra\u017eite \u0161iroki izbor alata i materijala za profesionalne gra\u0111evinske radove. Istra\u017ei Bauweb ponudu i kupuj uz odli\u010dne popuste.\",\"breadcrumb\":{\"@id\":\"https:\/\/bauweb.hr\/index.php\/product\/distar-elegant-dijamantna-rezna-ploca-100mm\/#breadcrumb\"},\"inLanguage\":\"hr\",\"potentialAction\":[{\"@type\":\"ReadAction\",\"target\":[\"https:\/\/bauweb.hr\/index.php\/product\/distar-elegant-dijamantna-rezna-ploca-100mm\/\"]}]},{\"@type\":\"ImageObject\",\"inLanguage\":\"hr\",\"@id\":\"https:\/\/bauweb.hr\/index.php\/product\/distar-elegant-dijamantna-rezna-ploca-100mm\/#primaryimage\",\"url\":\"https:\/\/bauweb.hr\/wp-content\/uploads\/2025\/04\/elegant.jpg\",\"contentUrl\":\"https:\/\/bauweb.hr\/wp-content\/uploads\/2025\/04\/elegant.jpg\",\"width\":690,\"height\":690},{\"@type\":\"BreadcrumbList\",\"@id\":\"https:\/\/bauweb.hr\/index.php\/product\/distar-elegant-dijamantna-rezna-ploca-100mm\/#breadcrumb\",\"itemListElement\":[{\"@type\":\"ListItem\",\"position\":1,\"name\":\"Po\u010detna stranica\",\"item\":\"https:\/\/bauweb.hr\/\"},{\"@type\":\"ListItem\",\"position\":2,\"name\":\"Shop\",\"item\":\"https:\/\/bauweb.hr\/index.php\/shop-wooshop-v1\/\"},{\"@type\":\"ListItem\",\"position\":3,\"name\":\"Distar ELEGANT dijamantna rezna plo\u010da 100mm\"}]},{\"@type\":\"WebSite\",\"@id\":\"https:\/\/bauweb.hr\/#website\",\"url\":\"https:\/\/bauweb.hr\/\",\"name\":\"BauWeb\",\"description\":\"Za prave majstore\",\"publisher\":{\"@id\":\"https:\/\/bauweb.hr\/#organization\"},\"alternateName\":\"BauWeb\",\"potentialAction\":[{\"@type\":\"SearchAction\",\"target\":{\"@type\":\"EntryPoint\",\"urlTemplate\":\"https:\/\/bauweb.hr\/?s={search_term_string}\"},\"query-input\":{\"@type\":\"PropertyValueSpecification\",\"valueRequired\":true,\"valueName\":\"search_term_string\"}}],\"inLanguage\":\"hr\"},{\"@type\":\"Organization\",\"@id\":\"https:\/\/bauweb.hr\/#organization\",\"name\":\"Hobi dom d.o.o.\",\"url\":\"https:\/\/bauweb.hr\/\",\"logo\":{\"@type\":\"ImageObject\",\"inLanguage\":\"hr\",\"@id\":\"https:\/\/bauweb.hr\/#\/schema\/logo\/image\/\",\"url\":\"https:\/\/bauweb.hr\/wp-content\/uploads\/2023\/01\/Bauweb_logo-01.png\",\"contentUrl\":\"https:\/\/bauweb.hr\/wp-content\/uploads\/2023\/01\/Bauweb_logo-01.png\",\"width\":842,\"height\":596,\"caption\":\"Hobi dom d.o.o.\"},\"image\":{\"@id\":\"https:\/\/bauweb.hr\/#\/schema\/logo\/image\/\"},\"sameAs\":[\"https:\/\/facebook.com\/bauweb00\",\"https:\/\/instagram.com\/bauweb_shop\"]}]}<\/script>\n<!-- \/ Yoast SEO plugin. -->","yoast_head_json":{"title":"Distar ELEGANT dijamantna rezna plo\u010da 100mm - BauWeb","description":"Potra\u017eite \u0161iroki izbor alata i materijala za profesionalne gra\u0111evinske radove. Istra\u017ei Bauweb ponudu i kupuj uz odli\u010dne popuste.","robots":{"index":"index","follow":"follow","max-snippet":"max-snippet:-1","max-image-preview":"max-image-preview:large","max-video-preview":"max-video-preview:-1"},"canonical":"https:\/\/bauweb.hr\/index.php\/product\/distar-elegant-dijamantna-rezna-ploca-100mm\/","og_locale":"hr_HR","og_type":"article","og_title":"Distar ELEGANT dijamantna rezna plo\u010da 100mm - BauWeb","og_description":"Potra\u017eite \u0161iroki izbor alata i materijala za profesionalne gra\u0111evinske radove. Istra\u017ei Bauweb ponudu i kupuj uz odli\u010dne popuste.","og_url":"https:\/\/bauweb.hr\/index.php\/product\/distar-elegant-dijamantna-rezna-ploca-100mm\/","og_site_name":"BauWeb","article_publisher":"https:\/\/facebook.com\/bauweb00","article_modified_time":"2025-05-21T16:39:36+00:00","og_image":[{"width":690,"height":690,"url":"https:\/\/bauweb.hr\/wp-content\/uploads\/2025\/04\/elegant.jpg","type":"image\/jpeg"}],"twitter_card":"summary_large_image","twitter_misc":{"Procijenjeno vrijeme \u010ditanja":"2 minute"},"schema":{"@context":"https:\/\/schema.org","@graph":[{"@type":"WebPage","@id":"https:\/\/bauweb.hr\/index.php\/product\/distar-elegant-dijamantna-rezna-ploca-100mm\/","url":"https:\/\/bauweb.hr\/index.php\/product\/distar-elegant-dijamantna-rezna-ploca-100mm\/","name":"Distar ELEGANT dijamantna rezna plo\u010da 100mm - BauWeb","isPartOf":{"@id":"https:\/\/bauweb.hr\/#website"},"primaryImageOfPage":{"@id":"https:\/\/bauweb.hr\/index.php\/product\/distar-elegant-dijamantna-rezna-ploca-100mm\/#primaryimage"},"image":{"@id":"https:\/\/bauweb.hr\/index.php\/product\/distar-elegant-dijamantna-rezna-ploca-100mm\/#primaryimage"},"thumbnailUrl":"https:\/\/bauweb.hr\/wp-content\/uploads\/2025\/04\/elegant.jpg","datePublished":"2025-04-15T08:56:46+00:00","dateModified":"2025-05-21T16:39:36+00:00","description":"Potra\u017eite \u0161iroki izbor alata i materijala za profesionalne gra\u0111evinske radove. Istra\u017ei Bauweb ponudu i kupuj uz odli\u010dne popuste.","breadcrumb":{"@id":"https:\/\/bauweb.hr\/index.php\/product\/distar-elegant-dijamantna-rezna-ploca-100mm\/#breadcrumb"},"inLanguage":"hr","potentialAction":[{"@type":"ReadAction","target":["https:\/\/bauweb.hr\/index.php\/product\/distar-elegant-dijamantna-rezna-ploca-100mm\/"]}]},{"@type":"ImageObject","inLanguage":"hr","@id":"https:\/\/bauweb.hr\/index.php\/product\/distar-elegant-dijamantna-rezna-ploca-100mm\/#primaryimage","url":"https:\/\/bauweb.hr\/wp-content\/uploads\/2025\/04\/elegant.jpg","contentUrl":"https:\/\/bauweb.hr\/wp-content\/uploads\/2025\/04\/elegant.jpg","width":690,"height":690},{"@type":"BreadcrumbList","@id":"https:\/\/bauweb.hr\/index.php\/product\/distar-elegant-dijamantna-rezna-ploca-100mm\/#breadcrumb","itemListElement":[{"@type":"ListItem","position":1,"name":"Po\u010detna stranica","item":"https:\/\/bauweb.hr\/"},{"@type":"ListItem","position":2,"name":"Shop","item":"https:\/\/bauweb.hr\/index.php\/shop-wooshop-v1\/"},{"@type":"ListItem","position":3,"name":"Distar ELEGANT dijamantna rezna plo\u010da 100mm"}]},{"@type":"WebSite","@id":"https:\/\/bauweb.hr\/#website","url":"https:\/\/bauweb.hr\/","name":"BauWeb","description":"Za prave majstore","publisher":{"@id":"https:\/\/bauweb.hr\/#organization"},"alternateName":"BauWeb","potentialAction":[{"@type":"SearchAction","target":{"@type":"EntryPoint","urlTemplate":"https:\/\/bauweb.hr\/?s={search_term_string}"},"query-input":{"@type":"PropertyValueSpecification","valueRequired":true,"valueName":"search_term_string"}}],"inLanguage":"hr"},{"@type":"Organization","@id":"https:\/\/bauweb.hr\/#organization","name":"Hobi dom d.o.o.","url":"https:\/\/bauweb.hr\/","logo":{"@type":"ImageObject","inLanguage":"hr","@id":"https:\/\/bauweb.hr\/#\/schema\/logo\/image\/","url":"https:\/\/bauweb.hr\/wp-content\/uploads\/2023\/01\/Bauweb_logo-01.png","contentUrl":"https:\/\/bauweb.hr\/wp-content\/uploads\/2023\/01\/Bauweb_logo-01.png","width":842,"height":596,"caption":"Hobi dom d.o.o."},"image":{"@id":"https:\/\/bauweb.hr\/#\/schema\/logo\/image\/"},"sameAs":["https:\/\/facebook.com\/bauweb00","https:\/\/instagram.com\/bauweb_shop"]}]}},"_links":{"self":[{"href":"https:\/\/bauweb.hr\/index.php\/wp-json\/wp\/v2\/product\/26057","targetHints":{"allow":["GET"]}}],"collection":[{"href":"https:\/\/bauweb.hr\/index.php\/wp-json\/wp\/v2\/product"}],"about":[{"href":"https:\/\/bauweb.hr\/index.php\/wp-json\/wp\/v2\/types\/product"}],"replies":[{"embeddable":true,"href":"https:\/\/bauweb.hr\/index.php\/wp-json\/wp\/v2\/comments?post=26057"}],"wp:featuredmedia":[{"embeddable":true,"href":"https:\/\/bauweb.hr\/index.php\/wp-json\/wp\/v2\/media\/26058"}],"wp:attachment":[{"href":"https:\/\/bauweb.hr\/index.php\/wp-json\/wp\/v2\/media?parent=26057"}],"wp:term":[{"taxonomy":"product_brand","embeddable":true,"href":"https:\/\/bauweb.hr\/index.php\/wp-json\/wp\/v2\/product_brand?post=26057"},{"taxonomy":"product_cat","embeddable":true,"href":"https:\/\/bauweb.hr\/index.php\/wp-json\/wp\/v2\/product_cat?post=26057"},{"taxonomy":"product_tag","embeddable":true,"href":"https:\/\/bauweb.hr\/index.php\/wp-json\/wp\/v2\/product_tag?post=26057"}],"curies":[{"name":"wp","href":"https:\/\/api.w.org\/{rel}","templated":true}]}}