{"id":26097,"date":"2025-04-15T14:32:01","date_gmt":"2025-04-15T12:32:01","guid":{"rendered":"https:\/\/bauweb.hr\/?post_type=product&#038;p=26097"},"modified":"2025-11-01T10:13:05","modified_gmt":"2025-11-01T09:13:05","slug":"kd-automatski-krizni-laser","status":"publish","type":"product","link":"https:\/\/bauweb.hr\/index.php\/product\/kd-automatski-krizni-laser\/","title":{"rendered":"K&#038;D Automatski kri\u017eni laser"},"content":{"rendered":"<h4>K&amp;D Automatski kri\u017eni laser<\/h4>\n<p>AUTOMATSKI KRI\u017dNI LASER<\/p>\n<p><strong>TEHNI\u010cKI PARAMETRI PROIZVODA:<\/strong><br \/>\n&#8211; Horizontalna to\u010dnost: \u00b1 0,5 mm\/m&#8221;<br \/>\n&#8211; Vertikalna to\u010dnost: \u00b1 0,5 mm\/m<br \/>\n&#8211; Valna duljina lasera: 650nm<br \/>\n&#8211; Izvor lasera: LED 5mw<br \/>\n&#8211; Raspon samoniveliranja: \u00b14\u00b0<br \/>\n&#8211; Vrijeme samoniveliranja: 5s<br \/>\n&#8211; Kut snopa: snopovi \u2265 120 \u00b0<br \/>\n&#8211; Napajanje: Baterije 2xLR(AA)<br \/>\n&#8211; Vrijeme rada: oko 12h<br \/>\n&#8211; Radni domet: 5m<br \/>\n&#8211; Radna temperatura: -5\u00b0 &#8211; +45\u00b0<br \/>\n&#8211; Te\u017eina: 2,5 kg<\/p>\n","protected":false},"excerpt":{"rendered":"<p>AUTOMATSKI KRI\u017dNI LASER<\/p>\n<p><strong>TEHNI\u010cKI PARAMETRI PROIZVODA:<\/strong><br \/>\n&#8211; Horizontalna to\u010dnost: \u00b1 0,5 mm\/m&#8221;<br \/>\n&#8211; Vertikalna to\u010dnost: \u00b1 0,5 mm\/m<br \/>\n&#8211; Valna duljina lasera: 650nm<br \/>\n&#8211; Izvor lasera: LED 5mw<br \/>\n&#8211; Raspon samoniveliranja: \u00b14\u00b0<br \/>\n&#8211; Vrijeme samoniveliranja: 5s<br \/>\n&#8211; Kut snopa: snopovi \u2265 120 \u00b0<br \/>\n&#8211; Napajanje: Baterije 2xLR(AA)<br \/>\n&#8211; Vrijeme rada: oko 12h<br \/>\n&#8211; Radni domet: 5m<br \/>\n&#8211; Radna temperatura: -5\u00b0 &#8211; +45\u00b0<br \/>\n&#8211; Te\u017eina: 2,5 kg<\/p>\n","protected":false},"featured_media":26109,"comment_status":"open","ping_status":"closed","template":"","meta":[],"product_brand":[445],"product_cat":[110,147,130,102,252,104],"product_tag":[],"class_list":{"0":"post-26097","1":"product","2":"type-product","3":"status-publish","4":"has-post-thumbnail","6":"product_brand-kraft-dele","7":"product_cat-alati-pribor","8":"product_cat-alati-i-pribor-keramicari","9":"product_cat-alati-i-pribor-soboslikari","10":"product_cat-keramicari","11":"product_cat-laseri","12":"product_cat-soboslikari","14":"first","15":"instock","16":"shipping-taxable","17":"purchasable","18":"product-type-simple"},"yoast_head":"<!-- This site is optimized with the Yoast SEO plugin v27.2 - https:\/\/yoast.com\/product\/yoast-seo-wordpress\/ -->\n<title>K&amp;D Automatski kri\u017eni laser - BauWeb<\/title>\n<meta name=\"description\" content=\"Potra\u017eite \u0161iroki izbor alata i materijala za profesionalne gra\u0111evinske radove. Istra\u017ei Bauweb ponudu i kupuj uz odli\u010dne popuste.\" \/>\n<meta name=\"robots\" content=\"index, follow, max-snippet:-1, max-image-preview:large, max-video-preview:-1\" \/>\n<link rel=\"canonical\" href=\"https:\/\/bauweb.hr\/index.php\/product\/kd-automatski-krizni-laser\/\" \/>\n<meta property=\"og:locale\" content=\"hr_HR\" \/>\n<meta property=\"og:type\" content=\"article\" \/>\n<meta property=\"og:title\" content=\"K&amp;D Automatski kri\u017eni laser - BauWeb\" \/>\n<meta property=\"og:description\" content=\"Potra\u017eite \u0161iroki izbor alata i materijala za profesionalne gra\u0111evinske radove. Istra\u017ei Bauweb ponudu i kupuj uz odli\u010dne popuste.\" \/>\n<meta property=\"og:url\" content=\"https:\/\/bauweb.hr\/index.php\/product\/kd-automatski-krizni-laser\/\" \/>\n<meta property=\"og:site_name\" content=\"BauWeb\" \/>\n<meta property=\"article:publisher\" content=\"https:\/\/facebook.com\/bauweb00\" \/>\n<meta property=\"article:modified_time\" content=\"2025-11-01T09:13:05+00:00\" \/>\n<meta property=\"og:image\" content=\"https:\/\/bauweb.hr\/wp-content\/uploads\/2025\/04\/laser.jpg\" \/>\n\t<meta property=\"og:image:width\" content=\"690\" \/>\n\t<meta property=\"og:image:height\" content=\"690\" \/>\n\t<meta property=\"og:image:type\" content=\"image\/jpeg\" \/>\n<meta name=\"twitter:card\" content=\"summary_large_image\" \/>\n<meta name=\"twitter:label1\" content=\"Procijenjeno vrijeme \u010ditanja\" \/>\n\t<meta name=\"twitter:data1\" content=\"1 minuta\" \/>\n<script type=\"application\/ld+json\" class=\"yoast-schema-graph\">{\"@context\":\"https:\/\/schema.org\",\"@graph\":[{\"@type\":\"WebPage\",\"@id\":\"https:\/\/bauweb.hr\/index.php\/product\/kd-automatski-krizni-laser\/\",\"url\":\"https:\/\/bauweb.hr\/index.php\/product\/kd-automatski-krizni-laser\/\",\"name\":\"K&D Automatski kri\u017eni laser - BauWeb\",\"isPartOf\":{\"@id\":\"https:\/\/bauweb.hr\/#website\"},\"primaryImageOfPage\":{\"@id\":\"https:\/\/bauweb.hr\/index.php\/product\/kd-automatski-krizni-laser\/#primaryimage\"},\"image\":{\"@id\":\"https:\/\/bauweb.hr\/index.php\/product\/kd-automatski-krizni-laser\/#primaryimage\"},\"thumbnailUrl\":\"https:\/\/bauweb.hr\/wp-content\/uploads\/2025\/04\/laser.jpg\",\"datePublished\":\"2025-04-15T12:32:01+00:00\",\"dateModified\":\"2025-11-01T09:13:05+00:00\",\"description\":\"Potra\u017eite \u0161iroki izbor alata i materijala za profesionalne gra\u0111evinske radove. Istra\u017ei Bauweb ponudu i kupuj uz odli\u010dne popuste.\",\"breadcrumb\":{\"@id\":\"https:\/\/bauweb.hr\/index.php\/product\/kd-automatski-krizni-laser\/#breadcrumb\"},\"inLanguage\":\"hr\",\"potentialAction\":[{\"@type\":\"ReadAction\",\"target\":[\"https:\/\/bauweb.hr\/index.php\/product\/kd-automatski-krizni-laser\/\"]}]},{\"@type\":\"ImageObject\",\"inLanguage\":\"hr\",\"@id\":\"https:\/\/bauweb.hr\/index.php\/product\/kd-automatski-krizni-laser\/#primaryimage\",\"url\":\"https:\/\/bauweb.hr\/wp-content\/uploads\/2025\/04\/laser.jpg\",\"contentUrl\":\"https:\/\/bauweb.hr\/wp-content\/uploads\/2025\/04\/laser.jpg\",\"width\":690,\"height\":690},{\"@type\":\"BreadcrumbList\",\"@id\":\"https:\/\/bauweb.hr\/index.php\/product\/kd-automatski-krizni-laser\/#breadcrumb\",\"itemListElement\":[{\"@type\":\"ListItem\",\"position\":1,\"name\":\"Po\u010detna stranica\",\"item\":\"https:\/\/bauweb.hr\/\"},{\"@type\":\"ListItem\",\"position\":2,\"name\":\"Shop\",\"item\":\"https:\/\/bauweb.hr\/index.php\/shop-wooshop-v1\/\"},{\"@type\":\"ListItem\",\"position\":3,\"name\":\"K&#038;D Automatski kri\u017eni laser\"}]},{\"@type\":\"WebSite\",\"@id\":\"https:\/\/bauweb.hr\/#website\",\"url\":\"https:\/\/bauweb.hr\/\",\"name\":\"BauWeb\",\"description\":\"Za prave majstore\",\"publisher\":{\"@id\":\"https:\/\/bauweb.hr\/#organization\"},\"alternateName\":\"BauWeb\",\"potentialAction\":[{\"@type\":\"SearchAction\",\"target\":{\"@type\":\"EntryPoint\",\"urlTemplate\":\"https:\/\/bauweb.hr\/?s={search_term_string}\"},\"query-input\":{\"@type\":\"PropertyValueSpecification\",\"valueRequired\":true,\"valueName\":\"search_term_string\"}}],\"inLanguage\":\"hr\"},{\"@type\":\"Organization\",\"@id\":\"https:\/\/bauweb.hr\/#organization\",\"name\":\"Hobi dom d.o.o.\",\"url\":\"https:\/\/bauweb.hr\/\",\"logo\":{\"@type\":\"ImageObject\",\"inLanguage\":\"hr\",\"@id\":\"https:\/\/bauweb.hr\/#\/schema\/logo\/image\/\",\"url\":\"https:\/\/bauweb.hr\/wp-content\/uploads\/2023\/01\/Bauweb_logo-01.png\",\"contentUrl\":\"https:\/\/bauweb.hr\/wp-content\/uploads\/2023\/01\/Bauweb_logo-01.png\",\"width\":842,\"height\":596,\"caption\":\"Hobi dom d.o.o.\"},\"image\":{\"@id\":\"https:\/\/bauweb.hr\/#\/schema\/logo\/image\/\"},\"sameAs\":[\"https:\/\/facebook.com\/bauweb00\",\"https:\/\/instagram.com\/bauweb_shop\"]}]}<\/script>\n<!-- \/ Yoast SEO plugin. -->","yoast_head_json":{"title":"K&D Automatski kri\u017eni laser - BauWeb","description":"Potra\u017eite \u0161iroki izbor alata i materijala za profesionalne gra\u0111evinske radove. Istra\u017ei Bauweb ponudu i kupuj uz odli\u010dne popuste.","robots":{"index":"index","follow":"follow","max-snippet":"max-snippet:-1","max-image-preview":"max-image-preview:large","max-video-preview":"max-video-preview:-1"},"canonical":"https:\/\/bauweb.hr\/index.php\/product\/kd-automatski-krizni-laser\/","og_locale":"hr_HR","og_type":"article","og_title":"K&D Automatski kri\u017eni laser - BauWeb","og_description":"Potra\u017eite \u0161iroki izbor alata i materijala za profesionalne gra\u0111evinske radove. Istra\u017ei Bauweb ponudu i kupuj uz odli\u010dne popuste.","og_url":"https:\/\/bauweb.hr\/index.php\/product\/kd-automatski-krizni-laser\/","og_site_name":"BauWeb","article_publisher":"https:\/\/facebook.com\/bauweb00","article_modified_time":"2025-11-01T09:13:05+00:00","og_image":[{"width":690,"height":690,"url":"https:\/\/bauweb.hr\/wp-content\/uploads\/2025\/04\/laser.jpg","type":"image\/jpeg"}],"twitter_card":"summary_large_image","twitter_misc":{"Procijenjeno vrijeme \u010ditanja":"1 minuta"},"schema":{"@context":"https:\/\/schema.org","@graph":[{"@type":"WebPage","@id":"https:\/\/bauweb.hr\/index.php\/product\/kd-automatski-krizni-laser\/","url":"https:\/\/bauweb.hr\/index.php\/product\/kd-automatski-krizni-laser\/","name":"K&D Automatski kri\u017eni laser - BauWeb","isPartOf":{"@id":"https:\/\/bauweb.hr\/#website"},"primaryImageOfPage":{"@id":"https:\/\/bauweb.hr\/index.php\/product\/kd-automatski-krizni-laser\/#primaryimage"},"image":{"@id":"https:\/\/bauweb.hr\/index.php\/product\/kd-automatski-krizni-laser\/#primaryimage"},"thumbnailUrl":"https:\/\/bauweb.hr\/wp-content\/uploads\/2025\/04\/laser.jpg","datePublished":"2025-04-15T12:32:01+00:00","dateModified":"2025-11-01T09:13:05+00:00","description":"Potra\u017eite \u0161iroki izbor alata i materijala za profesionalne gra\u0111evinske radove. Istra\u017ei Bauweb ponudu i kupuj uz odli\u010dne popuste.","breadcrumb":{"@id":"https:\/\/bauweb.hr\/index.php\/product\/kd-automatski-krizni-laser\/#breadcrumb"},"inLanguage":"hr","potentialAction":[{"@type":"ReadAction","target":["https:\/\/bauweb.hr\/index.php\/product\/kd-automatski-krizni-laser\/"]}]},{"@type":"ImageObject","inLanguage":"hr","@id":"https:\/\/bauweb.hr\/index.php\/product\/kd-automatski-krizni-laser\/#primaryimage","url":"https:\/\/bauweb.hr\/wp-content\/uploads\/2025\/04\/laser.jpg","contentUrl":"https:\/\/bauweb.hr\/wp-content\/uploads\/2025\/04\/laser.jpg","width":690,"height":690},{"@type":"BreadcrumbList","@id":"https:\/\/bauweb.hr\/index.php\/product\/kd-automatski-krizni-laser\/#breadcrumb","itemListElement":[{"@type":"ListItem","position":1,"name":"Po\u010detna stranica","item":"https:\/\/bauweb.hr\/"},{"@type":"ListItem","position":2,"name":"Shop","item":"https:\/\/bauweb.hr\/index.php\/shop-wooshop-v1\/"},{"@type":"ListItem","position":3,"name":"K&#038;D Automatski kri\u017eni laser"}]},{"@type":"WebSite","@id":"https:\/\/bauweb.hr\/#website","url":"https:\/\/bauweb.hr\/","name":"BauWeb","description":"Za prave majstore","publisher":{"@id":"https:\/\/bauweb.hr\/#organization"},"alternateName":"BauWeb","potentialAction":[{"@type":"SearchAction","target":{"@type":"EntryPoint","urlTemplate":"https:\/\/bauweb.hr\/?s={search_term_string}"},"query-input":{"@type":"PropertyValueSpecification","valueRequired":true,"valueName":"search_term_string"}}],"inLanguage":"hr"},{"@type":"Organization","@id":"https:\/\/bauweb.hr\/#organization","name":"Hobi dom d.o.o.","url":"https:\/\/bauweb.hr\/","logo":{"@type":"ImageObject","inLanguage":"hr","@id":"https:\/\/bauweb.hr\/#\/schema\/logo\/image\/","url":"https:\/\/bauweb.hr\/wp-content\/uploads\/2023\/01\/Bauweb_logo-01.png","contentUrl":"https:\/\/bauweb.hr\/wp-content\/uploads\/2023\/01\/Bauweb_logo-01.png","width":842,"height":596,"caption":"Hobi dom d.o.o."},"image":{"@id":"https:\/\/bauweb.hr\/#\/schema\/logo\/image\/"},"sameAs":["https:\/\/facebook.com\/bauweb00","https:\/\/instagram.com\/bauweb_shop"]}]}},"_links":{"self":[{"href":"https:\/\/bauweb.hr\/index.php\/wp-json\/wp\/v2\/product\/26097","targetHints":{"allow":["GET"]}}],"collection":[{"href":"https:\/\/bauweb.hr\/index.php\/wp-json\/wp\/v2\/product"}],"about":[{"href":"https:\/\/bauweb.hr\/index.php\/wp-json\/wp\/v2\/types\/product"}],"replies":[{"embeddable":true,"href":"https:\/\/bauweb.hr\/index.php\/wp-json\/wp\/v2\/comments?post=26097"}],"wp:featuredmedia":[{"embeddable":true,"href":"https:\/\/bauweb.hr\/index.php\/wp-json\/wp\/v2\/media\/26109"}],"wp:attachment":[{"href":"https:\/\/bauweb.hr\/index.php\/wp-json\/wp\/v2\/media?parent=26097"}],"wp:term":[{"taxonomy":"product_brand","embeddable":true,"href":"https:\/\/bauweb.hr\/index.php\/wp-json\/wp\/v2\/product_brand?post=26097"},{"taxonomy":"product_cat","embeddable":true,"href":"https:\/\/bauweb.hr\/index.php\/wp-json\/wp\/v2\/product_cat?post=26097"},{"taxonomy":"product_tag","embeddable":true,"href":"https:\/\/bauweb.hr\/index.php\/wp-json\/wp\/v2\/product_tag?post=26097"}],"curies":[{"name":"wp","href":"https:\/\/api.w.org\/{rel}","templated":true}]}}