{"id":26195,"date":"2025-04-25T13:21:58","date_gmt":"2025-04-25T11:21:58","guid":{"rendered":"https:\/\/bauweb.hr\/?post_type=product&#038;p=26195"},"modified":"2025-04-25T13:21:58","modified_gmt":"2025-04-25T11:21:58","slug":"hvlp-jedinica-za-bojanje-600w-0-15-0-35bar-mlaznica-18mm-25mm","status":"publish","type":"product","link":"https:\/\/bauweb.hr\/index.php\/product\/hvlp-jedinica-za-bojanje-600w-0-15-0-35bar-mlaznica-18mm-25mm\/","title":{"rendered":"HVLP jedinica za bojanje &#8211; 600W\/0.15-0.35bar &#8211; Mlaznica 1,8mm\/2,5mm"},"content":{"rendered":"<h4>HVLP jedinica za bojanje &#8211; 600W\/0.15-0.35bar &#8211; Mlaznica 1,8mm\/2,5mm DED7413<\/h4>\n<p><strong>Jedinica za bojanje DEDRA DED7413 HVLP je pouzdan alat koji jam\u010di brzo i prakti\u010dno bojanje na razli\u010ditim povr\u0161inama, bez obzira na njihovu veli\u010dinu ili vrstu.<\/strong><\/p>\n<p>Savr\u0161eno je za standardno bojanje zidova i stropova, kao i za radove vezane uz temeljno premazivanje ili za\u0161titu drva. Izvrstan je iu oslikavanju elemenata neobi\u010dnih oblika, kako metalnih, npr. vrata i ograde, tako i drvenih, npr. \u0161upe ili vrtne sjenice.<br \/>\nZahvaljuju\u0107i HVLP (High Volume Low Pressure) tehnologiji lakiranje postaje u\u010dinkovitije i ekonomi\u010dnije.<br \/>\nVisoki mlaz boje pri niskom tlaku osigurava ravnomjerno pokrivanje povr\u0161ine, \u0161to zna\u010di u\u0161tedu materijala i vremena.<br \/>\nPrecizna regulacija prskanja jam\u010di savr\u0161ene rezultate lakiranja bez mrlja, \u0161to rad \u010dini jo\u0161 u\u010dinkovitijim.<br \/>\nSpremnik za boju od 1 litre eliminira potrebu za \u010destim prestankom rada radi ponovnog punjenja boje, tako da se mo\u017eete usredoto\u010diti na bojanje bez nepotrebnih prekida.<br \/>\nDodatno, \u010dvrsta konstrukcija izra\u0111ena od aluminija osigurava izdr\u017eljivost i otpornost na o\u0161te\u0107enja, \u0161to zna\u010di da \u0107e jedinica slu\u017eiti dugo vremena.<\/p>\n<p><strong>Zna\u010dajke DEDRA DED7413 HVLP jedinice za bojanje:<\/strong><\/p>\n<ul>\n<li>HVLP (High Volume Low Pressure) jedinica za bojanje<\/li>\n<li>Visoka u\u010dinkovitost pri niskom tlaku<\/li>\n<li>Brz i ugodan na\u010din bojanja raznih povr\u0161ina<\/li>\n<li>Precizno bojanje okomito i vodoravno bez mrlja<\/li>\n<li>Pode\u0161avanje oblika mlaza spreja promjenom polo\u017eaja poklopca mlaznice u pi\u0161tolju za boju<\/li>\n<li>Spremnik za boju s kapacitetom 1L sprje\u010dava \u010deste pauze za ponovno punjenje<\/li>\n<li>Pi\u0161tolj i spremnik izra\u0111eni su od aluminija, \u0161to osigurava visoku otpornost na o\u0161te\u0107enja<\/li>\n<li>Set sadr\u017ei sve elemente potrebne za rad<\/li>\n<\/ul>\n<p><strong>Tehni\u010dki podaci:<\/strong><\/p>\n<ul>\n<li>Radni napon: 230V<\/li>\n<li>Radni pritisak: 0.15-0.35bar<\/li>\n<li>Protok zraka: 250 l\/min<\/li>\n<li>Srednja brzina isporuke: 550-650ml\/min<\/li>\n<li>Maks.srednja viskoznost: 90 DIN-s<\/li>\n<li>Set uklju\u010duje mlaznice: 1,8 mm i 2,5 mm<\/li>\n<li>Duljina fleksibilnog kabela: 1,5 m<\/li>\n<li>Kapacitet spremnika: 1 litra<\/li>\n<li>Te\u017eina: cca 3,3 kg<\/li>\n<\/ul>\n<p><strong>Uklju\u010deno:<\/strong><\/p>\n<ul>\n<li>Jedinica [1 kom]<\/li>\n<li>Pi\u0161tolj za farbanje [1 kom]<\/li>\n<li>Ko\u0161ara za tenk sa pu\u0161kom [1 kom]<\/li>\n<li>Remen [1 kom]<\/li>\n<li>Aluminijski spremnik [1 kom]<\/li>\n<li>Posuda za mjerenje viskoznosti [1 kom]<\/li>\n<li>Mlaznica [2 kom]<\/li>\n<li>Savitljivo crijevo [1 kom]<\/li>\n<\/ul>\n","protected":false},"excerpt":{"rendered":"<h4>HVLP jedinica za bojanje &#8211; 600W\/0.15-0.35bar &#8211; Mlaznica 1,8mm\/2,5mm DED7413<\/h4>\n<p><strong>Jedinica za bojanje DEDRA DED7413 HVLP je pouzdan alat koji jam\u010di brzo i prakti\u010dno bojanje na razli\u010ditim povr\u0161inama, bez obzira na njihovu veli\u010dinu ili vrstu.<\/strong><\/p>\n<p>Savr\u0161eno je za standardno bojanje zidova i stropova, kao i za radove vezane uz temeljno premazivanje ili za\u0161titu drva. Izvrstan je iu oslikavanju elemenata neobi\u010dnih oblika, kako metalnih, npr. vrata i ograde, tako i drvenih, npr. \u0161upe ili vrtne sjenice.<br \/>\nZahvaljuju\u0107i HVLP (High Volume Low Pressure) tehnologiji lakiranje postaje u\u010dinkovitije i ekonomi\u010dnije.<br \/>\nVisoki mlaz boje pri niskom tlaku osigurava ravnomjerno pokrivanje povr\u0161ine, \u0161to zna\u010di u\u0161tedu materijala i vremena.<br \/>\nPrecizna regulacija prskanja jam\u010di savr\u0161ene rezultate lakiranja bez mrlja, \u0161to rad \u010dini jo\u0161 u\u010dinkovitijim.<\/p>\n<p><strong>Tehni\u010dki podaci:<\/strong><\/p>\n<ul>\n<li>Radni napon: 230V<\/li>\n<li>Radni pritisak: 0.15-0.35bar<\/li>\n<li>Protok zraka: 250 l\/min<\/li>\n<li>Srednja brzina isporuke: 550-650ml\/min<\/li>\n<li>Maks.srednja viskoznost: 90 DIN-s<\/li>\n<li>Set uklju\u010duje mlaznice: 1,8 mm i 2,5 mm<\/li>\n<li>Duljina fleksibilnog kabela: 1,5 m<\/li>\n<li>Kapacitet spremnika: 1 litra<\/li>\n<li>Te\u017eina: cca 3,3 kg<\/li>\n<\/ul>\n<p>&nbsp;<\/p>\n","protected":false},"featured_media":26197,"comment_status":"open","ping_status":"closed","template":"","meta":[],"product_brand":[350],"product_cat":[110],"product_tag":[],"class_list":{"0":"post-26195","1":"product","2":"type-product","3":"status-publish","4":"has-post-thumbnail","6":"product_brand-dedra","7":"product_cat-alati-pribor","9":"first","10":"instock","11":"shipping-taxable","12":"purchasable","13":"product-type-simple"},"yoast_head":"<!-- This site is optimized with the Yoast SEO plugin v27.2 - https:\/\/yoast.com\/product\/yoast-seo-wordpress\/ -->\n<title>HVLP jedinica za bojanje - 600W\/0.15-0.35bar - Mlaznica 1,8mm\/2,5mm - BauWeb<\/title>\n<meta name=\"description\" content=\"Potra\u017eite \u0161iroki izbor alata i materijala za profesionalne gra\u0111evinske radove. Istra\u017ei Bauweb ponudu i kupuj uz odli\u010dne popuste.\" \/>\n<meta name=\"robots\" content=\"index, follow, max-snippet:-1, max-image-preview:large, max-video-preview:-1\" \/>\n<link rel=\"canonical\" href=\"https:\/\/bauweb.hr\/index.php\/product\/hvlp-jedinica-za-bojanje-600w-0-15-0-35bar-mlaznica-18mm-25mm\/\" \/>\n<meta property=\"og:locale\" content=\"hr_HR\" \/>\n<meta property=\"og:type\" content=\"article\" \/>\n<meta property=\"og:title\" content=\"HVLP jedinica za bojanje - 600W\/0.15-0.35bar - Mlaznica 1,8mm\/2,5mm - BauWeb\" \/>\n<meta property=\"og:description\" content=\"Potra\u017eite \u0161iroki izbor alata i materijala za profesionalne gra\u0111evinske radove. Istra\u017ei Bauweb ponudu i kupuj uz odli\u010dne popuste.\" \/>\n<meta property=\"og:url\" content=\"https:\/\/bauweb.hr\/index.php\/product\/hvlp-jedinica-za-bojanje-600w-0-15-0-35bar-mlaznica-18mm-25mm\/\" \/>\n<meta property=\"og:site_name\" content=\"BauWeb\" \/>\n<meta property=\"article:publisher\" content=\"https:\/\/facebook.com\/bauweb00\" \/>\n<meta property=\"og:image\" content=\"https:\/\/bauweb.hr\/wp-content\/uploads\/2025\/04\/7413_2.jpg\" \/>\n\t<meta property=\"og:image:width\" content=\"690\" \/>\n\t<meta property=\"og:image:height\" content=\"690\" \/>\n\t<meta property=\"og:image:type\" content=\"image\/jpeg\" \/>\n<meta name=\"twitter:card\" content=\"summary_large_image\" \/>\n<meta name=\"twitter:label1\" content=\"Procijenjeno vrijeme \u010ditanja\" \/>\n\t<meta name=\"twitter:data1\" content=\"2 minute\" \/>\n<script type=\"application\/ld+json\" class=\"yoast-schema-graph\">{\"@context\":\"https:\/\/schema.org\",\"@graph\":[{\"@type\":\"WebPage\",\"@id\":\"https:\/\/bauweb.hr\/index.php\/product\/hvlp-jedinica-za-bojanje-600w-0-15-0-35bar-mlaznica-18mm-25mm\/\",\"url\":\"https:\/\/bauweb.hr\/index.php\/product\/hvlp-jedinica-za-bojanje-600w-0-15-0-35bar-mlaznica-18mm-25mm\/\",\"name\":\"HVLP jedinica za bojanje - 600W\/0.15-0.35bar - Mlaznica 1,8mm\/2,5mm - BauWeb\",\"isPartOf\":{\"@id\":\"https:\/\/bauweb.hr\/#website\"},\"primaryImageOfPage\":{\"@id\":\"https:\/\/bauweb.hr\/index.php\/product\/hvlp-jedinica-za-bojanje-600w-0-15-0-35bar-mlaznica-18mm-25mm\/#primaryimage\"},\"image\":{\"@id\":\"https:\/\/bauweb.hr\/index.php\/product\/hvlp-jedinica-za-bojanje-600w-0-15-0-35bar-mlaznica-18mm-25mm\/#primaryimage\"},\"thumbnailUrl\":\"https:\/\/bauweb.hr\/wp-content\/uploads\/2025\/04\/7413_2.jpg\",\"datePublished\":\"2025-04-25T11:21:58+00:00\",\"description\":\"Potra\u017eite \u0161iroki izbor alata i materijala za profesionalne gra\u0111evinske radove. Istra\u017ei Bauweb ponudu i kupuj uz odli\u010dne popuste.\",\"breadcrumb\":{\"@id\":\"https:\/\/bauweb.hr\/index.php\/product\/hvlp-jedinica-za-bojanje-600w-0-15-0-35bar-mlaznica-18mm-25mm\/#breadcrumb\"},\"inLanguage\":\"hr\",\"potentialAction\":[{\"@type\":\"ReadAction\",\"target\":[\"https:\/\/bauweb.hr\/index.php\/product\/hvlp-jedinica-za-bojanje-600w-0-15-0-35bar-mlaznica-18mm-25mm\/\"]}]},{\"@type\":\"ImageObject\",\"inLanguage\":\"hr\",\"@id\":\"https:\/\/bauweb.hr\/index.php\/product\/hvlp-jedinica-za-bojanje-600w-0-15-0-35bar-mlaznica-18mm-25mm\/#primaryimage\",\"url\":\"https:\/\/bauweb.hr\/wp-content\/uploads\/2025\/04\/7413_2.jpg\",\"contentUrl\":\"https:\/\/bauweb.hr\/wp-content\/uploads\/2025\/04\/7413_2.jpg\",\"width\":690,\"height\":690},{\"@type\":\"BreadcrumbList\",\"@id\":\"https:\/\/bauweb.hr\/index.php\/product\/hvlp-jedinica-za-bojanje-600w-0-15-0-35bar-mlaznica-18mm-25mm\/#breadcrumb\",\"itemListElement\":[{\"@type\":\"ListItem\",\"position\":1,\"name\":\"Po\u010detna stranica\",\"item\":\"https:\/\/bauweb.hr\/\"},{\"@type\":\"ListItem\",\"position\":2,\"name\":\"Shop\",\"item\":\"https:\/\/bauweb.hr\/index.php\/shop-wooshop-v1\/\"},{\"@type\":\"ListItem\",\"position\":3,\"name\":\"HVLP jedinica za bojanje &#8211; 600W\/0.15-0.35bar &#8211; Mlaznica 1,8mm\/2,5mm\"}]},{\"@type\":\"WebSite\",\"@id\":\"https:\/\/bauweb.hr\/#website\",\"url\":\"https:\/\/bauweb.hr\/\",\"name\":\"BauWeb\",\"description\":\"Za prave majstore\",\"publisher\":{\"@id\":\"https:\/\/bauweb.hr\/#organization\"},\"alternateName\":\"BauWeb\",\"potentialAction\":[{\"@type\":\"SearchAction\",\"target\":{\"@type\":\"EntryPoint\",\"urlTemplate\":\"https:\/\/bauweb.hr\/?s={search_term_string}\"},\"query-input\":{\"@type\":\"PropertyValueSpecification\",\"valueRequired\":true,\"valueName\":\"search_term_string\"}}],\"inLanguage\":\"hr\"},{\"@type\":\"Organization\",\"@id\":\"https:\/\/bauweb.hr\/#organization\",\"name\":\"Hobi dom d.o.o.\",\"url\":\"https:\/\/bauweb.hr\/\",\"logo\":{\"@type\":\"ImageObject\",\"inLanguage\":\"hr\",\"@id\":\"https:\/\/bauweb.hr\/#\/schema\/logo\/image\/\",\"url\":\"https:\/\/bauweb.hr\/wp-content\/uploads\/2023\/01\/Bauweb_logo-01.png\",\"contentUrl\":\"https:\/\/bauweb.hr\/wp-content\/uploads\/2023\/01\/Bauweb_logo-01.png\",\"width\":842,\"height\":596,\"caption\":\"Hobi dom d.o.o.\"},\"image\":{\"@id\":\"https:\/\/bauweb.hr\/#\/schema\/logo\/image\/\"},\"sameAs\":[\"https:\/\/facebook.com\/bauweb00\",\"https:\/\/instagram.com\/bauweb_shop\"]}]}<\/script>\n<!-- \/ Yoast SEO plugin. -->","yoast_head_json":{"title":"HVLP jedinica za bojanje - 600W\/0.15-0.35bar - Mlaznica 1,8mm\/2,5mm - BauWeb","description":"Potra\u017eite \u0161iroki izbor alata i materijala za profesionalne gra\u0111evinske radove. Istra\u017ei Bauweb ponudu i kupuj uz odli\u010dne popuste.","robots":{"index":"index","follow":"follow","max-snippet":"max-snippet:-1","max-image-preview":"max-image-preview:large","max-video-preview":"max-video-preview:-1"},"canonical":"https:\/\/bauweb.hr\/index.php\/product\/hvlp-jedinica-za-bojanje-600w-0-15-0-35bar-mlaznica-18mm-25mm\/","og_locale":"hr_HR","og_type":"article","og_title":"HVLP jedinica za bojanje - 600W\/0.15-0.35bar - Mlaznica 1,8mm\/2,5mm - BauWeb","og_description":"Potra\u017eite \u0161iroki izbor alata i materijala za profesionalne gra\u0111evinske radove. Istra\u017ei Bauweb ponudu i kupuj uz odli\u010dne popuste.","og_url":"https:\/\/bauweb.hr\/index.php\/product\/hvlp-jedinica-za-bojanje-600w-0-15-0-35bar-mlaznica-18mm-25mm\/","og_site_name":"BauWeb","article_publisher":"https:\/\/facebook.com\/bauweb00","og_image":[{"width":690,"height":690,"url":"https:\/\/bauweb.hr\/wp-content\/uploads\/2025\/04\/7413_2.jpg","type":"image\/jpeg"}],"twitter_card":"summary_large_image","twitter_misc":{"Procijenjeno vrijeme \u010ditanja":"2 minute"},"schema":{"@context":"https:\/\/schema.org","@graph":[{"@type":"WebPage","@id":"https:\/\/bauweb.hr\/index.php\/product\/hvlp-jedinica-za-bojanje-600w-0-15-0-35bar-mlaznica-18mm-25mm\/","url":"https:\/\/bauweb.hr\/index.php\/product\/hvlp-jedinica-za-bojanje-600w-0-15-0-35bar-mlaznica-18mm-25mm\/","name":"HVLP jedinica za bojanje - 600W\/0.15-0.35bar - Mlaznica 1,8mm\/2,5mm - BauWeb","isPartOf":{"@id":"https:\/\/bauweb.hr\/#website"},"primaryImageOfPage":{"@id":"https:\/\/bauweb.hr\/index.php\/product\/hvlp-jedinica-za-bojanje-600w-0-15-0-35bar-mlaznica-18mm-25mm\/#primaryimage"},"image":{"@id":"https:\/\/bauweb.hr\/index.php\/product\/hvlp-jedinica-za-bojanje-600w-0-15-0-35bar-mlaznica-18mm-25mm\/#primaryimage"},"thumbnailUrl":"https:\/\/bauweb.hr\/wp-content\/uploads\/2025\/04\/7413_2.jpg","datePublished":"2025-04-25T11:21:58+00:00","description":"Potra\u017eite \u0161iroki izbor alata i materijala za profesionalne gra\u0111evinske radove. Istra\u017ei Bauweb ponudu i kupuj uz odli\u010dne popuste.","breadcrumb":{"@id":"https:\/\/bauweb.hr\/index.php\/product\/hvlp-jedinica-za-bojanje-600w-0-15-0-35bar-mlaznica-18mm-25mm\/#breadcrumb"},"inLanguage":"hr","potentialAction":[{"@type":"ReadAction","target":["https:\/\/bauweb.hr\/index.php\/product\/hvlp-jedinica-za-bojanje-600w-0-15-0-35bar-mlaznica-18mm-25mm\/"]}]},{"@type":"ImageObject","inLanguage":"hr","@id":"https:\/\/bauweb.hr\/index.php\/product\/hvlp-jedinica-za-bojanje-600w-0-15-0-35bar-mlaznica-18mm-25mm\/#primaryimage","url":"https:\/\/bauweb.hr\/wp-content\/uploads\/2025\/04\/7413_2.jpg","contentUrl":"https:\/\/bauweb.hr\/wp-content\/uploads\/2025\/04\/7413_2.jpg","width":690,"height":690},{"@type":"BreadcrumbList","@id":"https:\/\/bauweb.hr\/index.php\/product\/hvlp-jedinica-za-bojanje-600w-0-15-0-35bar-mlaznica-18mm-25mm\/#breadcrumb","itemListElement":[{"@type":"ListItem","position":1,"name":"Po\u010detna stranica","item":"https:\/\/bauweb.hr\/"},{"@type":"ListItem","position":2,"name":"Shop","item":"https:\/\/bauweb.hr\/index.php\/shop-wooshop-v1\/"},{"@type":"ListItem","position":3,"name":"HVLP jedinica za bojanje &#8211; 600W\/0.15-0.35bar &#8211; Mlaznica 1,8mm\/2,5mm"}]},{"@type":"WebSite","@id":"https:\/\/bauweb.hr\/#website","url":"https:\/\/bauweb.hr\/","name":"BauWeb","description":"Za prave majstore","publisher":{"@id":"https:\/\/bauweb.hr\/#organization"},"alternateName":"BauWeb","potentialAction":[{"@type":"SearchAction","target":{"@type":"EntryPoint","urlTemplate":"https:\/\/bauweb.hr\/?s={search_term_string}"},"query-input":{"@type":"PropertyValueSpecification","valueRequired":true,"valueName":"search_term_string"}}],"inLanguage":"hr"},{"@type":"Organization","@id":"https:\/\/bauweb.hr\/#organization","name":"Hobi dom d.o.o.","url":"https:\/\/bauweb.hr\/","logo":{"@type":"ImageObject","inLanguage":"hr","@id":"https:\/\/bauweb.hr\/#\/schema\/logo\/image\/","url":"https:\/\/bauweb.hr\/wp-content\/uploads\/2023\/01\/Bauweb_logo-01.png","contentUrl":"https:\/\/bauweb.hr\/wp-content\/uploads\/2023\/01\/Bauweb_logo-01.png","width":842,"height":596,"caption":"Hobi dom d.o.o."},"image":{"@id":"https:\/\/bauweb.hr\/#\/schema\/logo\/image\/"},"sameAs":["https:\/\/facebook.com\/bauweb00","https:\/\/instagram.com\/bauweb_shop"]}]}},"_links":{"self":[{"href":"https:\/\/bauweb.hr\/index.php\/wp-json\/wp\/v2\/product\/26195","targetHints":{"allow":["GET"]}}],"collection":[{"href":"https:\/\/bauweb.hr\/index.php\/wp-json\/wp\/v2\/product"}],"about":[{"href":"https:\/\/bauweb.hr\/index.php\/wp-json\/wp\/v2\/types\/product"}],"replies":[{"embeddable":true,"href":"https:\/\/bauweb.hr\/index.php\/wp-json\/wp\/v2\/comments?post=26195"}],"wp:featuredmedia":[{"embeddable":true,"href":"https:\/\/bauweb.hr\/index.php\/wp-json\/wp\/v2\/media\/26197"}],"wp:attachment":[{"href":"https:\/\/bauweb.hr\/index.php\/wp-json\/wp\/v2\/media?parent=26195"}],"wp:term":[{"taxonomy":"product_brand","embeddable":true,"href":"https:\/\/bauweb.hr\/index.php\/wp-json\/wp\/v2\/product_brand?post=26195"},{"taxonomy":"product_cat","embeddable":true,"href":"https:\/\/bauweb.hr\/index.php\/wp-json\/wp\/v2\/product_cat?post=26195"},{"taxonomy":"product_tag","embeddable":true,"href":"https:\/\/bauweb.hr\/index.php\/wp-json\/wp\/v2\/product_tag?post=26195"}],"curies":[{"name":"wp","href":"https:\/\/api.w.org\/{rel}","templated":true}]}}