{"id":26243,"date":"2025-04-29T14:13:54","date_gmt":"2025-04-29T12:13:54","guid":{"rendered":"https:\/\/bauweb.hr\/?post_type=product&#038;p=26243"},"modified":"2025-04-29T14:13:54","modified_gmt":"2025-04-29T12:13:54","slug":"kraftdele-akumulatorski-odvijac-s-priborom","status":"publish","type":"product","link":"https:\/\/bauweb.hr\/index.php\/product\/kraftdele-akumulatorski-odvijac-s-priborom\/","title":{"rendered":"Kraft&#038;Dele Akumulatorski odvija\u010d s priborom"},"content":{"rendered":"<h4>Kraft&amp;Dele Akumulatorski odvija\u010d s priborom KD3085<\/h4>\n<p>Akumulatorski odvija\u010d Kraft&amp;Dele KD3085 je profesionalni ure\u0111aj koji se odlikuje ergonomskim dizajnom, provjerenom i \u010dvrstom malom konstrukcijom te visokom izdr\u017eljivo\u0161\u0107u.<br \/>\nOdvija\u010d \u0107e dobro funkcionirati u svakom ku\u0107anstvu, radionici i tvrtki.<br \/>\nKori\u0161tena litij-ionska (Li-Ion) baterija omogu\u0107uje dvostruko ve\u0107i energetski sadr\u017eaj od konvencionalnih NiMH baterija uz zadr\u017eavanje iste te\u017eine i veli\u010dine.<br \/>\nDodatna LED lampa osvjetljava i olak\u0161ava precizan rad u slabo osvijetljenim uvjetima.<br \/>\nOdvija\u010d omogu\u0107uje regulaciju brzine u glatkom rasponu, na dva stupnja prijenosa.<br \/>\nU prvoj brzini brzina se mo\u017ee pode\u0161avati u rasponu od 0 &#8211; 350 o\/min, u drugoj brzini od 0 &#8211; 1300 o\/min.<br \/>\nMo\u017ee se koristiti kao potpuno funkcionalna bu\u0161ilica ili odvija\u010d.<br \/>\nRadi udobnosti i sigurnosti kori\u0161tenja, zna\u010dajan dio ure\u0111aja prekriven je gumenim premazom. To jam\u010di bolje prianjanje i oja\u010danje protiv padova.<\/p>\n<p><strong>Cijeli set je pakiran u prakti\u010dnoj i prakti\u010dnoj transportnoj kutiji!<\/strong><\/p>\n<p><strong>KARAKTERISTIKE:<\/strong><br \/>\n2 x Li-ionska baterija visokog kapaciteta od 1500 mAh<br \/>\nMaksimalni napon baterije: 18V MAX<br \/>\n2-brzinski mjenja\u010d<br \/>\nBrzina I: 0-350 o\/min<br \/>\nBrzina II: 0-1300 o\/min<br \/>\n18-stupanjska spojka<br \/>\nLED pozadinsko osvjetljenje<br \/>\nIndikator napunjenosti baterije<br \/>\n<strong>Sve je pakirano u prakti\u010dni kofer<\/strong><\/p>\n","protected":false},"excerpt":{"rendered":"<h4>Kraft&amp;Dele Akumulatorski odvija\u010d s priborom KD3085<\/h4>\n<p>Akumulatorski odvija\u010d Kraft&amp;Dele KD3085 je profesionalni ure\u0111aj koji se odlikuje ergonomskim dizajnom, provjerenom i \u010dvrstom malom konstrukcijom te visokom izdr\u017eljivo\u0161\u0107u.<br \/>\nOdvija\u010d \u0107e dobro funkcionirati u svakom ku\u0107anstvu, radionici i tvrtki.<br \/>\nKori\u0161tena litij-ionska (Li-Ion) baterija omogu\u0107uje dvostruko ve\u0107i energetski sadr\u017eaj od konvencionalnih NiMH baterija uz zadr\u017eavanje iste te\u017eine i veli\u010dine.<br \/>\nDodatna LED lampa osvjetljava i olak\u0161ava precizan rad u slabo osvijetljenim uvjetima2 x Li-ionska baterija visokog kapaciteta od 1500 mAh<br \/>\nMaksimalni napon baterije: 18V MAX<br \/>\n&#8211; 2-brzinski mjenja\u010d<br \/>\n&#8211; Brzina I: 0-350 o\/min<br \/>\n&#8211; Brzina II: 0-1300 o\/min<br \/>\n&#8211; 18-stupanjska spojka<br \/>\n&#8211; LED pozadinsko osvjetljenje<br \/>\n&#8211; Indikator napunjenosti baterije<br \/>\n<strong>Sve je pakirano u prakti\u010dni kofer<\/strong><\/p>\n<p>&nbsp;<\/p>\n","protected":false},"featured_media":26253,"comment_status":"open","ping_status":"closed","template":"","meta":[],"product_brand":[445],"product_cat":[139,110],"product_tag":[],"class_list":{"0":"post-26243","1":"product","2":"type-product","3":"status-publish","4":"has-post-thumbnail","6":"product_brand-kraft-dele","7":"product_cat-aku-busilice-odvijaci","8":"product_cat-alati-pribor","10":"first","11":"instock","12":"shipping-taxable","13":"purchasable","14":"product-type-simple"},"yoast_head":"<!-- This site is optimized with the Yoast SEO plugin v27.2 - https:\/\/yoast.com\/product\/yoast-seo-wordpress\/ -->\n<title>Kraft&amp;Dele Akumulatorski odvija\u010d s priborom - BauWeb<\/title>\n<meta name=\"description\" content=\"Potra\u017eite \u0161iroki izbor alata i materijala za profesionalne gra\u0111evinske radove. Istra\u017ei Bauweb ponudu i kupuj uz odli\u010dne popuste.\" \/>\n<meta name=\"robots\" content=\"index, follow, max-snippet:-1, max-image-preview:large, max-video-preview:-1\" \/>\n<link rel=\"canonical\" href=\"https:\/\/bauweb.hr\/index.php\/product\/kraftdele-akumulatorski-odvijac-s-priborom\/\" \/>\n<meta property=\"og:locale\" content=\"hr_HR\" \/>\n<meta property=\"og:type\" content=\"article\" \/>\n<meta property=\"og:title\" content=\"Kraft&amp;Dele Akumulatorski odvija\u010d s priborom - BauWeb\" \/>\n<meta property=\"og:description\" content=\"Potra\u017eite \u0161iroki izbor alata i materijala za profesionalne gra\u0111evinske radove. Istra\u017ei Bauweb ponudu i kupuj uz odli\u010dne popuste.\" \/>\n<meta property=\"og:url\" content=\"https:\/\/bauweb.hr\/index.php\/product\/kraftdele-akumulatorski-odvijac-s-priborom\/\" \/>\n<meta property=\"og:site_name\" content=\"BauWeb\" \/>\n<meta property=\"article:publisher\" content=\"https:\/\/facebook.com\/bauweb00\" \/>\n<meta property=\"og:image\" content=\"https:\/\/bauweb.hr\/wp-content\/uploads\/2025\/04\/KD3085_10.jpg\" \/>\n\t<meta property=\"og:image:width\" content=\"690\" \/>\n\t<meta property=\"og:image:height\" content=\"690\" \/>\n\t<meta property=\"og:image:type\" content=\"image\/jpeg\" \/>\n<meta name=\"twitter:card\" content=\"summary_large_image\" \/>\n<meta name=\"twitter:label1\" content=\"Procijenjeno vrijeme \u010ditanja\" \/>\n\t<meta name=\"twitter:data1\" content=\"2 minute\" \/>\n<script type=\"application\/ld+json\" class=\"yoast-schema-graph\">{\"@context\":\"https:\/\/schema.org\",\"@graph\":[{\"@type\":\"WebPage\",\"@id\":\"https:\/\/bauweb.hr\/index.php\/product\/kraftdele-akumulatorski-odvijac-s-priborom\/\",\"url\":\"https:\/\/bauweb.hr\/index.php\/product\/kraftdele-akumulatorski-odvijac-s-priborom\/\",\"name\":\"Kraft&Dele Akumulatorski odvija\u010d s priborom - BauWeb\",\"isPartOf\":{\"@id\":\"https:\/\/bauweb.hr\/#website\"},\"primaryImageOfPage\":{\"@id\":\"https:\/\/bauweb.hr\/index.php\/product\/kraftdele-akumulatorski-odvijac-s-priborom\/#primaryimage\"},\"image\":{\"@id\":\"https:\/\/bauweb.hr\/index.php\/product\/kraftdele-akumulatorski-odvijac-s-priborom\/#primaryimage\"},\"thumbnailUrl\":\"https:\/\/bauweb.hr\/wp-content\/uploads\/2025\/04\/KD3085_10.jpg\",\"datePublished\":\"2025-04-29T12:13:54+00:00\",\"description\":\"Potra\u017eite \u0161iroki izbor alata i materijala za profesionalne gra\u0111evinske radove. Istra\u017ei Bauweb ponudu i kupuj uz odli\u010dne popuste.\",\"breadcrumb\":{\"@id\":\"https:\/\/bauweb.hr\/index.php\/product\/kraftdele-akumulatorski-odvijac-s-priborom\/#breadcrumb\"},\"inLanguage\":\"hr\",\"potentialAction\":[{\"@type\":\"ReadAction\",\"target\":[\"https:\/\/bauweb.hr\/index.php\/product\/kraftdele-akumulatorski-odvijac-s-priborom\/\"]}]},{\"@type\":\"ImageObject\",\"inLanguage\":\"hr\",\"@id\":\"https:\/\/bauweb.hr\/index.php\/product\/kraftdele-akumulatorski-odvijac-s-priborom\/#primaryimage\",\"url\":\"https:\/\/bauweb.hr\/wp-content\/uploads\/2025\/04\/KD3085_10.jpg\",\"contentUrl\":\"https:\/\/bauweb.hr\/wp-content\/uploads\/2025\/04\/KD3085_10.jpg\",\"width\":690,\"height\":690},{\"@type\":\"BreadcrumbList\",\"@id\":\"https:\/\/bauweb.hr\/index.php\/product\/kraftdele-akumulatorski-odvijac-s-priborom\/#breadcrumb\",\"itemListElement\":[{\"@type\":\"ListItem\",\"position\":1,\"name\":\"Po\u010detna stranica\",\"item\":\"https:\/\/bauweb.hr\/\"},{\"@type\":\"ListItem\",\"position\":2,\"name\":\"Shop\",\"item\":\"https:\/\/bauweb.hr\/index.php\/shop-wooshop-v1\/\"},{\"@type\":\"ListItem\",\"position\":3,\"name\":\"Kraft&#038;Dele Akumulatorski odvija\u010d s priborom\"}]},{\"@type\":\"WebSite\",\"@id\":\"https:\/\/bauweb.hr\/#website\",\"url\":\"https:\/\/bauweb.hr\/\",\"name\":\"BauWeb\",\"description\":\"Za prave majstore\",\"publisher\":{\"@id\":\"https:\/\/bauweb.hr\/#organization\"},\"alternateName\":\"BauWeb\",\"potentialAction\":[{\"@type\":\"SearchAction\",\"target\":{\"@type\":\"EntryPoint\",\"urlTemplate\":\"https:\/\/bauweb.hr\/?s={search_term_string}\"},\"query-input\":{\"@type\":\"PropertyValueSpecification\",\"valueRequired\":true,\"valueName\":\"search_term_string\"}}],\"inLanguage\":\"hr\"},{\"@type\":\"Organization\",\"@id\":\"https:\/\/bauweb.hr\/#organization\",\"name\":\"Hobi dom d.o.o.\",\"url\":\"https:\/\/bauweb.hr\/\",\"logo\":{\"@type\":\"ImageObject\",\"inLanguage\":\"hr\",\"@id\":\"https:\/\/bauweb.hr\/#\/schema\/logo\/image\/\",\"url\":\"https:\/\/bauweb.hr\/wp-content\/uploads\/2023\/01\/Bauweb_logo-01.png\",\"contentUrl\":\"https:\/\/bauweb.hr\/wp-content\/uploads\/2023\/01\/Bauweb_logo-01.png\",\"width\":842,\"height\":596,\"caption\":\"Hobi dom d.o.o.\"},\"image\":{\"@id\":\"https:\/\/bauweb.hr\/#\/schema\/logo\/image\/\"},\"sameAs\":[\"https:\/\/facebook.com\/bauweb00\",\"https:\/\/instagram.com\/bauweb_shop\"]}]}<\/script>\n<!-- \/ Yoast SEO plugin. -->","yoast_head_json":{"title":"Kraft&Dele Akumulatorski odvija\u010d s priborom - BauWeb","description":"Potra\u017eite \u0161iroki izbor alata i materijala za profesionalne gra\u0111evinske radove. Istra\u017ei Bauweb ponudu i kupuj uz odli\u010dne popuste.","robots":{"index":"index","follow":"follow","max-snippet":"max-snippet:-1","max-image-preview":"max-image-preview:large","max-video-preview":"max-video-preview:-1"},"canonical":"https:\/\/bauweb.hr\/index.php\/product\/kraftdele-akumulatorski-odvijac-s-priborom\/","og_locale":"hr_HR","og_type":"article","og_title":"Kraft&Dele Akumulatorski odvija\u010d s priborom - BauWeb","og_description":"Potra\u017eite \u0161iroki izbor alata i materijala za profesionalne gra\u0111evinske radove. Istra\u017ei Bauweb ponudu i kupuj uz odli\u010dne popuste.","og_url":"https:\/\/bauweb.hr\/index.php\/product\/kraftdele-akumulatorski-odvijac-s-priborom\/","og_site_name":"BauWeb","article_publisher":"https:\/\/facebook.com\/bauweb00","og_image":[{"width":690,"height":690,"url":"https:\/\/bauweb.hr\/wp-content\/uploads\/2025\/04\/KD3085_10.jpg","type":"image\/jpeg"}],"twitter_card":"summary_large_image","twitter_misc":{"Procijenjeno vrijeme \u010ditanja":"2 minute"},"schema":{"@context":"https:\/\/schema.org","@graph":[{"@type":"WebPage","@id":"https:\/\/bauweb.hr\/index.php\/product\/kraftdele-akumulatorski-odvijac-s-priborom\/","url":"https:\/\/bauweb.hr\/index.php\/product\/kraftdele-akumulatorski-odvijac-s-priborom\/","name":"Kraft&Dele Akumulatorski odvija\u010d s priborom - BauWeb","isPartOf":{"@id":"https:\/\/bauweb.hr\/#website"},"primaryImageOfPage":{"@id":"https:\/\/bauweb.hr\/index.php\/product\/kraftdele-akumulatorski-odvijac-s-priborom\/#primaryimage"},"image":{"@id":"https:\/\/bauweb.hr\/index.php\/product\/kraftdele-akumulatorski-odvijac-s-priborom\/#primaryimage"},"thumbnailUrl":"https:\/\/bauweb.hr\/wp-content\/uploads\/2025\/04\/KD3085_10.jpg","datePublished":"2025-04-29T12:13:54+00:00","description":"Potra\u017eite \u0161iroki izbor alata i materijala za profesionalne gra\u0111evinske radove. Istra\u017ei Bauweb ponudu i kupuj uz odli\u010dne popuste.","breadcrumb":{"@id":"https:\/\/bauweb.hr\/index.php\/product\/kraftdele-akumulatorski-odvijac-s-priborom\/#breadcrumb"},"inLanguage":"hr","potentialAction":[{"@type":"ReadAction","target":["https:\/\/bauweb.hr\/index.php\/product\/kraftdele-akumulatorski-odvijac-s-priborom\/"]}]},{"@type":"ImageObject","inLanguage":"hr","@id":"https:\/\/bauweb.hr\/index.php\/product\/kraftdele-akumulatorski-odvijac-s-priborom\/#primaryimage","url":"https:\/\/bauweb.hr\/wp-content\/uploads\/2025\/04\/KD3085_10.jpg","contentUrl":"https:\/\/bauweb.hr\/wp-content\/uploads\/2025\/04\/KD3085_10.jpg","width":690,"height":690},{"@type":"BreadcrumbList","@id":"https:\/\/bauweb.hr\/index.php\/product\/kraftdele-akumulatorski-odvijac-s-priborom\/#breadcrumb","itemListElement":[{"@type":"ListItem","position":1,"name":"Po\u010detna stranica","item":"https:\/\/bauweb.hr\/"},{"@type":"ListItem","position":2,"name":"Shop","item":"https:\/\/bauweb.hr\/index.php\/shop-wooshop-v1\/"},{"@type":"ListItem","position":3,"name":"Kraft&#038;Dele Akumulatorski odvija\u010d s priborom"}]},{"@type":"WebSite","@id":"https:\/\/bauweb.hr\/#website","url":"https:\/\/bauweb.hr\/","name":"BauWeb","description":"Za prave majstore","publisher":{"@id":"https:\/\/bauweb.hr\/#organization"},"alternateName":"BauWeb","potentialAction":[{"@type":"SearchAction","target":{"@type":"EntryPoint","urlTemplate":"https:\/\/bauweb.hr\/?s={search_term_string}"},"query-input":{"@type":"PropertyValueSpecification","valueRequired":true,"valueName":"search_term_string"}}],"inLanguage":"hr"},{"@type":"Organization","@id":"https:\/\/bauweb.hr\/#organization","name":"Hobi dom d.o.o.","url":"https:\/\/bauweb.hr\/","logo":{"@type":"ImageObject","inLanguage":"hr","@id":"https:\/\/bauweb.hr\/#\/schema\/logo\/image\/","url":"https:\/\/bauweb.hr\/wp-content\/uploads\/2023\/01\/Bauweb_logo-01.png","contentUrl":"https:\/\/bauweb.hr\/wp-content\/uploads\/2023\/01\/Bauweb_logo-01.png","width":842,"height":596,"caption":"Hobi dom d.o.o."},"image":{"@id":"https:\/\/bauweb.hr\/#\/schema\/logo\/image\/"},"sameAs":["https:\/\/facebook.com\/bauweb00","https:\/\/instagram.com\/bauweb_shop"]}]}},"_links":{"self":[{"href":"https:\/\/bauweb.hr\/index.php\/wp-json\/wp\/v2\/product\/26243","targetHints":{"allow":["GET"]}}],"collection":[{"href":"https:\/\/bauweb.hr\/index.php\/wp-json\/wp\/v2\/product"}],"about":[{"href":"https:\/\/bauweb.hr\/index.php\/wp-json\/wp\/v2\/types\/product"}],"replies":[{"embeddable":true,"href":"https:\/\/bauweb.hr\/index.php\/wp-json\/wp\/v2\/comments?post=26243"}],"wp:featuredmedia":[{"embeddable":true,"href":"https:\/\/bauweb.hr\/index.php\/wp-json\/wp\/v2\/media\/26253"}],"wp:attachment":[{"href":"https:\/\/bauweb.hr\/index.php\/wp-json\/wp\/v2\/media?parent=26243"}],"wp:term":[{"taxonomy":"product_brand","embeddable":true,"href":"https:\/\/bauweb.hr\/index.php\/wp-json\/wp\/v2\/product_brand?post=26243"},{"taxonomy":"product_cat","embeddable":true,"href":"https:\/\/bauweb.hr\/index.php\/wp-json\/wp\/v2\/product_cat?post=26243"},{"taxonomy":"product_tag","embeddable":true,"href":"https:\/\/bauweb.hr\/index.php\/wp-json\/wp\/v2\/product_tag?post=26243"}],"curies":[{"name":"wp","href":"https:\/\/api.w.org\/{rel}","templated":true}]}}