{"id":26261,"date":"2025-04-29T14:25:33","date_gmt":"2025-04-29T12:25:33","guid":{"rendered":"https:\/\/bauweb.hr\/?post_type=product&#038;p=26261"},"modified":"2025-04-29T14:25:33","modified_gmt":"2025-04-29T12:25:33","slug":"kd-prijenosni-auto-kompresor-12v","status":"publish","type":"product","link":"https:\/\/bauweb.hr\/index.php\/product\/kd-prijenosni-auto-kompresor-12v\/","title":{"rendered":"K&#038;D Prijenosni auto kompresor 12V"},"content":{"rendered":"<h4>K&amp;D Prijenosni auto kompresor 12V KD1487<\/h4>\n<p>Prijenosni auto kompresor \/ kompresor zraka 12V marke Kraft&amp;Dele model KD1487 s LED zaslonom za automobile, motocikle, bicikle, razne lopte itd.<\/p>\n<p><strong>ZNA\u010cAJKE I FUNKCIJE:<\/strong><br \/>\n&#8211; Metalni cilindar (promjer 22 mm) brzo odvo\u0111enje topline i dug vijek trajanja<br \/>\n&#8211; Mo\u017ee se koristiti za napuhavanje gume bez rastavljanja kota\u010da, \u0161to zna\u010dajno pobolj\u0161ava udobnost i \u0161tedi vrijeme.<br \/>\n&#8211; Idealno za napuhavanje automobilskih guma, lopti, madraca itd.<br \/>\n&#8211; Mjera\u010d tlaka (manometar)<br \/>\n&#8211; Ergonomski dizajn omogu\u0107uje vam da ga pohranite u prtlja\u017enik automobila i koristite ga kad god vam zatreba.<br \/>\n&#8211; Svi bakreni motori, sna\u017ena dinami\u010dka verzija i brzo pumpanje<br \/>\n&#8211; Automatski \u0107e se zaustaviti nakon \u0161to zavr\u0161i s pumpanjem<br \/>\n&#8211; Jednostavno za kori\u0161tenje (jedna tipka)<br \/>\n&#8211; Pri\u010dvrsna mlaznica\/ugra\u0111eni prostor za pohranu pribora<\/p>\n<p><strong>TEHNI\u010cKI PARAMETRI:<\/strong><br \/>\nModel: KD1487<br \/>\nNapon mijenjanja brzina: 12V<br \/>\nPreklopna struja: 10A<br \/>\nSnaga mijenjanja brzina: 140 W<br \/>\nBrzina: 16500 o\/min<br \/>\nIzlazni tlak zraka: 40l\/min<br \/>\nDuljina kabela: 3 m<br \/>\nVeli\u010dina cilindra: 22 mm<br \/>\nGlasno\u0107a: 80dB<br \/>\nRadno vrijeme: &lt;30 min<br \/>\nTe\u017eina: cca. 1 kg<\/p>\n<p><strong>SADR\u017dI:<\/strong><br \/>\nZra\u010dni kompresor KD1487<br \/>\nAdapter<br \/>\nOsigura\u010d<br \/>\nMlaznice<br \/>\nKorisni\u010dki priru\u010dnik<br \/>\nOriginalno pakiranje<\/p>\n","protected":false},"excerpt":{"rendered":"<h4>K&amp;D Prijenosni auto kompresor 12V KD1487<\/h4>\n<p>Prijenosni auto kompresor \/ kompresor zraka 12V marke Kraft&amp;Dele model KD1487 s LED zaslonom za automobile, motocikle, bicikle, razne lopte itd.<\/p>\n<p><strong>ZNA\u010cAJKE I FUNKCIJE:<\/strong><br \/>\n&#8211; Metalni cilindar (promjer 22 mm) brzo odvo\u0111enje topline i dug vijek trajanja<br \/>\n&#8211; Mo\u017ee se koristiti za napuhavanje gume bez rastavljanja kota\u010da, \u0161to zna\u010dajno pobolj\u0161ava udobnost i \u0161tedi vrijeme.<br \/>\n&#8211; Idealno za napuhavanje automobilskih guma, lopti, madraca itd.<br \/>\n&#8211; Mjera\u010d tlaka (manometar)<br \/>\n&#8211; Ergonomski dizajn omogu\u0107uje vam da ga pohranite u prtlja\u017enik automobila i koristite ga kad god vam zatreba.<br \/>\n&#8211; Svi bakreni motori, sna\u017ena dinami\u010dka verzija i brzo pumpanje<br \/>\n&#8211; Automatski \u0107e se zaustaviti nakon \u0161to zavr\u0161i s pumpanjem<br \/>\n&#8211; Jednostavno za kori\u0161tenje (jedna tipka)<br \/>\n&#8211; Pri\u010dvrsna mlaznica\/ugra\u0111eni prostor za pohranu pribora<\/p>\n<p>&nbsp;<\/p>\n","protected":false},"featured_media":26262,"comment_status":"open","ping_status":"closed","template":"","meta":[],"product_brand":[445],"product_cat":[440],"product_tag":[],"class_list":{"0":"post-26261","1":"product","2":"type-product","3":"status-publish","4":"has-post-thumbnail","6":"product_brand-kraft-dele","7":"product_cat-oprema-za-bicikle","9":"first","10":"instock","11":"shipping-taxable","12":"purchasable","13":"product-type-simple"},"yoast_head":"<!-- This site is optimized with the Yoast SEO plugin v27.2 - https:\/\/yoast.com\/product\/yoast-seo-wordpress\/ -->\n<title>K&amp;D Prijenosni auto kompresor 12V - BauWeb<\/title>\n<meta name=\"description\" content=\"Potra\u017eite \u0161iroki izbor alata i materijala za profesionalne gra\u0111evinske radove. Istra\u017ei Bauweb ponudu i kupuj uz odli\u010dne popuste.\" \/>\n<meta name=\"robots\" content=\"index, follow, max-snippet:-1, max-image-preview:large, max-video-preview:-1\" \/>\n<link rel=\"canonical\" href=\"https:\/\/bauweb.hr\/index.php\/product\/kd-prijenosni-auto-kompresor-12v\/\" \/>\n<meta property=\"og:locale\" content=\"hr_HR\" \/>\n<meta property=\"og:type\" content=\"article\" \/>\n<meta property=\"og:title\" content=\"K&amp;D Prijenosni auto kompresor 12V - BauWeb\" \/>\n<meta property=\"og:description\" content=\"Potra\u017eite \u0161iroki izbor alata i materijala za profesionalne gra\u0111evinske radove. Istra\u017ei Bauweb ponudu i kupuj uz odli\u010dne popuste.\" \/>\n<meta property=\"og:url\" content=\"https:\/\/bauweb.hr\/index.php\/product\/kd-prijenosni-auto-kompresor-12v\/\" \/>\n<meta property=\"og:site_name\" content=\"BauWeb\" \/>\n<meta property=\"article:publisher\" content=\"https:\/\/facebook.com\/bauweb00\" \/>\n<meta property=\"og:image\" content=\"https:\/\/bauweb.hr\/wp-content\/uploads\/2025\/04\/kd1487.jpg\" \/>\n\t<meta property=\"og:image:width\" content=\"690\" \/>\n\t<meta property=\"og:image:height\" content=\"690\" \/>\n\t<meta property=\"og:image:type\" content=\"image\/jpeg\" \/>\n<meta name=\"twitter:card\" content=\"summary_large_image\" \/>\n<meta name=\"twitter:label1\" content=\"Procijenjeno vrijeme \u010ditanja\" \/>\n\t<meta name=\"twitter:data1\" content=\"2 minute\" \/>\n<script type=\"application\/ld+json\" class=\"yoast-schema-graph\">{\"@context\":\"https:\/\/schema.org\",\"@graph\":[{\"@type\":\"WebPage\",\"@id\":\"https:\/\/bauweb.hr\/index.php\/product\/kd-prijenosni-auto-kompresor-12v\/\",\"url\":\"https:\/\/bauweb.hr\/index.php\/product\/kd-prijenosni-auto-kompresor-12v\/\",\"name\":\"K&D Prijenosni auto kompresor 12V - BauWeb\",\"isPartOf\":{\"@id\":\"https:\/\/bauweb.hr\/#website\"},\"primaryImageOfPage\":{\"@id\":\"https:\/\/bauweb.hr\/index.php\/product\/kd-prijenosni-auto-kompresor-12v\/#primaryimage\"},\"image\":{\"@id\":\"https:\/\/bauweb.hr\/index.php\/product\/kd-prijenosni-auto-kompresor-12v\/#primaryimage\"},\"thumbnailUrl\":\"https:\/\/bauweb.hr\/wp-content\/uploads\/2025\/04\/kd1487.jpg\",\"datePublished\":\"2025-04-29T12:25:33+00:00\",\"description\":\"Potra\u017eite \u0161iroki izbor alata i materijala za profesionalne gra\u0111evinske radove. Istra\u017ei Bauweb ponudu i kupuj uz odli\u010dne popuste.\",\"breadcrumb\":{\"@id\":\"https:\/\/bauweb.hr\/index.php\/product\/kd-prijenosni-auto-kompresor-12v\/#breadcrumb\"},\"inLanguage\":\"hr\",\"potentialAction\":[{\"@type\":\"ReadAction\",\"target\":[\"https:\/\/bauweb.hr\/index.php\/product\/kd-prijenosni-auto-kompresor-12v\/\"]}]},{\"@type\":\"ImageObject\",\"inLanguage\":\"hr\",\"@id\":\"https:\/\/bauweb.hr\/index.php\/product\/kd-prijenosni-auto-kompresor-12v\/#primaryimage\",\"url\":\"https:\/\/bauweb.hr\/wp-content\/uploads\/2025\/04\/kd1487.jpg\",\"contentUrl\":\"https:\/\/bauweb.hr\/wp-content\/uploads\/2025\/04\/kd1487.jpg\",\"width\":690,\"height\":690},{\"@type\":\"BreadcrumbList\",\"@id\":\"https:\/\/bauweb.hr\/index.php\/product\/kd-prijenosni-auto-kompresor-12v\/#breadcrumb\",\"itemListElement\":[{\"@type\":\"ListItem\",\"position\":1,\"name\":\"Po\u010detna stranica\",\"item\":\"https:\/\/bauweb.hr\/\"},{\"@type\":\"ListItem\",\"position\":2,\"name\":\"Shop\",\"item\":\"https:\/\/bauweb.hr\/index.php\/shop-wooshop-v1\/\"},{\"@type\":\"ListItem\",\"position\":3,\"name\":\"K&#038;D Prijenosni auto kompresor 12V\"}]},{\"@type\":\"WebSite\",\"@id\":\"https:\/\/bauweb.hr\/#website\",\"url\":\"https:\/\/bauweb.hr\/\",\"name\":\"BauWeb\",\"description\":\"Za prave majstore\",\"publisher\":{\"@id\":\"https:\/\/bauweb.hr\/#organization\"},\"alternateName\":\"BauWeb\",\"potentialAction\":[{\"@type\":\"SearchAction\",\"target\":{\"@type\":\"EntryPoint\",\"urlTemplate\":\"https:\/\/bauweb.hr\/?s={search_term_string}\"},\"query-input\":{\"@type\":\"PropertyValueSpecification\",\"valueRequired\":true,\"valueName\":\"search_term_string\"}}],\"inLanguage\":\"hr\"},{\"@type\":\"Organization\",\"@id\":\"https:\/\/bauweb.hr\/#organization\",\"name\":\"Hobi dom d.o.o.\",\"url\":\"https:\/\/bauweb.hr\/\",\"logo\":{\"@type\":\"ImageObject\",\"inLanguage\":\"hr\",\"@id\":\"https:\/\/bauweb.hr\/#\/schema\/logo\/image\/\",\"url\":\"https:\/\/bauweb.hr\/wp-content\/uploads\/2023\/01\/Bauweb_logo-01.png\",\"contentUrl\":\"https:\/\/bauweb.hr\/wp-content\/uploads\/2023\/01\/Bauweb_logo-01.png\",\"width\":842,\"height\":596,\"caption\":\"Hobi dom d.o.o.\"},\"image\":{\"@id\":\"https:\/\/bauweb.hr\/#\/schema\/logo\/image\/\"},\"sameAs\":[\"https:\/\/facebook.com\/bauweb00\",\"https:\/\/instagram.com\/bauweb_shop\"]}]}<\/script>\n<!-- \/ Yoast SEO plugin. -->","yoast_head_json":{"title":"K&D Prijenosni auto kompresor 12V - BauWeb","description":"Potra\u017eite \u0161iroki izbor alata i materijala za profesionalne gra\u0111evinske radove. Istra\u017ei Bauweb ponudu i kupuj uz odli\u010dne popuste.","robots":{"index":"index","follow":"follow","max-snippet":"max-snippet:-1","max-image-preview":"max-image-preview:large","max-video-preview":"max-video-preview:-1"},"canonical":"https:\/\/bauweb.hr\/index.php\/product\/kd-prijenosni-auto-kompresor-12v\/","og_locale":"hr_HR","og_type":"article","og_title":"K&D Prijenosni auto kompresor 12V - BauWeb","og_description":"Potra\u017eite \u0161iroki izbor alata i materijala za profesionalne gra\u0111evinske radove. Istra\u017ei Bauweb ponudu i kupuj uz odli\u010dne popuste.","og_url":"https:\/\/bauweb.hr\/index.php\/product\/kd-prijenosni-auto-kompresor-12v\/","og_site_name":"BauWeb","article_publisher":"https:\/\/facebook.com\/bauweb00","og_image":[{"width":690,"height":690,"url":"https:\/\/bauweb.hr\/wp-content\/uploads\/2025\/04\/kd1487.jpg","type":"image\/jpeg"}],"twitter_card":"summary_large_image","twitter_misc":{"Procijenjeno vrijeme \u010ditanja":"2 minute"},"schema":{"@context":"https:\/\/schema.org","@graph":[{"@type":"WebPage","@id":"https:\/\/bauweb.hr\/index.php\/product\/kd-prijenosni-auto-kompresor-12v\/","url":"https:\/\/bauweb.hr\/index.php\/product\/kd-prijenosni-auto-kompresor-12v\/","name":"K&D Prijenosni auto kompresor 12V - BauWeb","isPartOf":{"@id":"https:\/\/bauweb.hr\/#website"},"primaryImageOfPage":{"@id":"https:\/\/bauweb.hr\/index.php\/product\/kd-prijenosni-auto-kompresor-12v\/#primaryimage"},"image":{"@id":"https:\/\/bauweb.hr\/index.php\/product\/kd-prijenosni-auto-kompresor-12v\/#primaryimage"},"thumbnailUrl":"https:\/\/bauweb.hr\/wp-content\/uploads\/2025\/04\/kd1487.jpg","datePublished":"2025-04-29T12:25:33+00:00","description":"Potra\u017eite \u0161iroki izbor alata i materijala za profesionalne gra\u0111evinske radove. Istra\u017ei Bauweb ponudu i kupuj uz odli\u010dne popuste.","breadcrumb":{"@id":"https:\/\/bauweb.hr\/index.php\/product\/kd-prijenosni-auto-kompresor-12v\/#breadcrumb"},"inLanguage":"hr","potentialAction":[{"@type":"ReadAction","target":["https:\/\/bauweb.hr\/index.php\/product\/kd-prijenosni-auto-kompresor-12v\/"]}]},{"@type":"ImageObject","inLanguage":"hr","@id":"https:\/\/bauweb.hr\/index.php\/product\/kd-prijenosni-auto-kompresor-12v\/#primaryimage","url":"https:\/\/bauweb.hr\/wp-content\/uploads\/2025\/04\/kd1487.jpg","contentUrl":"https:\/\/bauweb.hr\/wp-content\/uploads\/2025\/04\/kd1487.jpg","width":690,"height":690},{"@type":"BreadcrumbList","@id":"https:\/\/bauweb.hr\/index.php\/product\/kd-prijenosni-auto-kompresor-12v\/#breadcrumb","itemListElement":[{"@type":"ListItem","position":1,"name":"Po\u010detna stranica","item":"https:\/\/bauweb.hr\/"},{"@type":"ListItem","position":2,"name":"Shop","item":"https:\/\/bauweb.hr\/index.php\/shop-wooshop-v1\/"},{"@type":"ListItem","position":3,"name":"K&#038;D Prijenosni auto kompresor 12V"}]},{"@type":"WebSite","@id":"https:\/\/bauweb.hr\/#website","url":"https:\/\/bauweb.hr\/","name":"BauWeb","description":"Za prave majstore","publisher":{"@id":"https:\/\/bauweb.hr\/#organization"},"alternateName":"BauWeb","potentialAction":[{"@type":"SearchAction","target":{"@type":"EntryPoint","urlTemplate":"https:\/\/bauweb.hr\/?s={search_term_string}"},"query-input":{"@type":"PropertyValueSpecification","valueRequired":true,"valueName":"search_term_string"}}],"inLanguage":"hr"},{"@type":"Organization","@id":"https:\/\/bauweb.hr\/#organization","name":"Hobi dom d.o.o.","url":"https:\/\/bauweb.hr\/","logo":{"@type":"ImageObject","inLanguage":"hr","@id":"https:\/\/bauweb.hr\/#\/schema\/logo\/image\/","url":"https:\/\/bauweb.hr\/wp-content\/uploads\/2023\/01\/Bauweb_logo-01.png","contentUrl":"https:\/\/bauweb.hr\/wp-content\/uploads\/2023\/01\/Bauweb_logo-01.png","width":842,"height":596,"caption":"Hobi dom d.o.o."},"image":{"@id":"https:\/\/bauweb.hr\/#\/schema\/logo\/image\/"},"sameAs":["https:\/\/facebook.com\/bauweb00","https:\/\/instagram.com\/bauweb_shop"]}]}},"_links":{"self":[{"href":"https:\/\/bauweb.hr\/index.php\/wp-json\/wp\/v2\/product\/26261","targetHints":{"allow":["GET"]}}],"collection":[{"href":"https:\/\/bauweb.hr\/index.php\/wp-json\/wp\/v2\/product"}],"about":[{"href":"https:\/\/bauweb.hr\/index.php\/wp-json\/wp\/v2\/types\/product"}],"replies":[{"embeddable":true,"href":"https:\/\/bauweb.hr\/index.php\/wp-json\/wp\/v2\/comments?post=26261"}],"wp:featuredmedia":[{"embeddable":true,"href":"https:\/\/bauweb.hr\/index.php\/wp-json\/wp\/v2\/media\/26262"}],"wp:attachment":[{"href":"https:\/\/bauweb.hr\/index.php\/wp-json\/wp\/v2\/media?parent=26261"}],"wp:term":[{"taxonomy":"product_brand","embeddable":true,"href":"https:\/\/bauweb.hr\/index.php\/wp-json\/wp\/v2\/product_brand?post=26261"},{"taxonomy":"product_cat","embeddable":true,"href":"https:\/\/bauweb.hr\/index.php\/wp-json\/wp\/v2\/product_cat?post=26261"},{"taxonomy":"product_tag","embeddable":true,"href":"https:\/\/bauweb.hr\/index.php\/wp-json\/wp\/v2\/product_tag?post=26261"}],"curies":[{"name":"wp","href":"https:\/\/api.w.org\/{rel}","templated":true}]}}