{"id":26278,"date":"2025-04-30T12:34:56","date_gmt":"2025-04-30T10:34:56","guid":{"rendered":"https:\/\/bauweb.hr\/?post_type=product&#038;p=26278"},"modified":"2025-04-30T13:00:27","modified_gmt":"2025-04-30T11:00:27","slug":"kd-stalak-za-bicikle-za-3-bicikala","status":"publish","type":"product","link":"https:\/\/bauweb.hr\/index.php\/product\/kd-stalak-za-bicikle-za-3-bicikala\/","title":{"rendered":"K&#038;D Stalak za bicikle (za 3 bicikala)"},"content":{"rendered":"<h4>K&amp;D Stalak za bicikle (za 3 bicikala) KD650<\/h4>\n<p>\u010cvrsti nosa\u010d za bicikle Kraft&amp;Dele KD650 nezamjenjiv je proizvod koji \u0107e osigurati prostor za va\u0161 bicikl.<br \/>\nOmogu\u0107uje vam prakti\u010dno parkiranje bilo kojeg modela bicikla, za gume \u0161irine 35-60 mm.<br \/>\nMogu\u0107nost sidrenja u tlu.<br \/>\nSvoj bicikl mo\u017eete jednostavno zaklju\u010dati i osigurati od kra\u0111e.<br \/>\nStabilna konstrukcija, izra\u0111ena od visokokvalitetnog metala, koja osigurava otpornost na vremenske uvjete dugi niz godina.<br \/>\nModeran dizajn, za malu tvrtku takav \u0161tand nije samo prakti\u010dan, ve\u0107 i gradi dobru sliku tvrtke.<br \/>\nPostavljanje ispod ku\u0107e ili u gara\u017eu poma\u017ee nam u odr\u017eavanju reda.<\/p>\n<p><strong>DIMENZIJE:<\/strong><br \/>\n&#8211; Udaljenost od kota\u010da do kota\u010da: oko 30 cm<br \/>\n&#8211; Dimenzije: 705 x 330 x 270 mm<br \/>\n&#8211; Promjer okrugle cijevi: 16 x 1,0 mm<br \/>\n&#8211; Kvadratna cijev: 30 x 30 x 1,0 mm<br \/>\n&#8211; Te\u017eina: cca. 4,5 kg<\/p>\n<p><strong>ZNA\u010cAJKE PROIZVODA:<\/strong><br \/>\n&#8211; \u010cvrsta i stabilna konstrukcija<br \/>\n&#8211; Materijal A3, povr\u0161inska obrada: pocin\u010dano<br \/>\n&#8211; Stalak 4 &#8211; stalak<\/p>\n<p><strong>SASTAV:<\/strong><br \/>\n&#8211; KD650 Stalak<br \/>\n&#8211; Korisni\u010dki priru\u010dnik<\/p>\n","protected":false},"excerpt":{"rendered":"<h4>K&amp;D Stalak za bicikle (za 3 bicikala) KD650<\/h4>\n<p>\u010cvrsti nosa\u010d za bicikle Kraft&amp;Dele KD650 nezamjenjiv je proizvod koji \u0107e osigurati prostor za va\u0161 bicikl.<br \/>\nOmogu\u0107uje vam prakti\u010dno parkiranje bilo kojeg modela bicikla, za gume \u0161irine 35-60 mm.<br \/>\nMogu\u0107nost sidrenja u tlu.<br \/>\nSvoj bicikl mo\u017eete jednostavno zaklju\u010dati i osigurati od kra\u0111e.<br \/>\nStabilna konstrukcija, izra\u0111ena od visokokvalitetnog metala, koja osigurava otpornost na vremenske uvjete dugi niz godina.<br \/>\nModeran dizajn, za malu tvrtku takav \u0161tand nije samo prakti\u010dan, ve\u0107 i gradi dobru sliku tvrtke.<br \/>\nPostavljanje ispod ku\u0107e ili u gara\u017eu poma\u017ee nam u odr\u017eavanju reda.<\/p>\n<p><strong>DIMENZIJE:<\/strong><br \/>\n&#8211; Udaljenost od kota\u010da do kota\u010da: oko 30 cm<br \/>\n&#8211; Dimenzije: 705 x 330 x 270 mm<br \/>\n&#8211; Promjer okrugle cijevi: 16 x 1,0 mm<br \/>\n&#8211; Kvadratna cijev: 30 x 30 x 1,0 mm<br \/>\n&#8211; Te\u017eina: cca. 4,5 kg<\/p>\n<p><strong>ZNA\u010cAJKE PROIZVODA:<\/strong><br \/>\n&#8211; \u010cvrsta i stabilna konstrukcija<br \/>\n&#8211; Materijal A3, povr\u0161inska obrada: pocin\u010dano<\/p>\n","protected":false},"featured_media":26281,"comment_status":"open","ping_status":"closed","template":"","meta":[],"product_brand":[445],"product_cat":[438,440],"product_tag":[],"class_list":{"0":"post-26278","1":"product","2":"type-product","3":"status-publish","4":"has-post-thumbnail","6":"product_brand-kraft-dele","7":"product_cat-dom-i-vrt","8":"product_cat-oprema-za-bicikle","10":"first","11":"instock","12":"shipping-taxable","13":"purchasable","14":"product-type-simple"},"yoast_head":"<!-- This site is optimized with the Yoast SEO plugin v27.2 - https:\/\/yoast.com\/product\/yoast-seo-wordpress\/ -->\n<title>K&amp;D Stalak za bicikle (za 3 bicikala) - BauWeb<\/title>\n<meta name=\"description\" content=\"Potra\u017eite \u0161iroki izbor alata i materijala za profesionalne gra\u0111evinske radove. Istra\u017ei Bauweb ponudu i kupuj uz odli\u010dne popuste.\" \/>\n<meta name=\"robots\" content=\"index, follow, max-snippet:-1, max-image-preview:large, max-video-preview:-1\" \/>\n<link rel=\"canonical\" href=\"https:\/\/bauweb.hr\/index.php\/product\/kd-stalak-za-bicikle-za-3-bicikala\/\" \/>\n<meta property=\"og:locale\" content=\"hr_HR\" \/>\n<meta property=\"og:type\" content=\"article\" \/>\n<meta property=\"og:title\" content=\"K&amp;D Stalak za bicikle (za 3 bicikala) - BauWeb\" \/>\n<meta property=\"og:description\" content=\"Potra\u017eite \u0161iroki izbor alata i materijala za profesionalne gra\u0111evinske radove. Istra\u017ei Bauweb ponudu i kupuj uz odli\u010dne popuste.\" \/>\n<meta property=\"og:url\" content=\"https:\/\/bauweb.hr\/index.php\/product\/kd-stalak-za-bicikle-za-3-bicikala\/\" \/>\n<meta property=\"og:site_name\" content=\"BauWeb\" \/>\n<meta property=\"article:publisher\" content=\"https:\/\/facebook.com\/bauweb00\" \/>\n<meta property=\"article:modified_time\" content=\"2025-04-30T11:00:27+00:00\" \/>\n<meta property=\"og:image\" content=\"https:\/\/bauweb.hr\/wp-content\/uploads\/2025\/04\/KD650_3.jpg\" \/>\n\t<meta property=\"og:image:width\" content=\"690\" \/>\n\t<meta property=\"og:image:height\" content=\"690\" \/>\n\t<meta property=\"og:image:type\" content=\"image\/jpeg\" \/>\n<meta name=\"twitter:card\" content=\"summary_large_image\" \/>\n<meta name=\"twitter:label1\" content=\"Procijenjeno vrijeme \u010ditanja\" \/>\n\t<meta name=\"twitter:data1\" content=\"1 minuta\" \/>\n<script type=\"application\/ld+json\" class=\"yoast-schema-graph\">{\"@context\":\"https:\/\/schema.org\",\"@graph\":[{\"@type\":\"WebPage\",\"@id\":\"https:\/\/bauweb.hr\/index.php\/product\/kd-stalak-za-bicikle-za-3-bicikala\/\",\"url\":\"https:\/\/bauweb.hr\/index.php\/product\/kd-stalak-za-bicikle-za-3-bicikala\/\",\"name\":\"K&D Stalak za bicikle (za 3 bicikala) - BauWeb\",\"isPartOf\":{\"@id\":\"https:\/\/bauweb.hr\/#website\"},\"primaryImageOfPage\":{\"@id\":\"https:\/\/bauweb.hr\/index.php\/product\/kd-stalak-za-bicikle-za-3-bicikala\/#primaryimage\"},\"image\":{\"@id\":\"https:\/\/bauweb.hr\/index.php\/product\/kd-stalak-za-bicikle-za-3-bicikala\/#primaryimage\"},\"thumbnailUrl\":\"https:\/\/bauweb.hr\/wp-content\/uploads\/2025\/04\/KD650_3.jpg\",\"datePublished\":\"2025-04-30T10:34:56+00:00\",\"dateModified\":\"2025-04-30T11:00:27+00:00\",\"description\":\"Potra\u017eite \u0161iroki izbor alata i materijala za profesionalne gra\u0111evinske radove. Istra\u017ei Bauweb ponudu i kupuj uz odli\u010dne popuste.\",\"breadcrumb\":{\"@id\":\"https:\/\/bauweb.hr\/index.php\/product\/kd-stalak-za-bicikle-za-3-bicikala\/#breadcrumb\"},\"inLanguage\":\"hr\",\"potentialAction\":[{\"@type\":\"ReadAction\",\"target\":[\"https:\/\/bauweb.hr\/index.php\/product\/kd-stalak-za-bicikle-za-3-bicikala\/\"]}]},{\"@type\":\"ImageObject\",\"inLanguage\":\"hr\",\"@id\":\"https:\/\/bauweb.hr\/index.php\/product\/kd-stalak-za-bicikle-za-3-bicikala\/#primaryimage\",\"url\":\"https:\/\/bauweb.hr\/wp-content\/uploads\/2025\/04\/KD650_3.jpg\",\"contentUrl\":\"https:\/\/bauweb.hr\/wp-content\/uploads\/2025\/04\/KD650_3.jpg\",\"width\":690,\"height\":690},{\"@type\":\"BreadcrumbList\",\"@id\":\"https:\/\/bauweb.hr\/index.php\/product\/kd-stalak-za-bicikle-za-3-bicikala\/#breadcrumb\",\"itemListElement\":[{\"@type\":\"ListItem\",\"position\":1,\"name\":\"Po\u010detna stranica\",\"item\":\"https:\/\/bauweb.hr\/\"},{\"@type\":\"ListItem\",\"position\":2,\"name\":\"Shop\",\"item\":\"https:\/\/bauweb.hr\/index.php\/shop-wooshop-v1\/\"},{\"@type\":\"ListItem\",\"position\":3,\"name\":\"K&#038;D Stalak za bicikle (za 3 bicikala)\"}]},{\"@type\":\"WebSite\",\"@id\":\"https:\/\/bauweb.hr\/#website\",\"url\":\"https:\/\/bauweb.hr\/\",\"name\":\"BauWeb\",\"description\":\"Za prave majstore\",\"publisher\":{\"@id\":\"https:\/\/bauweb.hr\/#organization\"},\"alternateName\":\"BauWeb\",\"potentialAction\":[{\"@type\":\"SearchAction\",\"target\":{\"@type\":\"EntryPoint\",\"urlTemplate\":\"https:\/\/bauweb.hr\/?s={search_term_string}\"},\"query-input\":{\"@type\":\"PropertyValueSpecification\",\"valueRequired\":true,\"valueName\":\"search_term_string\"}}],\"inLanguage\":\"hr\"},{\"@type\":\"Organization\",\"@id\":\"https:\/\/bauweb.hr\/#organization\",\"name\":\"Hobi dom d.o.o.\",\"url\":\"https:\/\/bauweb.hr\/\",\"logo\":{\"@type\":\"ImageObject\",\"inLanguage\":\"hr\",\"@id\":\"https:\/\/bauweb.hr\/#\/schema\/logo\/image\/\",\"url\":\"https:\/\/bauweb.hr\/wp-content\/uploads\/2023\/01\/Bauweb_logo-01.png\",\"contentUrl\":\"https:\/\/bauweb.hr\/wp-content\/uploads\/2023\/01\/Bauweb_logo-01.png\",\"width\":842,\"height\":596,\"caption\":\"Hobi dom d.o.o.\"},\"image\":{\"@id\":\"https:\/\/bauweb.hr\/#\/schema\/logo\/image\/\"},\"sameAs\":[\"https:\/\/facebook.com\/bauweb00\",\"https:\/\/instagram.com\/bauweb_shop\"]}]}<\/script>\n<!-- \/ Yoast SEO plugin. -->","yoast_head_json":{"title":"K&D Stalak za bicikle (za 3 bicikala) - BauWeb","description":"Potra\u017eite \u0161iroki izbor alata i materijala za profesionalne gra\u0111evinske radove. Istra\u017ei Bauweb ponudu i kupuj uz odli\u010dne popuste.","robots":{"index":"index","follow":"follow","max-snippet":"max-snippet:-1","max-image-preview":"max-image-preview:large","max-video-preview":"max-video-preview:-1"},"canonical":"https:\/\/bauweb.hr\/index.php\/product\/kd-stalak-za-bicikle-za-3-bicikala\/","og_locale":"hr_HR","og_type":"article","og_title":"K&D Stalak za bicikle (za 3 bicikala) - BauWeb","og_description":"Potra\u017eite \u0161iroki izbor alata i materijala za profesionalne gra\u0111evinske radove. Istra\u017ei Bauweb ponudu i kupuj uz odli\u010dne popuste.","og_url":"https:\/\/bauweb.hr\/index.php\/product\/kd-stalak-za-bicikle-za-3-bicikala\/","og_site_name":"BauWeb","article_publisher":"https:\/\/facebook.com\/bauweb00","article_modified_time":"2025-04-30T11:00:27+00:00","og_image":[{"width":690,"height":690,"url":"https:\/\/bauweb.hr\/wp-content\/uploads\/2025\/04\/KD650_3.jpg","type":"image\/jpeg"}],"twitter_card":"summary_large_image","twitter_misc":{"Procijenjeno vrijeme \u010ditanja":"1 minuta"},"schema":{"@context":"https:\/\/schema.org","@graph":[{"@type":"WebPage","@id":"https:\/\/bauweb.hr\/index.php\/product\/kd-stalak-za-bicikle-za-3-bicikala\/","url":"https:\/\/bauweb.hr\/index.php\/product\/kd-stalak-za-bicikle-za-3-bicikala\/","name":"K&D Stalak za bicikle (za 3 bicikala) - BauWeb","isPartOf":{"@id":"https:\/\/bauweb.hr\/#website"},"primaryImageOfPage":{"@id":"https:\/\/bauweb.hr\/index.php\/product\/kd-stalak-za-bicikle-za-3-bicikala\/#primaryimage"},"image":{"@id":"https:\/\/bauweb.hr\/index.php\/product\/kd-stalak-za-bicikle-za-3-bicikala\/#primaryimage"},"thumbnailUrl":"https:\/\/bauweb.hr\/wp-content\/uploads\/2025\/04\/KD650_3.jpg","datePublished":"2025-04-30T10:34:56+00:00","dateModified":"2025-04-30T11:00:27+00:00","description":"Potra\u017eite \u0161iroki izbor alata i materijala za profesionalne gra\u0111evinske radove. Istra\u017ei Bauweb ponudu i kupuj uz odli\u010dne popuste.","breadcrumb":{"@id":"https:\/\/bauweb.hr\/index.php\/product\/kd-stalak-za-bicikle-za-3-bicikala\/#breadcrumb"},"inLanguage":"hr","potentialAction":[{"@type":"ReadAction","target":["https:\/\/bauweb.hr\/index.php\/product\/kd-stalak-za-bicikle-za-3-bicikala\/"]}]},{"@type":"ImageObject","inLanguage":"hr","@id":"https:\/\/bauweb.hr\/index.php\/product\/kd-stalak-za-bicikle-za-3-bicikala\/#primaryimage","url":"https:\/\/bauweb.hr\/wp-content\/uploads\/2025\/04\/KD650_3.jpg","contentUrl":"https:\/\/bauweb.hr\/wp-content\/uploads\/2025\/04\/KD650_3.jpg","width":690,"height":690},{"@type":"BreadcrumbList","@id":"https:\/\/bauweb.hr\/index.php\/product\/kd-stalak-za-bicikle-za-3-bicikala\/#breadcrumb","itemListElement":[{"@type":"ListItem","position":1,"name":"Po\u010detna stranica","item":"https:\/\/bauweb.hr\/"},{"@type":"ListItem","position":2,"name":"Shop","item":"https:\/\/bauweb.hr\/index.php\/shop-wooshop-v1\/"},{"@type":"ListItem","position":3,"name":"K&#038;D Stalak za bicikle (za 3 bicikala)"}]},{"@type":"WebSite","@id":"https:\/\/bauweb.hr\/#website","url":"https:\/\/bauweb.hr\/","name":"BauWeb","description":"Za prave majstore","publisher":{"@id":"https:\/\/bauweb.hr\/#organization"},"alternateName":"BauWeb","potentialAction":[{"@type":"SearchAction","target":{"@type":"EntryPoint","urlTemplate":"https:\/\/bauweb.hr\/?s={search_term_string}"},"query-input":{"@type":"PropertyValueSpecification","valueRequired":true,"valueName":"search_term_string"}}],"inLanguage":"hr"},{"@type":"Organization","@id":"https:\/\/bauweb.hr\/#organization","name":"Hobi dom d.o.o.","url":"https:\/\/bauweb.hr\/","logo":{"@type":"ImageObject","inLanguage":"hr","@id":"https:\/\/bauweb.hr\/#\/schema\/logo\/image\/","url":"https:\/\/bauweb.hr\/wp-content\/uploads\/2023\/01\/Bauweb_logo-01.png","contentUrl":"https:\/\/bauweb.hr\/wp-content\/uploads\/2023\/01\/Bauweb_logo-01.png","width":842,"height":596,"caption":"Hobi dom d.o.o."},"image":{"@id":"https:\/\/bauweb.hr\/#\/schema\/logo\/image\/"},"sameAs":["https:\/\/facebook.com\/bauweb00","https:\/\/instagram.com\/bauweb_shop"]}]}},"_links":{"self":[{"href":"https:\/\/bauweb.hr\/index.php\/wp-json\/wp\/v2\/product\/26278","targetHints":{"allow":["GET"]}}],"collection":[{"href":"https:\/\/bauweb.hr\/index.php\/wp-json\/wp\/v2\/product"}],"about":[{"href":"https:\/\/bauweb.hr\/index.php\/wp-json\/wp\/v2\/types\/product"}],"replies":[{"embeddable":true,"href":"https:\/\/bauweb.hr\/index.php\/wp-json\/wp\/v2\/comments?post=26278"}],"wp:featuredmedia":[{"embeddable":true,"href":"https:\/\/bauweb.hr\/index.php\/wp-json\/wp\/v2\/media\/26281"}],"wp:attachment":[{"href":"https:\/\/bauweb.hr\/index.php\/wp-json\/wp\/v2\/media?parent=26278"}],"wp:term":[{"taxonomy":"product_brand","embeddable":true,"href":"https:\/\/bauweb.hr\/index.php\/wp-json\/wp\/v2\/product_brand?post=26278"},{"taxonomy":"product_cat","embeddable":true,"href":"https:\/\/bauweb.hr\/index.php\/wp-json\/wp\/v2\/product_cat?post=26278"},{"taxonomy":"product_tag","embeddable":true,"href":"https:\/\/bauweb.hr\/index.php\/wp-json\/wp\/v2\/product_tag?post=26278"}],"curies":[{"name":"wp","href":"https:\/\/api.w.org\/{rel}","templated":true}]}}