{"id":26496,"date":"2025-06-12T15:26:28","date_gmt":"2025-06-12T13:26:28","guid":{"rendered":"https:\/\/bauweb.hr\/?post_type=product&#038;p=26496"},"modified":"2025-11-01T10:19:33","modified_gmt":"2025-11-01T09:19:33","slug":"kd-el-komplet-za-rezanje-plocica-velikog-formata","status":"publish","type":"product","link":"https:\/\/bauweb.hr\/index.php\/product\/kd-el-komplet-za-rezanje-plocica-velikog-formata\/","title":{"rendered":"K&#038;D EL. KOMPLET ZA REZANJE PLO\u010cICA VELIKOG FORMATA"},"content":{"rendered":"<p>Elektri\u010dni reza\u010d plo\u010dica Kraft&amp;Dele je ure\u0111aj dizajniran za precizno rezanje plo\u010dica velikog formata.<\/p>\n<p>Tri aluminijske vodilice omogu\u0107uju rezanje plo\u010dica duljine do 3600 mm. Stabilnost rezanja osiguravaju tri vakuumske \u010da\u0161ice promjera 120 mm kojima je vodilica pri\u010dvr\u0161\u0107ena na radnu povr\u0161inu.<br \/>\nMaksimalna duljina rezanja: 3600 mm, debljina rezanja: 12-25 mm. Osigurava \u010disto i precizno rezanje keramike, porculana, granita, podnih plo\u010dica itd.<\/p>\n<p>Konstrukcija je izra\u0111ena od visokokvalitetnog materijala, karakterizira se izvrsnom \u010dvrsto\u0107om i kruto\u0161\u0107u, osigurava udobnost i sigurnost rada.<\/p>\n<p>Debljina: 12 &#8211; 25 mm<br \/>\nBrzina rotacije: 13800 o\/min<br \/>\nSnaga: 1600 W<br \/>\nDimenzije: 122 x 22 x 16 cm<br \/>\nDuljina: do 3600 mm<br \/>\nTe\u017eina: cca. 17 kg<\/p>\n<p>SASTAV:<\/p>\n<p>Elektri\u010dni reza\u010d plo\u010dica\/stakla<br \/>\nAluminijska vodilica 3 x<br \/>\nVakuumska \u010da\u0161ica 120 mm 3 x<br \/>\nPrakti\u010dna torbica<br \/>\nOriginalno pakiranje<br \/>\nUpute za uporabu<br \/>\nPotvrda ili ra\u010dun.<\/p>\n","protected":false},"excerpt":{"rendered":"<p>Elektri\u010dni reza\u010d plo\u010dica Kraft&amp;Dele je ure\u0111aj dizajniran za precizno rezanje plo\u010dica velikog formata.<\/p>\n<p>Tri aluminijske vodilice omogu\u0107uju rezanje plo\u010dica duljine do 3600 mm. Stabilnost rezanja osiguravaju tri vakuumske \u010da\u0161ice promjera 120 mm kojima je vodilica pri\u010dvr\u0161\u0107ena na radnu povr\u0161inu.<br \/>\nMaksimalna duljina rezanja: 3600 mm, debljina rezanja: 12-25 mm. Osigurava \u010disto i precizno rezanje keramike, porculana, granita, podnih plo\u010dica itd.<\/p>\n","protected":false},"featured_media":26498,"comment_status":"open","ping_status":"closed","template":"","meta":[],"product_brand":[445],"product_cat":[147,102],"product_tag":[],"class_list":{"0":"post-26496","1":"product","2":"type-product","3":"status-publish","4":"has-post-thumbnail","6":"product_brand-kraft-dele","7":"product_cat-alati-i-pribor-keramicari","8":"product_cat-keramicari","10":"first","11":"instock","12":"shipping-taxable","13":"purchasable","14":"product-type-simple"},"yoast_head":"<!-- This site is optimized with the Yoast SEO plugin v27.2 - https:\/\/yoast.com\/product\/yoast-seo-wordpress\/ -->\n<title>K&amp;D EL. KOMPLET ZA REZANJE PLO\u010cICA VELIKOG FORMATA - BauWeb<\/title>\n<meta name=\"description\" content=\"Potra\u017eite \u0161iroki izbor alata i materijala za profesionalne gra\u0111evinske radove. Istra\u017ei Bauweb ponudu i kupuj uz odli\u010dne popuste.\" \/>\n<meta name=\"robots\" content=\"index, follow, max-snippet:-1, max-image-preview:large, max-video-preview:-1\" \/>\n<link rel=\"canonical\" href=\"https:\/\/bauweb.hr\/index.php\/product\/kd-el-komplet-za-rezanje-plocica-velikog-formata\/\" \/>\n<meta property=\"og:locale\" content=\"hr_HR\" \/>\n<meta property=\"og:type\" content=\"article\" \/>\n<meta property=\"og:title\" content=\"K&amp;D EL. KOMPLET ZA REZANJE PLO\u010cICA VELIKOG FORMATA - BauWeb\" \/>\n<meta property=\"og:description\" content=\"Potra\u017eite \u0161iroki izbor alata i materijala za profesionalne gra\u0111evinske radove. Istra\u017ei Bauweb ponudu i kupuj uz odli\u010dne popuste.\" \/>\n<meta property=\"og:url\" content=\"https:\/\/bauweb.hr\/index.php\/product\/kd-el-komplet-za-rezanje-plocica-velikog-formata\/\" \/>\n<meta property=\"og:site_name\" content=\"BauWeb\" \/>\n<meta property=\"article:publisher\" content=\"https:\/\/facebook.com\/bauweb00\" \/>\n<meta property=\"article:modified_time\" content=\"2025-11-01T09:19:33+00:00\" \/>\n<meta property=\"og:image\" content=\"https:\/\/bauweb.hr\/wp-content\/uploads\/2025\/06\/Dizajn-bez-naslova-2025-06-12T141601.270.png\" \/>\n\t<meta property=\"og:image:width\" content=\"690\" \/>\n\t<meta property=\"og:image:height\" content=\"690\" \/>\n\t<meta property=\"og:image:type\" content=\"image\/png\" \/>\n<meta name=\"twitter:card\" content=\"summary_large_image\" \/>\n<meta name=\"twitter:label1\" content=\"Procijenjeno vrijeme \u010ditanja\" \/>\n\t<meta name=\"twitter:data1\" content=\"1 minuta\" \/>\n<script type=\"application\/ld+json\" class=\"yoast-schema-graph\">{\"@context\":\"https:\/\/schema.org\",\"@graph\":[{\"@type\":\"WebPage\",\"@id\":\"https:\/\/bauweb.hr\/index.php\/product\/kd-el-komplet-za-rezanje-plocica-velikog-formata\/\",\"url\":\"https:\/\/bauweb.hr\/index.php\/product\/kd-el-komplet-za-rezanje-plocica-velikog-formata\/\",\"name\":\"K&D EL. KOMPLET ZA REZANJE PLO\u010cICA VELIKOG FORMATA - BauWeb\",\"isPartOf\":{\"@id\":\"https:\/\/bauweb.hr\/#website\"},\"primaryImageOfPage\":{\"@id\":\"https:\/\/bauweb.hr\/index.php\/product\/kd-el-komplet-za-rezanje-plocica-velikog-formata\/#primaryimage\"},\"image\":{\"@id\":\"https:\/\/bauweb.hr\/index.php\/product\/kd-el-komplet-za-rezanje-plocica-velikog-formata\/#primaryimage\"},\"thumbnailUrl\":\"https:\/\/bauweb.hr\/wp-content\/uploads\/2025\/06\/Dizajn-bez-naslova-2025-06-12T141601.270.png\",\"datePublished\":\"2025-06-12T13:26:28+00:00\",\"dateModified\":\"2025-11-01T09:19:33+00:00\",\"description\":\"Potra\u017eite \u0161iroki izbor alata i materijala za profesionalne gra\u0111evinske radove. Istra\u017ei Bauweb ponudu i kupuj uz odli\u010dne popuste.\",\"breadcrumb\":{\"@id\":\"https:\/\/bauweb.hr\/index.php\/product\/kd-el-komplet-za-rezanje-plocica-velikog-formata\/#breadcrumb\"},\"inLanguage\":\"hr\",\"potentialAction\":[{\"@type\":\"ReadAction\",\"target\":[\"https:\/\/bauweb.hr\/index.php\/product\/kd-el-komplet-za-rezanje-plocica-velikog-formata\/\"]}]},{\"@type\":\"ImageObject\",\"inLanguage\":\"hr\",\"@id\":\"https:\/\/bauweb.hr\/index.php\/product\/kd-el-komplet-za-rezanje-plocica-velikog-formata\/#primaryimage\",\"url\":\"https:\/\/bauweb.hr\/wp-content\/uploads\/2025\/06\/Dizajn-bez-naslova-2025-06-12T141601.270.png\",\"contentUrl\":\"https:\/\/bauweb.hr\/wp-content\/uploads\/2025\/06\/Dizajn-bez-naslova-2025-06-12T141601.270.png\",\"width\":690,\"height\":690},{\"@type\":\"BreadcrumbList\",\"@id\":\"https:\/\/bauweb.hr\/index.php\/product\/kd-el-komplet-za-rezanje-plocica-velikog-formata\/#breadcrumb\",\"itemListElement\":[{\"@type\":\"ListItem\",\"position\":1,\"name\":\"Po\u010detna stranica\",\"item\":\"https:\/\/bauweb.hr\/\"},{\"@type\":\"ListItem\",\"position\":2,\"name\":\"Shop\",\"item\":\"https:\/\/bauweb.hr\/index.php\/shop-wooshop-v1\/\"},{\"@type\":\"ListItem\",\"position\":3,\"name\":\"K&#038;D EL. KOMPLET ZA REZANJE PLO\u010cICA VELIKOG FORMATA\"}]},{\"@type\":\"WebSite\",\"@id\":\"https:\/\/bauweb.hr\/#website\",\"url\":\"https:\/\/bauweb.hr\/\",\"name\":\"BauWeb\",\"description\":\"Za prave majstore\",\"publisher\":{\"@id\":\"https:\/\/bauweb.hr\/#organization\"},\"alternateName\":\"BauWeb\",\"potentialAction\":[{\"@type\":\"SearchAction\",\"target\":{\"@type\":\"EntryPoint\",\"urlTemplate\":\"https:\/\/bauweb.hr\/?s={search_term_string}\"},\"query-input\":{\"@type\":\"PropertyValueSpecification\",\"valueRequired\":true,\"valueName\":\"search_term_string\"}}],\"inLanguage\":\"hr\"},{\"@type\":\"Organization\",\"@id\":\"https:\/\/bauweb.hr\/#organization\",\"name\":\"Hobi dom d.o.o.\",\"url\":\"https:\/\/bauweb.hr\/\",\"logo\":{\"@type\":\"ImageObject\",\"inLanguage\":\"hr\",\"@id\":\"https:\/\/bauweb.hr\/#\/schema\/logo\/image\/\",\"url\":\"https:\/\/bauweb.hr\/wp-content\/uploads\/2023\/01\/Bauweb_logo-01.png\",\"contentUrl\":\"https:\/\/bauweb.hr\/wp-content\/uploads\/2023\/01\/Bauweb_logo-01.png\",\"width\":842,\"height\":596,\"caption\":\"Hobi dom d.o.o.\"},\"image\":{\"@id\":\"https:\/\/bauweb.hr\/#\/schema\/logo\/image\/\"},\"sameAs\":[\"https:\/\/facebook.com\/bauweb00\",\"https:\/\/instagram.com\/bauweb_shop\"]}]}<\/script>\n<!-- \/ Yoast SEO plugin. -->","yoast_head_json":{"title":"K&D EL. KOMPLET ZA REZANJE PLO\u010cICA VELIKOG FORMATA - BauWeb","description":"Potra\u017eite \u0161iroki izbor alata i materijala za profesionalne gra\u0111evinske radove. Istra\u017ei Bauweb ponudu i kupuj uz odli\u010dne popuste.","robots":{"index":"index","follow":"follow","max-snippet":"max-snippet:-1","max-image-preview":"max-image-preview:large","max-video-preview":"max-video-preview:-1"},"canonical":"https:\/\/bauweb.hr\/index.php\/product\/kd-el-komplet-za-rezanje-plocica-velikog-formata\/","og_locale":"hr_HR","og_type":"article","og_title":"K&D EL. KOMPLET ZA REZANJE PLO\u010cICA VELIKOG FORMATA - BauWeb","og_description":"Potra\u017eite \u0161iroki izbor alata i materijala za profesionalne gra\u0111evinske radove. Istra\u017ei Bauweb ponudu i kupuj uz odli\u010dne popuste.","og_url":"https:\/\/bauweb.hr\/index.php\/product\/kd-el-komplet-za-rezanje-plocica-velikog-formata\/","og_site_name":"BauWeb","article_publisher":"https:\/\/facebook.com\/bauweb00","article_modified_time":"2025-11-01T09:19:33+00:00","og_image":[{"width":690,"height":690,"url":"https:\/\/bauweb.hr\/wp-content\/uploads\/2025\/06\/Dizajn-bez-naslova-2025-06-12T141601.270.png","type":"image\/png"}],"twitter_card":"summary_large_image","twitter_misc":{"Procijenjeno vrijeme \u010ditanja":"1 minuta"},"schema":{"@context":"https:\/\/schema.org","@graph":[{"@type":"WebPage","@id":"https:\/\/bauweb.hr\/index.php\/product\/kd-el-komplet-za-rezanje-plocica-velikog-formata\/","url":"https:\/\/bauweb.hr\/index.php\/product\/kd-el-komplet-za-rezanje-plocica-velikog-formata\/","name":"K&D EL. KOMPLET ZA REZANJE PLO\u010cICA VELIKOG FORMATA - BauWeb","isPartOf":{"@id":"https:\/\/bauweb.hr\/#website"},"primaryImageOfPage":{"@id":"https:\/\/bauweb.hr\/index.php\/product\/kd-el-komplet-za-rezanje-plocica-velikog-formata\/#primaryimage"},"image":{"@id":"https:\/\/bauweb.hr\/index.php\/product\/kd-el-komplet-za-rezanje-plocica-velikog-formata\/#primaryimage"},"thumbnailUrl":"https:\/\/bauweb.hr\/wp-content\/uploads\/2025\/06\/Dizajn-bez-naslova-2025-06-12T141601.270.png","datePublished":"2025-06-12T13:26:28+00:00","dateModified":"2025-11-01T09:19:33+00:00","description":"Potra\u017eite \u0161iroki izbor alata i materijala za profesionalne gra\u0111evinske radove. Istra\u017ei Bauweb ponudu i kupuj uz odli\u010dne popuste.","breadcrumb":{"@id":"https:\/\/bauweb.hr\/index.php\/product\/kd-el-komplet-za-rezanje-plocica-velikog-formata\/#breadcrumb"},"inLanguage":"hr","potentialAction":[{"@type":"ReadAction","target":["https:\/\/bauweb.hr\/index.php\/product\/kd-el-komplet-za-rezanje-plocica-velikog-formata\/"]}]},{"@type":"ImageObject","inLanguage":"hr","@id":"https:\/\/bauweb.hr\/index.php\/product\/kd-el-komplet-za-rezanje-plocica-velikog-formata\/#primaryimage","url":"https:\/\/bauweb.hr\/wp-content\/uploads\/2025\/06\/Dizajn-bez-naslova-2025-06-12T141601.270.png","contentUrl":"https:\/\/bauweb.hr\/wp-content\/uploads\/2025\/06\/Dizajn-bez-naslova-2025-06-12T141601.270.png","width":690,"height":690},{"@type":"BreadcrumbList","@id":"https:\/\/bauweb.hr\/index.php\/product\/kd-el-komplet-za-rezanje-plocica-velikog-formata\/#breadcrumb","itemListElement":[{"@type":"ListItem","position":1,"name":"Po\u010detna stranica","item":"https:\/\/bauweb.hr\/"},{"@type":"ListItem","position":2,"name":"Shop","item":"https:\/\/bauweb.hr\/index.php\/shop-wooshop-v1\/"},{"@type":"ListItem","position":3,"name":"K&#038;D EL. KOMPLET ZA REZANJE PLO\u010cICA VELIKOG FORMATA"}]},{"@type":"WebSite","@id":"https:\/\/bauweb.hr\/#website","url":"https:\/\/bauweb.hr\/","name":"BauWeb","description":"Za prave majstore","publisher":{"@id":"https:\/\/bauweb.hr\/#organization"},"alternateName":"BauWeb","potentialAction":[{"@type":"SearchAction","target":{"@type":"EntryPoint","urlTemplate":"https:\/\/bauweb.hr\/?s={search_term_string}"},"query-input":{"@type":"PropertyValueSpecification","valueRequired":true,"valueName":"search_term_string"}}],"inLanguage":"hr"},{"@type":"Organization","@id":"https:\/\/bauweb.hr\/#organization","name":"Hobi dom d.o.o.","url":"https:\/\/bauweb.hr\/","logo":{"@type":"ImageObject","inLanguage":"hr","@id":"https:\/\/bauweb.hr\/#\/schema\/logo\/image\/","url":"https:\/\/bauweb.hr\/wp-content\/uploads\/2023\/01\/Bauweb_logo-01.png","contentUrl":"https:\/\/bauweb.hr\/wp-content\/uploads\/2023\/01\/Bauweb_logo-01.png","width":842,"height":596,"caption":"Hobi dom d.o.o."},"image":{"@id":"https:\/\/bauweb.hr\/#\/schema\/logo\/image\/"},"sameAs":["https:\/\/facebook.com\/bauweb00","https:\/\/instagram.com\/bauweb_shop"]}]}},"_links":{"self":[{"href":"https:\/\/bauweb.hr\/index.php\/wp-json\/wp\/v2\/product\/26496","targetHints":{"allow":["GET"]}}],"collection":[{"href":"https:\/\/bauweb.hr\/index.php\/wp-json\/wp\/v2\/product"}],"about":[{"href":"https:\/\/bauweb.hr\/index.php\/wp-json\/wp\/v2\/types\/product"}],"replies":[{"embeddable":true,"href":"https:\/\/bauweb.hr\/index.php\/wp-json\/wp\/v2\/comments?post=26496"}],"wp:featuredmedia":[{"embeddable":true,"href":"https:\/\/bauweb.hr\/index.php\/wp-json\/wp\/v2\/media\/26498"}],"wp:attachment":[{"href":"https:\/\/bauweb.hr\/index.php\/wp-json\/wp\/v2\/media?parent=26496"}],"wp:term":[{"taxonomy":"product_brand","embeddable":true,"href":"https:\/\/bauweb.hr\/index.php\/wp-json\/wp\/v2\/product_brand?post=26496"},{"taxonomy":"product_cat","embeddable":true,"href":"https:\/\/bauweb.hr\/index.php\/wp-json\/wp\/v2\/product_cat?post=26496"},{"taxonomy":"product_tag","embeddable":true,"href":"https:\/\/bauweb.hr\/index.php\/wp-json\/wp\/v2\/product_tag?post=26496"}],"curies":[{"name":"wp","href":"https:\/\/api.w.org\/{rel}","templated":true}]}}