{"id":26518,"date":"2025-06-12T16:35:34","date_gmt":"2025-06-12T14:35:34","guid":{"rendered":"https:\/\/bauweb.hr\/?post_type=product&#038;p=26518"},"modified":"2025-06-12T16:35:34","modified_gmt":"2025-06-12T14:35:34","slug":"kd-aparat-za-zavarivanje-cijevi-2800w-lcd-zaslon","status":"publish","type":"product","link":"https:\/\/bauweb.hr\/index.php\/product\/kd-aparat-za-zavarivanje-cijevi-2800w-lcd-zaslon\/","title":{"rendered":"K&#038;D Aparat za zavarivanje cijevi 2800W LCD zaslon"},"content":{"rendered":"<p>Aparat za zavarivanje cijevi s LCD zaslonom koristi se za zavarivanje cijevi i spojnica izra\u0111enih od polimera (PE-polietilen, PP-polipropilen, PB-polibuten) koji se koriste tijekom instalacija vode i centralnog grijanja.<br \/>\nUre\u0111aj karakterizira jednostavno rukovanje i prakti\u010dnost, \u0161to omogu\u0107uje kori\u0161tenje na mjestu ugradnje.<br \/>\nAparat je opremljen svjetlosnom signalizacijom spremnosti za rad.<br \/>\nLCD zaslon s mogu\u0107no\u0161\u0107u pode\u0161avanja to\u010dne temperature do 320 \u00b0C.<br \/>\nUre\u0111aj je tako\u0111er opremljen zamjenjivim grija\u0107im kapama koje omogu\u0107uju istovremeno zagrijavanje unutarnje i vanjske povr\u0161ine spojenih elemenata.<br \/>\nU setu s prakti\u010dnom kutijom za transport i skladi\u0161tenje.<\/p>\n<p>Parametri:<\/p>\n<p>\u2022 Marka: KRAFT&amp;DELE<br \/>\n\u2022 Vrsta ure\u0111aja: aparat za zavarivanje cijevi<br \/>\n\u2022 Promjer kamena (mm): 16, 20, 25, 32, 40, 50, 63<br \/>\n\u2022 Izlazna snaga: 2800 W<br \/>\n\u2022 Maks. temperatura zavarivanja: 320 \u00b0C<br \/>\n\u2022 Zaslon: LCD<br \/>\n\u2022 Vrijeme zagrijavanja 0-300 \u00b0C (min):<\/p>\n","protected":false},"excerpt":{"rendered":"<p>Aparat za zavarivanje cijevi s LCD zaslonom koristi se za zavarivanje cijevi i spojnica izra\u0111enih od polimera (PE-polietilen, PP-polipropilen, PB-polibuten) koji se koriste tijekom instalacija vode i centralnog grijanja.<\/p>\n","protected":false},"featured_media":26524,"comment_status":"open","ping_status":"closed","template":"","meta":[],"product_brand":[445],"product_cat":[110,108],"product_tag":[],"class_list":{"0":"post-26518","1":"product","2":"type-product","3":"status-publish","4":"has-post-thumbnail","6":"product_brand-kraft-dele","7":"product_cat-alati-pribor","8":"product_cat-vodovodni-materijal","10":"first","11":"instock","12":"shipping-taxable","13":"purchasable","14":"product-type-simple"},"yoast_head":"<!-- This site is optimized with the Yoast SEO plugin v27.2 - https:\/\/yoast.com\/product\/yoast-seo-wordpress\/ -->\n<title>K&amp;D Aparat za zavarivanje cijevi 2800W LCD zaslon - BauWeb<\/title>\n<meta name=\"description\" content=\"Potra\u017eite \u0161iroki izbor alata i materijala za profesionalne gra\u0111evinske radove. Istra\u017ei Bauweb ponudu i kupuj uz odli\u010dne popuste.\" \/>\n<meta name=\"robots\" content=\"index, follow, max-snippet:-1, max-image-preview:large, max-video-preview:-1\" \/>\n<link rel=\"canonical\" href=\"https:\/\/bauweb.hr\/index.php\/product\/kd-aparat-za-zavarivanje-cijevi-2800w-lcd-zaslon\/\" \/>\n<meta property=\"og:locale\" content=\"hr_HR\" \/>\n<meta property=\"og:type\" content=\"article\" \/>\n<meta property=\"og:title\" content=\"K&amp;D Aparat za zavarivanje cijevi 2800W LCD zaslon - BauWeb\" \/>\n<meta property=\"og:description\" content=\"Potra\u017eite \u0161iroki izbor alata i materijala za profesionalne gra\u0111evinske radove. Istra\u017ei Bauweb ponudu i kupuj uz odli\u010dne popuste.\" \/>\n<meta property=\"og:url\" content=\"https:\/\/bauweb.hr\/index.php\/product\/kd-aparat-za-zavarivanje-cijevi-2800w-lcd-zaslon\/\" \/>\n<meta property=\"og:site_name\" content=\"BauWeb\" \/>\n<meta property=\"article:publisher\" content=\"https:\/\/facebook.com\/bauweb00\" \/>\n<meta property=\"og:image\" content=\"https:\/\/bauweb.hr\/wp-content\/uploads\/2025\/06\/Dizajn-bez-naslova-2025-06-12T162220.005.png\" \/>\n\t<meta property=\"og:image:width\" content=\"690\" \/>\n\t<meta property=\"og:image:height\" content=\"690\" \/>\n\t<meta property=\"og:image:type\" content=\"image\/png\" \/>\n<meta name=\"twitter:card\" content=\"summary_large_image\" \/>\n<meta name=\"twitter:label1\" content=\"Procijenjeno vrijeme \u010ditanja\" \/>\n\t<meta name=\"twitter:data1\" content=\"1 minuta\" \/>\n<script type=\"application\/ld+json\" class=\"yoast-schema-graph\">{\"@context\":\"https:\/\/schema.org\",\"@graph\":[{\"@type\":\"WebPage\",\"@id\":\"https:\/\/bauweb.hr\/index.php\/product\/kd-aparat-za-zavarivanje-cijevi-2800w-lcd-zaslon\/\",\"url\":\"https:\/\/bauweb.hr\/index.php\/product\/kd-aparat-za-zavarivanje-cijevi-2800w-lcd-zaslon\/\",\"name\":\"K&D Aparat za zavarivanje cijevi 2800W LCD zaslon - BauWeb\",\"isPartOf\":{\"@id\":\"https:\/\/bauweb.hr\/#website\"},\"primaryImageOfPage\":{\"@id\":\"https:\/\/bauweb.hr\/index.php\/product\/kd-aparat-za-zavarivanje-cijevi-2800w-lcd-zaslon\/#primaryimage\"},\"image\":{\"@id\":\"https:\/\/bauweb.hr\/index.php\/product\/kd-aparat-za-zavarivanje-cijevi-2800w-lcd-zaslon\/#primaryimage\"},\"thumbnailUrl\":\"https:\/\/bauweb.hr\/wp-content\/uploads\/2025\/06\/Dizajn-bez-naslova-2025-06-12T162220.005.png\",\"datePublished\":\"2025-06-12T14:35:34+00:00\",\"description\":\"Potra\u017eite \u0161iroki izbor alata i materijala za profesionalne gra\u0111evinske radove. Istra\u017ei Bauweb ponudu i kupuj uz odli\u010dne popuste.\",\"breadcrumb\":{\"@id\":\"https:\/\/bauweb.hr\/index.php\/product\/kd-aparat-za-zavarivanje-cijevi-2800w-lcd-zaslon\/#breadcrumb\"},\"inLanguage\":\"hr\",\"potentialAction\":[{\"@type\":\"ReadAction\",\"target\":[\"https:\/\/bauweb.hr\/index.php\/product\/kd-aparat-za-zavarivanje-cijevi-2800w-lcd-zaslon\/\"]}]},{\"@type\":\"ImageObject\",\"inLanguage\":\"hr\",\"@id\":\"https:\/\/bauweb.hr\/index.php\/product\/kd-aparat-za-zavarivanje-cijevi-2800w-lcd-zaslon\/#primaryimage\",\"url\":\"https:\/\/bauweb.hr\/wp-content\/uploads\/2025\/06\/Dizajn-bez-naslova-2025-06-12T162220.005.png\",\"contentUrl\":\"https:\/\/bauweb.hr\/wp-content\/uploads\/2025\/06\/Dizajn-bez-naslova-2025-06-12T162220.005.png\",\"width\":690,\"height\":690},{\"@type\":\"BreadcrumbList\",\"@id\":\"https:\/\/bauweb.hr\/index.php\/product\/kd-aparat-za-zavarivanje-cijevi-2800w-lcd-zaslon\/#breadcrumb\",\"itemListElement\":[{\"@type\":\"ListItem\",\"position\":1,\"name\":\"Po\u010detna stranica\",\"item\":\"https:\/\/bauweb.hr\/\"},{\"@type\":\"ListItem\",\"position\":2,\"name\":\"Shop\",\"item\":\"https:\/\/bauweb.hr\/index.php\/shop-wooshop-v1\/\"},{\"@type\":\"ListItem\",\"position\":3,\"name\":\"K&#038;D Aparat za zavarivanje cijevi 2800W LCD zaslon\"}]},{\"@type\":\"WebSite\",\"@id\":\"https:\/\/bauweb.hr\/#website\",\"url\":\"https:\/\/bauweb.hr\/\",\"name\":\"BauWeb\",\"description\":\"Za prave majstore\",\"publisher\":{\"@id\":\"https:\/\/bauweb.hr\/#organization\"},\"alternateName\":\"BauWeb\",\"potentialAction\":[{\"@type\":\"SearchAction\",\"target\":{\"@type\":\"EntryPoint\",\"urlTemplate\":\"https:\/\/bauweb.hr\/?s={search_term_string}\"},\"query-input\":{\"@type\":\"PropertyValueSpecification\",\"valueRequired\":true,\"valueName\":\"search_term_string\"}}],\"inLanguage\":\"hr\"},{\"@type\":\"Organization\",\"@id\":\"https:\/\/bauweb.hr\/#organization\",\"name\":\"Hobi dom d.o.o.\",\"url\":\"https:\/\/bauweb.hr\/\",\"logo\":{\"@type\":\"ImageObject\",\"inLanguage\":\"hr\",\"@id\":\"https:\/\/bauweb.hr\/#\/schema\/logo\/image\/\",\"url\":\"https:\/\/bauweb.hr\/wp-content\/uploads\/2023\/01\/Bauweb_logo-01.png\",\"contentUrl\":\"https:\/\/bauweb.hr\/wp-content\/uploads\/2023\/01\/Bauweb_logo-01.png\",\"width\":842,\"height\":596,\"caption\":\"Hobi dom d.o.o.\"},\"image\":{\"@id\":\"https:\/\/bauweb.hr\/#\/schema\/logo\/image\/\"},\"sameAs\":[\"https:\/\/facebook.com\/bauweb00\",\"https:\/\/instagram.com\/bauweb_shop\"]}]}<\/script>\n<!-- \/ Yoast SEO plugin. -->","yoast_head_json":{"title":"K&D Aparat za zavarivanje cijevi 2800W LCD zaslon - BauWeb","description":"Potra\u017eite \u0161iroki izbor alata i materijala za profesionalne gra\u0111evinske radove. Istra\u017ei Bauweb ponudu i kupuj uz odli\u010dne popuste.","robots":{"index":"index","follow":"follow","max-snippet":"max-snippet:-1","max-image-preview":"max-image-preview:large","max-video-preview":"max-video-preview:-1"},"canonical":"https:\/\/bauweb.hr\/index.php\/product\/kd-aparat-za-zavarivanje-cijevi-2800w-lcd-zaslon\/","og_locale":"hr_HR","og_type":"article","og_title":"K&D Aparat za zavarivanje cijevi 2800W LCD zaslon - BauWeb","og_description":"Potra\u017eite \u0161iroki izbor alata i materijala za profesionalne gra\u0111evinske radove. Istra\u017ei Bauweb ponudu i kupuj uz odli\u010dne popuste.","og_url":"https:\/\/bauweb.hr\/index.php\/product\/kd-aparat-za-zavarivanje-cijevi-2800w-lcd-zaslon\/","og_site_name":"BauWeb","article_publisher":"https:\/\/facebook.com\/bauweb00","og_image":[{"width":690,"height":690,"url":"https:\/\/bauweb.hr\/wp-content\/uploads\/2025\/06\/Dizajn-bez-naslova-2025-06-12T162220.005.png","type":"image\/png"}],"twitter_card":"summary_large_image","twitter_misc":{"Procijenjeno vrijeme \u010ditanja":"1 minuta"},"schema":{"@context":"https:\/\/schema.org","@graph":[{"@type":"WebPage","@id":"https:\/\/bauweb.hr\/index.php\/product\/kd-aparat-za-zavarivanje-cijevi-2800w-lcd-zaslon\/","url":"https:\/\/bauweb.hr\/index.php\/product\/kd-aparat-za-zavarivanje-cijevi-2800w-lcd-zaslon\/","name":"K&D Aparat za zavarivanje cijevi 2800W LCD zaslon - BauWeb","isPartOf":{"@id":"https:\/\/bauweb.hr\/#website"},"primaryImageOfPage":{"@id":"https:\/\/bauweb.hr\/index.php\/product\/kd-aparat-za-zavarivanje-cijevi-2800w-lcd-zaslon\/#primaryimage"},"image":{"@id":"https:\/\/bauweb.hr\/index.php\/product\/kd-aparat-za-zavarivanje-cijevi-2800w-lcd-zaslon\/#primaryimage"},"thumbnailUrl":"https:\/\/bauweb.hr\/wp-content\/uploads\/2025\/06\/Dizajn-bez-naslova-2025-06-12T162220.005.png","datePublished":"2025-06-12T14:35:34+00:00","description":"Potra\u017eite \u0161iroki izbor alata i materijala za profesionalne gra\u0111evinske radove. Istra\u017ei Bauweb ponudu i kupuj uz odli\u010dne popuste.","breadcrumb":{"@id":"https:\/\/bauweb.hr\/index.php\/product\/kd-aparat-za-zavarivanje-cijevi-2800w-lcd-zaslon\/#breadcrumb"},"inLanguage":"hr","potentialAction":[{"@type":"ReadAction","target":["https:\/\/bauweb.hr\/index.php\/product\/kd-aparat-za-zavarivanje-cijevi-2800w-lcd-zaslon\/"]}]},{"@type":"ImageObject","inLanguage":"hr","@id":"https:\/\/bauweb.hr\/index.php\/product\/kd-aparat-za-zavarivanje-cijevi-2800w-lcd-zaslon\/#primaryimage","url":"https:\/\/bauweb.hr\/wp-content\/uploads\/2025\/06\/Dizajn-bez-naslova-2025-06-12T162220.005.png","contentUrl":"https:\/\/bauweb.hr\/wp-content\/uploads\/2025\/06\/Dizajn-bez-naslova-2025-06-12T162220.005.png","width":690,"height":690},{"@type":"BreadcrumbList","@id":"https:\/\/bauweb.hr\/index.php\/product\/kd-aparat-za-zavarivanje-cijevi-2800w-lcd-zaslon\/#breadcrumb","itemListElement":[{"@type":"ListItem","position":1,"name":"Po\u010detna stranica","item":"https:\/\/bauweb.hr\/"},{"@type":"ListItem","position":2,"name":"Shop","item":"https:\/\/bauweb.hr\/index.php\/shop-wooshop-v1\/"},{"@type":"ListItem","position":3,"name":"K&#038;D Aparat za zavarivanje cijevi 2800W LCD zaslon"}]},{"@type":"WebSite","@id":"https:\/\/bauweb.hr\/#website","url":"https:\/\/bauweb.hr\/","name":"BauWeb","description":"Za prave majstore","publisher":{"@id":"https:\/\/bauweb.hr\/#organization"},"alternateName":"BauWeb","potentialAction":[{"@type":"SearchAction","target":{"@type":"EntryPoint","urlTemplate":"https:\/\/bauweb.hr\/?s={search_term_string}"},"query-input":{"@type":"PropertyValueSpecification","valueRequired":true,"valueName":"search_term_string"}}],"inLanguage":"hr"},{"@type":"Organization","@id":"https:\/\/bauweb.hr\/#organization","name":"Hobi dom d.o.o.","url":"https:\/\/bauweb.hr\/","logo":{"@type":"ImageObject","inLanguage":"hr","@id":"https:\/\/bauweb.hr\/#\/schema\/logo\/image\/","url":"https:\/\/bauweb.hr\/wp-content\/uploads\/2023\/01\/Bauweb_logo-01.png","contentUrl":"https:\/\/bauweb.hr\/wp-content\/uploads\/2023\/01\/Bauweb_logo-01.png","width":842,"height":596,"caption":"Hobi dom d.o.o."},"image":{"@id":"https:\/\/bauweb.hr\/#\/schema\/logo\/image\/"},"sameAs":["https:\/\/facebook.com\/bauweb00","https:\/\/instagram.com\/bauweb_shop"]}]}},"_links":{"self":[{"href":"https:\/\/bauweb.hr\/index.php\/wp-json\/wp\/v2\/product\/26518","targetHints":{"allow":["GET"]}}],"collection":[{"href":"https:\/\/bauweb.hr\/index.php\/wp-json\/wp\/v2\/product"}],"about":[{"href":"https:\/\/bauweb.hr\/index.php\/wp-json\/wp\/v2\/types\/product"}],"replies":[{"embeddable":true,"href":"https:\/\/bauweb.hr\/index.php\/wp-json\/wp\/v2\/comments?post=26518"}],"wp:featuredmedia":[{"embeddable":true,"href":"https:\/\/bauweb.hr\/index.php\/wp-json\/wp\/v2\/media\/26524"}],"wp:attachment":[{"href":"https:\/\/bauweb.hr\/index.php\/wp-json\/wp\/v2\/media?parent=26518"}],"wp:term":[{"taxonomy":"product_brand","embeddable":true,"href":"https:\/\/bauweb.hr\/index.php\/wp-json\/wp\/v2\/product_brand?post=26518"},{"taxonomy":"product_cat","embeddable":true,"href":"https:\/\/bauweb.hr\/index.php\/wp-json\/wp\/v2\/product_cat?post=26518"},{"taxonomy":"product_tag","embeddable":true,"href":"https:\/\/bauweb.hr\/index.php\/wp-json\/wp\/v2\/product_tag?post=26518"}],"curies":[{"name":"wp","href":"https:\/\/api.w.org\/{rel}","templated":true}]}}