{"id":26891,"date":"2025-08-05T12:22:55","date_gmt":"2025-08-05T10:22:55","guid":{"rendered":"https:\/\/bauweb.hr\/?post_type=product&#038;p=26891"},"modified":"2025-08-05T12:22:55","modified_gmt":"2025-08-05T10:22:55","slug":"kd-18v-x-serija-aku-udarna-busilica-set-baterija-punjac","status":"publish","type":"product","link":"https:\/\/bauweb.hr\/index.php\/product\/kd-18v-x-serija-aku-udarna-busilica-set-baterija-punjac\/","title":{"rendered":"K&#038;D 18V X-SERIJA AKU udarna bu\u0161ilica SET BATERIJA + PUNJA\u010c"},"content":{"rendered":"<p>Svaki proizvod X-SERIES napaja se Li-Ion baterijom koja se mo\u017ee mijenjati izme\u0111u proizvoda. Baterije su dostupne u kapacitetima od 2000 mAh i 4000 mAh, koje se mogu koristiti naizmjeni\u010dno i puniti istim punja\u010dem.<br \/>\nPrednosti ovog rje\u0161enja su brojne: prilikom kupnje dva ili vi\u0161e alata iz ove serije, ne trebate nekoliko punja\u010da i baterija &#8211; trebate kupiti samo jedan, \u0161tede\u0107i novac i prostor u radionici!<br \/>\nUdarna bu\u0161ilica X-Series KD1756 tvrtke KRAFT&amp;DELE je visokoklasni ure\u0111aj dizajniran ne samo za ku\u0107ne entuzijaste &#8220;uradi sam&#8221;, ve\u0107 i za profesionalce.<br \/>\nUre\u0111aj je dizajniran za upotrebu u betonu, cigli i kamenu. Tako\u0111er se mo\u017ee koristiti za bu\u0161enje bez udarca u drvu, metalu, keramici i plastici.<br \/>\nOpremljen elektroni\u010dkim upravljanjem i prekida\u010dem za naprijed\/natrag, ure\u0111aj omogu\u0107uje uvrtanje i odvrtanje vijaka pomo\u0107u prilo\u017eene dodatne ru\u010dke i nastavaka.<br \/>\nUre\u0111aj je izra\u0111en od visokokvalitetnih metalnih legura i plastike, ve\u0107im dijelom prekriven gumenim materijalom HIGH GRIP, \u0161to osigurava \u010dvrst i siguran hvat u svim uvjetima.<br \/>\nLinija proizvoda X-SERIES tvrtke KRAFT&amp;DELE napaja se litij-ionskim (Li-Ion) baterijama. Ova tehnologija omogu\u0107uje dvostruko ve\u0107u pohranu energije u odnosu na konvencionalne NiMH baterije. Tako\u0111er nema efekta memorije (gubitka kapaciteta baterije).<\/p>\n<p>Udarna bu\u0161ilica opremljena je LED osvjetljenjem svrdla, \u0161to pove\u0107ava udobnost rada u uvjetima slabog osvjetljenja i pobolj\u0161ava sigurnost rada, dok indikatori brzine i stanja baterije obavje\u0161tavaju korisnika o parametrima alata.<\/p>\n<p>\u2022 18 V<br \/>\n\u2022 Brzina: 0-900 okretaja u minuti<br \/>\n\u2022 Broj udaraca: 0-4300\/min<br \/>\n\u2022 SDS stezna glava<br \/>\n\u2022 Svrdlo u betonu: \u230010 mm<br \/>\n\u2022 Svrdlo u drvu: \u230016 mm<br \/>\n\u2022 LED pozadinsko osvjetljenje: Da<br \/>\n\u2022 Indikator napunjenosti baterije: Da<br \/>\n\u2022 Regulacija brzine: Da, lijevo\/desno<\/p>\n<p>Sadr\u017eaj seta<\/p>\n<p>\u2022 X-SERIES KD1756 udarna bu\u0161ilica<br \/>\n\u2022 Dr\u017ea\u010d odvija\u010da<br \/>\n\u2022 Bitovi: 4,5; PZ1; PZ2; \u0161esterokutni<br \/>\n\u2022 Bu\u0161ilica s SDS steznom glavom<br \/>\n\u2022 Baterija 2000 mAh<br \/>\n\u2022 Punja\u010d<br \/>\n\u2022 Originalno pakiranje<\/p>\n","protected":false},"excerpt":{"rendered":"<p>Sadr\u017eaj seta<\/p>\n<p>\u2022 X-SERIES KD1756 udarna bu\u0161ilica<br \/>\n\u2022 Dr\u017ea\u010d odvija\u010da<br \/>\n\u2022 Bitovi: 4,5; PZ1; PZ2; \u0161esterokutni<br \/>\n\u2022 Bu\u0161ilica s SDS steznom glavom<br \/>\n\u2022 Baterija 2000 mAh<br \/>\n\u2022 Punja\u010d<br \/>\n\u2022 Originalno pakiranje<\/p>\n<p>\u2714\ufe0f Platite gotovinom pri preuzimanju, Internet bankarstvom, karticama<\/p>\n<p>\u2714\ufe0f Povrat robe mogu\u0107 unutar 14 dana<\/p>\n<p>\u2714\ufe0f 100% sigurna kupovina<\/p>\n","protected":false},"featured_media":26894,"comment_status":"open","ping_status":"closed","template":"","meta":[],"product_brand":[445],"product_cat":[134,110],"product_tag":[],"class_list":{"0":"post-26891","1":"product","2":"type-product","3":"status-publish","4":"has-post-thumbnail","6":"product_brand-kraft-dele","7":"product_cat-akumulatorski-udarni-odvijaci","8":"product_cat-alati-pribor","10":"first","11":"instock","12":"shipping-taxable","13":"purchasable","14":"product-type-simple"},"yoast_head":"<!-- This site is optimized with the Yoast SEO plugin v27.2 - https:\/\/yoast.com\/product\/yoast-seo-wordpress\/ -->\n<title>K&amp;D 18V X-SERIJA AKU udarna bu\u0161ilica SET BATERIJA + PUNJA\u010c - BauWeb<\/title>\n<meta name=\"description\" content=\"Potra\u017eite \u0161iroki izbor alata i materijala za profesionalne gra\u0111evinske radove. Istra\u017ei Bauweb ponudu i kupuj uz odli\u010dne popuste.\" \/>\n<meta name=\"robots\" content=\"index, follow, max-snippet:-1, max-image-preview:large, max-video-preview:-1\" \/>\n<link rel=\"canonical\" href=\"https:\/\/bauweb.hr\/index.php\/product\/kd-18v-x-serija-aku-udarna-busilica-set-baterija-punjac\/\" \/>\n<meta property=\"og:locale\" content=\"hr_HR\" \/>\n<meta property=\"og:type\" content=\"article\" \/>\n<meta property=\"og:title\" content=\"K&amp;D 18V X-SERIJA AKU udarna bu\u0161ilica SET BATERIJA + PUNJA\u010c - BauWeb\" \/>\n<meta property=\"og:description\" content=\"Potra\u017eite \u0161iroki izbor alata i materijala za profesionalne gra\u0111evinske radove. Istra\u017ei Bauweb ponudu i kupuj uz odli\u010dne popuste.\" \/>\n<meta property=\"og:url\" content=\"https:\/\/bauweb.hr\/index.php\/product\/kd-18v-x-serija-aku-udarna-busilica-set-baterija-punjac\/\" \/>\n<meta property=\"og:site_name\" content=\"BauWeb\" \/>\n<meta property=\"article:publisher\" content=\"https:\/\/facebook.com\/bauweb00\" \/>\n<meta property=\"og:image\" content=\"https:\/\/bauweb.hr\/wp-content\/uploads\/2025\/08\/Dizajn-bez-naslova-2025-08-05T120640.560.png\" \/>\n\t<meta property=\"og:image:width\" content=\"690\" \/>\n\t<meta property=\"og:image:height\" content=\"690\" \/>\n\t<meta property=\"og:image:type\" content=\"image\/png\" \/>\n<meta name=\"twitter:card\" content=\"summary_large_image\" \/>\n<meta name=\"twitter:label1\" content=\"Procijenjeno vrijeme \u010ditanja\" \/>\n\t<meta name=\"twitter:data1\" content=\"2 minute\" \/>\n<script type=\"application\/ld+json\" class=\"yoast-schema-graph\">{\"@context\":\"https:\/\/schema.org\",\"@graph\":[{\"@type\":\"WebPage\",\"@id\":\"https:\/\/bauweb.hr\/index.php\/product\/kd-18v-x-serija-aku-udarna-busilica-set-baterija-punjac\/\",\"url\":\"https:\/\/bauweb.hr\/index.php\/product\/kd-18v-x-serija-aku-udarna-busilica-set-baterija-punjac\/\",\"name\":\"K&D 18V X-SERIJA AKU udarna bu\u0161ilica SET BATERIJA + PUNJA\u010c - BauWeb\",\"isPartOf\":{\"@id\":\"https:\/\/bauweb.hr\/#website\"},\"primaryImageOfPage\":{\"@id\":\"https:\/\/bauweb.hr\/index.php\/product\/kd-18v-x-serija-aku-udarna-busilica-set-baterija-punjac\/#primaryimage\"},\"image\":{\"@id\":\"https:\/\/bauweb.hr\/index.php\/product\/kd-18v-x-serija-aku-udarna-busilica-set-baterija-punjac\/#primaryimage\"},\"thumbnailUrl\":\"https:\/\/bauweb.hr\/wp-content\/uploads\/2025\/08\/Dizajn-bez-naslova-2025-08-05T120640.560.png\",\"datePublished\":\"2025-08-05T10:22:55+00:00\",\"description\":\"Potra\u017eite \u0161iroki izbor alata i materijala za profesionalne gra\u0111evinske radove. Istra\u017ei Bauweb ponudu i kupuj uz odli\u010dne popuste.\",\"breadcrumb\":{\"@id\":\"https:\/\/bauweb.hr\/index.php\/product\/kd-18v-x-serija-aku-udarna-busilica-set-baterija-punjac\/#breadcrumb\"},\"inLanguage\":\"hr\",\"potentialAction\":[{\"@type\":\"ReadAction\",\"target\":[\"https:\/\/bauweb.hr\/index.php\/product\/kd-18v-x-serija-aku-udarna-busilica-set-baterija-punjac\/\"]}]},{\"@type\":\"ImageObject\",\"inLanguage\":\"hr\",\"@id\":\"https:\/\/bauweb.hr\/index.php\/product\/kd-18v-x-serija-aku-udarna-busilica-set-baterija-punjac\/#primaryimage\",\"url\":\"https:\/\/bauweb.hr\/wp-content\/uploads\/2025\/08\/Dizajn-bez-naslova-2025-08-05T120640.560.png\",\"contentUrl\":\"https:\/\/bauweb.hr\/wp-content\/uploads\/2025\/08\/Dizajn-bez-naslova-2025-08-05T120640.560.png\",\"width\":690,\"height\":690},{\"@type\":\"BreadcrumbList\",\"@id\":\"https:\/\/bauweb.hr\/index.php\/product\/kd-18v-x-serija-aku-udarna-busilica-set-baterija-punjac\/#breadcrumb\",\"itemListElement\":[{\"@type\":\"ListItem\",\"position\":1,\"name\":\"Po\u010detna stranica\",\"item\":\"https:\/\/bauweb.hr\/\"},{\"@type\":\"ListItem\",\"position\":2,\"name\":\"Shop\",\"item\":\"https:\/\/bauweb.hr\/index.php\/shop-wooshop-v1\/\"},{\"@type\":\"ListItem\",\"position\":3,\"name\":\"K&#038;D 18V X-SERIJA AKU udarna bu\u0161ilica SET BATERIJA + PUNJA\u010c\"}]},{\"@type\":\"WebSite\",\"@id\":\"https:\/\/bauweb.hr\/#website\",\"url\":\"https:\/\/bauweb.hr\/\",\"name\":\"BauWeb\",\"description\":\"Za prave majstore\",\"publisher\":{\"@id\":\"https:\/\/bauweb.hr\/#organization\"},\"alternateName\":\"BauWeb\",\"potentialAction\":[{\"@type\":\"SearchAction\",\"target\":{\"@type\":\"EntryPoint\",\"urlTemplate\":\"https:\/\/bauweb.hr\/?s={search_term_string}\"},\"query-input\":{\"@type\":\"PropertyValueSpecification\",\"valueRequired\":true,\"valueName\":\"search_term_string\"}}],\"inLanguage\":\"hr\"},{\"@type\":\"Organization\",\"@id\":\"https:\/\/bauweb.hr\/#organization\",\"name\":\"Hobi dom d.o.o.\",\"url\":\"https:\/\/bauweb.hr\/\",\"logo\":{\"@type\":\"ImageObject\",\"inLanguage\":\"hr\",\"@id\":\"https:\/\/bauweb.hr\/#\/schema\/logo\/image\/\",\"url\":\"https:\/\/bauweb.hr\/wp-content\/uploads\/2023\/01\/Bauweb_logo-01.png\",\"contentUrl\":\"https:\/\/bauweb.hr\/wp-content\/uploads\/2023\/01\/Bauweb_logo-01.png\",\"width\":842,\"height\":596,\"caption\":\"Hobi dom d.o.o.\"},\"image\":{\"@id\":\"https:\/\/bauweb.hr\/#\/schema\/logo\/image\/\"},\"sameAs\":[\"https:\/\/facebook.com\/bauweb00\",\"https:\/\/instagram.com\/bauweb_shop\"]}]}<\/script>\n<!-- \/ Yoast SEO plugin. -->","yoast_head_json":{"title":"K&D 18V X-SERIJA AKU udarna bu\u0161ilica SET BATERIJA + PUNJA\u010c - BauWeb","description":"Potra\u017eite \u0161iroki izbor alata i materijala za profesionalne gra\u0111evinske radove. Istra\u017ei Bauweb ponudu i kupuj uz odli\u010dne popuste.","robots":{"index":"index","follow":"follow","max-snippet":"max-snippet:-1","max-image-preview":"max-image-preview:large","max-video-preview":"max-video-preview:-1"},"canonical":"https:\/\/bauweb.hr\/index.php\/product\/kd-18v-x-serija-aku-udarna-busilica-set-baterija-punjac\/","og_locale":"hr_HR","og_type":"article","og_title":"K&D 18V X-SERIJA AKU udarna bu\u0161ilica SET BATERIJA + PUNJA\u010c - BauWeb","og_description":"Potra\u017eite \u0161iroki izbor alata i materijala za profesionalne gra\u0111evinske radove. Istra\u017ei Bauweb ponudu i kupuj uz odli\u010dne popuste.","og_url":"https:\/\/bauweb.hr\/index.php\/product\/kd-18v-x-serija-aku-udarna-busilica-set-baterija-punjac\/","og_site_name":"BauWeb","article_publisher":"https:\/\/facebook.com\/bauweb00","og_image":[{"width":690,"height":690,"url":"https:\/\/bauweb.hr\/wp-content\/uploads\/2025\/08\/Dizajn-bez-naslova-2025-08-05T120640.560.png","type":"image\/png"}],"twitter_card":"summary_large_image","twitter_misc":{"Procijenjeno vrijeme \u010ditanja":"2 minute"},"schema":{"@context":"https:\/\/schema.org","@graph":[{"@type":"WebPage","@id":"https:\/\/bauweb.hr\/index.php\/product\/kd-18v-x-serija-aku-udarna-busilica-set-baterija-punjac\/","url":"https:\/\/bauweb.hr\/index.php\/product\/kd-18v-x-serija-aku-udarna-busilica-set-baterija-punjac\/","name":"K&D 18V X-SERIJA AKU udarna bu\u0161ilica SET BATERIJA + PUNJA\u010c - BauWeb","isPartOf":{"@id":"https:\/\/bauweb.hr\/#website"},"primaryImageOfPage":{"@id":"https:\/\/bauweb.hr\/index.php\/product\/kd-18v-x-serija-aku-udarna-busilica-set-baterija-punjac\/#primaryimage"},"image":{"@id":"https:\/\/bauweb.hr\/index.php\/product\/kd-18v-x-serija-aku-udarna-busilica-set-baterija-punjac\/#primaryimage"},"thumbnailUrl":"https:\/\/bauweb.hr\/wp-content\/uploads\/2025\/08\/Dizajn-bez-naslova-2025-08-05T120640.560.png","datePublished":"2025-08-05T10:22:55+00:00","description":"Potra\u017eite \u0161iroki izbor alata i materijala za profesionalne gra\u0111evinske radove. Istra\u017ei Bauweb ponudu i kupuj uz odli\u010dne popuste.","breadcrumb":{"@id":"https:\/\/bauweb.hr\/index.php\/product\/kd-18v-x-serija-aku-udarna-busilica-set-baterija-punjac\/#breadcrumb"},"inLanguage":"hr","potentialAction":[{"@type":"ReadAction","target":["https:\/\/bauweb.hr\/index.php\/product\/kd-18v-x-serija-aku-udarna-busilica-set-baterija-punjac\/"]}]},{"@type":"ImageObject","inLanguage":"hr","@id":"https:\/\/bauweb.hr\/index.php\/product\/kd-18v-x-serija-aku-udarna-busilica-set-baterija-punjac\/#primaryimage","url":"https:\/\/bauweb.hr\/wp-content\/uploads\/2025\/08\/Dizajn-bez-naslova-2025-08-05T120640.560.png","contentUrl":"https:\/\/bauweb.hr\/wp-content\/uploads\/2025\/08\/Dizajn-bez-naslova-2025-08-05T120640.560.png","width":690,"height":690},{"@type":"BreadcrumbList","@id":"https:\/\/bauweb.hr\/index.php\/product\/kd-18v-x-serija-aku-udarna-busilica-set-baterija-punjac\/#breadcrumb","itemListElement":[{"@type":"ListItem","position":1,"name":"Po\u010detna stranica","item":"https:\/\/bauweb.hr\/"},{"@type":"ListItem","position":2,"name":"Shop","item":"https:\/\/bauweb.hr\/index.php\/shop-wooshop-v1\/"},{"@type":"ListItem","position":3,"name":"K&#038;D 18V X-SERIJA AKU udarna bu\u0161ilica SET BATERIJA + PUNJA\u010c"}]},{"@type":"WebSite","@id":"https:\/\/bauweb.hr\/#website","url":"https:\/\/bauweb.hr\/","name":"BauWeb","description":"Za prave majstore","publisher":{"@id":"https:\/\/bauweb.hr\/#organization"},"alternateName":"BauWeb","potentialAction":[{"@type":"SearchAction","target":{"@type":"EntryPoint","urlTemplate":"https:\/\/bauweb.hr\/?s={search_term_string}"},"query-input":{"@type":"PropertyValueSpecification","valueRequired":true,"valueName":"search_term_string"}}],"inLanguage":"hr"},{"@type":"Organization","@id":"https:\/\/bauweb.hr\/#organization","name":"Hobi dom d.o.o.","url":"https:\/\/bauweb.hr\/","logo":{"@type":"ImageObject","inLanguage":"hr","@id":"https:\/\/bauweb.hr\/#\/schema\/logo\/image\/","url":"https:\/\/bauweb.hr\/wp-content\/uploads\/2023\/01\/Bauweb_logo-01.png","contentUrl":"https:\/\/bauweb.hr\/wp-content\/uploads\/2023\/01\/Bauweb_logo-01.png","width":842,"height":596,"caption":"Hobi dom d.o.o."},"image":{"@id":"https:\/\/bauweb.hr\/#\/schema\/logo\/image\/"},"sameAs":["https:\/\/facebook.com\/bauweb00","https:\/\/instagram.com\/bauweb_shop"]}]}},"_links":{"self":[{"href":"https:\/\/bauweb.hr\/index.php\/wp-json\/wp\/v2\/product\/26891","targetHints":{"allow":["GET"]}}],"collection":[{"href":"https:\/\/bauweb.hr\/index.php\/wp-json\/wp\/v2\/product"}],"about":[{"href":"https:\/\/bauweb.hr\/index.php\/wp-json\/wp\/v2\/types\/product"}],"replies":[{"embeddable":true,"href":"https:\/\/bauweb.hr\/index.php\/wp-json\/wp\/v2\/comments?post=26891"}],"wp:featuredmedia":[{"embeddable":true,"href":"https:\/\/bauweb.hr\/index.php\/wp-json\/wp\/v2\/media\/26894"}],"wp:attachment":[{"href":"https:\/\/bauweb.hr\/index.php\/wp-json\/wp\/v2\/media?parent=26891"}],"wp:term":[{"taxonomy":"product_brand","embeddable":true,"href":"https:\/\/bauweb.hr\/index.php\/wp-json\/wp\/v2\/product_brand?post=26891"},{"taxonomy":"product_cat","embeddable":true,"href":"https:\/\/bauweb.hr\/index.php\/wp-json\/wp\/v2\/product_cat?post=26891"},{"taxonomy":"product_tag","embeddable":true,"href":"https:\/\/bauweb.hr\/index.php\/wp-json\/wp\/v2\/product_tag?post=26891"}],"curies":[{"name":"wp","href":"https:\/\/api.w.org\/{rel}","templated":true}]}}