{"id":26903,"date":"2025-08-05T12:51:43","date_gmt":"2025-08-05T10:51:43","guid":{"rendered":"https:\/\/bauweb.hr\/?post_type=product&#038;p=26903"},"modified":"2025-08-05T13:08:06","modified_gmt":"2025-08-05T11:08:06","slug":"kd-aku-sabljasta-pila-18v-x-series-set-punjacbaterija","status":"publish","type":"product","link":"https:\/\/bauweb.hr\/index.php\/product\/kd-aku-sabljasta-pila-18v-x-series-set-punjacbaterija\/","title":{"rendered":"K&#038;D AKU Sabljasta pila 18V X-SERIES SET PUNJA\u010c+BATERIJA"},"content":{"rendered":"<p>Sabljasta pila X-Series KD1753 tvrtke KRAFT&amp;DELE visokokvalitetni je ure\u0111aj dizajniran ne samo za ku\u0107ne majstore, ve\u0107 i za profesionalce. Ova pila za pomicanje idealna je za rezanje drva, obojenih metala i plastike s odgovaraju\u0107om o\u0161tricom.<br \/>\nUre\u0111aj je izra\u0111en od visokokvalitetnog aluminija i plastike, ve\u0107im dijelom prekriven gumenim materijalom HIGH GRIP, \u0161to osigurava \u010dvrst i siguran hvat u svim uvjetima.<br \/>\nLinija proizvoda X-SERIES tvrtke KRAFT&amp;DELE napaja se litij-ionskim (Li-Ion) baterijama. Ova tehnologija omogu\u0107uje dvostruki kapacitet pohrane energije u odnosu na konvencionalne NiMH baterije. Tako\u0111er eliminira memorijski efekt (gubitak kapaciteta baterije).<br \/>\nPila je opremljena sigurnosnom bravom kako bi se sprije\u010dilo slu\u010dajno pokretanje, osigurao siguran rad i sprije\u010dilo kori\u0161tenje od strane djece.<br \/>\nSet tako\u0111er uklju\u010duje dvije o\u0161trice pile od 22 mm, jednu za drvo i jednu za metal.<br \/>\nKako bi se pobolj\u0161ale mogu\u0107nosti pile, osnovna plo\u010da (stopa) ima pode\u0161avanje kuta, \u0161to omogu\u0107uje rad u zahtjevnijim uvjetima.<\/p>\n<p>Svaki proizvod X-SERIES napaja se litij-ionskom baterijom koja se mo\u017ee mijenjati izme\u0111u proizvoda. Baterije su dostupne s kapacitetom od 2000 mAh i 4000 mAh, koje se mogu koristiti naizmjeni\u010dno i puniti istim punja\u010dem.<br \/>\nPrednosti ovog rje\u0161enja su brojne: prilikom kupnje dva ili vi\u0161e alata iz ove serije, ne trebate vi\u0161e punja\u010da i baterija \u2013 kupite samo jedan, \u0161tede\u0107i novac i prostor u svojoj radionici!<\/p>\n<p>\u2022 Model: KD1753<br \/>\n\u2022 Serija: X-Series<br \/>\n\u2022 Vrsta ure\u0111aja: ru\u010dna kru\u017ena pila<br \/>\n\u2022 Napajanje: 18 V<br \/>\n\u2022 Kompatibilna baterija: KD1759\/KD1760 (2 Ah\/4 Ah)<br \/>\n\u2022 Brzina: 2800 o\/min<br \/>\n\u2022 Maksimalni kapacitet rezanja: 100 mm<br \/>\n\u2022 Veli\u010dina o\u0161trice: 7\/8&#8243; (22 mm)<br \/>\n\u2022 Dimenzije: 410 x 190 x 80 mm<\/p>\n<p>Set uklju\u010duje:<\/p>\n<p>\u2022 X-Series KD1753 recipro\u010dna pila<br \/>\n\u2022 O\u0161trica za metal od 24TPI<br \/>\n\u2022 O\u0161trica za drvo od 6TPI<br \/>\n\u2022 Baterija od 2000mAh<br \/>\n\u2022 Punja\u010d<br \/>\n\u2022 Originalno pakiranje<\/p>\n","protected":false},"excerpt":{"rendered":"<p>Set uklju\u010duje:<\/p>\n<p>\u2022 X-Series KD1753 recipro\u010dna pila<br \/>\n\u2022 O\u0161trica za metal od 24TPI<br \/>\n\u2022 O\u0161trica za drvo od 6TPI<br \/>\n\u2022 Baterija od 2000mAh<br \/>\n\u2022 Punja\u010d<br \/>\n\u2022 Originalno pakiranje<\/p>\n<p>\u2714\ufe0f Platite gotovinom pri preuzimanju, Internet bankarstvom, karticama<\/p>\n<p>\u2714\ufe0f Povrat robe mogu\u0107 unutar 14 dana<\/p>\n<p>\u2714\ufe0f 100% sigurna kupovina<\/p>\n","protected":false},"featured_media":26908,"comment_status":"open","ping_status":"closed","template":"","meta":[],"product_brand":[445],"product_cat":[138,110],"product_tag":[],"class_list":{"0":"post-26903","1":"product","2":"type-product","3":"status-publish","4":"has-post-thumbnail","6":"product_brand-kraft-dele","7":"product_cat-akumulatorske-pile","8":"product_cat-alati-pribor","10":"first","11":"instock","12":"shipping-taxable","13":"purchasable","14":"product-type-simple"},"yoast_head":"<!-- This site is optimized with the Yoast SEO plugin v27.2 - https:\/\/yoast.com\/product\/yoast-seo-wordpress\/ -->\n<title>K&amp;D AKU Sabljasta pila 18V X-SERIES SET PUNJA\u010c+BATERIJA - BauWeb<\/title>\n<meta name=\"description\" content=\"Potra\u017eite \u0161iroki izbor alata i materijala za profesionalne gra\u0111evinske radove. Istra\u017ei Bauweb ponudu i kupuj uz odli\u010dne popuste.\" \/>\n<meta name=\"robots\" content=\"index, follow, max-snippet:-1, max-image-preview:large, max-video-preview:-1\" \/>\n<link rel=\"canonical\" href=\"https:\/\/bauweb.hr\/index.php\/product\/kd-aku-sabljasta-pila-18v-x-series-set-punjacbaterija\/\" \/>\n<meta property=\"og:locale\" content=\"hr_HR\" \/>\n<meta property=\"og:type\" content=\"article\" \/>\n<meta property=\"og:title\" content=\"K&amp;D AKU Sabljasta pila 18V X-SERIES SET PUNJA\u010c+BATERIJA - BauWeb\" \/>\n<meta property=\"og:description\" content=\"Potra\u017eite \u0161iroki izbor alata i materijala za profesionalne gra\u0111evinske radove. Istra\u017ei Bauweb ponudu i kupuj uz odli\u010dne popuste.\" \/>\n<meta property=\"og:url\" content=\"https:\/\/bauweb.hr\/index.php\/product\/kd-aku-sabljasta-pila-18v-x-series-set-punjacbaterija\/\" \/>\n<meta property=\"og:site_name\" content=\"BauWeb\" \/>\n<meta property=\"article:publisher\" content=\"https:\/\/facebook.com\/bauweb00\" \/>\n<meta property=\"article:modified_time\" content=\"2025-08-05T11:08:06+00:00\" \/>\n<meta property=\"og:image\" content=\"https:\/\/bauweb.hr\/wp-content\/uploads\/2025\/08\/Dizajn-bez-naslova-2025-08-05T123915.822.png\" \/>\n\t<meta property=\"og:image:width\" content=\"690\" \/>\n\t<meta property=\"og:image:height\" content=\"690\" \/>\n\t<meta property=\"og:image:type\" content=\"image\/png\" \/>\n<meta name=\"twitter:card\" content=\"summary_large_image\" \/>\n<meta name=\"twitter:label1\" content=\"Procijenjeno vrijeme \u010ditanja\" \/>\n\t<meta name=\"twitter:data1\" content=\"2 minute\" \/>\n<script type=\"application\/ld+json\" class=\"yoast-schema-graph\">{\"@context\":\"https:\/\/schema.org\",\"@graph\":[{\"@type\":\"WebPage\",\"@id\":\"https:\/\/bauweb.hr\/index.php\/product\/kd-aku-sabljasta-pila-18v-x-series-set-punjacbaterija\/\",\"url\":\"https:\/\/bauweb.hr\/index.php\/product\/kd-aku-sabljasta-pila-18v-x-series-set-punjacbaterija\/\",\"name\":\"K&D AKU Sabljasta pila 18V X-SERIES SET PUNJA\u010c+BATERIJA - BauWeb\",\"isPartOf\":{\"@id\":\"https:\/\/bauweb.hr\/#website\"},\"primaryImageOfPage\":{\"@id\":\"https:\/\/bauweb.hr\/index.php\/product\/kd-aku-sabljasta-pila-18v-x-series-set-punjacbaterija\/#primaryimage\"},\"image\":{\"@id\":\"https:\/\/bauweb.hr\/index.php\/product\/kd-aku-sabljasta-pila-18v-x-series-set-punjacbaterija\/#primaryimage\"},\"thumbnailUrl\":\"https:\/\/bauweb.hr\/wp-content\/uploads\/2025\/08\/Dizajn-bez-naslova-2025-08-05T123915.822.png\",\"datePublished\":\"2025-08-05T10:51:43+00:00\",\"dateModified\":\"2025-08-05T11:08:06+00:00\",\"description\":\"Potra\u017eite \u0161iroki izbor alata i materijala za profesionalne gra\u0111evinske radove. Istra\u017ei Bauweb ponudu i kupuj uz odli\u010dne popuste.\",\"breadcrumb\":{\"@id\":\"https:\/\/bauweb.hr\/index.php\/product\/kd-aku-sabljasta-pila-18v-x-series-set-punjacbaterija\/#breadcrumb\"},\"inLanguage\":\"hr\",\"potentialAction\":[{\"@type\":\"ReadAction\",\"target\":[\"https:\/\/bauweb.hr\/index.php\/product\/kd-aku-sabljasta-pila-18v-x-series-set-punjacbaterija\/\"]}]},{\"@type\":\"ImageObject\",\"inLanguage\":\"hr\",\"@id\":\"https:\/\/bauweb.hr\/index.php\/product\/kd-aku-sabljasta-pila-18v-x-series-set-punjacbaterija\/#primaryimage\",\"url\":\"https:\/\/bauweb.hr\/wp-content\/uploads\/2025\/08\/Dizajn-bez-naslova-2025-08-05T123915.822.png\",\"contentUrl\":\"https:\/\/bauweb.hr\/wp-content\/uploads\/2025\/08\/Dizajn-bez-naslova-2025-08-05T123915.822.png\",\"width\":690,\"height\":690},{\"@type\":\"BreadcrumbList\",\"@id\":\"https:\/\/bauweb.hr\/index.php\/product\/kd-aku-sabljasta-pila-18v-x-series-set-punjacbaterija\/#breadcrumb\",\"itemListElement\":[{\"@type\":\"ListItem\",\"position\":1,\"name\":\"Po\u010detna stranica\",\"item\":\"https:\/\/bauweb.hr\/\"},{\"@type\":\"ListItem\",\"position\":2,\"name\":\"Shop\",\"item\":\"https:\/\/bauweb.hr\/index.php\/shop-wooshop-v1\/\"},{\"@type\":\"ListItem\",\"position\":3,\"name\":\"K&#038;D AKU Sabljasta pila 18V X-SERIES SET PUNJA\u010c+BATERIJA\"}]},{\"@type\":\"WebSite\",\"@id\":\"https:\/\/bauweb.hr\/#website\",\"url\":\"https:\/\/bauweb.hr\/\",\"name\":\"BauWeb\",\"description\":\"Za prave majstore\",\"publisher\":{\"@id\":\"https:\/\/bauweb.hr\/#organization\"},\"alternateName\":\"BauWeb\",\"potentialAction\":[{\"@type\":\"SearchAction\",\"target\":{\"@type\":\"EntryPoint\",\"urlTemplate\":\"https:\/\/bauweb.hr\/?s={search_term_string}\"},\"query-input\":{\"@type\":\"PropertyValueSpecification\",\"valueRequired\":true,\"valueName\":\"search_term_string\"}}],\"inLanguage\":\"hr\"},{\"@type\":\"Organization\",\"@id\":\"https:\/\/bauweb.hr\/#organization\",\"name\":\"Hobi dom d.o.o.\",\"url\":\"https:\/\/bauweb.hr\/\",\"logo\":{\"@type\":\"ImageObject\",\"inLanguage\":\"hr\",\"@id\":\"https:\/\/bauweb.hr\/#\/schema\/logo\/image\/\",\"url\":\"https:\/\/bauweb.hr\/wp-content\/uploads\/2023\/01\/Bauweb_logo-01.png\",\"contentUrl\":\"https:\/\/bauweb.hr\/wp-content\/uploads\/2023\/01\/Bauweb_logo-01.png\",\"width\":842,\"height\":596,\"caption\":\"Hobi dom d.o.o.\"},\"image\":{\"@id\":\"https:\/\/bauweb.hr\/#\/schema\/logo\/image\/\"},\"sameAs\":[\"https:\/\/facebook.com\/bauweb00\",\"https:\/\/instagram.com\/bauweb_shop\"]}]}<\/script>\n<!-- \/ Yoast SEO plugin. -->","yoast_head_json":{"title":"K&D AKU Sabljasta pila 18V X-SERIES SET PUNJA\u010c+BATERIJA - BauWeb","description":"Potra\u017eite \u0161iroki izbor alata i materijala za profesionalne gra\u0111evinske radove. Istra\u017ei Bauweb ponudu i kupuj uz odli\u010dne popuste.","robots":{"index":"index","follow":"follow","max-snippet":"max-snippet:-1","max-image-preview":"max-image-preview:large","max-video-preview":"max-video-preview:-1"},"canonical":"https:\/\/bauweb.hr\/index.php\/product\/kd-aku-sabljasta-pila-18v-x-series-set-punjacbaterija\/","og_locale":"hr_HR","og_type":"article","og_title":"K&D AKU Sabljasta pila 18V X-SERIES SET PUNJA\u010c+BATERIJA - BauWeb","og_description":"Potra\u017eite \u0161iroki izbor alata i materijala za profesionalne gra\u0111evinske radove. Istra\u017ei Bauweb ponudu i kupuj uz odli\u010dne popuste.","og_url":"https:\/\/bauweb.hr\/index.php\/product\/kd-aku-sabljasta-pila-18v-x-series-set-punjacbaterija\/","og_site_name":"BauWeb","article_publisher":"https:\/\/facebook.com\/bauweb00","article_modified_time":"2025-08-05T11:08:06+00:00","og_image":[{"width":690,"height":690,"url":"https:\/\/bauweb.hr\/wp-content\/uploads\/2025\/08\/Dizajn-bez-naslova-2025-08-05T123915.822.png","type":"image\/png"}],"twitter_card":"summary_large_image","twitter_misc":{"Procijenjeno vrijeme \u010ditanja":"2 minute"},"schema":{"@context":"https:\/\/schema.org","@graph":[{"@type":"WebPage","@id":"https:\/\/bauweb.hr\/index.php\/product\/kd-aku-sabljasta-pila-18v-x-series-set-punjacbaterija\/","url":"https:\/\/bauweb.hr\/index.php\/product\/kd-aku-sabljasta-pila-18v-x-series-set-punjacbaterija\/","name":"K&D AKU Sabljasta pila 18V X-SERIES SET PUNJA\u010c+BATERIJA - BauWeb","isPartOf":{"@id":"https:\/\/bauweb.hr\/#website"},"primaryImageOfPage":{"@id":"https:\/\/bauweb.hr\/index.php\/product\/kd-aku-sabljasta-pila-18v-x-series-set-punjacbaterija\/#primaryimage"},"image":{"@id":"https:\/\/bauweb.hr\/index.php\/product\/kd-aku-sabljasta-pila-18v-x-series-set-punjacbaterija\/#primaryimage"},"thumbnailUrl":"https:\/\/bauweb.hr\/wp-content\/uploads\/2025\/08\/Dizajn-bez-naslova-2025-08-05T123915.822.png","datePublished":"2025-08-05T10:51:43+00:00","dateModified":"2025-08-05T11:08:06+00:00","description":"Potra\u017eite \u0161iroki izbor alata i materijala za profesionalne gra\u0111evinske radove. Istra\u017ei Bauweb ponudu i kupuj uz odli\u010dne popuste.","breadcrumb":{"@id":"https:\/\/bauweb.hr\/index.php\/product\/kd-aku-sabljasta-pila-18v-x-series-set-punjacbaterija\/#breadcrumb"},"inLanguage":"hr","potentialAction":[{"@type":"ReadAction","target":["https:\/\/bauweb.hr\/index.php\/product\/kd-aku-sabljasta-pila-18v-x-series-set-punjacbaterija\/"]}]},{"@type":"ImageObject","inLanguage":"hr","@id":"https:\/\/bauweb.hr\/index.php\/product\/kd-aku-sabljasta-pila-18v-x-series-set-punjacbaterija\/#primaryimage","url":"https:\/\/bauweb.hr\/wp-content\/uploads\/2025\/08\/Dizajn-bez-naslova-2025-08-05T123915.822.png","contentUrl":"https:\/\/bauweb.hr\/wp-content\/uploads\/2025\/08\/Dizajn-bez-naslova-2025-08-05T123915.822.png","width":690,"height":690},{"@type":"BreadcrumbList","@id":"https:\/\/bauweb.hr\/index.php\/product\/kd-aku-sabljasta-pila-18v-x-series-set-punjacbaterija\/#breadcrumb","itemListElement":[{"@type":"ListItem","position":1,"name":"Po\u010detna stranica","item":"https:\/\/bauweb.hr\/"},{"@type":"ListItem","position":2,"name":"Shop","item":"https:\/\/bauweb.hr\/index.php\/shop-wooshop-v1\/"},{"@type":"ListItem","position":3,"name":"K&#038;D AKU Sabljasta pila 18V X-SERIES SET PUNJA\u010c+BATERIJA"}]},{"@type":"WebSite","@id":"https:\/\/bauweb.hr\/#website","url":"https:\/\/bauweb.hr\/","name":"BauWeb","description":"Za prave majstore","publisher":{"@id":"https:\/\/bauweb.hr\/#organization"},"alternateName":"BauWeb","potentialAction":[{"@type":"SearchAction","target":{"@type":"EntryPoint","urlTemplate":"https:\/\/bauweb.hr\/?s={search_term_string}"},"query-input":{"@type":"PropertyValueSpecification","valueRequired":true,"valueName":"search_term_string"}}],"inLanguage":"hr"},{"@type":"Organization","@id":"https:\/\/bauweb.hr\/#organization","name":"Hobi dom d.o.o.","url":"https:\/\/bauweb.hr\/","logo":{"@type":"ImageObject","inLanguage":"hr","@id":"https:\/\/bauweb.hr\/#\/schema\/logo\/image\/","url":"https:\/\/bauweb.hr\/wp-content\/uploads\/2023\/01\/Bauweb_logo-01.png","contentUrl":"https:\/\/bauweb.hr\/wp-content\/uploads\/2023\/01\/Bauweb_logo-01.png","width":842,"height":596,"caption":"Hobi dom d.o.o."},"image":{"@id":"https:\/\/bauweb.hr\/#\/schema\/logo\/image\/"},"sameAs":["https:\/\/facebook.com\/bauweb00","https:\/\/instagram.com\/bauweb_shop"]}]}},"_links":{"self":[{"href":"https:\/\/bauweb.hr\/index.php\/wp-json\/wp\/v2\/product\/26903","targetHints":{"allow":["GET"]}}],"collection":[{"href":"https:\/\/bauweb.hr\/index.php\/wp-json\/wp\/v2\/product"}],"about":[{"href":"https:\/\/bauweb.hr\/index.php\/wp-json\/wp\/v2\/types\/product"}],"replies":[{"embeddable":true,"href":"https:\/\/bauweb.hr\/index.php\/wp-json\/wp\/v2\/comments?post=26903"}],"wp:featuredmedia":[{"embeddable":true,"href":"https:\/\/bauweb.hr\/index.php\/wp-json\/wp\/v2\/media\/26908"}],"wp:attachment":[{"href":"https:\/\/bauweb.hr\/index.php\/wp-json\/wp\/v2\/media?parent=26903"}],"wp:term":[{"taxonomy":"product_brand","embeddable":true,"href":"https:\/\/bauweb.hr\/index.php\/wp-json\/wp\/v2\/product_brand?post=26903"},{"taxonomy":"product_cat","embeddable":true,"href":"https:\/\/bauweb.hr\/index.php\/wp-json\/wp\/v2\/product_cat?post=26903"},{"taxonomy":"product_tag","embeddable":true,"href":"https:\/\/bauweb.hr\/index.php\/wp-json\/wp\/v2\/product_tag?post=26903"}],"curies":[{"name":"wp","href":"https:\/\/api.w.org\/{rel}","templated":true}]}}