{"id":27008,"date":"2025-08-18T15:49:09","date_gmt":"2025-08-18T13:49:09","guid":{"rendered":"https:\/\/bauweb.hr\/?post_type=product&#038;p=27008"},"modified":"2025-08-18T15:49:09","modified_gmt":"2025-08-18T13:49:09","slug":"aparat-za-zavarivanje-plastike-100w","status":"publish","type":"product","link":"https:\/\/bauweb.hr\/index.php\/product\/aparat-za-zavarivanje-plastike-100w\/","title":{"rendered":"Aparat za zavarivanje plastike 100W"},"content":{"rendered":"<p>Aparat za lemljenje plastike poljske marke WDS, simbol WDS2213. Univerzalni alat za lemljenje plasti\u010dnih komponenti.<\/p>\n<p>Naj\u010de\u0161\u0107e se koristi za popravak svakodnevnih ku\u0107anskih aparata, ali i dijelova automobila poput branika, nadzornih plo\u010da itd.<\/p>\n<p>Set uklju\u010duje spajalice za rad s raznim vrstama o\u0161te\u0107enja.<\/p>\n<p>Vrste spajalica:<br \/>\nunutarnja kutna &#8211; za spajanje plastike pod kutom iznutra<br \/>\nvanjska kutna &#8211; za spajanje plastike pod kutom izvana<br \/>\nravna &#8211; tanki vrh za najmanje zahtjevne radove. Blago valovita<br \/>\nSlo\u017eena &#8211; sna\u017eno valoviti vrh za najzahtjevnije spojeve. Pru\u017ea najja\u010du \u010dvrsto\u0107u veze<\/p>\n<p>Snaga, izlaz: 100 W<\/p>\n<p>SASTAV SETA:<\/p>\n<p>WDS2213 Aparat za zavarivanje plastike<br \/>\nSpajalice (Ure\u0111aj dolazi u kompletu s 200 spojnica razli\u010ditih oblika)<br \/>\nZa\u0161titne nao\u010dale<br \/>\nNo\u017e<br \/>\nKlije\u0161ta<br \/>\nRukavice<br \/>\nOriginalno pakiranje<\/p>\n","protected":false},"excerpt":{"rendered":"<p>SASTAV SETA:<\/p>\n<p>WDS2213 Aparat za zavarivanje plastike<br \/>\nSpajalice (Ure\u0111aj dolazi u kompletu s 200 spojnica razli\u010ditih oblika)<br \/>\nZa\u0161titne nao\u010dale<br \/>\nNo\u017e<br \/>\nKlije\u0161ta<br \/>\nRukavice<br \/>\nOriginalno pakiranje<\/p>\n<p>&nbsp;<\/p>\n<p>\u2714\ufe0f Platite gotovinom pri preuzimanju, Internet bankarstvom, karticama<\/p>\n<p>\u2714\ufe0f Povrat robe mogu\u0107 unutar 14 dana<\/p>\n<p>\u2714\ufe0f 100% sigurna kupovina<\/p>\n","protected":false},"featured_media":27013,"comment_status":"open","ping_status":"closed","template":"","meta":[],"product_brand":[445],"product_cat":[110,439,438],"product_tag":[],"class_list":{"0":"post-27008","1":"product","2":"type-product","3":"status-publish","4":"has-post-thumbnail","6":"product_brand-kraft-dele","7":"product_cat-alati-pribor","8":"product_cat-dom","9":"product_cat-dom-i-vrt","11":"first","12":"instock","13":"shipping-taxable","14":"purchasable","15":"product-type-simple"},"yoast_head":"<!-- This site is optimized with the Yoast SEO plugin v27.2 - https:\/\/yoast.com\/product\/yoast-seo-wordpress\/ -->\n<title>Aparat za zavarivanje plastike 100W - BauWeb<\/title>\n<meta name=\"description\" content=\"Potra\u017eite \u0161iroki izbor alata i materijala za profesionalne gra\u0111evinske radove. Istra\u017ei Bauweb ponudu i kupuj uz odli\u010dne popuste.\" \/>\n<meta name=\"robots\" content=\"index, follow, max-snippet:-1, max-image-preview:large, max-video-preview:-1\" \/>\n<link rel=\"canonical\" href=\"https:\/\/bauweb.hr\/index.php\/product\/aparat-za-zavarivanje-plastike-100w\/\" \/>\n<meta property=\"og:locale\" content=\"hr_HR\" \/>\n<meta property=\"og:type\" content=\"article\" \/>\n<meta property=\"og:title\" content=\"Aparat za zavarivanje plastike 100W - BauWeb\" \/>\n<meta property=\"og:description\" content=\"Potra\u017eite \u0161iroki izbor alata i materijala za profesionalne gra\u0111evinske radove. Istra\u017ei Bauweb ponudu i kupuj uz odli\u010dne popuste.\" \/>\n<meta property=\"og:url\" content=\"https:\/\/bauweb.hr\/index.php\/product\/aparat-za-zavarivanje-plastike-100w\/\" \/>\n<meta property=\"og:site_name\" content=\"BauWeb\" \/>\n<meta property=\"article:publisher\" content=\"https:\/\/facebook.com\/bauweb00\" \/>\n<meta property=\"og:image\" content=\"https:\/\/bauweb.hr\/wp-content\/uploads\/2025\/08\/Dizajn-bez-naslova-2025-08-18T153131.600.png\" \/>\n\t<meta property=\"og:image:width\" content=\"690\" \/>\n\t<meta property=\"og:image:height\" content=\"690\" \/>\n\t<meta property=\"og:image:type\" content=\"image\/png\" \/>\n<meta name=\"twitter:card\" content=\"summary_large_image\" \/>\n<meta name=\"twitter:label1\" content=\"Procijenjeno vrijeme \u010ditanja\" \/>\n\t<meta name=\"twitter:data1\" content=\"1 minuta\" \/>\n<script type=\"application\/ld+json\" class=\"yoast-schema-graph\">{\"@context\":\"https:\/\/schema.org\",\"@graph\":[{\"@type\":\"WebPage\",\"@id\":\"https:\/\/bauweb.hr\/index.php\/product\/aparat-za-zavarivanje-plastike-100w\/\",\"url\":\"https:\/\/bauweb.hr\/index.php\/product\/aparat-za-zavarivanje-plastike-100w\/\",\"name\":\"Aparat za zavarivanje plastike 100W - BauWeb\",\"isPartOf\":{\"@id\":\"https:\/\/bauweb.hr\/#website\"},\"primaryImageOfPage\":{\"@id\":\"https:\/\/bauweb.hr\/index.php\/product\/aparat-za-zavarivanje-plastike-100w\/#primaryimage\"},\"image\":{\"@id\":\"https:\/\/bauweb.hr\/index.php\/product\/aparat-za-zavarivanje-plastike-100w\/#primaryimage\"},\"thumbnailUrl\":\"https:\/\/bauweb.hr\/wp-content\/uploads\/2025\/08\/Dizajn-bez-naslova-2025-08-18T153131.600.png\",\"datePublished\":\"2025-08-18T13:49:09+00:00\",\"description\":\"Potra\u017eite \u0161iroki izbor alata i materijala za profesionalne gra\u0111evinske radove. Istra\u017ei Bauweb ponudu i kupuj uz odli\u010dne popuste.\",\"breadcrumb\":{\"@id\":\"https:\/\/bauweb.hr\/index.php\/product\/aparat-za-zavarivanje-plastike-100w\/#breadcrumb\"},\"inLanguage\":\"hr\",\"potentialAction\":[{\"@type\":\"ReadAction\",\"target\":[\"https:\/\/bauweb.hr\/index.php\/product\/aparat-za-zavarivanje-plastike-100w\/\"]}]},{\"@type\":\"ImageObject\",\"inLanguage\":\"hr\",\"@id\":\"https:\/\/bauweb.hr\/index.php\/product\/aparat-za-zavarivanje-plastike-100w\/#primaryimage\",\"url\":\"https:\/\/bauweb.hr\/wp-content\/uploads\/2025\/08\/Dizajn-bez-naslova-2025-08-18T153131.600.png\",\"contentUrl\":\"https:\/\/bauweb.hr\/wp-content\/uploads\/2025\/08\/Dizajn-bez-naslova-2025-08-18T153131.600.png\",\"width\":690,\"height\":690},{\"@type\":\"BreadcrumbList\",\"@id\":\"https:\/\/bauweb.hr\/index.php\/product\/aparat-za-zavarivanje-plastike-100w\/#breadcrumb\",\"itemListElement\":[{\"@type\":\"ListItem\",\"position\":1,\"name\":\"Po\u010detna stranica\",\"item\":\"https:\/\/bauweb.hr\/\"},{\"@type\":\"ListItem\",\"position\":2,\"name\":\"Shop\",\"item\":\"https:\/\/bauweb.hr\/index.php\/shop-wooshop-v1\/\"},{\"@type\":\"ListItem\",\"position\":3,\"name\":\"Aparat za zavarivanje plastike 100W\"}]},{\"@type\":\"WebSite\",\"@id\":\"https:\/\/bauweb.hr\/#website\",\"url\":\"https:\/\/bauweb.hr\/\",\"name\":\"BauWeb\",\"description\":\"Za prave majstore\",\"publisher\":{\"@id\":\"https:\/\/bauweb.hr\/#organization\"},\"alternateName\":\"BauWeb\",\"potentialAction\":[{\"@type\":\"SearchAction\",\"target\":{\"@type\":\"EntryPoint\",\"urlTemplate\":\"https:\/\/bauweb.hr\/?s={search_term_string}\"},\"query-input\":{\"@type\":\"PropertyValueSpecification\",\"valueRequired\":true,\"valueName\":\"search_term_string\"}}],\"inLanguage\":\"hr\"},{\"@type\":\"Organization\",\"@id\":\"https:\/\/bauweb.hr\/#organization\",\"name\":\"Hobi dom d.o.o.\",\"url\":\"https:\/\/bauweb.hr\/\",\"logo\":{\"@type\":\"ImageObject\",\"inLanguage\":\"hr\",\"@id\":\"https:\/\/bauweb.hr\/#\/schema\/logo\/image\/\",\"url\":\"https:\/\/bauweb.hr\/wp-content\/uploads\/2023\/01\/Bauweb_logo-01.png\",\"contentUrl\":\"https:\/\/bauweb.hr\/wp-content\/uploads\/2023\/01\/Bauweb_logo-01.png\",\"width\":842,\"height\":596,\"caption\":\"Hobi dom d.o.o.\"},\"image\":{\"@id\":\"https:\/\/bauweb.hr\/#\/schema\/logo\/image\/\"},\"sameAs\":[\"https:\/\/facebook.com\/bauweb00\",\"https:\/\/instagram.com\/bauweb_shop\"]}]}<\/script>\n<!-- \/ Yoast SEO plugin. -->","yoast_head_json":{"title":"Aparat za zavarivanje plastike 100W - BauWeb","description":"Potra\u017eite \u0161iroki izbor alata i materijala za profesionalne gra\u0111evinske radove. Istra\u017ei Bauweb ponudu i kupuj uz odli\u010dne popuste.","robots":{"index":"index","follow":"follow","max-snippet":"max-snippet:-1","max-image-preview":"max-image-preview:large","max-video-preview":"max-video-preview:-1"},"canonical":"https:\/\/bauweb.hr\/index.php\/product\/aparat-za-zavarivanje-plastike-100w\/","og_locale":"hr_HR","og_type":"article","og_title":"Aparat za zavarivanje plastike 100W - BauWeb","og_description":"Potra\u017eite \u0161iroki izbor alata i materijala za profesionalne gra\u0111evinske radove. Istra\u017ei Bauweb ponudu i kupuj uz odli\u010dne popuste.","og_url":"https:\/\/bauweb.hr\/index.php\/product\/aparat-za-zavarivanje-plastike-100w\/","og_site_name":"BauWeb","article_publisher":"https:\/\/facebook.com\/bauweb00","og_image":[{"width":690,"height":690,"url":"https:\/\/bauweb.hr\/wp-content\/uploads\/2025\/08\/Dizajn-bez-naslova-2025-08-18T153131.600.png","type":"image\/png"}],"twitter_card":"summary_large_image","twitter_misc":{"Procijenjeno vrijeme \u010ditanja":"1 minuta"},"schema":{"@context":"https:\/\/schema.org","@graph":[{"@type":"WebPage","@id":"https:\/\/bauweb.hr\/index.php\/product\/aparat-za-zavarivanje-plastike-100w\/","url":"https:\/\/bauweb.hr\/index.php\/product\/aparat-za-zavarivanje-plastike-100w\/","name":"Aparat za zavarivanje plastike 100W - BauWeb","isPartOf":{"@id":"https:\/\/bauweb.hr\/#website"},"primaryImageOfPage":{"@id":"https:\/\/bauweb.hr\/index.php\/product\/aparat-za-zavarivanje-plastike-100w\/#primaryimage"},"image":{"@id":"https:\/\/bauweb.hr\/index.php\/product\/aparat-za-zavarivanje-plastike-100w\/#primaryimage"},"thumbnailUrl":"https:\/\/bauweb.hr\/wp-content\/uploads\/2025\/08\/Dizajn-bez-naslova-2025-08-18T153131.600.png","datePublished":"2025-08-18T13:49:09+00:00","description":"Potra\u017eite \u0161iroki izbor alata i materijala za profesionalne gra\u0111evinske radove. Istra\u017ei Bauweb ponudu i kupuj uz odli\u010dne popuste.","breadcrumb":{"@id":"https:\/\/bauweb.hr\/index.php\/product\/aparat-za-zavarivanje-plastike-100w\/#breadcrumb"},"inLanguage":"hr","potentialAction":[{"@type":"ReadAction","target":["https:\/\/bauweb.hr\/index.php\/product\/aparat-za-zavarivanje-plastike-100w\/"]}]},{"@type":"ImageObject","inLanguage":"hr","@id":"https:\/\/bauweb.hr\/index.php\/product\/aparat-za-zavarivanje-plastike-100w\/#primaryimage","url":"https:\/\/bauweb.hr\/wp-content\/uploads\/2025\/08\/Dizajn-bez-naslova-2025-08-18T153131.600.png","contentUrl":"https:\/\/bauweb.hr\/wp-content\/uploads\/2025\/08\/Dizajn-bez-naslova-2025-08-18T153131.600.png","width":690,"height":690},{"@type":"BreadcrumbList","@id":"https:\/\/bauweb.hr\/index.php\/product\/aparat-za-zavarivanje-plastike-100w\/#breadcrumb","itemListElement":[{"@type":"ListItem","position":1,"name":"Po\u010detna stranica","item":"https:\/\/bauweb.hr\/"},{"@type":"ListItem","position":2,"name":"Shop","item":"https:\/\/bauweb.hr\/index.php\/shop-wooshop-v1\/"},{"@type":"ListItem","position":3,"name":"Aparat za zavarivanje plastike 100W"}]},{"@type":"WebSite","@id":"https:\/\/bauweb.hr\/#website","url":"https:\/\/bauweb.hr\/","name":"BauWeb","description":"Za prave majstore","publisher":{"@id":"https:\/\/bauweb.hr\/#organization"},"alternateName":"BauWeb","potentialAction":[{"@type":"SearchAction","target":{"@type":"EntryPoint","urlTemplate":"https:\/\/bauweb.hr\/?s={search_term_string}"},"query-input":{"@type":"PropertyValueSpecification","valueRequired":true,"valueName":"search_term_string"}}],"inLanguage":"hr"},{"@type":"Organization","@id":"https:\/\/bauweb.hr\/#organization","name":"Hobi dom d.o.o.","url":"https:\/\/bauweb.hr\/","logo":{"@type":"ImageObject","inLanguage":"hr","@id":"https:\/\/bauweb.hr\/#\/schema\/logo\/image\/","url":"https:\/\/bauweb.hr\/wp-content\/uploads\/2023\/01\/Bauweb_logo-01.png","contentUrl":"https:\/\/bauweb.hr\/wp-content\/uploads\/2023\/01\/Bauweb_logo-01.png","width":842,"height":596,"caption":"Hobi dom d.o.o."},"image":{"@id":"https:\/\/bauweb.hr\/#\/schema\/logo\/image\/"},"sameAs":["https:\/\/facebook.com\/bauweb00","https:\/\/instagram.com\/bauweb_shop"]}]}},"_links":{"self":[{"href":"https:\/\/bauweb.hr\/index.php\/wp-json\/wp\/v2\/product\/27008","targetHints":{"allow":["GET"]}}],"collection":[{"href":"https:\/\/bauweb.hr\/index.php\/wp-json\/wp\/v2\/product"}],"about":[{"href":"https:\/\/bauweb.hr\/index.php\/wp-json\/wp\/v2\/types\/product"}],"replies":[{"embeddable":true,"href":"https:\/\/bauweb.hr\/index.php\/wp-json\/wp\/v2\/comments?post=27008"}],"wp:featuredmedia":[{"embeddable":true,"href":"https:\/\/bauweb.hr\/index.php\/wp-json\/wp\/v2\/media\/27013"}],"wp:attachment":[{"href":"https:\/\/bauweb.hr\/index.php\/wp-json\/wp\/v2\/media?parent=27008"}],"wp:term":[{"taxonomy":"product_brand","embeddable":true,"href":"https:\/\/bauweb.hr\/index.php\/wp-json\/wp\/v2\/product_brand?post=27008"},{"taxonomy":"product_cat","embeddable":true,"href":"https:\/\/bauweb.hr\/index.php\/wp-json\/wp\/v2\/product_cat?post=27008"},{"taxonomy":"product_tag","embeddable":true,"href":"https:\/\/bauweb.hr\/index.php\/wp-json\/wp\/v2\/product_tag?post=27008"}],"curies":[{"name":"wp","href":"https:\/\/api.w.org\/{rel}","templated":true}]}}