{"id":27099,"date":"2025-08-29T12:52:51","date_gmt":"2025-08-29T10:52:51","guid":{"rendered":"https:\/\/bauweb.hr\/?post_type=product&#038;p=27099"},"modified":"2025-08-29T12:52:51","modified_gmt":"2025-08-29T10:52:51","slug":"mini-brusilica-12v-pribor","status":"publish","type":"product","link":"https:\/\/bauweb.hr\/index.php\/product\/mini-brusilica-12v-pribor\/","title":{"rendered":"MINI BRUSILICA 12V + PRIBOR"},"content":{"rendered":"<p>Pomo\u0107u brusilice i njenog opse\u017enog seta pribora mo\u017eete bu\u0161iti, brusiti i \u010detkati.<br \/>\nPromjenjiva kontrola brzine omogu\u0107uje vam pode\u0161avanje brzine vrsti materijala koji se obra\u0111uje. Mini brusilica idealan je alat za bru\u0161enje, graviranje, poliranje, glodanje, izradu nakita, modeliranje i hobi radionice. Set sadr\u017ei 55 dijelova, \u0161to vam omogu\u0107uje odabir pravog nastavka za va\u0161 projekt. Sve je pakirano u prakti\u010dnoj torbici za no\u0161enje. Jednostavan dizajn i mala veli\u010dina ure\u0111aja osiguravaju jednostavnost i pouzdanost kori\u0161tenja. Karakterizira ga visoka preciznost.<\/p>\n<p>Karakteristike:<\/p>\n<p>&#8211; Visokokvalitetna izrada po pristupa\u010dnoj cijeni<br \/>\n&#8211; Certificirani proizvod, \u0161to dokazuje kvalitetu proizvoda!<br \/>\n&#8211; Regulacija brzine!<br \/>\n&#8211; Do 55 elemenata<br \/>\n&#8211; Svestrana upotreba<\/p>\n<p>Parametri:<\/p>\n<p>\u2022 Tip: mini\/multi brusilica<br \/>\n\u2022 Postavka brzine: 1-6 + max<br \/>\n\u2022 Napon: 12 V<br \/>\n\u2022 Brzina bez optere\u0107enja: 5.000-25.000 o\/min<br \/>\n\u2022 Pribor: 55 dijelova<br \/>\n\u2022 Maks. stezna glava: 3,2 mm<br \/>\n\u2022 Regulacija brzine: da<\/p>\n<p>Set uklju\u010duje:<\/p>\n<p>\u2022 Mini brusilica KD1669<br \/>\n\u2022 Upute za uporabu<br \/>\n\u2022 Originalno pakiranje<br \/>\n\u2022 Ra\u010dun ili faktura<br \/>\n\u2022 3x diska za poliranje<br \/>\n\u2022 4x diska za bru\u0161enje<br \/>\n\u2022 1x metalna \u010detka<br \/>\n\u2022 2x sinteti\u010dka \u010detka<br \/>\n\u2022 16x diskova za rezanje<br \/>\n\u2022 2x trna kao dr\u017ea\u010di alata<br \/>\n\u2022 6x HSS svrdla<br \/>\n\u2022 1x vilju\u0161kasti klju\u010d<br \/>\n\u2022 5x svrdlo za bru\u0161enje<br \/>\n\u2022 2x svrdlo za graviranje<br \/>\n\u2022 3x svrdlo za glodanje<br \/>\n\u2022 5x stezni dr\u017ea\u010d<br \/>\n\u2022 Kutija<br \/>\n\u2022 Baterija<br \/>\n\u2022 Punja\u010d<\/p>\n","protected":false},"excerpt":{"rendered":"<p>Pomo\u0107u brusilice i njenog opse\u017enog seta pribora mo\u017eete bu\u0161iti, brusiti i \u010detkati.<\/p>\n<p>\u2714\ufe0f Platite gotovinom pri preuzimanju, Internet bankarstvom, karticama<\/p>\n<p>\u2714\ufe0f Povrat robe mogu\u0107 unutar 14 dana<\/p>\n<p>\u2714\ufe0f 100% sigurna kupovina<\/p>\n","protected":false},"featured_media":27100,"comment_status":"open","ping_status":"closed","template":"","meta":[],"product_brand":[],"product_cat":[139,110,411],"product_tag":[],"class_list":{"0":"post-27099","1":"product","2":"type-product","3":"status-publish","4":"has-post-thumbnail","6":"product_cat-aku-busilice-odvijaci","7":"product_cat-alati-pribor","8":"product_cat-rucni-alat","10":"first","11":"instock","12":"shipping-taxable","13":"purchasable","14":"product-type-simple"},"yoast_head":"<!-- This site is optimized with the Yoast SEO plugin v27.2 - https:\/\/yoast.com\/product\/yoast-seo-wordpress\/ -->\n<title>MINI BRUSILICA 12V + PRIBOR - BauWeb<\/title>\n<meta name=\"description\" content=\"Potra\u017eite \u0161iroki izbor alata i materijala za profesionalne gra\u0111evinske radove. Istra\u017ei Bauweb ponudu i kupuj uz odli\u010dne popuste.\" \/>\n<meta name=\"robots\" content=\"index, follow, max-snippet:-1, max-image-preview:large, max-video-preview:-1\" \/>\n<link rel=\"canonical\" href=\"https:\/\/bauweb.hr\/index.php\/product\/mini-brusilica-12v-pribor\/\" \/>\n<meta property=\"og:locale\" content=\"hr_HR\" \/>\n<meta property=\"og:type\" content=\"article\" \/>\n<meta property=\"og:title\" content=\"MINI BRUSILICA 12V + PRIBOR - BauWeb\" \/>\n<meta property=\"og:description\" content=\"Potra\u017eite \u0161iroki izbor alata i materijala za profesionalne gra\u0111evinske radove. Istra\u017ei Bauweb ponudu i kupuj uz odli\u010dne popuste.\" \/>\n<meta property=\"og:url\" content=\"https:\/\/bauweb.hr\/index.php\/product\/mini-brusilica-12v-pribor\/\" \/>\n<meta property=\"og:site_name\" content=\"BauWeb\" \/>\n<meta property=\"article:publisher\" content=\"https:\/\/facebook.com\/bauweb00\" \/>\n<meta property=\"og:image\" content=\"https:\/\/bauweb.hr\/wp-content\/uploads\/2025\/08\/Dizajn-bez-naslova-2025-08-29T124528.328.png\" \/>\n\t<meta property=\"og:image:width\" content=\"690\" \/>\n\t<meta property=\"og:image:height\" content=\"690\" \/>\n\t<meta property=\"og:image:type\" content=\"image\/png\" \/>\n<meta name=\"twitter:card\" content=\"summary_large_image\" \/>\n<meta name=\"twitter:label1\" content=\"Procijenjeno vrijeme \u010ditanja\" \/>\n\t<meta name=\"twitter:data1\" content=\"2 minute\" \/>\n<script type=\"application\/ld+json\" class=\"yoast-schema-graph\">{\"@context\":\"https:\/\/schema.org\",\"@graph\":[{\"@type\":\"WebPage\",\"@id\":\"https:\/\/bauweb.hr\/index.php\/product\/mini-brusilica-12v-pribor\/\",\"url\":\"https:\/\/bauweb.hr\/index.php\/product\/mini-brusilica-12v-pribor\/\",\"name\":\"MINI BRUSILICA 12V + PRIBOR - BauWeb\",\"isPartOf\":{\"@id\":\"https:\/\/bauweb.hr\/#website\"},\"primaryImageOfPage\":{\"@id\":\"https:\/\/bauweb.hr\/index.php\/product\/mini-brusilica-12v-pribor\/#primaryimage\"},\"image\":{\"@id\":\"https:\/\/bauweb.hr\/index.php\/product\/mini-brusilica-12v-pribor\/#primaryimage\"},\"thumbnailUrl\":\"https:\/\/bauweb.hr\/wp-content\/uploads\/2025\/08\/Dizajn-bez-naslova-2025-08-29T124528.328.png\",\"datePublished\":\"2025-08-29T10:52:51+00:00\",\"description\":\"Potra\u017eite \u0161iroki izbor alata i materijala za profesionalne gra\u0111evinske radove. Istra\u017ei Bauweb ponudu i kupuj uz odli\u010dne popuste.\",\"breadcrumb\":{\"@id\":\"https:\/\/bauweb.hr\/index.php\/product\/mini-brusilica-12v-pribor\/#breadcrumb\"},\"inLanguage\":\"hr\",\"potentialAction\":[{\"@type\":\"ReadAction\",\"target\":[\"https:\/\/bauweb.hr\/index.php\/product\/mini-brusilica-12v-pribor\/\"]}]},{\"@type\":\"ImageObject\",\"inLanguage\":\"hr\",\"@id\":\"https:\/\/bauweb.hr\/index.php\/product\/mini-brusilica-12v-pribor\/#primaryimage\",\"url\":\"https:\/\/bauweb.hr\/wp-content\/uploads\/2025\/08\/Dizajn-bez-naslova-2025-08-29T124528.328.png\",\"contentUrl\":\"https:\/\/bauweb.hr\/wp-content\/uploads\/2025\/08\/Dizajn-bez-naslova-2025-08-29T124528.328.png\",\"width\":690,\"height\":690},{\"@type\":\"BreadcrumbList\",\"@id\":\"https:\/\/bauweb.hr\/index.php\/product\/mini-brusilica-12v-pribor\/#breadcrumb\",\"itemListElement\":[{\"@type\":\"ListItem\",\"position\":1,\"name\":\"Po\u010detna stranica\",\"item\":\"https:\/\/bauweb.hr\/\"},{\"@type\":\"ListItem\",\"position\":2,\"name\":\"Shop\",\"item\":\"https:\/\/bauweb.hr\/index.php\/shop-wooshop-v1\/\"},{\"@type\":\"ListItem\",\"position\":3,\"name\":\"MINI BRUSILICA 12V + PRIBOR\"}]},{\"@type\":\"WebSite\",\"@id\":\"https:\/\/bauweb.hr\/#website\",\"url\":\"https:\/\/bauweb.hr\/\",\"name\":\"BauWeb\",\"description\":\"Za prave majstore\",\"publisher\":{\"@id\":\"https:\/\/bauweb.hr\/#organization\"},\"alternateName\":\"BauWeb\",\"potentialAction\":[{\"@type\":\"SearchAction\",\"target\":{\"@type\":\"EntryPoint\",\"urlTemplate\":\"https:\/\/bauweb.hr\/?s={search_term_string}\"},\"query-input\":{\"@type\":\"PropertyValueSpecification\",\"valueRequired\":true,\"valueName\":\"search_term_string\"}}],\"inLanguage\":\"hr\"},{\"@type\":\"Organization\",\"@id\":\"https:\/\/bauweb.hr\/#organization\",\"name\":\"Hobi dom d.o.o.\",\"url\":\"https:\/\/bauweb.hr\/\",\"logo\":{\"@type\":\"ImageObject\",\"inLanguage\":\"hr\",\"@id\":\"https:\/\/bauweb.hr\/#\/schema\/logo\/image\/\",\"url\":\"https:\/\/bauweb.hr\/wp-content\/uploads\/2023\/01\/Bauweb_logo-01.png\",\"contentUrl\":\"https:\/\/bauweb.hr\/wp-content\/uploads\/2023\/01\/Bauweb_logo-01.png\",\"width\":842,\"height\":596,\"caption\":\"Hobi dom d.o.o.\"},\"image\":{\"@id\":\"https:\/\/bauweb.hr\/#\/schema\/logo\/image\/\"},\"sameAs\":[\"https:\/\/facebook.com\/bauweb00\",\"https:\/\/instagram.com\/bauweb_shop\"]}]}<\/script>\n<!-- \/ Yoast SEO plugin. -->","yoast_head_json":{"title":"MINI BRUSILICA 12V + PRIBOR - BauWeb","description":"Potra\u017eite \u0161iroki izbor alata i materijala za profesionalne gra\u0111evinske radove. Istra\u017ei Bauweb ponudu i kupuj uz odli\u010dne popuste.","robots":{"index":"index","follow":"follow","max-snippet":"max-snippet:-1","max-image-preview":"max-image-preview:large","max-video-preview":"max-video-preview:-1"},"canonical":"https:\/\/bauweb.hr\/index.php\/product\/mini-brusilica-12v-pribor\/","og_locale":"hr_HR","og_type":"article","og_title":"MINI BRUSILICA 12V + PRIBOR - BauWeb","og_description":"Potra\u017eite \u0161iroki izbor alata i materijala za profesionalne gra\u0111evinske radove. Istra\u017ei Bauweb ponudu i kupuj uz odli\u010dne popuste.","og_url":"https:\/\/bauweb.hr\/index.php\/product\/mini-brusilica-12v-pribor\/","og_site_name":"BauWeb","article_publisher":"https:\/\/facebook.com\/bauweb00","og_image":[{"width":690,"height":690,"url":"https:\/\/bauweb.hr\/wp-content\/uploads\/2025\/08\/Dizajn-bez-naslova-2025-08-29T124528.328.png","type":"image\/png"}],"twitter_card":"summary_large_image","twitter_misc":{"Procijenjeno vrijeme \u010ditanja":"2 minute"},"schema":{"@context":"https:\/\/schema.org","@graph":[{"@type":"WebPage","@id":"https:\/\/bauweb.hr\/index.php\/product\/mini-brusilica-12v-pribor\/","url":"https:\/\/bauweb.hr\/index.php\/product\/mini-brusilica-12v-pribor\/","name":"MINI BRUSILICA 12V + PRIBOR - BauWeb","isPartOf":{"@id":"https:\/\/bauweb.hr\/#website"},"primaryImageOfPage":{"@id":"https:\/\/bauweb.hr\/index.php\/product\/mini-brusilica-12v-pribor\/#primaryimage"},"image":{"@id":"https:\/\/bauweb.hr\/index.php\/product\/mini-brusilica-12v-pribor\/#primaryimage"},"thumbnailUrl":"https:\/\/bauweb.hr\/wp-content\/uploads\/2025\/08\/Dizajn-bez-naslova-2025-08-29T124528.328.png","datePublished":"2025-08-29T10:52:51+00:00","description":"Potra\u017eite \u0161iroki izbor alata i materijala za profesionalne gra\u0111evinske radove. Istra\u017ei Bauweb ponudu i kupuj uz odli\u010dne popuste.","breadcrumb":{"@id":"https:\/\/bauweb.hr\/index.php\/product\/mini-brusilica-12v-pribor\/#breadcrumb"},"inLanguage":"hr","potentialAction":[{"@type":"ReadAction","target":["https:\/\/bauweb.hr\/index.php\/product\/mini-brusilica-12v-pribor\/"]}]},{"@type":"ImageObject","inLanguage":"hr","@id":"https:\/\/bauweb.hr\/index.php\/product\/mini-brusilica-12v-pribor\/#primaryimage","url":"https:\/\/bauweb.hr\/wp-content\/uploads\/2025\/08\/Dizajn-bez-naslova-2025-08-29T124528.328.png","contentUrl":"https:\/\/bauweb.hr\/wp-content\/uploads\/2025\/08\/Dizajn-bez-naslova-2025-08-29T124528.328.png","width":690,"height":690},{"@type":"BreadcrumbList","@id":"https:\/\/bauweb.hr\/index.php\/product\/mini-brusilica-12v-pribor\/#breadcrumb","itemListElement":[{"@type":"ListItem","position":1,"name":"Po\u010detna stranica","item":"https:\/\/bauweb.hr\/"},{"@type":"ListItem","position":2,"name":"Shop","item":"https:\/\/bauweb.hr\/index.php\/shop-wooshop-v1\/"},{"@type":"ListItem","position":3,"name":"MINI BRUSILICA 12V + PRIBOR"}]},{"@type":"WebSite","@id":"https:\/\/bauweb.hr\/#website","url":"https:\/\/bauweb.hr\/","name":"BauWeb","description":"Za prave majstore","publisher":{"@id":"https:\/\/bauweb.hr\/#organization"},"alternateName":"BauWeb","potentialAction":[{"@type":"SearchAction","target":{"@type":"EntryPoint","urlTemplate":"https:\/\/bauweb.hr\/?s={search_term_string}"},"query-input":{"@type":"PropertyValueSpecification","valueRequired":true,"valueName":"search_term_string"}}],"inLanguage":"hr"},{"@type":"Organization","@id":"https:\/\/bauweb.hr\/#organization","name":"Hobi dom d.o.o.","url":"https:\/\/bauweb.hr\/","logo":{"@type":"ImageObject","inLanguage":"hr","@id":"https:\/\/bauweb.hr\/#\/schema\/logo\/image\/","url":"https:\/\/bauweb.hr\/wp-content\/uploads\/2023\/01\/Bauweb_logo-01.png","contentUrl":"https:\/\/bauweb.hr\/wp-content\/uploads\/2023\/01\/Bauweb_logo-01.png","width":842,"height":596,"caption":"Hobi dom d.o.o."},"image":{"@id":"https:\/\/bauweb.hr\/#\/schema\/logo\/image\/"},"sameAs":["https:\/\/facebook.com\/bauweb00","https:\/\/instagram.com\/bauweb_shop"]}]}},"_links":{"self":[{"href":"https:\/\/bauweb.hr\/index.php\/wp-json\/wp\/v2\/product\/27099","targetHints":{"allow":["GET"]}}],"collection":[{"href":"https:\/\/bauweb.hr\/index.php\/wp-json\/wp\/v2\/product"}],"about":[{"href":"https:\/\/bauweb.hr\/index.php\/wp-json\/wp\/v2\/types\/product"}],"replies":[{"embeddable":true,"href":"https:\/\/bauweb.hr\/index.php\/wp-json\/wp\/v2\/comments?post=27099"}],"wp:featuredmedia":[{"embeddable":true,"href":"https:\/\/bauweb.hr\/index.php\/wp-json\/wp\/v2\/media\/27100"}],"wp:attachment":[{"href":"https:\/\/bauweb.hr\/index.php\/wp-json\/wp\/v2\/media?parent=27099"}],"wp:term":[{"taxonomy":"product_brand","embeddable":true,"href":"https:\/\/bauweb.hr\/index.php\/wp-json\/wp\/v2\/product_brand?post=27099"},{"taxonomy":"product_cat","embeddable":true,"href":"https:\/\/bauweb.hr\/index.php\/wp-json\/wp\/v2\/product_cat?post=27099"},{"taxonomy":"product_tag","embeddable":true,"href":"https:\/\/bauweb.hr\/index.php\/wp-json\/wp\/v2\/product_tag?post=27099"}],"curies":[{"name":"wp","href":"https:\/\/api.w.org\/{rel}","templated":true}]}}