{"id":27195,"date":"2025-09-08T18:12:02","date_gmt":"2025-09-08T16:12:02","guid":{"rendered":"https:\/\/bauweb.hr\/?post_type=product&#038;p=27195"},"modified":"2025-09-09T13:28:59","modified_gmt":"2025-09-09T11:28:59","slug":"distar-keramik-pro-krune-za-keramiku-za-kutnu-brusilicu-m14","status":"publish","type":"product","link":"https:\/\/bauweb.hr\/index.php\/product\/distar-keramik-pro-krune-za-keramiku-za-kutnu-brusilicu-m14\/","title":{"rendered":"DISTAR KERAMIK PRO krune za keramiku za kutnu brusilicu, M14"},"content":{"rendered":"<p><iframe title=\"\u0410\u043b\u043c\u0430\u0437\u043d\u043e\u0435 \u0441\u0432\u0435\u0440\u043b\u043e Baumesser Keramik Pro M14 | Diamond drill bit Baumesser Keramik Pro M14\" width=\"960\" height=\"540\" src=\"https:\/\/www.youtube.com\/embed\/YLtqB6uuu5g?feature=oembed\" frameborder=\"0\" allow=\"accelerometer; autoplay; clipboard-write; encrypted-media; gyroscope; picture-in-picture; web-share\" referrerpolicy=\"strict-origin-when-cross-origin\" allowfullscreen><\/iframe><\/p>\n<p><span dir=\"auto\">Svake godine \u0161iri se asortiman tvrdih, mrazu otpornih porculanskih plo\u010dica, \u010dija obrada postaje sve slo\u017eenija. Za rezanje i bu\u0161enje takvih materijala potreban vam je alat velike brzine.<\/span><br class=\"first\" \/><span dir=\"auto\">Vakuumske svrdla Keramik Baumesser Pro su svrdla velike brzine za sve vrste keramike i porculanskih plo\u010dica. Dijamant visoke \u010dvrsto\u0107e, fiksiran u \u010dvrstoj vezi, tvori razvijene mikro-reza\u010de za rezanje koji u\u010dinkovito prodiru u kerami\u010dki materijal.<\/span><br \/>\n<span dir=\"auto\">Prosje\u010dna brzina bu\u0161enja porculanskih plo\u010dica debljine 10 mm kutnom brusilicom iznosi 7 sekundi (5-15 sekundi ovisno o tvrdo\u0107i materijala). Preporu\u010duje se pode\u0161avanje brzine kutne brusilice u rasponu od 8.000-11.000 okretaja u minuti.<\/span><br \/>\n<span dir=\"auto\">Bu\u0161enje treba izvoditi na suho s njihaju\u0107im pokretima, izbjegavaju\u0107i pritisak na svrdlo.<\/span><\/p>\n","protected":false},"excerpt":{"rendered":"<p>Dijamantne krune za bu\u0161enje rupa na svim vrstama keramike i porculana. Koristi se na kutnoj brusilici 115-125 mm bez vodenog rashladnog sredstva. Zahvaljuju\u0107i velikoj snazi dijamantnih \u010destica, omogu\u0107eno je brzo i u\u010dinkovito prodiranje&#8230;<\/p>\n<p>Potvrdili kerami\u010dari!<\/p>\n","protected":false},"featured_media":27213,"comment_status":"open","ping_status":"closed","template":"","meta":[],"product_brand":[386],"product_cat":[147,102],"product_tag":[],"class_list":{"0":"post-27195","1":"product","2":"type-product","3":"status-publish","4":"has-post-thumbnail","6":"product_brand-distar","7":"product_cat-alati-i-pribor-keramicari","8":"product_cat-keramicari","10":"first","11":"instock","12":"shipping-taxable","13":"purchasable","14":"product-type-variable"},"yoast_head":"<!-- This site is optimized with the Yoast SEO plugin v27.2 - https:\/\/yoast.com\/product\/yoast-seo-wordpress\/ -->\n<title>DISTAR KERAMIK PRO krune za keramiku za kutnu brusilicu, M14 - BauWeb<\/title>\n<meta name=\"description\" content=\"Potra\u017eite \u0161iroki izbor alata i materijala za profesionalne gra\u0111evinske radove. Istra\u017ei Bauweb ponudu i kupuj uz odli\u010dne popuste.\" \/>\n<meta name=\"robots\" content=\"index, follow, max-snippet:-1, max-image-preview:large, max-video-preview:-1\" \/>\n<link rel=\"canonical\" href=\"https:\/\/bauweb.hr\/index.php\/product\/distar-keramik-pro-krune-za-keramiku-za-kutnu-brusilicu-m14\/\" \/>\n<meta property=\"og:locale\" content=\"hr_HR\" \/>\n<meta property=\"og:type\" content=\"article\" \/>\n<meta property=\"og:title\" content=\"DISTAR KERAMIK PRO krune za keramiku za kutnu brusilicu, M14 - BauWeb\" \/>\n<meta property=\"og:description\" content=\"Potra\u017eite \u0161iroki izbor alata i materijala za profesionalne gra\u0111evinske radove. Istra\u017ei Bauweb ponudu i kupuj uz odli\u010dne popuste.\" \/>\n<meta property=\"og:url\" content=\"https:\/\/bauweb.hr\/index.php\/product\/distar-keramik-pro-krune-za-keramiku-za-kutnu-brusilicu-m14\/\" \/>\n<meta property=\"og:site_name\" content=\"BauWeb\" \/>\n<meta property=\"article:publisher\" content=\"https:\/\/facebook.com\/bauweb00\" \/>\n<meta property=\"article:modified_time\" content=\"2025-09-09T11:28:59+00:00\" \/>\n<meta property=\"og:image\" content=\"https:\/\/bauweb.hr\/wp-content\/uploads\/2025\/09\/Dizajn-bez-naslova-2025-09-08T175628.234.png\" \/>\n\t<meta property=\"og:image:width\" content=\"690\" \/>\n\t<meta property=\"og:image:height\" content=\"690\" \/>\n\t<meta property=\"og:image:type\" content=\"image\/png\" \/>\n<meta name=\"twitter:card\" content=\"summary_large_image\" \/>\n<meta name=\"twitter:label1\" content=\"Procijenjeno vrijeme \u010ditanja\" \/>\n\t<meta name=\"twitter:data1\" content=\"1 minuta\" \/>\n<script type=\"application\/ld+json\" class=\"yoast-schema-graph\">{\"@context\":\"https:\/\/schema.org\",\"@graph\":[{\"@type\":\"WebPage\",\"@id\":\"https:\/\/bauweb.hr\/index.php\/product\/distar-keramik-pro-krune-za-keramiku-za-kutnu-brusilicu-m14\/\",\"url\":\"https:\/\/bauweb.hr\/index.php\/product\/distar-keramik-pro-krune-za-keramiku-za-kutnu-brusilicu-m14\/\",\"name\":\"DISTAR KERAMIK PRO krune za keramiku za kutnu brusilicu, M14 - BauWeb\",\"isPartOf\":{\"@id\":\"https:\/\/bauweb.hr\/#website\"},\"primaryImageOfPage\":{\"@id\":\"https:\/\/bauweb.hr\/index.php\/product\/distar-keramik-pro-krune-za-keramiku-za-kutnu-brusilicu-m14\/#primaryimage\"},\"image\":{\"@id\":\"https:\/\/bauweb.hr\/index.php\/product\/distar-keramik-pro-krune-za-keramiku-za-kutnu-brusilicu-m14\/#primaryimage\"},\"thumbnailUrl\":\"https:\/\/bauweb.hr\/wp-content\/uploads\/2025\/09\/Dizajn-bez-naslova-2025-09-08T175628.234.png\",\"datePublished\":\"2025-09-08T16:12:02+00:00\",\"dateModified\":\"2025-09-09T11:28:59+00:00\",\"description\":\"Potra\u017eite \u0161iroki izbor alata i materijala za profesionalne gra\u0111evinske radove. Istra\u017ei Bauweb ponudu i kupuj uz odli\u010dne popuste.\",\"breadcrumb\":{\"@id\":\"https:\/\/bauweb.hr\/index.php\/product\/distar-keramik-pro-krune-za-keramiku-za-kutnu-brusilicu-m14\/#breadcrumb\"},\"inLanguage\":\"hr\",\"potentialAction\":[{\"@type\":\"ReadAction\",\"target\":[\"https:\/\/bauweb.hr\/index.php\/product\/distar-keramik-pro-krune-za-keramiku-za-kutnu-brusilicu-m14\/\"]}]},{\"@type\":\"ImageObject\",\"inLanguage\":\"hr\",\"@id\":\"https:\/\/bauweb.hr\/index.php\/product\/distar-keramik-pro-krune-za-keramiku-za-kutnu-brusilicu-m14\/#primaryimage\",\"url\":\"https:\/\/bauweb.hr\/wp-content\/uploads\/2025\/09\/Dizajn-bez-naslova-2025-09-08T175628.234.png\",\"contentUrl\":\"https:\/\/bauweb.hr\/wp-content\/uploads\/2025\/09\/Dizajn-bez-naslova-2025-09-08T175628.234.png\",\"width\":690,\"height\":690},{\"@type\":\"BreadcrumbList\",\"@id\":\"https:\/\/bauweb.hr\/index.php\/product\/distar-keramik-pro-krune-za-keramiku-za-kutnu-brusilicu-m14\/#breadcrumb\",\"itemListElement\":[{\"@type\":\"ListItem\",\"position\":1,\"name\":\"Po\u010detna stranica\",\"item\":\"https:\/\/bauweb.hr\/\"},{\"@type\":\"ListItem\",\"position\":2,\"name\":\"Shop\",\"item\":\"https:\/\/bauweb.hr\/index.php\/shop-wooshop-v1\/\"},{\"@type\":\"ListItem\",\"position\":3,\"name\":\"DISTAR KERAMIK PRO krune za keramiku za kutnu brusilicu, M14\"}]},{\"@type\":\"WebSite\",\"@id\":\"https:\/\/bauweb.hr\/#website\",\"url\":\"https:\/\/bauweb.hr\/\",\"name\":\"BauWeb\",\"description\":\"Za prave majstore\",\"publisher\":{\"@id\":\"https:\/\/bauweb.hr\/#organization\"},\"alternateName\":\"BauWeb\",\"potentialAction\":[{\"@type\":\"SearchAction\",\"target\":{\"@type\":\"EntryPoint\",\"urlTemplate\":\"https:\/\/bauweb.hr\/?s={search_term_string}\"},\"query-input\":{\"@type\":\"PropertyValueSpecification\",\"valueRequired\":true,\"valueName\":\"search_term_string\"}}],\"inLanguage\":\"hr\"},{\"@type\":\"Organization\",\"@id\":\"https:\/\/bauweb.hr\/#organization\",\"name\":\"Hobi dom d.o.o.\",\"url\":\"https:\/\/bauweb.hr\/\",\"logo\":{\"@type\":\"ImageObject\",\"inLanguage\":\"hr\",\"@id\":\"https:\/\/bauweb.hr\/#\/schema\/logo\/image\/\",\"url\":\"https:\/\/bauweb.hr\/wp-content\/uploads\/2023\/01\/Bauweb_logo-01.png\",\"contentUrl\":\"https:\/\/bauweb.hr\/wp-content\/uploads\/2023\/01\/Bauweb_logo-01.png\",\"width\":842,\"height\":596,\"caption\":\"Hobi dom d.o.o.\"},\"image\":{\"@id\":\"https:\/\/bauweb.hr\/#\/schema\/logo\/image\/\"},\"sameAs\":[\"https:\/\/facebook.com\/bauweb00\",\"https:\/\/instagram.com\/bauweb_shop\"]}]}<\/script>\n<!-- \/ Yoast SEO plugin. -->","yoast_head_json":{"title":"DISTAR KERAMIK PRO krune za keramiku za kutnu brusilicu, M14 - BauWeb","description":"Potra\u017eite \u0161iroki izbor alata i materijala za profesionalne gra\u0111evinske radove. Istra\u017ei Bauweb ponudu i kupuj uz odli\u010dne popuste.","robots":{"index":"index","follow":"follow","max-snippet":"max-snippet:-1","max-image-preview":"max-image-preview:large","max-video-preview":"max-video-preview:-1"},"canonical":"https:\/\/bauweb.hr\/index.php\/product\/distar-keramik-pro-krune-za-keramiku-za-kutnu-brusilicu-m14\/","og_locale":"hr_HR","og_type":"article","og_title":"DISTAR KERAMIK PRO krune za keramiku za kutnu brusilicu, M14 - BauWeb","og_description":"Potra\u017eite \u0161iroki izbor alata i materijala za profesionalne gra\u0111evinske radove. Istra\u017ei Bauweb ponudu i kupuj uz odli\u010dne popuste.","og_url":"https:\/\/bauweb.hr\/index.php\/product\/distar-keramik-pro-krune-za-keramiku-za-kutnu-brusilicu-m14\/","og_site_name":"BauWeb","article_publisher":"https:\/\/facebook.com\/bauweb00","article_modified_time":"2025-09-09T11:28:59+00:00","og_image":[{"width":690,"height":690,"url":"https:\/\/bauweb.hr\/wp-content\/uploads\/2025\/09\/Dizajn-bez-naslova-2025-09-08T175628.234.png","type":"image\/png"}],"twitter_card":"summary_large_image","twitter_misc":{"Procijenjeno vrijeme \u010ditanja":"1 minuta"},"schema":{"@context":"https:\/\/schema.org","@graph":[{"@type":"WebPage","@id":"https:\/\/bauweb.hr\/index.php\/product\/distar-keramik-pro-krune-za-keramiku-za-kutnu-brusilicu-m14\/","url":"https:\/\/bauweb.hr\/index.php\/product\/distar-keramik-pro-krune-za-keramiku-za-kutnu-brusilicu-m14\/","name":"DISTAR KERAMIK PRO krune za keramiku za kutnu brusilicu, M14 - BauWeb","isPartOf":{"@id":"https:\/\/bauweb.hr\/#website"},"primaryImageOfPage":{"@id":"https:\/\/bauweb.hr\/index.php\/product\/distar-keramik-pro-krune-za-keramiku-za-kutnu-brusilicu-m14\/#primaryimage"},"image":{"@id":"https:\/\/bauweb.hr\/index.php\/product\/distar-keramik-pro-krune-za-keramiku-za-kutnu-brusilicu-m14\/#primaryimage"},"thumbnailUrl":"https:\/\/bauweb.hr\/wp-content\/uploads\/2025\/09\/Dizajn-bez-naslova-2025-09-08T175628.234.png","datePublished":"2025-09-08T16:12:02+00:00","dateModified":"2025-09-09T11:28:59+00:00","description":"Potra\u017eite \u0161iroki izbor alata i materijala za profesionalne gra\u0111evinske radove. Istra\u017ei Bauweb ponudu i kupuj uz odli\u010dne popuste.","breadcrumb":{"@id":"https:\/\/bauweb.hr\/index.php\/product\/distar-keramik-pro-krune-za-keramiku-za-kutnu-brusilicu-m14\/#breadcrumb"},"inLanguage":"hr","potentialAction":[{"@type":"ReadAction","target":["https:\/\/bauweb.hr\/index.php\/product\/distar-keramik-pro-krune-za-keramiku-za-kutnu-brusilicu-m14\/"]}]},{"@type":"ImageObject","inLanguage":"hr","@id":"https:\/\/bauweb.hr\/index.php\/product\/distar-keramik-pro-krune-za-keramiku-za-kutnu-brusilicu-m14\/#primaryimage","url":"https:\/\/bauweb.hr\/wp-content\/uploads\/2025\/09\/Dizajn-bez-naslova-2025-09-08T175628.234.png","contentUrl":"https:\/\/bauweb.hr\/wp-content\/uploads\/2025\/09\/Dizajn-bez-naslova-2025-09-08T175628.234.png","width":690,"height":690},{"@type":"BreadcrumbList","@id":"https:\/\/bauweb.hr\/index.php\/product\/distar-keramik-pro-krune-za-keramiku-za-kutnu-brusilicu-m14\/#breadcrumb","itemListElement":[{"@type":"ListItem","position":1,"name":"Po\u010detna stranica","item":"https:\/\/bauweb.hr\/"},{"@type":"ListItem","position":2,"name":"Shop","item":"https:\/\/bauweb.hr\/index.php\/shop-wooshop-v1\/"},{"@type":"ListItem","position":3,"name":"DISTAR KERAMIK PRO krune za keramiku za kutnu brusilicu, M14"}]},{"@type":"WebSite","@id":"https:\/\/bauweb.hr\/#website","url":"https:\/\/bauweb.hr\/","name":"BauWeb","description":"Za prave majstore","publisher":{"@id":"https:\/\/bauweb.hr\/#organization"},"alternateName":"BauWeb","potentialAction":[{"@type":"SearchAction","target":{"@type":"EntryPoint","urlTemplate":"https:\/\/bauweb.hr\/?s={search_term_string}"},"query-input":{"@type":"PropertyValueSpecification","valueRequired":true,"valueName":"search_term_string"}}],"inLanguage":"hr"},{"@type":"Organization","@id":"https:\/\/bauweb.hr\/#organization","name":"Hobi dom d.o.o.","url":"https:\/\/bauweb.hr\/","logo":{"@type":"ImageObject","inLanguage":"hr","@id":"https:\/\/bauweb.hr\/#\/schema\/logo\/image\/","url":"https:\/\/bauweb.hr\/wp-content\/uploads\/2023\/01\/Bauweb_logo-01.png","contentUrl":"https:\/\/bauweb.hr\/wp-content\/uploads\/2023\/01\/Bauweb_logo-01.png","width":842,"height":596,"caption":"Hobi dom d.o.o."},"image":{"@id":"https:\/\/bauweb.hr\/#\/schema\/logo\/image\/"},"sameAs":["https:\/\/facebook.com\/bauweb00","https:\/\/instagram.com\/bauweb_shop"]}]}},"_links":{"self":[{"href":"https:\/\/bauweb.hr\/index.php\/wp-json\/wp\/v2\/product\/27195","targetHints":{"allow":["GET"]}}],"collection":[{"href":"https:\/\/bauweb.hr\/index.php\/wp-json\/wp\/v2\/product"}],"about":[{"href":"https:\/\/bauweb.hr\/index.php\/wp-json\/wp\/v2\/types\/product"}],"replies":[{"embeddable":true,"href":"https:\/\/bauweb.hr\/index.php\/wp-json\/wp\/v2\/comments?post=27195"}],"wp:featuredmedia":[{"embeddable":true,"href":"https:\/\/bauweb.hr\/index.php\/wp-json\/wp\/v2\/media\/27213"}],"wp:attachment":[{"href":"https:\/\/bauweb.hr\/index.php\/wp-json\/wp\/v2\/media?parent=27195"}],"wp:term":[{"taxonomy":"product_brand","embeddable":true,"href":"https:\/\/bauweb.hr\/index.php\/wp-json\/wp\/v2\/product_brand?post=27195"},{"taxonomy":"product_cat","embeddable":true,"href":"https:\/\/bauweb.hr\/index.php\/wp-json\/wp\/v2\/product_cat?post=27195"},{"taxonomy":"product_tag","embeddable":true,"href":"https:\/\/bauweb.hr\/index.php\/wp-json\/wp\/v2\/product_tag?post=27195"}],"curies":[{"name":"wp","href":"https:\/\/api.w.org\/{rel}","templated":true}]}}