{"id":27284,"date":"2025-09-09T16:52:42","date_gmt":"2025-09-09T14:52:42","guid":{"rendered":"https:\/\/bauweb.hr\/?post_type=product&#038;p=27284"},"modified":"2025-12-01T09:15:24","modified_gmt":"2025-12-01T08:15:24","slug":"vakum-vibracijski-130mm-2x2000-mah-36v-80kg","status":"publish","type":"product","link":"https:\/\/bauweb.hr\/index.php\/product\/vakum-vibracijski-130mm-2x2000-mah-36v-80kg\/","title":{"rendered":"VAKUM VIBRACIJSKI 130mm, 2&#215;2000 mAh 36V 80kg"},"content":{"rendered":"<p>Be\u017ei\u010dna vibriraju\u0107a vakuumska \u010da\u0161ica za postavljanje plo\u010dica. Omogu\u0107uje jednostavno postavljanje plo\u010dica pomo\u0107u vakuumske \u010da\u0161ice, s mogu\u0107no\u0161\u0107u podizanja predmeta te\u017eine do 80 kg. Osim toga, njezina funkcija vibracije uklanja zaostale mjehuri\u0107e zraka koji mogu dovesti do potencijalnog pucanja, osiguravaju\u0107i \u010dvrstu i trajnu vezu izme\u0111u plo\u010dice i podloge.<\/p>\n<p>Ure\u0111aj je opremljen 5-brzinskom kontrolom brzine, \u0161to vam omogu\u0107uje pode\u0161avanje pritiska va\u0161im potrebama. To vam omogu\u0107uje pode\u0161avanje polo\u017eaja plo\u010dica i pove\u0107ava u\u010dinkovitost rada.<\/p>\n<p>\u2699\ufe0f Tehni\u010dki podaci:<br \/>\nNapon 36 V DC<br \/>\nFrekvencija vibracija 100\u201312000 o\/min<br \/>\nUsisna snaga 80 kg<br \/>\nPromjer vakuumske \u010da\u0161ice 130 mm<br \/>\nBroj brzina 5<br \/>\nVrijeme rada pri maksimalnoj brzini ~1,5 sati<br \/>\nKapacitet baterije 2 Ah<br \/>\nVrsta baterije Li-ion<br \/>\nVrijeme punjenja ~1,5 sati<br \/>\nNapon napajanja 230 V \/ 50 Hz<\/p>\n<p>\u2705 Sastav proizvoda:<br \/>\nVibriraju\u0107a vakuumska \u010da\u0161ica za postavljanje plo\u010dica<br \/>\n2 x baterija<br \/>\nPunja\u010d<br \/>\nOriginalno pakiranje<br \/>\nRa\u010dun<br \/>\n12-mjese\u010dno jamstvo<\/p>\n","protected":false},"excerpt":{"rendered":"<p>Be\u017ei\u010dna vibriraju\u0107a vakuumska \u010da\u0161ica za postavljanje plo\u010dica. Omogu\u0107uje jednostavno postavljanje plo\u010dica pomo\u0107u vakuumske \u010da\u0161ice, s mogu\u0107no\u0161\u0107u podizanja predmeta te\u017eine do 80 kg. Osim toga, njezina funkcija vibracije uklanja zaostale mjehuri\u0107e zraka koji mogu dovesti do potencijalnog pucanja, osiguravaju\u0107i \u010dvrstu i trajnu vezu izme\u0111u plo\u010dice i podloge.<\/p>\n<p>Potvrdili kerami\u010dari!<\/p>\n","protected":false},"featured_media":27290,"comment_status":"open","ping_status":"closed","template":"","meta":[],"product_brand":[445],"product_cat":[102,449],"product_tag":[],"class_list":{"0":"post-27284","1":"product","2":"type-product","3":"status-publish","4":"has-post-thumbnail","6":"product_brand-kraft-dele","7":"product_cat-keramicari","8":"product_cat-vakumi","10":"first","11":"instock","12":"shipping-taxable","13":"purchasable","14":"product-type-simple"},"yoast_head":"<!-- This site is optimized with the Yoast SEO plugin v27.2 - https:\/\/yoast.com\/product\/yoast-seo-wordpress\/ -->\n<title>VAKUM VIBRACIJSKI 130mm, 2x2000 mAh 36V 80kg - BauWeb<\/title>\n<meta name=\"description\" content=\"Potra\u017eite \u0161iroki izbor alata i materijala za profesionalne gra\u0111evinske radove. Istra\u017ei Bauweb ponudu i kupuj uz odli\u010dne popuste.\" \/>\n<meta name=\"robots\" content=\"index, follow, max-snippet:-1, max-image-preview:large, max-video-preview:-1\" \/>\n<link rel=\"canonical\" href=\"https:\/\/bauweb.hr\/index.php\/product\/vakum-vibracijski-130mm-2x2000-mah-36v-80kg\/\" \/>\n<meta property=\"og:locale\" content=\"hr_HR\" \/>\n<meta property=\"og:type\" content=\"article\" \/>\n<meta property=\"og:title\" content=\"VAKUM VIBRACIJSKI 130mm, 2x2000 mAh 36V 80kg - BauWeb\" \/>\n<meta property=\"og:description\" content=\"Potra\u017eite \u0161iroki izbor alata i materijala za profesionalne gra\u0111evinske radove. Istra\u017ei Bauweb ponudu i kupuj uz odli\u010dne popuste.\" \/>\n<meta property=\"og:url\" content=\"https:\/\/bauweb.hr\/index.php\/product\/vakum-vibracijski-130mm-2x2000-mah-36v-80kg\/\" \/>\n<meta property=\"og:site_name\" content=\"BauWeb\" \/>\n<meta property=\"article:publisher\" content=\"https:\/\/facebook.com\/bauweb00\" \/>\n<meta property=\"article:modified_time\" content=\"2025-12-01T08:15:24+00:00\" \/>\n<meta property=\"og:image\" content=\"https:\/\/bauweb.hr\/wp-content\/uploads\/2025\/09\/Dizajn-bez-naslova-2025-09-09T163831.224.png\" \/>\n\t<meta property=\"og:image:width\" content=\"690\" \/>\n\t<meta property=\"og:image:height\" content=\"690\" \/>\n\t<meta property=\"og:image:type\" content=\"image\/png\" \/>\n<meta name=\"twitter:card\" content=\"summary_large_image\" \/>\n<meta name=\"twitter:label1\" content=\"Procijenjeno vrijeme \u010ditanja\" \/>\n\t<meta name=\"twitter:data1\" content=\"1 minuta\" \/>\n<script type=\"application\/ld+json\" class=\"yoast-schema-graph\">{\"@context\":\"https:\/\/schema.org\",\"@graph\":[{\"@type\":\"WebPage\",\"@id\":\"https:\/\/bauweb.hr\/index.php\/product\/vakum-vibracijski-130mm-2x2000-mah-36v-80kg\/\",\"url\":\"https:\/\/bauweb.hr\/index.php\/product\/vakum-vibracijski-130mm-2x2000-mah-36v-80kg\/\",\"name\":\"VAKUM VIBRACIJSKI 130mm, 2x2000 mAh 36V 80kg - BauWeb\",\"isPartOf\":{\"@id\":\"https:\/\/bauweb.hr\/#website\"},\"primaryImageOfPage\":{\"@id\":\"https:\/\/bauweb.hr\/index.php\/product\/vakum-vibracijski-130mm-2x2000-mah-36v-80kg\/#primaryimage\"},\"image\":{\"@id\":\"https:\/\/bauweb.hr\/index.php\/product\/vakum-vibracijski-130mm-2x2000-mah-36v-80kg\/#primaryimage\"},\"thumbnailUrl\":\"https:\/\/bauweb.hr\/wp-content\/uploads\/2025\/09\/Dizajn-bez-naslova-2025-09-09T163831.224.png\",\"datePublished\":\"2025-09-09T14:52:42+00:00\",\"dateModified\":\"2025-12-01T08:15:24+00:00\",\"description\":\"Potra\u017eite \u0161iroki izbor alata i materijala za profesionalne gra\u0111evinske radove. Istra\u017ei Bauweb ponudu i kupuj uz odli\u010dne popuste.\",\"breadcrumb\":{\"@id\":\"https:\/\/bauweb.hr\/index.php\/product\/vakum-vibracijski-130mm-2x2000-mah-36v-80kg\/#breadcrumb\"},\"inLanguage\":\"hr\",\"potentialAction\":[{\"@type\":\"ReadAction\",\"target\":[\"https:\/\/bauweb.hr\/index.php\/product\/vakum-vibracijski-130mm-2x2000-mah-36v-80kg\/\"]}]},{\"@type\":\"ImageObject\",\"inLanguage\":\"hr\",\"@id\":\"https:\/\/bauweb.hr\/index.php\/product\/vakum-vibracijski-130mm-2x2000-mah-36v-80kg\/#primaryimage\",\"url\":\"https:\/\/bauweb.hr\/wp-content\/uploads\/2025\/09\/Dizajn-bez-naslova-2025-09-09T163831.224.png\",\"contentUrl\":\"https:\/\/bauweb.hr\/wp-content\/uploads\/2025\/09\/Dizajn-bez-naslova-2025-09-09T163831.224.png\",\"width\":690,\"height\":690},{\"@type\":\"BreadcrumbList\",\"@id\":\"https:\/\/bauweb.hr\/index.php\/product\/vakum-vibracijski-130mm-2x2000-mah-36v-80kg\/#breadcrumb\",\"itemListElement\":[{\"@type\":\"ListItem\",\"position\":1,\"name\":\"Po\u010detna stranica\",\"item\":\"https:\/\/bauweb.hr\/\"},{\"@type\":\"ListItem\",\"position\":2,\"name\":\"Shop\",\"item\":\"https:\/\/bauweb.hr\/index.php\/shop-wooshop-v1\/\"},{\"@type\":\"ListItem\",\"position\":3,\"name\":\"VAKUM VIBRACIJSKI 130mm, 2&#215;2000 mAh 36V 80kg\"}]},{\"@type\":\"WebSite\",\"@id\":\"https:\/\/bauweb.hr\/#website\",\"url\":\"https:\/\/bauweb.hr\/\",\"name\":\"BauWeb\",\"description\":\"Za prave majstore\",\"publisher\":{\"@id\":\"https:\/\/bauweb.hr\/#organization\"},\"alternateName\":\"BauWeb\",\"potentialAction\":[{\"@type\":\"SearchAction\",\"target\":{\"@type\":\"EntryPoint\",\"urlTemplate\":\"https:\/\/bauweb.hr\/?s={search_term_string}\"},\"query-input\":{\"@type\":\"PropertyValueSpecification\",\"valueRequired\":true,\"valueName\":\"search_term_string\"}}],\"inLanguage\":\"hr\"},{\"@type\":\"Organization\",\"@id\":\"https:\/\/bauweb.hr\/#organization\",\"name\":\"Hobi dom d.o.o.\",\"url\":\"https:\/\/bauweb.hr\/\",\"logo\":{\"@type\":\"ImageObject\",\"inLanguage\":\"hr\",\"@id\":\"https:\/\/bauweb.hr\/#\/schema\/logo\/image\/\",\"url\":\"https:\/\/bauweb.hr\/wp-content\/uploads\/2023\/01\/Bauweb_logo-01.png\",\"contentUrl\":\"https:\/\/bauweb.hr\/wp-content\/uploads\/2023\/01\/Bauweb_logo-01.png\",\"width\":842,\"height\":596,\"caption\":\"Hobi dom d.o.o.\"},\"image\":{\"@id\":\"https:\/\/bauweb.hr\/#\/schema\/logo\/image\/\"},\"sameAs\":[\"https:\/\/facebook.com\/bauweb00\",\"https:\/\/instagram.com\/bauweb_shop\"]}]}<\/script>\n<!-- \/ Yoast SEO plugin. -->","yoast_head_json":{"title":"VAKUM VIBRACIJSKI 130mm, 2x2000 mAh 36V 80kg - BauWeb","description":"Potra\u017eite \u0161iroki izbor alata i materijala za profesionalne gra\u0111evinske radove. Istra\u017ei Bauweb ponudu i kupuj uz odli\u010dne popuste.","robots":{"index":"index","follow":"follow","max-snippet":"max-snippet:-1","max-image-preview":"max-image-preview:large","max-video-preview":"max-video-preview:-1"},"canonical":"https:\/\/bauweb.hr\/index.php\/product\/vakum-vibracijski-130mm-2x2000-mah-36v-80kg\/","og_locale":"hr_HR","og_type":"article","og_title":"VAKUM VIBRACIJSKI 130mm, 2x2000 mAh 36V 80kg - BauWeb","og_description":"Potra\u017eite \u0161iroki izbor alata i materijala za profesionalne gra\u0111evinske radove. Istra\u017ei Bauweb ponudu i kupuj uz odli\u010dne popuste.","og_url":"https:\/\/bauweb.hr\/index.php\/product\/vakum-vibracijski-130mm-2x2000-mah-36v-80kg\/","og_site_name":"BauWeb","article_publisher":"https:\/\/facebook.com\/bauweb00","article_modified_time":"2025-12-01T08:15:24+00:00","og_image":[{"width":690,"height":690,"url":"https:\/\/bauweb.hr\/wp-content\/uploads\/2025\/09\/Dizajn-bez-naslova-2025-09-09T163831.224.png","type":"image\/png"}],"twitter_card":"summary_large_image","twitter_misc":{"Procijenjeno vrijeme \u010ditanja":"1 minuta"},"schema":{"@context":"https:\/\/schema.org","@graph":[{"@type":"WebPage","@id":"https:\/\/bauweb.hr\/index.php\/product\/vakum-vibracijski-130mm-2x2000-mah-36v-80kg\/","url":"https:\/\/bauweb.hr\/index.php\/product\/vakum-vibracijski-130mm-2x2000-mah-36v-80kg\/","name":"VAKUM VIBRACIJSKI 130mm, 2x2000 mAh 36V 80kg - BauWeb","isPartOf":{"@id":"https:\/\/bauweb.hr\/#website"},"primaryImageOfPage":{"@id":"https:\/\/bauweb.hr\/index.php\/product\/vakum-vibracijski-130mm-2x2000-mah-36v-80kg\/#primaryimage"},"image":{"@id":"https:\/\/bauweb.hr\/index.php\/product\/vakum-vibracijski-130mm-2x2000-mah-36v-80kg\/#primaryimage"},"thumbnailUrl":"https:\/\/bauweb.hr\/wp-content\/uploads\/2025\/09\/Dizajn-bez-naslova-2025-09-09T163831.224.png","datePublished":"2025-09-09T14:52:42+00:00","dateModified":"2025-12-01T08:15:24+00:00","description":"Potra\u017eite \u0161iroki izbor alata i materijala za profesionalne gra\u0111evinske radove. Istra\u017ei Bauweb ponudu i kupuj uz odli\u010dne popuste.","breadcrumb":{"@id":"https:\/\/bauweb.hr\/index.php\/product\/vakum-vibracijski-130mm-2x2000-mah-36v-80kg\/#breadcrumb"},"inLanguage":"hr","potentialAction":[{"@type":"ReadAction","target":["https:\/\/bauweb.hr\/index.php\/product\/vakum-vibracijski-130mm-2x2000-mah-36v-80kg\/"]}]},{"@type":"ImageObject","inLanguage":"hr","@id":"https:\/\/bauweb.hr\/index.php\/product\/vakum-vibracijski-130mm-2x2000-mah-36v-80kg\/#primaryimage","url":"https:\/\/bauweb.hr\/wp-content\/uploads\/2025\/09\/Dizajn-bez-naslova-2025-09-09T163831.224.png","contentUrl":"https:\/\/bauweb.hr\/wp-content\/uploads\/2025\/09\/Dizajn-bez-naslova-2025-09-09T163831.224.png","width":690,"height":690},{"@type":"BreadcrumbList","@id":"https:\/\/bauweb.hr\/index.php\/product\/vakum-vibracijski-130mm-2x2000-mah-36v-80kg\/#breadcrumb","itemListElement":[{"@type":"ListItem","position":1,"name":"Po\u010detna stranica","item":"https:\/\/bauweb.hr\/"},{"@type":"ListItem","position":2,"name":"Shop","item":"https:\/\/bauweb.hr\/index.php\/shop-wooshop-v1\/"},{"@type":"ListItem","position":3,"name":"VAKUM VIBRACIJSKI 130mm, 2&#215;2000 mAh 36V 80kg"}]},{"@type":"WebSite","@id":"https:\/\/bauweb.hr\/#website","url":"https:\/\/bauweb.hr\/","name":"BauWeb","description":"Za prave majstore","publisher":{"@id":"https:\/\/bauweb.hr\/#organization"},"alternateName":"BauWeb","potentialAction":[{"@type":"SearchAction","target":{"@type":"EntryPoint","urlTemplate":"https:\/\/bauweb.hr\/?s={search_term_string}"},"query-input":{"@type":"PropertyValueSpecification","valueRequired":true,"valueName":"search_term_string"}}],"inLanguage":"hr"},{"@type":"Organization","@id":"https:\/\/bauweb.hr\/#organization","name":"Hobi dom d.o.o.","url":"https:\/\/bauweb.hr\/","logo":{"@type":"ImageObject","inLanguage":"hr","@id":"https:\/\/bauweb.hr\/#\/schema\/logo\/image\/","url":"https:\/\/bauweb.hr\/wp-content\/uploads\/2023\/01\/Bauweb_logo-01.png","contentUrl":"https:\/\/bauweb.hr\/wp-content\/uploads\/2023\/01\/Bauweb_logo-01.png","width":842,"height":596,"caption":"Hobi dom d.o.o."},"image":{"@id":"https:\/\/bauweb.hr\/#\/schema\/logo\/image\/"},"sameAs":["https:\/\/facebook.com\/bauweb00","https:\/\/instagram.com\/bauweb_shop"]}]}},"_links":{"self":[{"href":"https:\/\/bauweb.hr\/index.php\/wp-json\/wp\/v2\/product\/27284","targetHints":{"allow":["GET"]}}],"collection":[{"href":"https:\/\/bauweb.hr\/index.php\/wp-json\/wp\/v2\/product"}],"about":[{"href":"https:\/\/bauweb.hr\/index.php\/wp-json\/wp\/v2\/types\/product"}],"replies":[{"embeddable":true,"href":"https:\/\/bauweb.hr\/index.php\/wp-json\/wp\/v2\/comments?post=27284"}],"wp:featuredmedia":[{"embeddable":true,"href":"https:\/\/bauweb.hr\/index.php\/wp-json\/wp\/v2\/media\/27290"}],"wp:attachment":[{"href":"https:\/\/bauweb.hr\/index.php\/wp-json\/wp\/v2\/media?parent=27284"}],"wp:term":[{"taxonomy":"product_brand","embeddable":true,"href":"https:\/\/bauweb.hr\/index.php\/wp-json\/wp\/v2\/product_brand?post=27284"},{"taxonomy":"product_cat","embeddable":true,"href":"https:\/\/bauweb.hr\/index.php\/wp-json\/wp\/v2\/product_cat?post=27284"},{"taxonomy":"product_tag","embeddable":true,"href":"https:\/\/bauweb.hr\/index.php\/wp-json\/wp\/v2\/product_tag?post=27284"}],"curies":[{"name":"wp","href":"https:\/\/api.w.org\/{rel}","templated":true}]}}