{"id":28076,"date":"2025-11-10T14:36:19","date_gmt":"2025-11-10T13:36:19","guid":{"rendered":"https:\/\/bauweb.hr\/?post_type=product&#038;p=28076"},"modified":"2025-12-01T09:13:19","modified_gmt":"2025-12-01T08:13:19","slug":"profesionalna-pistoljska-pjena-za-montazu-niske-ekspanzije-750ml","status":"publish","type":"product","link":"https:\/\/bauweb.hr\/index.php\/product\/profesionalna-pistoljska-pjena-za-montazu-niske-ekspanzije-750ml\/","title":{"rendered":"Profesionalna pi\u0161toljska pjena za monta\u017eu niske ekspanzije 750ml"},"content":{"rendered":"<p>Poliuretanska pjena PMPPLE-750 je fleksibilna poliuretanska pjena niske ekspanzije koja pru\u017ea izdr\u017eljivo i \u010dvrsto brtvljenje. Karakterizira je visoka elasti\u010dnost, izvrsno prianjanje na razli\u010dite materijale i otpornost na vremenske uvjete. Idealna je za ugradnju prozora, vrata i izolacije u podru\u010djima koja zahtijevaju fleksibilno brtvljenje.<\/p>\n<p>&nbsp;<\/p>\n<p>PMPPLE-750 monta\u017ena pjena za pi\u0161tolj je jednokomponentna poliuretanska pjena koja se koristi za monta\u017eu i sve vrste brtvljenja. Njena formula niskog tlaka pru\u017ea visoku toplinsku i zvu\u010dnu izolaciju, dobro prianjanje na sve gra\u0111evinske podloge (osim teflona, \u200b\u200bpolietilena i silikona) i kratko vrijeme stvrdnjavanja. Nije otporna na UV zra\u010denje. Stvrdnjava se u kontaktu s vlagom. Vr\u0161i manje od polovice pritiska na spojeve u usporedbi sa standardnim pjenama. Ne sadr\u017ei HFC-e i klorirane parafine.<\/p>\n<p>Primjena:<\/p>\n<p>brtvljenje pri ugradnji prozorske i vratne stolarije<br \/>\nugradnja stolarije od tankostijenih PVC profila<br \/>\nzvu\u010dna izolacija pregradnih zidova<br \/>\nakusti\u010dna i toplinska izolacija potkrovlja i podova<br \/>\nzapunjavanje rupa i pukotina<br \/>\nzapunjavanje rupa i pukotina<br \/>\nugradnja prozorskih klup\u010dica i stepenica<br \/>\nugradnja panela i plo\u010da<\/p>\n<p>Prednosti:<\/p>\n<p>vrlo nizak stupanj \u0161irenja<br \/>\nvisoka u\u010dinkovitost<br \/>\nizvrsna struktura pjene<br \/>\nvrlo dobro prianjanje<br \/>\nkratko vrijeme stvrdnjavanja<br \/>\ndobri akusti\u010dni i toplinski parametri<\/p>\n<p>Tehni\u010dki podaci:<\/p>\n<p>Kapacitet: 750ml<br \/>\nBroj komada u skupnom pakiranju (kutiji): 12<br \/>\nPove\u0107anje visine pjene u praznini: 58-78%<br \/>\nTla\u010dna napetost pri 10% naprezanja: iznad 25kPa<br \/>\nVla\u010dna \u010dvrsto\u0107a okomito na povr\u0161ine: iznad 90kPa<br \/>\n\u010cvrsto\u0107a stijenke: iznad 55kPa<br \/>\nVrijeme formiranja kutikule: 6-10 minuta<br \/>\nVrijeme rezanja: 14-44 minute<br \/>\nPotpuno stvrdnjavanje u praznini: do 8 sati<br \/>\nVatra Klasa otvrdnute pjene: B3<br \/>\nIndeks zvu\u010dne izolacije: 60 dB<br \/>\nBoja: svijetlo\u017euta<\/p>\n","protected":false},"excerpt":{"rendered":"<table class=\"STable\" border=\"1\" width=\"100%\" cellspacing=\"0\" cellpadding=\"5\" align=\"center\">\n<tbody>\n<tr class=\"dark\">\n<td class=\"tab_title\" width=\"40%\"><span class=\"no_row_id_9084\"><span dir=\"auto\">Glavne zna\u010dajke<\/span><\/span><span dir=\"auto\">\u00a0:<\/span><\/td>\n<td class=\"tab_value\">\n<ul>\n<li><span dir=\"auto\">Visoka u\u010dinkovitost<\/span><\/li>\n<li><span dir=\"auto\">Kratko vrijeme stvrdnjavanja<\/span><\/li>\n<li><span dir=\"auto\">Dobro prianjanje na betonsku podlogu<\/span><\/li>\n<\/ul>\n<\/td>\n<\/tr>\n<\/tbody>\n<\/table>\n","protected":false},"featured_media":28078,"comment_status":"open","ping_status":"closed","template":"","meta":[],"product_brand":[408],"product_cat":[229],"product_tag":[],"class_list":{"0":"post-28076","1":"product","2":"type-product","3":"status-publish","4":"has-post-thumbnail","6":"product_brand-klimas","7":"product_cat-pjene","9":"first","10":"instock","11":"shipping-taxable","12":"purchasable","13":"product-type-simple"},"yoast_head":"<!-- This site is optimized with the Yoast SEO plugin v27.2 - https:\/\/yoast.com\/product\/yoast-seo-wordpress\/ -->\n<title>Profesionalna pi\u0161toljska pjena za monta\u017eu niske ekspanzije 750ml - BauWeb<\/title>\n<meta name=\"description\" content=\"Potra\u017eite \u0161iroki izbor alata i materijala za profesionalne gra\u0111evinske radove. Istra\u017ei Bauweb ponudu i kupuj uz odli\u010dne popuste.\" \/>\n<meta name=\"robots\" content=\"index, follow, max-snippet:-1, max-image-preview:large, max-video-preview:-1\" \/>\n<link rel=\"canonical\" href=\"https:\/\/bauweb.hr\/index.php\/product\/profesionalna-pistoljska-pjena-za-montazu-niske-ekspanzije-750ml\/\" \/>\n<meta property=\"og:locale\" content=\"hr_HR\" \/>\n<meta property=\"og:type\" content=\"article\" \/>\n<meta property=\"og:title\" content=\"Profesionalna pi\u0161toljska pjena za monta\u017eu niske ekspanzije 750ml - BauWeb\" \/>\n<meta property=\"og:description\" content=\"Potra\u017eite \u0161iroki izbor alata i materijala za profesionalne gra\u0111evinske radove. Istra\u017ei Bauweb ponudu i kupuj uz odli\u010dne popuste.\" \/>\n<meta property=\"og:url\" content=\"https:\/\/bauweb.hr\/index.php\/product\/profesionalna-pistoljska-pjena-za-montazu-niske-ekspanzije-750ml\/\" \/>\n<meta property=\"og:site_name\" content=\"BauWeb\" \/>\n<meta property=\"article:publisher\" content=\"https:\/\/facebook.com\/bauweb00\" \/>\n<meta property=\"article:modified_time\" content=\"2025-12-01T08:13:19+00:00\" \/>\n<meta property=\"og:image\" content=\"https:\/\/bauweb.hr\/wp-content\/uploads\/2025\/11\/Dizajn-bez-naslova-2025-11-10T142645.817.png\" \/>\n\t<meta property=\"og:image:width\" content=\"690\" \/>\n\t<meta property=\"og:image:height\" content=\"690\" \/>\n\t<meta property=\"og:image:type\" content=\"image\/png\" \/>\n<meta name=\"twitter:card\" content=\"summary_large_image\" \/>\n<meta name=\"twitter:label1\" content=\"Procijenjeno vrijeme \u010ditanja\" \/>\n\t<meta name=\"twitter:data1\" content=\"2 minute\" \/>\n<script type=\"application\/ld+json\" class=\"yoast-schema-graph\">{\"@context\":\"https:\/\/schema.org\",\"@graph\":[{\"@type\":\"WebPage\",\"@id\":\"https:\/\/bauweb.hr\/index.php\/product\/profesionalna-pistoljska-pjena-za-montazu-niske-ekspanzije-750ml\/\",\"url\":\"https:\/\/bauweb.hr\/index.php\/product\/profesionalna-pistoljska-pjena-za-montazu-niske-ekspanzije-750ml\/\",\"name\":\"Profesionalna pi\u0161toljska pjena za monta\u017eu niske ekspanzije 750ml - BauWeb\",\"isPartOf\":{\"@id\":\"https:\/\/bauweb.hr\/#website\"},\"primaryImageOfPage\":{\"@id\":\"https:\/\/bauweb.hr\/index.php\/product\/profesionalna-pistoljska-pjena-za-montazu-niske-ekspanzije-750ml\/#primaryimage\"},\"image\":{\"@id\":\"https:\/\/bauweb.hr\/index.php\/product\/profesionalna-pistoljska-pjena-za-montazu-niske-ekspanzije-750ml\/#primaryimage\"},\"thumbnailUrl\":\"https:\/\/bauweb.hr\/wp-content\/uploads\/2025\/11\/Dizajn-bez-naslova-2025-11-10T142645.817.png\",\"datePublished\":\"2025-11-10T13:36:19+00:00\",\"dateModified\":\"2025-12-01T08:13:19+00:00\",\"description\":\"Potra\u017eite \u0161iroki izbor alata i materijala za profesionalne gra\u0111evinske radove. Istra\u017ei Bauweb ponudu i kupuj uz odli\u010dne popuste.\",\"breadcrumb\":{\"@id\":\"https:\/\/bauweb.hr\/index.php\/product\/profesionalna-pistoljska-pjena-za-montazu-niske-ekspanzije-750ml\/#breadcrumb\"},\"inLanguage\":\"hr\",\"potentialAction\":[{\"@type\":\"ReadAction\",\"target\":[\"https:\/\/bauweb.hr\/index.php\/product\/profesionalna-pistoljska-pjena-za-montazu-niske-ekspanzije-750ml\/\"]}]},{\"@type\":\"ImageObject\",\"inLanguage\":\"hr\",\"@id\":\"https:\/\/bauweb.hr\/index.php\/product\/profesionalna-pistoljska-pjena-za-montazu-niske-ekspanzije-750ml\/#primaryimage\",\"url\":\"https:\/\/bauweb.hr\/wp-content\/uploads\/2025\/11\/Dizajn-bez-naslova-2025-11-10T142645.817.png\",\"contentUrl\":\"https:\/\/bauweb.hr\/wp-content\/uploads\/2025\/11\/Dizajn-bez-naslova-2025-11-10T142645.817.png\",\"width\":690,\"height\":690},{\"@type\":\"BreadcrumbList\",\"@id\":\"https:\/\/bauweb.hr\/index.php\/product\/profesionalna-pistoljska-pjena-za-montazu-niske-ekspanzije-750ml\/#breadcrumb\",\"itemListElement\":[{\"@type\":\"ListItem\",\"position\":1,\"name\":\"Po\u010detna stranica\",\"item\":\"https:\/\/bauweb.hr\/\"},{\"@type\":\"ListItem\",\"position\":2,\"name\":\"Shop\",\"item\":\"https:\/\/bauweb.hr\/index.php\/shop-wooshop-v1\/\"},{\"@type\":\"ListItem\",\"position\":3,\"name\":\"Profesionalna pi\u0161toljska pjena za monta\u017eu niske ekspanzije 750ml\"}]},{\"@type\":\"WebSite\",\"@id\":\"https:\/\/bauweb.hr\/#website\",\"url\":\"https:\/\/bauweb.hr\/\",\"name\":\"BauWeb\",\"description\":\"Za prave majstore\",\"publisher\":{\"@id\":\"https:\/\/bauweb.hr\/#organization\"},\"alternateName\":\"BauWeb\",\"potentialAction\":[{\"@type\":\"SearchAction\",\"target\":{\"@type\":\"EntryPoint\",\"urlTemplate\":\"https:\/\/bauweb.hr\/?s={search_term_string}\"},\"query-input\":{\"@type\":\"PropertyValueSpecification\",\"valueRequired\":true,\"valueName\":\"search_term_string\"}}],\"inLanguage\":\"hr\"},{\"@type\":\"Organization\",\"@id\":\"https:\/\/bauweb.hr\/#organization\",\"name\":\"Hobi dom d.o.o.\",\"url\":\"https:\/\/bauweb.hr\/\",\"logo\":{\"@type\":\"ImageObject\",\"inLanguage\":\"hr\",\"@id\":\"https:\/\/bauweb.hr\/#\/schema\/logo\/image\/\",\"url\":\"https:\/\/bauweb.hr\/wp-content\/uploads\/2023\/01\/Bauweb_logo-01.png\",\"contentUrl\":\"https:\/\/bauweb.hr\/wp-content\/uploads\/2023\/01\/Bauweb_logo-01.png\",\"width\":842,\"height\":596,\"caption\":\"Hobi dom d.o.o.\"},\"image\":{\"@id\":\"https:\/\/bauweb.hr\/#\/schema\/logo\/image\/\"},\"sameAs\":[\"https:\/\/facebook.com\/bauweb00\",\"https:\/\/instagram.com\/bauweb_shop\"]}]}<\/script>\n<!-- \/ Yoast SEO plugin. -->","yoast_head_json":{"title":"Profesionalna pi\u0161toljska pjena za monta\u017eu niske ekspanzije 750ml - BauWeb","description":"Potra\u017eite \u0161iroki izbor alata i materijala za profesionalne gra\u0111evinske radove. Istra\u017ei Bauweb ponudu i kupuj uz odli\u010dne popuste.","robots":{"index":"index","follow":"follow","max-snippet":"max-snippet:-1","max-image-preview":"max-image-preview:large","max-video-preview":"max-video-preview:-1"},"canonical":"https:\/\/bauweb.hr\/index.php\/product\/profesionalna-pistoljska-pjena-za-montazu-niske-ekspanzije-750ml\/","og_locale":"hr_HR","og_type":"article","og_title":"Profesionalna pi\u0161toljska pjena za monta\u017eu niske ekspanzije 750ml - BauWeb","og_description":"Potra\u017eite \u0161iroki izbor alata i materijala za profesionalne gra\u0111evinske radove. Istra\u017ei Bauweb ponudu i kupuj uz odli\u010dne popuste.","og_url":"https:\/\/bauweb.hr\/index.php\/product\/profesionalna-pistoljska-pjena-za-montazu-niske-ekspanzije-750ml\/","og_site_name":"BauWeb","article_publisher":"https:\/\/facebook.com\/bauweb00","article_modified_time":"2025-12-01T08:13:19+00:00","og_image":[{"width":690,"height":690,"url":"https:\/\/bauweb.hr\/wp-content\/uploads\/2025\/11\/Dizajn-bez-naslova-2025-11-10T142645.817.png","type":"image\/png"}],"twitter_card":"summary_large_image","twitter_misc":{"Procijenjeno vrijeme \u010ditanja":"2 minute"},"schema":{"@context":"https:\/\/schema.org","@graph":[{"@type":"WebPage","@id":"https:\/\/bauweb.hr\/index.php\/product\/profesionalna-pistoljska-pjena-za-montazu-niske-ekspanzije-750ml\/","url":"https:\/\/bauweb.hr\/index.php\/product\/profesionalna-pistoljska-pjena-za-montazu-niske-ekspanzije-750ml\/","name":"Profesionalna pi\u0161toljska pjena za monta\u017eu niske ekspanzije 750ml - BauWeb","isPartOf":{"@id":"https:\/\/bauweb.hr\/#website"},"primaryImageOfPage":{"@id":"https:\/\/bauweb.hr\/index.php\/product\/profesionalna-pistoljska-pjena-za-montazu-niske-ekspanzije-750ml\/#primaryimage"},"image":{"@id":"https:\/\/bauweb.hr\/index.php\/product\/profesionalna-pistoljska-pjena-za-montazu-niske-ekspanzije-750ml\/#primaryimage"},"thumbnailUrl":"https:\/\/bauweb.hr\/wp-content\/uploads\/2025\/11\/Dizajn-bez-naslova-2025-11-10T142645.817.png","datePublished":"2025-11-10T13:36:19+00:00","dateModified":"2025-12-01T08:13:19+00:00","description":"Potra\u017eite \u0161iroki izbor alata i materijala za profesionalne gra\u0111evinske radove. Istra\u017ei Bauweb ponudu i kupuj uz odli\u010dne popuste.","breadcrumb":{"@id":"https:\/\/bauweb.hr\/index.php\/product\/profesionalna-pistoljska-pjena-za-montazu-niske-ekspanzije-750ml\/#breadcrumb"},"inLanguage":"hr","potentialAction":[{"@type":"ReadAction","target":["https:\/\/bauweb.hr\/index.php\/product\/profesionalna-pistoljska-pjena-za-montazu-niske-ekspanzije-750ml\/"]}]},{"@type":"ImageObject","inLanguage":"hr","@id":"https:\/\/bauweb.hr\/index.php\/product\/profesionalna-pistoljska-pjena-za-montazu-niske-ekspanzije-750ml\/#primaryimage","url":"https:\/\/bauweb.hr\/wp-content\/uploads\/2025\/11\/Dizajn-bez-naslova-2025-11-10T142645.817.png","contentUrl":"https:\/\/bauweb.hr\/wp-content\/uploads\/2025\/11\/Dizajn-bez-naslova-2025-11-10T142645.817.png","width":690,"height":690},{"@type":"BreadcrumbList","@id":"https:\/\/bauweb.hr\/index.php\/product\/profesionalna-pistoljska-pjena-za-montazu-niske-ekspanzije-750ml\/#breadcrumb","itemListElement":[{"@type":"ListItem","position":1,"name":"Po\u010detna stranica","item":"https:\/\/bauweb.hr\/"},{"@type":"ListItem","position":2,"name":"Shop","item":"https:\/\/bauweb.hr\/index.php\/shop-wooshop-v1\/"},{"@type":"ListItem","position":3,"name":"Profesionalna pi\u0161toljska pjena za monta\u017eu niske ekspanzije 750ml"}]},{"@type":"WebSite","@id":"https:\/\/bauweb.hr\/#website","url":"https:\/\/bauweb.hr\/","name":"BauWeb","description":"Za prave majstore","publisher":{"@id":"https:\/\/bauweb.hr\/#organization"},"alternateName":"BauWeb","potentialAction":[{"@type":"SearchAction","target":{"@type":"EntryPoint","urlTemplate":"https:\/\/bauweb.hr\/?s={search_term_string}"},"query-input":{"@type":"PropertyValueSpecification","valueRequired":true,"valueName":"search_term_string"}}],"inLanguage":"hr"},{"@type":"Organization","@id":"https:\/\/bauweb.hr\/#organization","name":"Hobi dom d.o.o.","url":"https:\/\/bauweb.hr\/","logo":{"@type":"ImageObject","inLanguage":"hr","@id":"https:\/\/bauweb.hr\/#\/schema\/logo\/image\/","url":"https:\/\/bauweb.hr\/wp-content\/uploads\/2023\/01\/Bauweb_logo-01.png","contentUrl":"https:\/\/bauweb.hr\/wp-content\/uploads\/2023\/01\/Bauweb_logo-01.png","width":842,"height":596,"caption":"Hobi dom d.o.o."},"image":{"@id":"https:\/\/bauweb.hr\/#\/schema\/logo\/image\/"},"sameAs":["https:\/\/facebook.com\/bauweb00","https:\/\/instagram.com\/bauweb_shop"]}]}},"_links":{"self":[{"href":"https:\/\/bauweb.hr\/index.php\/wp-json\/wp\/v2\/product\/28076","targetHints":{"allow":["GET"]}}],"collection":[{"href":"https:\/\/bauweb.hr\/index.php\/wp-json\/wp\/v2\/product"}],"about":[{"href":"https:\/\/bauweb.hr\/index.php\/wp-json\/wp\/v2\/types\/product"}],"replies":[{"embeddable":true,"href":"https:\/\/bauweb.hr\/index.php\/wp-json\/wp\/v2\/comments?post=28076"}],"wp:featuredmedia":[{"embeddable":true,"href":"https:\/\/bauweb.hr\/index.php\/wp-json\/wp\/v2\/media\/28078"}],"wp:attachment":[{"href":"https:\/\/bauweb.hr\/index.php\/wp-json\/wp\/v2\/media?parent=28076"}],"wp:term":[{"taxonomy":"product_brand","embeddable":true,"href":"https:\/\/bauweb.hr\/index.php\/wp-json\/wp\/v2\/product_brand?post=28076"},{"taxonomy":"product_cat","embeddable":true,"href":"https:\/\/bauweb.hr\/index.php\/wp-json\/wp\/v2\/product_cat?post=28076"},{"taxonomy":"product_tag","embeddable":true,"href":"https:\/\/bauweb.hr\/index.php\/wp-json\/wp\/v2\/product_tag?post=28076"}],"curies":[{"name":"wp","href":"https:\/\/api.w.org\/{rel}","templated":true}]}}