{"id":28512,"date":"2026-01-20T13:37:21","date_gmt":"2026-01-20T12:37:21","guid":{"rendered":"https:\/\/bauweb.hr\/?post_type=product&#038;p=28512"},"modified":"2026-01-20T14:03:07","modified_gmt":"2026-01-20T13:03:07","slug":"univerzalni-silikon-310ml","status":"publish","type":"product","link":"https:\/\/bauweb.hr\/index.php\/product\/univerzalni-silikon-310ml\/","title":{"rendered":"Univerzalni silikon 310ml"},"content":{"rendered":"<p data-start=\"935\" data-end=\"1206\">Univerzalni ( bijeli, transparentni ) silikon <strong data-start=\"962\" data-end=\"982\">Wkr\u0119t-met Klimas<\/strong> namijenjen je brtvljenju, ispunjavanju i zavr\u0161noj obradi spojeva u gra\u0111evinskim i ku\u0107nim radovima. Zahvaljuju\u0107i trajnoj elasti\u010dnosti i dobrom prianjanju, osigurava dugotrajnu za\u0161titu od vlage, pra\u0161ine i vremenskih utjecaja.<\/p>\n<p data-start=\"1208\" data-end=\"1431\">Pogodan je za upotrebu na materijalima poput stakla, keramike, glazure, metala, drva i terakote. Mo\u017ee se koristiti u kupaonicama, kuhinjama, oko prozora i vrata, kao i na drugim spojevima u unutarnjim i vanjskim prostorima.<\/p>\n<p data-start=\"1433\" data-end=\"1493\">Bijela boja omogu\u0107uje uredan i profesionalan zavr\u0161ni izgled.<\/p>\n<p data-start=\"1433\" data-end=\"1493\">\ud83c\udfa8 <strong data-start=\"607\" data-end=\"656\">Prednosti proizvoda:<\/strong><\/p>\n<ul>\n<li data-start=\"657\" data-end=\"682\">\n<p data-start=\"659\" data-end=\"682\">\u2714\ufe0f Trajna elasti\u010dnost<\/p>\n<\/li>\n<li data-start=\"683\" data-end=\"721\">\n<p data-start=\"685\" data-end=\"721\">\u2714\ufe0f Za unutarnju i vanjsku upotrebu<\/p>\n<\/li>\n<li data-start=\"722\" data-end=\"749\">\n<p data-start=\"724\" data-end=\"749\">\u2714\ufe0f Univerzalna primjena<\/p>\n<\/li>\n<li data-start=\"750\" data-end=\"773\">\n<p data-start=\"752\" data-end=\"773\">\u2714\ufe0f Otporan na vlagu<\/p>\n<\/li>\n<li data-start=\"774\" data-end=\"817\">\n<p data-start=\"776\" data-end=\"817\">\u2714\ufe0f Dobro prianjanje na razne materijale<\/p>\n<\/li>\n<li data-start=\"818\" data-end=\"845\">\n<p data-start=\"820\" data-end=\"845\">\u2714\ufe0f Jednostavna primjena<\/p>\n<\/li>\n<\/ul>\n<p>&nbsp;<\/p>\n<p>&nbsp;<\/p>\n<h2 data-start=\"1500\" data-end=\"1533\">\ud83e\uddfe <strong data-start=\"1506\" data-end=\"1533\">Tehni\u010dke karakteristike<\/strong><\/h2>\n<ul data-start=\"1534\" data-end=\"1827\">\n<li data-start=\"1534\" data-end=\"1578\">\n<p data-start=\"1536\" data-end=\"1578\"><strong data-start=\"1536\" data-end=\"1556\">Vrsta proizvoda:<\/strong> Univerzalni silikon<\/p>\n<\/li>\n<li data-start=\"1579\" data-end=\"1599\">\n<p data-start=\"1581\" data-end=\"1599\"><strong data-start=\"1581\" data-end=\"1590\">Boja:<\/strong> Bijela, Transparentna<\/p>\n<\/li>\n<li data-start=\"1600\" data-end=\"1637\">\n<p data-start=\"1602\" data-end=\"1637\"><strong data-start=\"1602\" data-end=\"1615\">Primjena:<\/strong> Unutarnja i vanjska<\/p>\n<\/li>\n<li data-start=\"1638\" data-end=\"1703\">\n<p data-start=\"1640\" data-end=\"1703\"><strong data-start=\"1640\" data-end=\"1652\">Podloge:<\/strong> Staklo, keramika, glazura, metal, drvo, terakota<\/p>\n<\/li>\n<li data-start=\"1704\" data-end=\"1756\">\n<p data-start=\"1706\" data-end=\"1756\"><strong data-start=\"1706\" data-end=\"1719\">Svojstva:<\/strong> Trajno elasti\u010dan, otporan na vlagu<\/p>\n<\/li>\n<li data-start=\"1757\" data-end=\"1783\">\n<p data-start=\"1759\" data-end=\"1783\"><strong data-start=\"1759\" data-end=\"1773\">Pakiranje:<\/strong> Kartu\u0161a<\/p>\n<\/li>\n<li data-start=\"1784\" data-end=\"1827\">\n<p data-start=\"1786\" data-end=\"1827\"><strong data-start=\"1786\" data-end=\"1806\">Na\u010din nano\u0161enja:<\/strong> Pi\u0161tolj za silikon<\/p>\n<\/li>\n<\/ul>\n","protected":false},"excerpt":{"rendered":"<p>Univerzalni silikon za brtvljenje i ispunjavanje spojeva na staklu, keramici, metalu i drvu. Trajno elasti\u010dan, otporan na vlagu i vremenske uvjete, prikladan za unutarnju i vanjsku primjenu.<\/p>\n","protected":false},"featured_media":28523,"comment_status":"open","ping_status":"closed","template":"","meta":[],"product_brand":[408],"product_cat":[101,105,238],"product_tag":[],"class_list":{"0":"post-28512","1":"product","2":"type-product","3":"status-publish","4":"has-post-thumbnail","6":"product_brand-klimas","7":"product_cat-fasaderi-fasadni-sustavi","8":"product_cat-gipseri-suha-gradnja","9":"product_cat-silikoni","11":"first","12":"instock","13":"shipping-taxable","14":"purchasable","15":"product-type-variable"},"yoast_head":"<!-- This site is optimized with the Yoast SEO plugin v27.2 - https:\/\/yoast.com\/product\/yoast-seo-wordpress\/ -->\n<title>Univerzalni silikon 310ml - BauWeb<\/title>\n<meta name=\"description\" content=\"Potra\u017eite \u0161iroki izbor alata i materijala za profesionalne gra\u0111evinske radove. Istra\u017ei Bauweb ponudu i kupuj uz odli\u010dne popuste.\" \/>\n<meta name=\"robots\" content=\"index, follow, max-snippet:-1, max-image-preview:large, max-video-preview:-1\" \/>\n<link rel=\"canonical\" href=\"https:\/\/bauweb.hr\/index.php\/product\/univerzalni-silikon-310ml\/\" \/>\n<meta property=\"og:locale\" content=\"hr_HR\" \/>\n<meta property=\"og:type\" content=\"article\" \/>\n<meta property=\"og:title\" content=\"Univerzalni silikon 310ml - BauWeb\" \/>\n<meta property=\"og:description\" content=\"Potra\u017eite \u0161iroki izbor alata i materijala za profesionalne gra\u0111evinske radove. Istra\u017ei Bauweb ponudu i kupuj uz odli\u010dne popuste.\" \/>\n<meta property=\"og:url\" content=\"https:\/\/bauweb.hr\/index.php\/product\/univerzalni-silikon-310ml\/\" \/>\n<meta property=\"og:site_name\" content=\"BauWeb\" \/>\n<meta property=\"article:publisher\" content=\"https:\/\/facebook.com\/bauweb00\" \/>\n<meta property=\"article:modified_time\" content=\"2026-01-20T13:03:07+00:00\" \/>\n<meta property=\"og:image\" content=\"https:\/\/bauweb.hr\/wp-content\/uploads\/2026\/01\/Dizajn-bez-naslova-2026-01-20T140238.259.png\" \/>\n\t<meta property=\"og:image:width\" content=\"690\" \/>\n\t<meta property=\"og:image:height\" content=\"690\" \/>\n\t<meta property=\"og:image:type\" content=\"image\/png\" \/>\n<meta name=\"twitter:card\" content=\"summary_large_image\" \/>\n<meta name=\"twitter:label1\" content=\"Procijenjeno vrijeme \u010ditanja\" \/>\n\t<meta name=\"twitter:data1\" content=\"1 minuta\" \/>\n<script type=\"application\/ld+json\" class=\"yoast-schema-graph\">{\"@context\":\"https:\/\/schema.org\",\"@graph\":[{\"@type\":\"WebPage\",\"@id\":\"https:\/\/bauweb.hr\/index.php\/product\/univerzalni-silikon-310ml\/\",\"url\":\"https:\/\/bauweb.hr\/index.php\/product\/univerzalni-silikon-310ml\/\",\"name\":\"Univerzalni silikon 310ml - BauWeb\",\"isPartOf\":{\"@id\":\"https:\/\/bauweb.hr\/#website\"},\"primaryImageOfPage\":{\"@id\":\"https:\/\/bauweb.hr\/index.php\/product\/univerzalni-silikon-310ml\/#primaryimage\"},\"image\":{\"@id\":\"https:\/\/bauweb.hr\/index.php\/product\/univerzalni-silikon-310ml\/#primaryimage\"},\"thumbnailUrl\":\"https:\/\/bauweb.hr\/wp-content\/uploads\/2026\/01\/Dizajn-bez-naslova-2026-01-20T140238.259.png\",\"datePublished\":\"2026-01-20T12:37:21+00:00\",\"dateModified\":\"2026-01-20T13:03:07+00:00\",\"description\":\"Potra\u017eite \u0161iroki izbor alata i materijala za profesionalne gra\u0111evinske radove. Istra\u017ei Bauweb ponudu i kupuj uz odli\u010dne popuste.\",\"breadcrumb\":{\"@id\":\"https:\/\/bauweb.hr\/index.php\/product\/univerzalni-silikon-310ml\/#breadcrumb\"},\"inLanguage\":\"hr\",\"potentialAction\":[{\"@type\":\"ReadAction\",\"target\":[\"https:\/\/bauweb.hr\/index.php\/product\/univerzalni-silikon-310ml\/\"]}]},{\"@type\":\"ImageObject\",\"inLanguage\":\"hr\",\"@id\":\"https:\/\/bauweb.hr\/index.php\/product\/univerzalni-silikon-310ml\/#primaryimage\",\"url\":\"https:\/\/bauweb.hr\/wp-content\/uploads\/2026\/01\/Dizajn-bez-naslova-2026-01-20T140238.259.png\",\"contentUrl\":\"https:\/\/bauweb.hr\/wp-content\/uploads\/2026\/01\/Dizajn-bez-naslova-2026-01-20T140238.259.png\",\"width\":690,\"height\":690},{\"@type\":\"BreadcrumbList\",\"@id\":\"https:\/\/bauweb.hr\/index.php\/product\/univerzalni-silikon-310ml\/#breadcrumb\",\"itemListElement\":[{\"@type\":\"ListItem\",\"position\":1,\"name\":\"Po\u010detna stranica\",\"item\":\"https:\/\/bauweb.hr\/\"},{\"@type\":\"ListItem\",\"position\":2,\"name\":\"Shop\",\"item\":\"https:\/\/bauweb.hr\/index.php\/shop-wooshop-v1\/\"},{\"@type\":\"ListItem\",\"position\":3,\"name\":\"Univerzalni silikon 310ml\"}]},{\"@type\":\"WebSite\",\"@id\":\"https:\/\/bauweb.hr\/#website\",\"url\":\"https:\/\/bauweb.hr\/\",\"name\":\"BauWeb\",\"description\":\"Za prave majstore\",\"publisher\":{\"@id\":\"https:\/\/bauweb.hr\/#organization\"},\"alternateName\":\"BauWeb\",\"potentialAction\":[{\"@type\":\"SearchAction\",\"target\":{\"@type\":\"EntryPoint\",\"urlTemplate\":\"https:\/\/bauweb.hr\/?s={search_term_string}\"},\"query-input\":{\"@type\":\"PropertyValueSpecification\",\"valueRequired\":true,\"valueName\":\"search_term_string\"}}],\"inLanguage\":\"hr\"},{\"@type\":\"Organization\",\"@id\":\"https:\/\/bauweb.hr\/#organization\",\"name\":\"Hobi dom d.o.o.\",\"url\":\"https:\/\/bauweb.hr\/\",\"logo\":{\"@type\":\"ImageObject\",\"inLanguage\":\"hr\",\"@id\":\"https:\/\/bauweb.hr\/#\/schema\/logo\/image\/\",\"url\":\"https:\/\/bauweb.hr\/wp-content\/uploads\/2023\/01\/Bauweb_logo-01.png\",\"contentUrl\":\"https:\/\/bauweb.hr\/wp-content\/uploads\/2023\/01\/Bauweb_logo-01.png\",\"width\":842,\"height\":596,\"caption\":\"Hobi dom d.o.o.\"},\"image\":{\"@id\":\"https:\/\/bauweb.hr\/#\/schema\/logo\/image\/\"},\"sameAs\":[\"https:\/\/facebook.com\/bauweb00\",\"https:\/\/instagram.com\/bauweb_shop\"]}]}<\/script>\n<!-- \/ Yoast SEO plugin. -->","yoast_head_json":{"title":"Univerzalni silikon 310ml - BauWeb","description":"Potra\u017eite \u0161iroki izbor alata i materijala za profesionalne gra\u0111evinske radove. Istra\u017ei Bauweb ponudu i kupuj uz odli\u010dne popuste.","robots":{"index":"index","follow":"follow","max-snippet":"max-snippet:-1","max-image-preview":"max-image-preview:large","max-video-preview":"max-video-preview:-1"},"canonical":"https:\/\/bauweb.hr\/index.php\/product\/univerzalni-silikon-310ml\/","og_locale":"hr_HR","og_type":"article","og_title":"Univerzalni silikon 310ml - BauWeb","og_description":"Potra\u017eite \u0161iroki izbor alata i materijala za profesionalne gra\u0111evinske radove. Istra\u017ei Bauweb ponudu i kupuj uz odli\u010dne popuste.","og_url":"https:\/\/bauweb.hr\/index.php\/product\/univerzalni-silikon-310ml\/","og_site_name":"BauWeb","article_publisher":"https:\/\/facebook.com\/bauweb00","article_modified_time":"2026-01-20T13:03:07+00:00","og_image":[{"width":690,"height":690,"url":"https:\/\/bauweb.hr\/wp-content\/uploads\/2026\/01\/Dizajn-bez-naslova-2026-01-20T140238.259.png","type":"image\/png"}],"twitter_card":"summary_large_image","twitter_misc":{"Procijenjeno vrijeme \u010ditanja":"1 minuta"},"schema":{"@context":"https:\/\/schema.org","@graph":[{"@type":"WebPage","@id":"https:\/\/bauweb.hr\/index.php\/product\/univerzalni-silikon-310ml\/","url":"https:\/\/bauweb.hr\/index.php\/product\/univerzalni-silikon-310ml\/","name":"Univerzalni silikon 310ml - BauWeb","isPartOf":{"@id":"https:\/\/bauweb.hr\/#website"},"primaryImageOfPage":{"@id":"https:\/\/bauweb.hr\/index.php\/product\/univerzalni-silikon-310ml\/#primaryimage"},"image":{"@id":"https:\/\/bauweb.hr\/index.php\/product\/univerzalni-silikon-310ml\/#primaryimage"},"thumbnailUrl":"https:\/\/bauweb.hr\/wp-content\/uploads\/2026\/01\/Dizajn-bez-naslova-2026-01-20T140238.259.png","datePublished":"2026-01-20T12:37:21+00:00","dateModified":"2026-01-20T13:03:07+00:00","description":"Potra\u017eite \u0161iroki izbor alata i materijala za profesionalne gra\u0111evinske radove. Istra\u017ei Bauweb ponudu i kupuj uz odli\u010dne popuste.","breadcrumb":{"@id":"https:\/\/bauweb.hr\/index.php\/product\/univerzalni-silikon-310ml\/#breadcrumb"},"inLanguage":"hr","potentialAction":[{"@type":"ReadAction","target":["https:\/\/bauweb.hr\/index.php\/product\/univerzalni-silikon-310ml\/"]}]},{"@type":"ImageObject","inLanguage":"hr","@id":"https:\/\/bauweb.hr\/index.php\/product\/univerzalni-silikon-310ml\/#primaryimage","url":"https:\/\/bauweb.hr\/wp-content\/uploads\/2026\/01\/Dizajn-bez-naslova-2026-01-20T140238.259.png","contentUrl":"https:\/\/bauweb.hr\/wp-content\/uploads\/2026\/01\/Dizajn-bez-naslova-2026-01-20T140238.259.png","width":690,"height":690},{"@type":"BreadcrumbList","@id":"https:\/\/bauweb.hr\/index.php\/product\/univerzalni-silikon-310ml\/#breadcrumb","itemListElement":[{"@type":"ListItem","position":1,"name":"Po\u010detna stranica","item":"https:\/\/bauweb.hr\/"},{"@type":"ListItem","position":2,"name":"Shop","item":"https:\/\/bauweb.hr\/index.php\/shop-wooshop-v1\/"},{"@type":"ListItem","position":3,"name":"Univerzalni silikon 310ml"}]},{"@type":"WebSite","@id":"https:\/\/bauweb.hr\/#website","url":"https:\/\/bauweb.hr\/","name":"BauWeb","description":"Za prave majstore","publisher":{"@id":"https:\/\/bauweb.hr\/#organization"},"alternateName":"BauWeb","potentialAction":[{"@type":"SearchAction","target":{"@type":"EntryPoint","urlTemplate":"https:\/\/bauweb.hr\/?s={search_term_string}"},"query-input":{"@type":"PropertyValueSpecification","valueRequired":true,"valueName":"search_term_string"}}],"inLanguage":"hr"},{"@type":"Organization","@id":"https:\/\/bauweb.hr\/#organization","name":"Hobi dom d.o.o.","url":"https:\/\/bauweb.hr\/","logo":{"@type":"ImageObject","inLanguage":"hr","@id":"https:\/\/bauweb.hr\/#\/schema\/logo\/image\/","url":"https:\/\/bauweb.hr\/wp-content\/uploads\/2023\/01\/Bauweb_logo-01.png","contentUrl":"https:\/\/bauweb.hr\/wp-content\/uploads\/2023\/01\/Bauweb_logo-01.png","width":842,"height":596,"caption":"Hobi dom d.o.o."},"image":{"@id":"https:\/\/bauweb.hr\/#\/schema\/logo\/image\/"},"sameAs":["https:\/\/facebook.com\/bauweb00","https:\/\/instagram.com\/bauweb_shop"]}]}},"_links":{"self":[{"href":"https:\/\/bauweb.hr\/index.php\/wp-json\/wp\/v2\/product\/28512","targetHints":{"allow":["GET"]}}],"collection":[{"href":"https:\/\/bauweb.hr\/index.php\/wp-json\/wp\/v2\/product"}],"about":[{"href":"https:\/\/bauweb.hr\/index.php\/wp-json\/wp\/v2\/types\/product"}],"replies":[{"embeddable":true,"href":"https:\/\/bauweb.hr\/index.php\/wp-json\/wp\/v2\/comments?post=28512"}],"wp:featuredmedia":[{"embeddable":true,"href":"https:\/\/bauweb.hr\/index.php\/wp-json\/wp\/v2\/media\/28523"}],"wp:attachment":[{"href":"https:\/\/bauweb.hr\/index.php\/wp-json\/wp\/v2\/media?parent=28512"}],"wp:term":[{"taxonomy":"product_brand","embeddable":true,"href":"https:\/\/bauweb.hr\/index.php\/wp-json\/wp\/v2\/product_brand?post=28512"},{"taxonomy":"product_cat","embeddable":true,"href":"https:\/\/bauweb.hr\/index.php\/wp-json\/wp\/v2\/product_cat?post=28512"},{"taxonomy":"product_tag","embeddable":true,"href":"https:\/\/bauweb.hr\/index.php\/wp-json\/wp\/v2\/product_tag?post=28512"}],"curies":[{"name":"wp","href":"https:\/\/api.w.org\/{rel}","templated":true}]}}