{"id":28524,"date":"2026-01-20T14:19:12","date_gmt":"2026-01-20T13:19:12","guid":{"rendered":"https:\/\/bauweb.hr\/?post_type=product&#038;p=28524"},"modified":"2026-01-20T14:19:12","modified_gmt":"2026-01-20T13:19:12","slug":"univerzalni-akril-bijeli-310ml","status":"publish","type":"product","link":"https:\/\/bauweb.hr\/index.php\/product\/univerzalni-akril-bijeli-310ml\/","title":{"rendered":"Univerzalni akril bijeli 310ml"},"content":{"rendered":"<p data-start=\"898\" data-end=\"1196\"><strong data-start=\"898\" data-end=\"943\">Univerzalni akril bijeli Wkr\u0119t-Met Klimas<\/strong> je kvalitetan akrilni brtveni kit namijenjen za ispunjavanje pukotina, fuga i spojeva na razli\u010ditim gra\u0111evinskim povr\u0161inama. Nakon su\u0161enja ostaje <strong data-start=\"1090\" data-end=\"1103\">elasti\u010dan<\/strong>, ne puca i mo\u017ee se <strong data-start=\"1123\" data-end=\"1154\">prebojati svim vrstama boja<\/strong>, \u0161to ga \u010dini savr\u0161enim za zavr\u0161ne radove.<\/p>\n<p data-start=\"1198\" data-end=\"1447\">Odli\u010dno prianja na <strong data-start=\"1217\" data-end=\"1267\">zid, beton, drvo, gips, \u017ebuku i sli\u010dne podloge<\/strong>, a zahvaljuju\u0107i otpornosti na vanjske uvjete pogodan je i za <strong data-start=\"1329\" data-end=\"1361\">unutarnju i vanjsku primjenu<\/strong>. Lako se nanosi standardnim pi\u0161toljem za kartu\u0161e, a povr\u0161ina se mo\u017ee zagladiti vodom.<\/p>\n<p data-start=\"1449\" data-end=\"1463\">Idealan je za:<\/p>\n<ul data-start=\"1464\" data-end=\"1616\">\n<li data-start=\"1464\" data-end=\"1496\">\n<p data-start=\"1466\" data-end=\"1496\">sanaciju pukotina u zidovima<\/p>\n<\/li>\n<li data-start=\"1497\" data-end=\"1543\">\n<p data-start=\"1499\" data-end=\"1543\">brtvljenje spojeva izme\u0111u zida i stolarije<\/p>\n<\/li>\n<li data-start=\"1544\" data-end=\"1570\">\n<p data-start=\"1546\" data-end=\"1570\">popravke prije bojanja<\/p>\n<\/li>\n<li data-start=\"1571\" data-end=\"1616\">\n<p data-start=\"1573\" data-end=\"1616\">zavr\u0161ne gra\u0111evinske i adaptacijske radove<\/p>\n<\/li>\n<\/ul>\n<p>&nbsp;<\/p>\n<p>&nbsp;<\/p>\n<h2 data-start=\"1623\" data-end=\"1652\">\ud83d\udd39 Tehni\u010dke karakteristike<\/h2>\n<ul data-start=\"1653\" data-end=\"2057\">\n<li data-start=\"1653\" data-end=\"1697\">\n<p data-start=\"1655\" data-end=\"1697\"><strong data-start=\"1655\" data-end=\"1675\">Vrsta proizvoda:<\/strong> Akrilni brtveni kit<\/p>\n<\/li>\n<li data-start=\"1698\" data-end=\"1718\">\n<p data-start=\"1700\" data-end=\"1718\"><strong data-start=\"1700\" data-end=\"1709\">Boja:<\/strong> Bijela<\/p>\n<\/li>\n<li data-start=\"1719\" data-end=\"1745\">\n<p data-start=\"1721\" data-end=\"1745\"><strong data-start=\"1721\" data-end=\"1735\">Pakiranje:<\/strong> Kartu\u0161a<\/p>\n<\/li>\n<li data-start=\"1746\" data-end=\"1811\">\n<p data-start=\"1748\" data-end=\"1811\"><strong data-start=\"1748\" data-end=\"1762\">Zapremina:<\/strong> 310 ml<\/p>\n<\/li>\n<li data-start=\"1812\" data-end=\"1849\">\n<p data-start=\"1814\" data-end=\"1849\"><strong data-start=\"1814\" data-end=\"1827\">Primjena:<\/strong> Unutarnja i vanjska<\/p>\n<\/li>\n<li data-start=\"1850\" data-end=\"1879\">\n<p data-start=\"1852\" data-end=\"1879\"><strong data-start=\"1852\" data-end=\"1874\">Mogu\u0107nost bojanja:<\/strong> Da<\/p>\n<\/li>\n<li data-start=\"1880\" data-end=\"1931\">\n<p data-start=\"1882\" data-end=\"1931\"><strong data-start=\"1882\" data-end=\"1898\">Elasti\u010dnost:<\/strong> Trajno elasti\u010dan nakon su\u0161enja<\/p>\n<\/li>\n<li data-start=\"1932\" data-end=\"1981\">\n<p data-start=\"1934\" data-end=\"1981\"><strong data-start=\"1934\" data-end=\"1949\">Prianjanje:<\/strong> Beton, zid, drvo, gips, \u017ebuka<\/p>\n<\/li>\n<li data-start=\"1982\" data-end=\"2025\">\n<p data-start=\"1984\" data-end=\"2025\"><strong data-start=\"1984\" data-end=\"2004\">Na\u010din nano\u0161enja:<\/strong> Pi\u0161tolj za kartu\u0161e<\/p>\n<\/li>\n<li data-start=\"2026\" data-end=\"2057\">\n<p data-start=\"2028\" data-end=\"2057\"><strong data-start=\"2028\" data-end=\"2038\">Brend:<\/strong> Wkr\u0119t-Met Klimas<\/p>\n<\/li>\n<\/ul>\n","protected":false},"excerpt":{"rendered":"<ul>\n<li data-start=\"658\" data-end=\"680\">\n<p data-start=\"660\" data-end=\"680\">\u2714 Trajno elasti\u010dan<\/p>\n<\/li>\n<li data-start=\"681\" data-end=\"701\">\n<p data-start=\"683\" data-end=\"701\">\u2714 Mo\u017ee se bojati<\/p>\n<\/li>\n<li data-start=\"702\" data-end=\"726\">\n<p data-start=\"704\" data-end=\"726\">\u2714 Odli\u010dno prianjanje<\/p>\n<\/li>\n<li data-start=\"727\" data-end=\"764\">\n<p data-start=\"729\" data-end=\"764\">\u2714 Za unutarnju i vanjsku upotrebu<\/p>\n<\/li>\n<li data-start=\"765\" data-end=\"791\">\n<p data-start=\"767\" data-end=\"791\">\u2714 Jednostavna primjena<\/p>\n<\/li>\n<\/ul>\n<p>&nbsp;<\/p>\n<p>Univerzalni bijeli akrilni kit visoke elasti\u010dnosti, idealan za brtvljenje pukotina i spojeva na zidovima, drvu i betonu. Mo\u017ee se bojati i koristi se u interijerima i eksterijerima.<\/p>\n","protected":false},"featured_media":28525,"comment_status":"open","ping_status":"closed","template":"","meta":[],"product_brand":[408],"product_cat":[154,101,105,104],"product_tag":[],"class_list":{"0":"post-28524","1":"product","2":"type-product","3":"status-publish","4":"has-post-thumbnail","6":"product_brand-klimas","7":"product_cat-dekorativne-tehnike","8":"product_cat-fasaderi-fasadni-sustavi","9":"product_cat-gipseri-suha-gradnja","10":"product_cat-soboslikari","12":"first","13":"instock","14":"shipping-taxable","15":"purchasable","16":"product-type-simple"},"yoast_head":"<!-- This site is optimized with the Yoast SEO plugin v27.2 - https:\/\/yoast.com\/product\/yoast-seo-wordpress\/ -->\n<title>Univerzalni akril bijeli 310ml - BauWeb<\/title>\n<meta name=\"description\" content=\"Potra\u017eite \u0161iroki izbor alata i materijala za profesionalne gra\u0111evinske radove. Istra\u017ei Bauweb ponudu i kupuj uz odli\u010dne popuste.\" \/>\n<meta name=\"robots\" content=\"index, follow, max-snippet:-1, max-image-preview:large, max-video-preview:-1\" \/>\n<link rel=\"canonical\" href=\"https:\/\/bauweb.hr\/index.php\/product\/univerzalni-akril-bijeli-310ml\/\" \/>\n<meta property=\"og:locale\" content=\"hr_HR\" \/>\n<meta property=\"og:type\" content=\"article\" \/>\n<meta property=\"og:title\" content=\"Univerzalni akril bijeli 310ml - BauWeb\" \/>\n<meta property=\"og:description\" content=\"Potra\u017eite \u0161iroki izbor alata i materijala za profesionalne gra\u0111evinske radove. Istra\u017ei Bauweb ponudu i kupuj uz odli\u010dne popuste.\" \/>\n<meta property=\"og:url\" content=\"https:\/\/bauweb.hr\/index.php\/product\/univerzalni-akril-bijeli-310ml\/\" \/>\n<meta property=\"og:site_name\" content=\"BauWeb\" \/>\n<meta property=\"article:publisher\" content=\"https:\/\/facebook.com\/bauweb00\" \/>\n<meta property=\"og:image\" content=\"https:\/\/bauweb.hr\/wp-content\/uploads\/2026\/01\/Dizajn-bez-naslova-2026-01-20T140919.242.png\" \/>\n\t<meta property=\"og:image:width\" content=\"690\" \/>\n\t<meta property=\"og:image:height\" content=\"690\" \/>\n\t<meta property=\"og:image:type\" content=\"image\/png\" \/>\n<meta name=\"twitter:card\" content=\"summary_large_image\" \/>\n<meta name=\"twitter:label1\" content=\"Procijenjeno vrijeme \u010ditanja\" \/>\n\t<meta name=\"twitter:data1\" content=\"1 minuta\" \/>\n<script type=\"application\/ld+json\" class=\"yoast-schema-graph\">{\"@context\":\"https:\/\/schema.org\",\"@graph\":[{\"@type\":\"WebPage\",\"@id\":\"https:\/\/bauweb.hr\/index.php\/product\/univerzalni-akril-bijeli-310ml\/\",\"url\":\"https:\/\/bauweb.hr\/index.php\/product\/univerzalni-akril-bijeli-310ml\/\",\"name\":\"Univerzalni akril bijeli 310ml - BauWeb\",\"isPartOf\":{\"@id\":\"https:\/\/bauweb.hr\/#website\"},\"primaryImageOfPage\":{\"@id\":\"https:\/\/bauweb.hr\/index.php\/product\/univerzalni-akril-bijeli-310ml\/#primaryimage\"},\"image\":{\"@id\":\"https:\/\/bauweb.hr\/index.php\/product\/univerzalni-akril-bijeli-310ml\/#primaryimage\"},\"thumbnailUrl\":\"https:\/\/bauweb.hr\/wp-content\/uploads\/2026\/01\/Dizajn-bez-naslova-2026-01-20T140919.242.png\",\"datePublished\":\"2026-01-20T13:19:12+00:00\",\"description\":\"Potra\u017eite \u0161iroki izbor alata i materijala za profesionalne gra\u0111evinske radove. Istra\u017ei Bauweb ponudu i kupuj uz odli\u010dne popuste.\",\"breadcrumb\":{\"@id\":\"https:\/\/bauweb.hr\/index.php\/product\/univerzalni-akril-bijeli-310ml\/#breadcrumb\"},\"inLanguage\":\"hr\",\"potentialAction\":[{\"@type\":\"ReadAction\",\"target\":[\"https:\/\/bauweb.hr\/index.php\/product\/univerzalni-akril-bijeli-310ml\/\"]}]},{\"@type\":\"ImageObject\",\"inLanguage\":\"hr\",\"@id\":\"https:\/\/bauweb.hr\/index.php\/product\/univerzalni-akril-bijeli-310ml\/#primaryimage\",\"url\":\"https:\/\/bauweb.hr\/wp-content\/uploads\/2026\/01\/Dizajn-bez-naslova-2026-01-20T140919.242.png\",\"contentUrl\":\"https:\/\/bauweb.hr\/wp-content\/uploads\/2026\/01\/Dizajn-bez-naslova-2026-01-20T140919.242.png\",\"width\":690,\"height\":690},{\"@type\":\"BreadcrumbList\",\"@id\":\"https:\/\/bauweb.hr\/index.php\/product\/univerzalni-akril-bijeli-310ml\/#breadcrumb\",\"itemListElement\":[{\"@type\":\"ListItem\",\"position\":1,\"name\":\"Po\u010detna stranica\",\"item\":\"https:\/\/bauweb.hr\/\"},{\"@type\":\"ListItem\",\"position\":2,\"name\":\"Shop\",\"item\":\"https:\/\/bauweb.hr\/index.php\/shop-wooshop-v1\/\"},{\"@type\":\"ListItem\",\"position\":3,\"name\":\"Univerzalni akril bijeli 310ml\"}]},{\"@type\":\"WebSite\",\"@id\":\"https:\/\/bauweb.hr\/#website\",\"url\":\"https:\/\/bauweb.hr\/\",\"name\":\"BauWeb\",\"description\":\"Za prave majstore\",\"publisher\":{\"@id\":\"https:\/\/bauweb.hr\/#organization\"},\"alternateName\":\"BauWeb\",\"potentialAction\":[{\"@type\":\"SearchAction\",\"target\":{\"@type\":\"EntryPoint\",\"urlTemplate\":\"https:\/\/bauweb.hr\/?s={search_term_string}\"},\"query-input\":{\"@type\":\"PropertyValueSpecification\",\"valueRequired\":true,\"valueName\":\"search_term_string\"}}],\"inLanguage\":\"hr\"},{\"@type\":\"Organization\",\"@id\":\"https:\/\/bauweb.hr\/#organization\",\"name\":\"Hobi dom d.o.o.\",\"url\":\"https:\/\/bauweb.hr\/\",\"logo\":{\"@type\":\"ImageObject\",\"inLanguage\":\"hr\",\"@id\":\"https:\/\/bauweb.hr\/#\/schema\/logo\/image\/\",\"url\":\"https:\/\/bauweb.hr\/wp-content\/uploads\/2023\/01\/Bauweb_logo-01.png\",\"contentUrl\":\"https:\/\/bauweb.hr\/wp-content\/uploads\/2023\/01\/Bauweb_logo-01.png\",\"width\":842,\"height\":596,\"caption\":\"Hobi dom d.o.o.\"},\"image\":{\"@id\":\"https:\/\/bauweb.hr\/#\/schema\/logo\/image\/\"},\"sameAs\":[\"https:\/\/facebook.com\/bauweb00\",\"https:\/\/instagram.com\/bauweb_shop\"]}]}<\/script>\n<!-- \/ Yoast SEO plugin. -->","yoast_head_json":{"title":"Univerzalni akril bijeli 310ml - BauWeb","description":"Potra\u017eite \u0161iroki izbor alata i materijala za profesionalne gra\u0111evinske radove. Istra\u017ei Bauweb ponudu i kupuj uz odli\u010dne popuste.","robots":{"index":"index","follow":"follow","max-snippet":"max-snippet:-1","max-image-preview":"max-image-preview:large","max-video-preview":"max-video-preview:-1"},"canonical":"https:\/\/bauweb.hr\/index.php\/product\/univerzalni-akril-bijeli-310ml\/","og_locale":"hr_HR","og_type":"article","og_title":"Univerzalni akril bijeli 310ml - BauWeb","og_description":"Potra\u017eite \u0161iroki izbor alata i materijala za profesionalne gra\u0111evinske radove. Istra\u017ei Bauweb ponudu i kupuj uz odli\u010dne popuste.","og_url":"https:\/\/bauweb.hr\/index.php\/product\/univerzalni-akril-bijeli-310ml\/","og_site_name":"BauWeb","article_publisher":"https:\/\/facebook.com\/bauweb00","og_image":[{"width":690,"height":690,"url":"https:\/\/bauweb.hr\/wp-content\/uploads\/2026\/01\/Dizajn-bez-naslova-2026-01-20T140919.242.png","type":"image\/png"}],"twitter_card":"summary_large_image","twitter_misc":{"Procijenjeno vrijeme \u010ditanja":"1 minuta"},"schema":{"@context":"https:\/\/schema.org","@graph":[{"@type":"WebPage","@id":"https:\/\/bauweb.hr\/index.php\/product\/univerzalni-akril-bijeli-310ml\/","url":"https:\/\/bauweb.hr\/index.php\/product\/univerzalni-akril-bijeli-310ml\/","name":"Univerzalni akril bijeli 310ml - BauWeb","isPartOf":{"@id":"https:\/\/bauweb.hr\/#website"},"primaryImageOfPage":{"@id":"https:\/\/bauweb.hr\/index.php\/product\/univerzalni-akril-bijeli-310ml\/#primaryimage"},"image":{"@id":"https:\/\/bauweb.hr\/index.php\/product\/univerzalni-akril-bijeli-310ml\/#primaryimage"},"thumbnailUrl":"https:\/\/bauweb.hr\/wp-content\/uploads\/2026\/01\/Dizajn-bez-naslova-2026-01-20T140919.242.png","datePublished":"2026-01-20T13:19:12+00:00","description":"Potra\u017eite \u0161iroki izbor alata i materijala za profesionalne gra\u0111evinske radove. Istra\u017ei Bauweb ponudu i kupuj uz odli\u010dne popuste.","breadcrumb":{"@id":"https:\/\/bauweb.hr\/index.php\/product\/univerzalni-akril-bijeli-310ml\/#breadcrumb"},"inLanguage":"hr","potentialAction":[{"@type":"ReadAction","target":["https:\/\/bauweb.hr\/index.php\/product\/univerzalni-akril-bijeli-310ml\/"]}]},{"@type":"ImageObject","inLanguage":"hr","@id":"https:\/\/bauweb.hr\/index.php\/product\/univerzalni-akril-bijeli-310ml\/#primaryimage","url":"https:\/\/bauweb.hr\/wp-content\/uploads\/2026\/01\/Dizajn-bez-naslova-2026-01-20T140919.242.png","contentUrl":"https:\/\/bauweb.hr\/wp-content\/uploads\/2026\/01\/Dizajn-bez-naslova-2026-01-20T140919.242.png","width":690,"height":690},{"@type":"BreadcrumbList","@id":"https:\/\/bauweb.hr\/index.php\/product\/univerzalni-akril-bijeli-310ml\/#breadcrumb","itemListElement":[{"@type":"ListItem","position":1,"name":"Po\u010detna stranica","item":"https:\/\/bauweb.hr\/"},{"@type":"ListItem","position":2,"name":"Shop","item":"https:\/\/bauweb.hr\/index.php\/shop-wooshop-v1\/"},{"@type":"ListItem","position":3,"name":"Univerzalni akril bijeli 310ml"}]},{"@type":"WebSite","@id":"https:\/\/bauweb.hr\/#website","url":"https:\/\/bauweb.hr\/","name":"BauWeb","description":"Za prave majstore","publisher":{"@id":"https:\/\/bauweb.hr\/#organization"},"alternateName":"BauWeb","potentialAction":[{"@type":"SearchAction","target":{"@type":"EntryPoint","urlTemplate":"https:\/\/bauweb.hr\/?s={search_term_string}"},"query-input":{"@type":"PropertyValueSpecification","valueRequired":true,"valueName":"search_term_string"}}],"inLanguage":"hr"},{"@type":"Organization","@id":"https:\/\/bauweb.hr\/#organization","name":"Hobi dom d.o.o.","url":"https:\/\/bauweb.hr\/","logo":{"@type":"ImageObject","inLanguage":"hr","@id":"https:\/\/bauweb.hr\/#\/schema\/logo\/image\/","url":"https:\/\/bauweb.hr\/wp-content\/uploads\/2023\/01\/Bauweb_logo-01.png","contentUrl":"https:\/\/bauweb.hr\/wp-content\/uploads\/2023\/01\/Bauweb_logo-01.png","width":842,"height":596,"caption":"Hobi dom d.o.o."},"image":{"@id":"https:\/\/bauweb.hr\/#\/schema\/logo\/image\/"},"sameAs":["https:\/\/facebook.com\/bauweb00","https:\/\/instagram.com\/bauweb_shop"]}]}},"_links":{"self":[{"href":"https:\/\/bauweb.hr\/index.php\/wp-json\/wp\/v2\/product\/28524","targetHints":{"allow":["GET"]}}],"collection":[{"href":"https:\/\/bauweb.hr\/index.php\/wp-json\/wp\/v2\/product"}],"about":[{"href":"https:\/\/bauweb.hr\/index.php\/wp-json\/wp\/v2\/types\/product"}],"replies":[{"embeddable":true,"href":"https:\/\/bauweb.hr\/index.php\/wp-json\/wp\/v2\/comments?post=28524"}],"wp:featuredmedia":[{"embeddable":true,"href":"https:\/\/bauweb.hr\/index.php\/wp-json\/wp\/v2\/media\/28525"}],"wp:attachment":[{"href":"https:\/\/bauweb.hr\/index.php\/wp-json\/wp\/v2\/media?parent=28524"}],"wp:term":[{"taxonomy":"product_brand","embeddable":true,"href":"https:\/\/bauweb.hr\/index.php\/wp-json\/wp\/v2\/product_brand?post=28524"},{"taxonomy":"product_cat","embeddable":true,"href":"https:\/\/bauweb.hr\/index.php\/wp-json\/wp\/v2\/product_cat?post=28524"},{"taxonomy":"product_tag","embeddable":true,"href":"https:\/\/bauweb.hr\/index.php\/wp-json\/wp\/v2\/product_tag?post=28524"}],"curies":[{"name":"wp","href":"https:\/\/api.w.org\/{rel}","templated":true}]}}