{"id":28677,"date":"2026-01-30T13:41:23","date_gmt":"2026-01-30T12:41:23","guid":{"rendered":"https:\/\/bauweb.hr\/?post_type=product&#038;p=28677"},"modified":"2026-02-19T20:39:09","modified_gmt":"2026-02-19T19:39:09","slug":"stalco-perfect-fasadna-raspa-za-stiropor-160-cm","status":"publish","type":"product","link":"https:\/\/bauweb.hr\/index.php\/product\/stalco-perfect-fasadna-raspa-za-stiropor-160-cm\/","title":{"rendered":"STALCO PERFECT fasadna ra\u0161pa za stiropor 160 cm"},"content":{"rendered":"<h3 data-start=\"70\" data-end=\"127\">\ud83e\uddf1 Fasadna ra\u0161pa \u2013 preciznost i brzina u jednom alatu<\/h3>\n<p data-start=\"129\" data-end=\"344\">Fasadna ra\u0161pa je profesionalni alat koji, zahvaljuju\u0107i svojoj <strong data-start=\"191\" data-end=\"202\">duljini<\/strong>, omogu\u0107uje u\u010dinkovit rad na <strong data-start=\"231\" data-end=\"251\">ve\u0107im povr\u0161inama<\/strong>. Priprema savr\u0161eno ravnog zida znatno je <strong data-start=\"293\" data-end=\"309\">lak\u0161a i br\u017ea<\/strong> nego sa standardnim ra\u0161pama \ud83d\udd27\ud83d\udca8<\/p>\n<p data-start=\"346\" data-end=\"659\">Kruti <strong data-start=\"352\" data-end=\"386\">anodizirani aluminijski profil<\/strong> osigurava precizno poravnanje <strong data-start=\"417\" data-end=\"444\">stiropornih (EPS) plo\u010da<\/strong>, smanjuje vrijeme rada i pove\u0107ava to\u010dnost. Zahvaljuju\u0107i konstrukciji ra\u0161pe, rezultate rada mo\u017eete <strong data-start=\"543\" data-end=\"563\">odmah provjeriti<\/strong> \u2013 bez potrebe za libelom ili ravnalom \ud83d\udccf\u274c<br data-start=\"605\" data-end=\"608\" \/>\ud83d\udc49 Velika u\u0161teda vremena i maksimalna u\u010dinkovitost!<\/p>\n<hr data-start=\"661\" data-end=\"664\" \/>\n<h3 data-start=\"666\" data-end=\"682\">\ud83d\udee0\ufe0f PRIMJENA<\/h3>\n<p data-start=\"683\" data-end=\"762\">\u2714\ufe0f Zagla\u0111ivanje povr\u0161ine <strong data-start=\"708\" data-end=\"732\">polistirenskih plo\u010da<\/strong> tijekom izolacijskih radova<\/p>\n<p data-start=\"764\" data-end=\"797\">\ud83d\udd39 Najbolji rezultati posti\u017eu se:<\/p>\n<ul data-start=\"798\" data-end=\"946\">\n<li data-start=\"798\" data-end=\"834\">\n<p data-start=\"800\" data-end=\"834\">dijagonalnim potezima gore\u2013dolje<\/p>\n<\/li>\n<li data-start=\"835\" data-end=\"877\">\n<p data-start=\"837\" data-end=\"877\">glatkim kru\u017enim pokretima u oba smjera<\/p>\n<\/li>\n<li data-start=\"878\" data-end=\"946\">\n<p data-start=\"880\" data-end=\"946\">kri\u017enim potezima za brzo postizanje <strong data-start=\"916\" data-end=\"944\">savr\u0161eno glatke povr\u0161ine<\/strong> \u2728<\/p>\n<\/li>\n<\/ul>\n<hr data-start=\"948\" data-end=\"951\" \/>\n<h3 data-start=\"953\" data-end=\"985\">\u2b50 KARAKTERISTIKE I PREDNOSTI<\/h3>\n<p data-start=\"986\" data-end=\"1343\">\u2714\ufe0f <strong data-start=\"989\" data-end=\"1010\">Ergonomski profil<\/strong> \u2013 udoban rad bez prekomjerne sile \ud83d\udcaa<br data-start=\"1047\" data-end=\"1050\" \/>\u2714\ufe0f <strong data-start=\"1053\" data-end=\"1088\">Izdr\u017eljiva i kruta konstrukcija<\/strong> \u2013 precizno poravnanje fasade<br data-start=\"1117\" data-end=\"1120\" \/>\u2714\ufe0f <strong data-start=\"1123\" data-end=\"1156\">Zamjenjive, modularne o\u0161trice<\/strong> \u2013 dugotrajna i vi\u0161ekratna upotreba \u267b\ufe0f<br data-start=\"1194\" data-end=\"1197\" \/>\u2714\ufe0f <strong data-start=\"1200\" data-end=\"1229\">Duljine 1600 mm i 2000 mm<\/strong> \u2013 br\u017ei rad i ve\u0107a preciznost<br data-start=\"1258\" data-end=\"1261\" \/>\u2714\ufe0f <strong data-start=\"1264\" data-end=\"1283\">Otvoreni profil<\/strong> \u2013 lako uklanjanje abrazivnog materijala, bez za\u010depljenja \ud83d\udebf<\/p>\n<hr data-start=\"1345\" data-end=\"1348\" \/>\n<h3 data-start=\"1350\" data-end=\"1372\">\ud83d\udcd0 TEHNI\u010cKI PODACI<\/h3>\n<p data-start=\"1373\" data-end=\"1433\">\ud83d\udd39 Materijal: anodizirani aluminij<br data-start=\"1407\" data-end=\"1410\" \/>\ud83d\udd39 Duljina: <strong data-start=\"1422\" data-end=\"1433\">1600 mm<\/strong><\/p>\n","protected":false},"excerpt":{"rendered":"<p>Fasadna ra\u0161pa je profesionalni alat koji, zahvaljuju\u0107i svojoj <strong data-start=\"191\" data-end=\"202\">duljini<\/strong>, omogu\u0107uje u\u010dinkovit rad na <strong data-start=\"231\" data-end=\"251\">ve\u0107im povr\u0161inama<\/strong>. Priprema savr\u0161eno ravnog zida znatno je <strong data-start=\"293\" data-end=\"309\">lak\u0161a i br\u017ea<\/strong> nego sa standardnim ra\u0161pama \ud83d\udd27\ud83d\udca8<\/p>\n","protected":false},"featured_media":28678,"comment_status":"open","ping_status":"closed","template":"","meta":[],"product_brand":[355],"product_cat":[128],"product_tag":[],"class_list":{"0":"post-28677","1":"product","2":"type-product","3":"status-publish","4":"has-post-thumbnail","6":"product_brand-stalco","7":"product_cat-alati-i-pribor-fasadni-sustavi","9":"first","10":"outofstock","11":"shipping-taxable","12":"purchasable","13":"product-type-simple"},"yoast_head":"<!-- This site is optimized with the Yoast SEO plugin v27.2 - https:\/\/yoast.com\/product\/yoast-seo-wordpress\/ -->\n<title>STALCO PERFECT fasadna ra\u0161pa za stiropor 160 cm - BauWeb<\/title>\n<meta name=\"description\" content=\"Potra\u017eite \u0161iroki izbor alata i materijala za profesionalne gra\u0111evinske radove. Istra\u017ei Bauweb ponudu i kupuj uz odli\u010dne popuste.\" \/>\n<meta name=\"robots\" content=\"index, follow, max-snippet:-1, max-image-preview:large, max-video-preview:-1\" \/>\n<link rel=\"canonical\" href=\"https:\/\/bauweb.hr\/index.php\/product\/stalco-perfect-fasadna-raspa-za-stiropor-160-cm\/\" \/>\n<meta property=\"og:locale\" content=\"hr_HR\" \/>\n<meta property=\"og:type\" content=\"article\" \/>\n<meta property=\"og:title\" content=\"STALCO PERFECT fasadna ra\u0161pa za stiropor 160 cm - BauWeb\" \/>\n<meta property=\"og:description\" content=\"Potra\u017eite \u0161iroki izbor alata i materijala za profesionalne gra\u0111evinske radove. Istra\u017ei Bauweb ponudu i kupuj uz odli\u010dne popuste.\" \/>\n<meta property=\"og:url\" content=\"https:\/\/bauweb.hr\/index.php\/product\/stalco-perfect-fasadna-raspa-za-stiropor-160-cm\/\" \/>\n<meta property=\"og:site_name\" content=\"BauWeb\" \/>\n<meta property=\"article:publisher\" content=\"https:\/\/facebook.com\/bauweb00\" \/>\n<meta property=\"article:modified_time\" content=\"2026-02-19T19:39:09+00:00\" \/>\n<meta property=\"og:image\" content=\"https:\/\/bauweb.hr\/wp-content\/uploads\/2026\/01\/Dizajn-bez-naslova-2026-01-30T133959.411.png\" \/>\n\t<meta property=\"og:image:width\" content=\"690\" \/>\n\t<meta property=\"og:image:height\" content=\"690\" \/>\n\t<meta property=\"og:image:type\" content=\"image\/png\" \/>\n<meta name=\"twitter:card\" content=\"summary_large_image\" \/>\n<meta name=\"twitter:label1\" content=\"Procijenjeno vrijeme \u010ditanja\" \/>\n\t<meta name=\"twitter:data1\" content=\"2 minute\" \/>\n<script type=\"application\/ld+json\" class=\"yoast-schema-graph\">{\"@context\":\"https:\/\/schema.org\",\"@graph\":[{\"@type\":\"WebPage\",\"@id\":\"https:\/\/bauweb.hr\/index.php\/product\/stalco-perfect-fasadna-raspa-za-stiropor-160-cm\/\",\"url\":\"https:\/\/bauweb.hr\/index.php\/product\/stalco-perfect-fasadna-raspa-za-stiropor-160-cm\/\",\"name\":\"STALCO PERFECT fasadna ra\u0161pa za stiropor 160 cm - BauWeb\",\"isPartOf\":{\"@id\":\"https:\/\/bauweb.hr\/#website\"},\"primaryImageOfPage\":{\"@id\":\"https:\/\/bauweb.hr\/index.php\/product\/stalco-perfect-fasadna-raspa-za-stiropor-160-cm\/#primaryimage\"},\"image\":{\"@id\":\"https:\/\/bauweb.hr\/index.php\/product\/stalco-perfect-fasadna-raspa-za-stiropor-160-cm\/#primaryimage\"},\"thumbnailUrl\":\"https:\/\/bauweb.hr\/wp-content\/uploads\/2026\/01\/Dizajn-bez-naslova-2026-01-30T133959.411.png\",\"datePublished\":\"2026-01-30T12:41:23+00:00\",\"dateModified\":\"2026-02-19T19:39:09+00:00\",\"description\":\"Potra\u017eite \u0161iroki izbor alata i materijala za profesionalne gra\u0111evinske radove. Istra\u017ei Bauweb ponudu i kupuj uz odli\u010dne popuste.\",\"breadcrumb\":{\"@id\":\"https:\/\/bauweb.hr\/index.php\/product\/stalco-perfect-fasadna-raspa-za-stiropor-160-cm\/#breadcrumb\"},\"inLanguage\":\"hr\",\"potentialAction\":[{\"@type\":\"ReadAction\",\"target\":[\"https:\/\/bauweb.hr\/index.php\/product\/stalco-perfect-fasadna-raspa-za-stiropor-160-cm\/\"]}]},{\"@type\":\"ImageObject\",\"inLanguage\":\"hr\",\"@id\":\"https:\/\/bauweb.hr\/index.php\/product\/stalco-perfect-fasadna-raspa-za-stiropor-160-cm\/#primaryimage\",\"url\":\"https:\/\/bauweb.hr\/wp-content\/uploads\/2026\/01\/Dizajn-bez-naslova-2026-01-30T133959.411.png\",\"contentUrl\":\"https:\/\/bauweb.hr\/wp-content\/uploads\/2026\/01\/Dizajn-bez-naslova-2026-01-30T133959.411.png\",\"width\":690,\"height\":690},{\"@type\":\"BreadcrumbList\",\"@id\":\"https:\/\/bauweb.hr\/index.php\/product\/stalco-perfect-fasadna-raspa-za-stiropor-160-cm\/#breadcrumb\",\"itemListElement\":[{\"@type\":\"ListItem\",\"position\":1,\"name\":\"Po\u010detna stranica\",\"item\":\"https:\/\/bauweb.hr\/\"},{\"@type\":\"ListItem\",\"position\":2,\"name\":\"Shop\",\"item\":\"https:\/\/bauweb.hr\/index.php\/shop-wooshop-v1\/\"},{\"@type\":\"ListItem\",\"position\":3,\"name\":\"STALCO PERFECT fasadna ra\u0161pa za stiropor 160 cm\"}]},{\"@type\":\"WebSite\",\"@id\":\"https:\/\/bauweb.hr\/#website\",\"url\":\"https:\/\/bauweb.hr\/\",\"name\":\"BauWeb\",\"description\":\"Za prave majstore\",\"publisher\":{\"@id\":\"https:\/\/bauweb.hr\/#organization\"},\"alternateName\":\"BauWeb\",\"potentialAction\":[{\"@type\":\"SearchAction\",\"target\":{\"@type\":\"EntryPoint\",\"urlTemplate\":\"https:\/\/bauweb.hr\/?s={search_term_string}\"},\"query-input\":{\"@type\":\"PropertyValueSpecification\",\"valueRequired\":true,\"valueName\":\"search_term_string\"}}],\"inLanguage\":\"hr\"},{\"@type\":\"Organization\",\"@id\":\"https:\/\/bauweb.hr\/#organization\",\"name\":\"Hobi dom d.o.o.\",\"url\":\"https:\/\/bauweb.hr\/\",\"logo\":{\"@type\":\"ImageObject\",\"inLanguage\":\"hr\",\"@id\":\"https:\/\/bauweb.hr\/#\/schema\/logo\/image\/\",\"url\":\"https:\/\/bauweb.hr\/wp-content\/uploads\/2023\/01\/Bauweb_logo-01.png\",\"contentUrl\":\"https:\/\/bauweb.hr\/wp-content\/uploads\/2023\/01\/Bauweb_logo-01.png\",\"width\":842,\"height\":596,\"caption\":\"Hobi dom d.o.o.\"},\"image\":{\"@id\":\"https:\/\/bauweb.hr\/#\/schema\/logo\/image\/\"},\"sameAs\":[\"https:\/\/facebook.com\/bauweb00\",\"https:\/\/instagram.com\/bauweb_shop\"]}]}<\/script>\n<!-- \/ Yoast SEO plugin. -->","yoast_head_json":{"title":"STALCO PERFECT fasadna ra\u0161pa za stiropor 160 cm - BauWeb","description":"Potra\u017eite \u0161iroki izbor alata i materijala za profesionalne gra\u0111evinske radove. Istra\u017ei Bauweb ponudu i kupuj uz odli\u010dne popuste.","robots":{"index":"index","follow":"follow","max-snippet":"max-snippet:-1","max-image-preview":"max-image-preview:large","max-video-preview":"max-video-preview:-1"},"canonical":"https:\/\/bauweb.hr\/index.php\/product\/stalco-perfect-fasadna-raspa-za-stiropor-160-cm\/","og_locale":"hr_HR","og_type":"article","og_title":"STALCO PERFECT fasadna ra\u0161pa za stiropor 160 cm - BauWeb","og_description":"Potra\u017eite \u0161iroki izbor alata i materijala za profesionalne gra\u0111evinske radove. Istra\u017ei Bauweb ponudu i kupuj uz odli\u010dne popuste.","og_url":"https:\/\/bauweb.hr\/index.php\/product\/stalco-perfect-fasadna-raspa-za-stiropor-160-cm\/","og_site_name":"BauWeb","article_publisher":"https:\/\/facebook.com\/bauweb00","article_modified_time":"2026-02-19T19:39:09+00:00","og_image":[{"width":690,"height":690,"url":"https:\/\/bauweb.hr\/wp-content\/uploads\/2026\/01\/Dizajn-bez-naslova-2026-01-30T133959.411.png","type":"image\/png"}],"twitter_card":"summary_large_image","twitter_misc":{"Procijenjeno vrijeme \u010ditanja":"2 minute"},"schema":{"@context":"https:\/\/schema.org","@graph":[{"@type":"WebPage","@id":"https:\/\/bauweb.hr\/index.php\/product\/stalco-perfect-fasadna-raspa-za-stiropor-160-cm\/","url":"https:\/\/bauweb.hr\/index.php\/product\/stalco-perfect-fasadna-raspa-za-stiropor-160-cm\/","name":"STALCO PERFECT fasadna ra\u0161pa za stiropor 160 cm - BauWeb","isPartOf":{"@id":"https:\/\/bauweb.hr\/#website"},"primaryImageOfPage":{"@id":"https:\/\/bauweb.hr\/index.php\/product\/stalco-perfect-fasadna-raspa-za-stiropor-160-cm\/#primaryimage"},"image":{"@id":"https:\/\/bauweb.hr\/index.php\/product\/stalco-perfect-fasadna-raspa-za-stiropor-160-cm\/#primaryimage"},"thumbnailUrl":"https:\/\/bauweb.hr\/wp-content\/uploads\/2026\/01\/Dizajn-bez-naslova-2026-01-30T133959.411.png","datePublished":"2026-01-30T12:41:23+00:00","dateModified":"2026-02-19T19:39:09+00:00","description":"Potra\u017eite \u0161iroki izbor alata i materijala za profesionalne gra\u0111evinske radove. Istra\u017ei Bauweb ponudu i kupuj uz odli\u010dne popuste.","breadcrumb":{"@id":"https:\/\/bauweb.hr\/index.php\/product\/stalco-perfect-fasadna-raspa-za-stiropor-160-cm\/#breadcrumb"},"inLanguage":"hr","potentialAction":[{"@type":"ReadAction","target":["https:\/\/bauweb.hr\/index.php\/product\/stalco-perfect-fasadna-raspa-za-stiropor-160-cm\/"]}]},{"@type":"ImageObject","inLanguage":"hr","@id":"https:\/\/bauweb.hr\/index.php\/product\/stalco-perfect-fasadna-raspa-za-stiropor-160-cm\/#primaryimage","url":"https:\/\/bauweb.hr\/wp-content\/uploads\/2026\/01\/Dizajn-bez-naslova-2026-01-30T133959.411.png","contentUrl":"https:\/\/bauweb.hr\/wp-content\/uploads\/2026\/01\/Dizajn-bez-naslova-2026-01-30T133959.411.png","width":690,"height":690},{"@type":"BreadcrumbList","@id":"https:\/\/bauweb.hr\/index.php\/product\/stalco-perfect-fasadna-raspa-za-stiropor-160-cm\/#breadcrumb","itemListElement":[{"@type":"ListItem","position":1,"name":"Po\u010detna stranica","item":"https:\/\/bauweb.hr\/"},{"@type":"ListItem","position":2,"name":"Shop","item":"https:\/\/bauweb.hr\/index.php\/shop-wooshop-v1\/"},{"@type":"ListItem","position":3,"name":"STALCO PERFECT fasadna ra\u0161pa za stiropor 160 cm"}]},{"@type":"WebSite","@id":"https:\/\/bauweb.hr\/#website","url":"https:\/\/bauweb.hr\/","name":"BauWeb","description":"Za prave majstore","publisher":{"@id":"https:\/\/bauweb.hr\/#organization"},"alternateName":"BauWeb","potentialAction":[{"@type":"SearchAction","target":{"@type":"EntryPoint","urlTemplate":"https:\/\/bauweb.hr\/?s={search_term_string}"},"query-input":{"@type":"PropertyValueSpecification","valueRequired":true,"valueName":"search_term_string"}}],"inLanguage":"hr"},{"@type":"Organization","@id":"https:\/\/bauweb.hr\/#organization","name":"Hobi dom d.o.o.","url":"https:\/\/bauweb.hr\/","logo":{"@type":"ImageObject","inLanguage":"hr","@id":"https:\/\/bauweb.hr\/#\/schema\/logo\/image\/","url":"https:\/\/bauweb.hr\/wp-content\/uploads\/2023\/01\/Bauweb_logo-01.png","contentUrl":"https:\/\/bauweb.hr\/wp-content\/uploads\/2023\/01\/Bauweb_logo-01.png","width":842,"height":596,"caption":"Hobi dom d.o.o."},"image":{"@id":"https:\/\/bauweb.hr\/#\/schema\/logo\/image\/"},"sameAs":["https:\/\/facebook.com\/bauweb00","https:\/\/instagram.com\/bauweb_shop"]}]}},"_links":{"self":[{"href":"https:\/\/bauweb.hr\/index.php\/wp-json\/wp\/v2\/product\/28677","targetHints":{"allow":["GET"]}}],"collection":[{"href":"https:\/\/bauweb.hr\/index.php\/wp-json\/wp\/v2\/product"}],"about":[{"href":"https:\/\/bauweb.hr\/index.php\/wp-json\/wp\/v2\/types\/product"}],"replies":[{"embeddable":true,"href":"https:\/\/bauweb.hr\/index.php\/wp-json\/wp\/v2\/comments?post=28677"}],"wp:featuredmedia":[{"embeddable":true,"href":"https:\/\/bauweb.hr\/index.php\/wp-json\/wp\/v2\/media\/28678"}],"wp:attachment":[{"href":"https:\/\/bauweb.hr\/index.php\/wp-json\/wp\/v2\/media?parent=28677"}],"wp:term":[{"taxonomy":"product_brand","embeddable":true,"href":"https:\/\/bauweb.hr\/index.php\/wp-json\/wp\/v2\/product_brand?post=28677"},{"taxonomy":"product_cat","embeddable":true,"href":"https:\/\/bauweb.hr\/index.php\/wp-json\/wp\/v2\/product_cat?post=28677"},{"taxonomy":"product_tag","embeddable":true,"href":"https:\/\/bauweb.hr\/index.php\/wp-json\/wp\/v2\/product_tag?post=28677"}],"curies":[{"name":"wp","href":"https:\/\/api.w.org\/{rel}","templated":true}]}}