{"id":28916,"date":"2026-03-12T17:21:36","date_gmt":"2026-03-12T16:21:36","guid":{"rendered":"https:\/\/bauweb.hr\/?post_type=product&#038;p=28916"},"modified":"2026-03-12T17:21:36","modified_gmt":"2026-03-12T16:21:36","slug":"alat-za-obradu-ivica-na-gips-plocama","status":"publish","type":"product","link":"https:\/\/bauweb.hr\/index.php\/product\/alat-za-obradu-ivica-na-gips-plocama\/","title":{"rendered":"ALAT ZA OBRADU IVICA NA GIPS PLO\u010cAMA"},"content":{"rendered":"<p data-start=\"157\" data-end=\"177\"><strong data-start=\"157\" data-end=\"175\">Set uklju\u010duje:<\/strong><\/p>\n<ul data-start=\"178\" data-end=\"207\">\n<li data-section-id=\"1wfp8do\" data-start=\"178\" data-end=\"207\">\n<p data-start=\"180\" data-end=\"207\">1 x blanja za gipsane plo\u010de<\/p>\n<\/li>\n<\/ul>\n<p data-start=\"209\" data-end=\"452\"><strong data-start=\"209\" data-end=\"228\">Opis proizvoda:<\/strong><br data-start=\"228\" data-end=\"231\" \/>Lagana i prakti\u010dna blanja namijenjena zagla\u0111ivanju i obradi rubova gipsanih plo\u010da. Model <strong data-start=\"320\" data-end=\"343\">Jufisto JU-BPS-1101<\/strong> idealan je za zavr\u0161ne gra\u0111evinske radove te omogu\u0107uje <strong data-start=\"398\" data-end=\"451\">precizno i \u010disto rezanje bez lju\u0161tenja materijala<\/strong>.<\/p>\n<p data-start=\"454\" data-end=\"594\">Blanja omogu\u0107uje <strong data-start=\"471\" data-end=\"535\">sko\u0161avanje rubova gipsanih plo\u010da debljine od 9,5 mm do 15 mm<\/strong>, \u010dime olak\u0161ava pripremu plo\u010da za daljnju obradu i monta\u017eu.<\/p>\n<p data-start=\"596\" data-end=\"615\"><strong data-start=\"596\" data-end=\"615\">Karakteristike:<\/strong><\/p>\n<ul data-start=\"616\" data-end=\"903\">\n<li data-section-id=\"1hpgk5c\" data-start=\"616\" data-end=\"667\">\n<p data-start=\"618\" data-end=\"667\">Precizno rezanje i obrada rubova gipsanih plo\u010da<\/p>\n<\/li>\n<li data-section-id=\"11vfud7\" data-start=\"668\" data-end=\"720\">\n<p data-start=\"670\" data-end=\"720\">Sko\u0161avanje rubova plo\u010da debljine <strong data-start=\"703\" data-end=\"718\">9,5 \u2013 15 mm<\/strong><\/p>\n<\/li>\n<li data-section-id=\"1tzcowc\" data-start=\"721\" data-end=\"781\">\n<p data-start=\"723\" data-end=\"781\"><strong data-start=\"723\" data-end=\"753\">Dvije o\u0161trice od S2 \u010delika<\/strong> \u2013 izdr\u017eljive i zamjenjive<\/p>\n<\/li>\n<li data-section-id=\"zvc97m\" data-start=\"782\" data-end=\"828\">\n<p data-start=\"784\" data-end=\"828\">Rezervne o\u0161trice dostupne u na\u0161oj trgovini<\/p>\n<\/li>\n<li data-section-id=\"6gzynb\" data-start=\"829\" data-end=\"903\">\n<p data-start=\"831\" data-end=\"903\">Lagana i izdr\u017eljiva konstrukcija od <strong data-start=\"867\" data-end=\"903\">plastike oja\u010dane stakloplastikom<\/strong><\/p>\n<\/li>\n<\/ul>\n<p data-start=\"905\" data-end=\"919\"><strong data-start=\"905\" data-end=\"919\">Dimenzije:<\/strong><\/p>\n<ul data-start=\"920\" data-end=\"933\">\n<li data-section-id=\"139br4f\" data-start=\"920\" data-end=\"933\">\n<p data-start=\"922\" data-end=\"933\">240 \u00d7 60 mm<\/p>\n<\/li>\n<\/ul>\n<p data-start=\"935\" data-end=\"1080\">Ova blanja predstavlja <strong data-start=\"958\" data-end=\"1010\">prakti\u010dan alat za profesionalce i ku\u0107ne majstore<\/strong>, osiguravaju\u0107i precizan i uredan zavr\u0161etak pri obradi gipsanih plo\u010da.<\/p>\n","protected":false},"excerpt":{"rendered":"<p>Lagana i prakti\u010dna blanja namijenjena zagla\u0111ivanju i obradi rubova gipsanih plo\u010da.<\/p>\n","protected":false},"featured_media":28924,"comment_status":"open","ping_status":"closed","template":"","meta":[],"product_brand":[432],"product_cat":[131,105],"product_tag":[],"class_list":{"0":"post-28916","1":"product","2":"type-product","3":"status-publish","4":"has-post-thumbnail","6":"product_brand-waart","7":"product_cat-alati-i-pribor-gipseri-suha-gradnja","8":"product_cat-gipseri-suha-gradnja","10":"first","11":"instock","12":"shipping-taxable","13":"purchasable","14":"product-type-variable"},"yoast_head":"<!-- This site is optimized with the Yoast SEO plugin v27.2 - https:\/\/yoast.com\/product\/yoast-seo-wordpress\/ -->\n<title>ALAT ZA OBRADU IVICA NA GIPS PLO\u010cAMA - BauWeb<\/title>\n<meta name=\"description\" content=\"Potra\u017eite \u0161iroki izbor alata i materijala za profesionalne gra\u0111evinske radove. Istra\u017ei Bauweb ponudu i kupuj uz odli\u010dne popuste.\" \/>\n<meta name=\"robots\" content=\"index, follow, max-snippet:-1, max-image-preview:large, max-video-preview:-1\" \/>\n<link rel=\"canonical\" href=\"https:\/\/bauweb.hr\/index.php\/product\/alat-za-obradu-ivica-na-gips-plocama\/\" \/>\n<meta property=\"og:locale\" content=\"hr_HR\" \/>\n<meta property=\"og:type\" content=\"article\" \/>\n<meta property=\"og:title\" content=\"ALAT ZA OBRADU IVICA NA GIPS PLO\u010cAMA - BauWeb\" \/>\n<meta property=\"og:description\" content=\"Potra\u017eite \u0161iroki izbor alata i materijala za profesionalne gra\u0111evinske radove. Istra\u017ei Bauweb ponudu i kupuj uz odli\u010dne popuste.\" \/>\n<meta property=\"og:url\" content=\"https:\/\/bauweb.hr\/index.php\/product\/alat-za-obradu-ivica-na-gips-plocama\/\" \/>\n<meta property=\"og:site_name\" content=\"BauWeb\" \/>\n<meta property=\"article:publisher\" content=\"https:\/\/facebook.com\/bauweb00\" \/>\n<meta property=\"og:image\" content=\"https:\/\/bauweb.hr\/wp-content\/uploads\/2026\/03\/Dizajn-bez-naslova-2026-03-12T171805.621.png\" \/>\n\t<meta property=\"og:image:width\" content=\"690\" \/>\n\t<meta property=\"og:image:height\" content=\"690\" \/>\n\t<meta property=\"og:image:type\" content=\"image\/png\" \/>\n<meta name=\"twitter:card\" content=\"summary_large_image\" \/>\n<meta name=\"twitter:label1\" content=\"Procijenjeno vrijeme \u010ditanja\" \/>\n\t<meta name=\"twitter:data1\" content=\"1 minuta\" \/>\n<script type=\"application\/ld+json\" class=\"yoast-schema-graph\">{\"@context\":\"https:\/\/schema.org\",\"@graph\":[{\"@type\":\"WebPage\",\"@id\":\"https:\/\/bauweb.hr\/index.php\/product\/alat-za-obradu-ivica-na-gips-plocama\/\",\"url\":\"https:\/\/bauweb.hr\/index.php\/product\/alat-za-obradu-ivica-na-gips-plocama\/\",\"name\":\"ALAT ZA OBRADU IVICA NA GIPS PLO\u010cAMA - BauWeb\",\"isPartOf\":{\"@id\":\"https:\/\/bauweb.hr\/#website\"},\"primaryImageOfPage\":{\"@id\":\"https:\/\/bauweb.hr\/index.php\/product\/alat-za-obradu-ivica-na-gips-plocama\/#primaryimage\"},\"image\":{\"@id\":\"https:\/\/bauweb.hr\/index.php\/product\/alat-za-obradu-ivica-na-gips-plocama\/#primaryimage\"},\"thumbnailUrl\":\"https:\/\/bauweb.hr\/wp-content\/uploads\/2026\/03\/Dizajn-bez-naslova-2026-03-12T171805.621.png\",\"datePublished\":\"2026-03-12T16:21:36+00:00\",\"description\":\"Potra\u017eite \u0161iroki izbor alata i materijala za profesionalne gra\u0111evinske radove. Istra\u017ei Bauweb ponudu i kupuj uz odli\u010dne popuste.\",\"breadcrumb\":{\"@id\":\"https:\/\/bauweb.hr\/index.php\/product\/alat-za-obradu-ivica-na-gips-plocama\/#breadcrumb\"},\"inLanguage\":\"hr\",\"potentialAction\":[{\"@type\":\"ReadAction\",\"target\":[\"https:\/\/bauweb.hr\/index.php\/product\/alat-za-obradu-ivica-na-gips-plocama\/\"]}]},{\"@type\":\"ImageObject\",\"inLanguage\":\"hr\",\"@id\":\"https:\/\/bauweb.hr\/index.php\/product\/alat-za-obradu-ivica-na-gips-plocama\/#primaryimage\",\"url\":\"https:\/\/bauweb.hr\/wp-content\/uploads\/2026\/03\/Dizajn-bez-naslova-2026-03-12T171805.621.png\",\"contentUrl\":\"https:\/\/bauweb.hr\/wp-content\/uploads\/2026\/03\/Dizajn-bez-naslova-2026-03-12T171805.621.png\",\"width\":690,\"height\":690},{\"@type\":\"BreadcrumbList\",\"@id\":\"https:\/\/bauweb.hr\/index.php\/product\/alat-za-obradu-ivica-na-gips-plocama\/#breadcrumb\",\"itemListElement\":[{\"@type\":\"ListItem\",\"position\":1,\"name\":\"Po\u010detna stranica\",\"item\":\"https:\/\/bauweb.hr\/\"},{\"@type\":\"ListItem\",\"position\":2,\"name\":\"Shop\",\"item\":\"https:\/\/bauweb.hr\/index.php\/shop-wooshop-v1\/\"},{\"@type\":\"ListItem\",\"position\":3,\"name\":\"ALAT ZA OBRADU IVICA NA GIPS PLO\u010cAMA\"}]},{\"@type\":\"WebSite\",\"@id\":\"https:\/\/bauweb.hr\/#website\",\"url\":\"https:\/\/bauweb.hr\/\",\"name\":\"BauWeb\",\"description\":\"Za prave majstore\",\"publisher\":{\"@id\":\"https:\/\/bauweb.hr\/#organization\"},\"alternateName\":\"BauWeb\",\"potentialAction\":[{\"@type\":\"SearchAction\",\"target\":{\"@type\":\"EntryPoint\",\"urlTemplate\":\"https:\/\/bauweb.hr\/?s={search_term_string}\"},\"query-input\":{\"@type\":\"PropertyValueSpecification\",\"valueRequired\":true,\"valueName\":\"search_term_string\"}}],\"inLanguage\":\"hr\"},{\"@type\":\"Organization\",\"@id\":\"https:\/\/bauweb.hr\/#organization\",\"name\":\"Hobi dom d.o.o.\",\"url\":\"https:\/\/bauweb.hr\/\",\"logo\":{\"@type\":\"ImageObject\",\"inLanguage\":\"hr\",\"@id\":\"https:\/\/bauweb.hr\/#\/schema\/logo\/image\/\",\"url\":\"https:\/\/bauweb.hr\/wp-content\/uploads\/2023\/01\/Bauweb_logo-01.png\",\"contentUrl\":\"https:\/\/bauweb.hr\/wp-content\/uploads\/2023\/01\/Bauweb_logo-01.png\",\"width\":842,\"height\":596,\"caption\":\"Hobi dom d.o.o.\"},\"image\":{\"@id\":\"https:\/\/bauweb.hr\/#\/schema\/logo\/image\/\"},\"sameAs\":[\"https:\/\/facebook.com\/bauweb00\",\"https:\/\/instagram.com\/bauweb_shop\"]}]}<\/script>\n<!-- \/ Yoast SEO plugin. -->","yoast_head_json":{"title":"ALAT ZA OBRADU IVICA NA GIPS PLO\u010cAMA - BauWeb","description":"Potra\u017eite \u0161iroki izbor alata i materijala za profesionalne gra\u0111evinske radove. Istra\u017ei Bauweb ponudu i kupuj uz odli\u010dne popuste.","robots":{"index":"index","follow":"follow","max-snippet":"max-snippet:-1","max-image-preview":"max-image-preview:large","max-video-preview":"max-video-preview:-1"},"canonical":"https:\/\/bauweb.hr\/index.php\/product\/alat-za-obradu-ivica-na-gips-plocama\/","og_locale":"hr_HR","og_type":"article","og_title":"ALAT ZA OBRADU IVICA NA GIPS PLO\u010cAMA - BauWeb","og_description":"Potra\u017eite \u0161iroki izbor alata i materijala za profesionalne gra\u0111evinske radove. Istra\u017ei Bauweb ponudu i kupuj uz odli\u010dne popuste.","og_url":"https:\/\/bauweb.hr\/index.php\/product\/alat-za-obradu-ivica-na-gips-plocama\/","og_site_name":"BauWeb","article_publisher":"https:\/\/facebook.com\/bauweb00","og_image":[{"width":690,"height":690,"url":"https:\/\/bauweb.hr\/wp-content\/uploads\/2026\/03\/Dizajn-bez-naslova-2026-03-12T171805.621.png","type":"image\/png"}],"twitter_card":"summary_large_image","twitter_misc":{"Procijenjeno vrijeme \u010ditanja":"1 minuta"},"schema":{"@context":"https:\/\/schema.org","@graph":[{"@type":"WebPage","@id":"https:\/\/bauweb.hr\/index.php\/product\/alat-za-obradu-ivica-na-gips-plocama\/","url":"https:\/\/bauweb.hr\/index.php\/product\/alat-za-obradu-ivica-na-gips-plocama\/","name":"ALAT ZA OBRADU IVICA NA GIPS PLO\u010cAMA - BauWeb","isPartOf":{"@id":"https:\/\/bauweb.hr\/#website"},"primaryImageOfPage":{"@id":"https:\/\/bauweb.hr\/index.php\/product\/alat-za-obradu-ivica-na-gips-plocama\/#primaryimage"},"image":{"@id":"https:\/\/bauweb.hr\/index.php\/product\/alat-za-obradu-ivica-na-gips-plocama\/#primaryimage"},"thumbnailUrl":"https:\/\/bauweb.hr\/wp-content\/uploads\/2026\/03\/Dizajn-bez-naslova-2026-03-12T171805.621.png","datePublished":"2026-03-12T16:21:36+00:00","description":"Potra\u017eite \u0161iroki izbor alata i materijala za profesionalne gra\u0111evinske radove. Istra\u017ei Bauweb ponudu i kupuj uz odli\u010dne popuste.","breadcrumb":{"@id":"https:\/\/bauweb.hr\/index.php\/product\/alat-za-obradu-ivica-na-gips-plocama\/#breadcrumb"},"inLanguage":"hr","potentialAction":[{"@type":"ReadAction","target":["https:\/\/bauweb.hr\/index.php\/product\/alat-za-obradu-ivica-na-gips-plocama\/"]}]},{"@type":"ImageObject","inLanguage":"hr","@id":"https:\/\/bauweb.hr\/index.php\/product\/alat-za-obradu-ivica-na-gips-plocama\/#primaryimage","url":"https:\/\/bauweb.hr\/wp-content\/uploads\/2026\/03\/Dizajn-bez-naslova-2026-03-12T171805.621.png","contentUrl":"https:\/\/bauweb.hr\/wp-content\/uploads\/2026\/03\/Dizajn-bez-naslova-2026-03-12T171805.621.png","width":690,"height":690},{"@type":"BreadcrumbList","@id":"https:\/\/bauweb.hr\/index.php\/product\/alat-za-obradu-ivica-na-gips-plocama\/#breadcrumb","itemListElement":[{"@type":"ListItem","position":1,"name":"Po\u010detna stranica","item":"https:\/\/bauweb.hr\/"},{"@type":"ListItem","position":2,"name":"Shop","item":"https:\/\/bauweb.hr\/index.php\/shop-wooshop-v1\/"},{"@type":"ListItem","position":3,"name":"ALAT ZA OBRADU IVICA NA GIPS PLO\u010cAMA"}]},{"@type":"WebSite","@id":"https:\/\/bauweb.hr\/#website","url":"https:\/\/bauweb.hr\/","name":"BauWeb","description":"Za prave majstore","publisher":{"@id":"https:\/\/bauweb.hr\/#organization"},"alternateName":"BauWeb","potentialAction":[{"@type":"SearchAction","target":{"@type":"EntryPoint","urlTemplate":"https:\/\/bauweb.hr\/?s={search_term_string}"},"query-input":{"@type":"PropertyValueSpecification","valueRequired":true,"valueName":"search_term_string"}}],"inLanguage":"hr"},{"@type":"Organization","@id":"https:\/\/bauweb.hr\/#organization","name":"Hobi dom d.o.o.","url":"https:\/\/bauweb.hr\/","logo":{"@type":"ImageObject","inLanguage":"hr","@id":"https:\/\/bauweb.hr\/#\/schema\/logo\/image\/","url":"https:\/\/bauweb.hr\/wp-content\/uploads\/2023\/01\/Bauweb_logo-01.png","contentUrl":"https:\/\/bauweb.hr\/wp-content\/uploads\/2023\/01\/Bauweb_logo-01.png","width":842,"height":596,"caption":"Hobi dom d.o.o."},"image":{"@id":"https:\/\/bauweb.hr\/#\/schema\/logo\/image\/"},"sameAs":["https:\/\/facebook.com\/bauweb00","https:\/\/instagram.com\/bauweb_shop"]}]}},"_links":{"self":[{"href":"https:\/\/bauweb.hr\/index.php\/wp-json\/wp\/v2\/product\/28916","targetHints":{"allow":["GET"]}}],"collection":[{"href":"https:\/\/bauweb.hr\/index.php\/wp-json\/wp\/v2\/product"}],"about":[{"href":"https:\/\/bauweb.hr\/index.php\/wp-json\/wp\/v2\/types\/product"}],"replies":[{"embeddable":true,"href":"https:\/\/bauweb.hr\/index.php\/wp-json\/wp\/v2\/comments?post=28916"}],"wp:featuredmedia":[{"embeddable":true,"href":"https:\/\/bauweb.hr\/index.php\/wp-json\/wp\/v2\/media\/28924"}],"wp:attachment":[{"href":"https:\/\/bauweb.hr\/index.php\/wp-json\/wp\/v2\/media?parent=28916"}],"wp:term":[{"taxonomy":"product_brand","embeddable":true,"href":"https:\/\/bauweb.hr\/index.php\/wp-json\/wp\/v2\/product_brand?post=28916"},{"taxonomy":"product_cat","embeddable":true,"href":"https:\/\/bauweb.hr\/index.php\/wp-json\/wp\/v2\/product_cat?post=28916"},{"taxonomy":"product_tag","embeddable":true,"href":"https:\/\/bauweb.hr\/index.php\/wp-json\/wp\/v2\/product_tag?post=28916"}],"curies":[{"name":"wp","href":"https:\/\/api.w.org\/{rel}","templated":true}]}}