{"id":29176,"date":"2026-04-17T13:16:43","date_gmt":"2026-04-17T11:16:43","guid":{"rendered":"https:\/\/bauweb.hr\/?post_type=product&#038;p=29176"},"modified":"2026-04-17T13:16:43","modified_gmt":"2026-04-17T11:16:43","slug":"samourezni-vijak-za-pricvrscivanje-celicnih-limova","status":"publish","type":"product","link":"https:\/\/bauweb.hr\/index.php\/product\/samourezni-vijak-za-pricvrscivanje-celicnih-limova\/","title":{"rendered":"Samourezni vijak za pri\u010dvr\u0161\u0107ivanje \u010deli\u010dnih limova"},"content":{"rendered":"<div><strong>Samourezni vijak za pri\u010dvr\u0161\u0107ivanje \u010deli\u010dnih limova u drvenu podlogu<\/strong><\/div>\n<div><\/div>\n<div class=\"title-product-tax\"><span dir=\"auto\">Upotreba:<\/span><\/div>\n<div><\/div>\n<div class=\"product-tag\"><span dir=\"auto\">Za pri\u010dvr\u0161\u0107ivanje metalnog lima na drvenu podlogu<\/span><\/div>\n<div class=\"product-tag\"><span dir=\"auto\">Za pri\u010dvr\u0161\u0107ivanje \u010deli\u010dnog profiliranog lima na drvenu podlogu<\/span><\/div>\n<div class=\"product-tag\"><span dir=\"auto\">Za pri\u010dvr\u0161\u0107ivanje metalnih krovnih crijepova na drvenu podlogu<\/span><\/div>\n<div><\/div>\n<div>Prednosti:<\/div>\n<div><\/div>\n<div><strong>Antikorozivni premaz\u00a0 &#8211; elektrocin\u010dani<\/strong><\/div>\n<div>Debljina cinkovog premaza min. 12 \u00b5m, jamstvo kvalitete i visoke razine antikorozivne za\u0161tite<\/div>\n<div><\/div>\n<div><strong>EPDM podlo\u0161ka<\/strong><\/div>\n<div>Brtvi i \u0161titi spoj od korozije<\/div>\n<div><\/div>\n<div><strong>\u0160esterokutna glava<\/strong><\/div>\n<div>\u0160esterokutna glava pobolj\u0161ava otpornost spoja na provla\u010denje i omogu\u0107uje primjenu na \u010deliku i drvu<\/div>\n<div><\/div>\n<div><strong>Mogu\u0107nost lakiranja prema RAL paleti<\/strong><\/div>\n<div>UV otporni premaz u boji uskla\u0111enoj s fiksnim elementom dodatno osigurava za\u0161titu od korozije<\/div>\n<div><\/div>\n<div><strong>Samobu\u0161e\u010di vrh<\/strong><\/div>\n<div>Mogu\u0107nost bu\u0161enja plo\u010da debljine do 2mm, kratko vrijeme pri\u010dvr\u0161\u010divanja<\/div>\n<div><\/div>\n<div><strong>Dostupne dimenzije<\/strong><\/div>\n<div>4,8x25mm<\/div>\n<div>4,8x35mm<\/div>\n<div>4,8x55mm<\/div>\n<div>4,8x70mm<\/div>\n<div><\/div>\n<div><strong>Dostupni RAL-ovi<\/strong><\/div>\n<div>3009, 8019, 8017, 9005, 7016, 9010<\/div>\n<div><\/div>\n","protected":false},"excerpt":{"rendered":"<p>Samobu\u0161e\u0107i vijak za pri\u010dvr\u0161\u0107ivanje metalnih krovnih plo\u010da na drvene podloge<\/p>\n","protected":false},"featured_media":29207,"comment_status":"open","ping_status":"closed","template":"","meta":[],"product_brand":[],"product_cat":[378,409],"product_tag":[],"class_list":{"0":"post-29176","1":"product","2":"type-product","3":"status-publish","4":"has-post-thumbnail","6":"product_cat-vijcana-roba","7":"product_cat-vijci","9":"first","10":"instock","11":"sale","12":"shipping-taxable","13":"purchasable","14":"product-type-variable"},"yoast_head":"<!-- This site is optimized with the Yoast SEO plugin v27.2 - https:\/\/yoast.com\/product\/yoast-seo-wordpress\/ -->\n<title>Samourezni vijak za pri\u010dvr\u0161\u0107ivanje \u010deli\u010dnih limova - BauWeb<\/title>\n<meta name=\"description\" content=\"Potra\u017eite \u0161iroki izbor alata i materijala za profesionalne gra\u0111evinske radove. Istra\u017ei Bauweb ponudu i kupuj uz odli\u010dne popuste.\" \/>\n<meta name=\"robots\" content=\"index, follow, max-snippet:-1, max-image-preview:large, max-video-preview:-1\" \/>\n<link rel=\"canonical\" href=\"https:\/\/bauweb.hr\/index.php\/product\/samourezni-vijak-za-pricvrscivanje-celicnih-limova\/\" \/>\n<meta property=\"og:locale\" content=\"hr_HR\" \/>\n<meta property=\"og:type\" content=\"article\" \/>\n<meta property=\"og:title\" content=\"Samourezni vijak za pri\u010dvr\u0161\u0107ivanje \u010deli\u010dnih limova - BauWeb\" \/>\n<meta property=\"og:description\" content=\"Potra\u017eite \u0161iroki izbor alata i materijala za profesionalne gra\u0111evinske radove. Istra\u017ei Bauweb ponudu i kupuj uz odli\u010dne popuste.\" \/>\n<meta property=\"og:url\" content=\"https:\/\/bauweb.hr\/index.php\/product\/samourezni-vijak-za-pricvrscivanje-celicnih-limova\/\" \/>\n<meta property=\"og:site_name\" content=\"BauWeb\" \/>\n<meta property=\"article:publisher\" content=\"https:\/\/facebook.com\/bauweb00\" \/>\n<meta property=\"og:image\" content=\"https:\/\/bauweb.hr\/wp-content\/uploads\/2026\/04\/Dizajn-bez-naslova-2026-04-17T120350.272.png\" \/>\n\t<meta property=\"og:image:width\" content=\"690\" \/>\n\t<meta property=\"og:image:height\" content=\"690\" \/>\n\t<meta property=\"og:image:type\" content=\"image\/png\" \/>\n<meta name=\"twitter:card\" content=\"summary_large_image\" \/>\n<meta name=\"twitter:label1\" content=\"Procijenjeno vrijeme \u010ditanja\" \/>\n\t<meta name=\"twitter:data1\" content=\"1 minuta\" \/>\n<script type=\"application\/ld+json\" class=\"yoast-schema-graph\">{\"@context\":\"https:\/\/schema.org\",\"@graph\":[{\"@type\":\"WebPage\",\"@id\":\"https:\/\/bauweb.hr\/index.php\/product\/samourezni-vijak-za-pricvrscivanje-celicnih-limova\/\",\"url\":\"https:\/\/bauweb.hr\/index.php\/product\/samourezni-vijak-za-pricvrscivanje-celicnih-limova\/\",\"name\":\"Samourezni vijak za pri\u010dvr\u0161\u0107ivanje \u010deli\u010dnih limova - BauWeb\",\"isPartOf\":{\"@id\":\"https:\/\/bauweb.hr\/#website\"},\"primaryImageOfPage\":{\"@id\":\"https:\/\/bauweb.hr\/index.php\/product\/samourezni-vijak-za-pricvrscivanje-celicnih-limova\/#primaryimage\"},\"image\":{\"@id\":\"https:\/\/bauweb.hr\/index.php\/product\/samourezni-vijak-za-pricvrscivanje-celicnih-limova\/#primaryimage\"},\"thumbnailUrl\":\"https:\/\/bauweb.hr\/wp-content\/uploads\/2026\/04\/Dizajn-bez-naslova-2026-04-17T120350.272.png\",\"datePublished\":\"2026-04-17T11:16:43+00:00\",\"description\":\"Potra\u017eite \u0161iroki izbor alata i materijala za profesionalne gra\u0111evinske radove. Istra\u017ei Bauweb ponudu i kupuj uz odli\u010dne popuste.\",\"breadcrumb\":{\"@id\":\"https:\/\/bauweb.hr\/index.php\/product\/samourezni-vijak-za-pricvrscivanje-celicnih-limova\/#breadcrumb\"},\"inLanguage\":\"hr\",\"potentialAction\":[{\"@type\":\"ReadAction\",\"target\":[\"https:\/\/bauweb.hr\/index.php\/product\/samourezni-vijak-za-pricvrscivanje-celicnih-limova\/\"]}]},{\"@type\":\"ImageObject\",\"inLanguage\":\"hr\",\"@id\":\"https:\/\/bauweb.hr\/index.php\/product\/samourezni-vijak-za-pricvrscivanje-celicnih-limova\/#primaryimage\",\"url\":\"https:\/\/bauweb.hr\/wp-content\/uploads\/2026\/04\/Dizajn-bez-naslova-2026-04-17T120350.272.png\",\"contentUrl\":\"https:\/\/bauweb.hr\/wp-content\/uploads\/2026\/04\/Dizajn-bez-naslova-2026-04-17T120350.272.png\",\"width\":690,\"height\":690},{\"@type\":\"BreadcrumbList\",\"@id\":\"https:\/\/bauweb.hr\/index.php\/product\/samourezni-vijak-za-pricvrscivanje-celicnih-limova\/#breadcrumb\",\"itemListElement\":[{\"@type\":\"ListItem\",\"position\":1,\"name\":\"Po\u010detna stranica\",\"item\":\"https:\/\/bauweb.hr\/\"},{\"@type\":\"ListItem\",\"position\":2,\"name\":\"Shop\",\"item\":\"https:\/\/bauweb.hr\/index.php\/shop-wooshop-v1\/\"},{\"@type\":\"ListItem\",\"position\":3,\"name\":\"Samourezni vijak za pri\u010dvr\u0161\u0107ivanje \u010deli\u010dnih limova\"}]},{\"@type\":\"WebSite\",\"@id\":\"https:\/\/bauweb.hr\/#website\",\"url\":\"https:\/\/bauweb.hr\/\",\"name\":\"BauWeb\",\"description\":\"Za prave majstore\",\"publisher\":{\"@id\":\"https:\/\/bauweb.hr\/#organization\"},\"alternateName\":\"BauWeb\",\"potentialAction\":[{\"@type\":\"SearchAction\",\"target\":{\"@type\":\"EntryPoint\",\"urlTemplate\":\"https:\/\/bauweb.hr\/?s={search_term_string}\"},\"query-input\":{\"@type\":\"PropertyValueSpecification\",\"valueRequired\":true,\"valueName\":\"search_term_string\"}}],\"inLanguage\":\"hr\"},{\"@type\":\"Organization\",\"@id\":\"https:\/\/bauweb.hr\/#organization\",\"name\":\"Hobi dom d.o.o.\",\"url\":\"https:\/\/bauweb.hr\/\",\"logo\":{\"@type\":\"ImageObject\",\"inLanguage\":\"hr\",\"@id\":\"https:\/\/bauweb.hr\/#\/schema\/logo\/image\/\",\"url\":\"https:\/\/bauweb.hr\/wp-content\/uploads\/2023\/01\/Bauweb_logo-01.png\",\"contentUrl\":\"https:\/\/bauweb.hr\/wp-content\/uploads\/2023\/01\/Bauweb_logo-01.png\",\"width\":842,\"height\":596,\"caption\":\"Hobi dom d.o.o.\"},\"image\":{\"@id\":\"https:\/\/bauweb.hr\/#\/schema\/logo\/image\/\"},\"sameAs\":[\"https:\/\/facebook.com\/bauweb00\",\"https:\/\/instagram.com\/bauweb_shop\"]}]}<\/script>\n<!-- \/ Yoast SEO plugin. -->","yoast_head_json":{"title":"Samourezni vijak za pri\u010dvr\u0161\u0107ivanje \u010deli\u010dnih limova - BauWeb","description":"Potra\u017eite \u0161iroki izbor alata i materijala za profesionalne gra\u0111evinske radove. Istra\u017ei Bauweb ponudu i kupuj uz odli\u010dne popuste.","robots":{"index":"index","follow":"follow","max-snippet":"max-snippet:-1","max-image-preview":"max-image-preview:large","max-video-preview":"max-video-preview:-1"},"canonical":"https:\/\/bauweb.hr\/index.php\/product\/samourezni-vijak-za-pricvrscivanje-celicnih-limova\/","og_locale":"hr_HR","og_type":"article","og_title":"Samourezni vijak za pri\u010dvr\u0161\u0107ivanje \u010deli\u010dnih limova - BauWeb","og_description":"Potra\u017eite \u0161iroki izbor alata i materijala za profesionalne gra\u0111evinske radove. Istra\u017ei Bauweb ponudu i kupuj uz odli\u010dne popuste.","og_url":"https:\/\/bauweb.hr\/index.php\/product\/samourezni-vijak-za-pricvrscivanje-celicnih-limova\/","og_site_name":"BauWeb","article_publisher":"https:\/\/facebook.com\/bauweb00","og_image":[{"width":690,"height":690,"url":"https:\/\/bauweb.hr\/wp-content\/uploads\/2026\/04\/Dizajn-bez-naslova-2026-04-17T120350.272.png","type":"image\/png"}],"twitter_card":"summary_large_image","twitter_misc":{"Procijenjeno vrijeme \u010ditanja":"1 minuta"},"schema":{"@context":"https:\/\/schema.org","@graph":[{"@type":"WebPage","@id":"https:\/\/bauweb.hr\/index.php\/product\/samourezni-vijak-za-pricvrscivanje-celicnih-limova\/","url":"https:\/\/bauweb.hr\/index.php\/product\/samourezni-vijak-za-pricvrscivanje-celicnih-limova\/","name":"Samourezni vijak za pri\u010dvr\u0161\u0107ivanje \u010deli\u010dnih limova - BauWeb","isPartOf":{"@id":"https:\/\/bauweb.hr\/#website"},"primaryImageOfPage":{"@id":"https:\/\/bauweb.hr\/index.php\/product\/samourezni-vijak-za-pricvrscivanje-celicnih-limova\/#primaryimage"},"image":{"@id":"https:\/\/bauweb.hr\/index.php\/product\/samourezni-vijak-za-pricvrscivanje-celicnih-limova\/#primaryimage"},"thumbnailUrl":"https:\/\/bauweb.hr\/wp-content\/uploads\/2026\/04\/Dizajn-bez-naslova-2026-04-17T120350.272.png","datePublished":"2026-04-17T11:16:43+00:00","description":"Potra\u017eite \u0161iroki izbor alata i materijala za profesionalne gra\u0111evinske radove. Istra\u017ei Bauweb ponudu i kupuj uz odli\u010dne popuste.","breadcrumb":{"@id":"https:\/\/bauweb.hr\/index.php\/product\/samourezni-vijak-za-pricvrscivanje-celicnih-limova\/#breadcrumb"},"inLanguage":"hr","potentialAction":[{"@type":"ReadAction","target":["https:\/\/bauweb.hr\/index.php\/product\/samourezni-vijak-za-pricvrscivanje-celicnih-limova\/"]}]},{"@type":"ImageObject","inLanguage":"hr","@id":"https:\/\/bauweb.hr\/index.php\/product\/samourezni-vijak-za-pricvrscivanje-celicnih-limova\/#primaryimage","url":"https:\/\/bauweb.hr\/wp-content\/uploads\/2026\/04\/Dizajn-bez-naslova-2026-04-17T120350.272.png","contentUrl":"https:\/\/bauweb.hr\/wp-content\/uploads\/2026\/04\/Dizajn-bez-naslova-2026-04-17T120350.272.png","width":690,"height":690},{"@type":"BreadcrumbList","@id":"https:\/\/bauweb.hr\/index.php\/product\/samourezni-vijak-za-pricvrscivanje-celicnih-limova\/#breadcrumb","itemListElement":[{"@type":"ListItem","position":1,"name":"Po\u010detna stranica","item":"https:\/\/bauweb.hr\/"},{"@type":"ListItem","position":2,"name":"Shop","item":"https:\/\/bauweb.hr\/index.php\/shop-wooshop-v1\/"},{"@type":"ListItem","position":3,"name":"Samourezni vijak za pri\u010dvr\u0161\u0107ivanje \u010deli\u010dnih limova"}]},{"@type":"WebSite","@id":"https:\/\/bauweb.hr\/#website","url":"https:\/\/bauweb.hr\/","name":"BauWeb","description":"Za prave majstore","publisher":{"@id":"https:\/\/bauweb.hr\/#organization"},"alternateName":"BauWeb","potentialAction":[{"@type":"SearchAction","target":{"@type":"EntryPoint","urlTemplate":"https:\/\/bauweb.hr\/?s={search_term_string}"},"query-input":{"@type":"PropertyValueSpecification","valueRequired":true,"valueName":"search_term_string"}}],"inLanguage":"hr"},{"@type":"Organization","@id":"https:\/\/bauweb.hr\/#organization","name":"Hobi dom d.o.o.","url":"https:\/\/bauweb.hr\/","logo":{"@type":"ImageObject","inLanguage":"hr","@id":"https:\/\/bauweb.hr\/#\/schema\/logo\/image\/","url":"https:\/\/bauweb.hr\/wp-content\/uploads\/2023\/01\/Bauweb_logo-01.png","contentUrl":"https:\/\/bauweb.hr\/wp-content\/uploads\/2023\/01\/Bauweb_logo-01.png","width":842,"height":596,"caption":"Hobi dom d.o.o."},"image":{"@id":"https:\/\/bauweb.hr\/#\/schema\/logo\/image\/"},"sameAs":["https:\/\/facebook.com\/bauweb00","https:\/\/instagram.com\/bauweb_shop"]}]}},"_links":{"self":[{"href":"https:\/\/bauweb.hr\/index.php\/wp-json\/wp\/v2\/product\/29176","targetHints":{"allow":["GET"]}}],"collection":[{"href":"https:\/\/bauweb.hr\/index.php\/wp-json\/wp\/v2\/product"}],"about":[{"href":"https:\/\/bauweb.hr\/index.php\/wp-json\/wp\/v2\/types\/product"}],"replies":[{"embeddable":true,"href":"https:\/\/bauweb.hr\/index.php\/wp-json\/wp\/v2\/comments?post=29176"}],"wp:featuredmedia":[{"embeddable":true,"href":"https:\/\/bauweb.hr\/index.php\/wp-json\/wp\/v2\/media\/29207"}],"wp:attachment":[{"href":"https:\/\/bauweb.hr\/index.php\/wp-json\/wp\/v2\/media?parent=29176"}],"wp:term":[{"taxonomy":"product_brand","embeddable":true,"href":"https:\/\/bauweb.hr\/index.php\/wp-json\/wp\/v2\/product_brand?post=29176"},{"taxonomy":"product_cat","embeddable":true,"href":"https:\/\/bauweb.hr\/index.php\/wp-json\/wp\/v2\/product_cat?post=29176"},{"taxonomy":"product_tag","embeddable":true,"href":"https:\/\/bauweb.hr\/index.php\/wp-json\/wp\/v2\/product_tag?post=29176"}],"curies":[{"name":"wp","href":"https:\/\/api.w.org\/{rel}","templated":true}]}}